{"id":29,"date":"2019-09-11T11:25:27","date_gmt":"2019-09-11T11:25:27","guid":{"rendered":"https:\/\/camile.vn\/en\/?page_id=29"},"modified":"2024-04-06T03:43:24","modified_gmt":"2024-04-06T03:43:24","slug":"lien-he","status":"publish","type":"page","link":"https:\/\/camile.vn\/en\/lien-he\/","title":{"rendered":"Li\u00ean h\u1ec7"},"content":{"rendered":"<p>CAMILE BRIDAL &#8211; V\u00c1Y C\u01af\u1edaI THI\u1ebeT K\u1ebe CAO C\u1ea4P<br \/>\nT\u1ef1 tin l\u00e0 ch\u00ednh n\u00e0ng<br \/>\nHotline: 0978 425 416 (Ms Hoa)<br \/>\n\u0110\u1ecba ch\u1ec9: S\u1ed1 45 Nguy\u1ec5n Hy Quang, \u0110\u1ed1ng \u0110a, H\u00e0 N\u1ed9i<br \/>\nTiktok: www.tiktok.com\/@camilebridalsince2014<br \/>\nWebsite: https:\/\/camile.vn\/en<br \/>\nInstagram: <a href=\"https:\/\/www.instagram.com\/camilebridal\" target=\"_blank\" rel=\"noopener\">https:\/\/www.instagram.com\/camilebridal<\/a><\/p>\n<p>Fanpage: <a href=\"https:\/\/web.facebook.com\/Camilebridal\/\" target=\"_blank\" rel=\"noopener\">https:\/\/web.facebook.com\/Camilebridal\/<\/a><\/p>\n<p><iframe style=\"border: 0;\" src=\"https:\/\/www.google.com\/maps\/embed?pb=!1m18!1m12!1m3!1d3724.336799528485!2d105.82437501466978!3d21.019205693480895!2m3!1f0!2f0!3f0!3m2!1i1024!2i768!4f13.1!3m3!1m2!1s0x3135ab784b5a9d71%3A0x70067d1c2aec27ae!2zNTQgTmfDtSA5IC0gSG_DoG5nIEPhuqd1LCBDaOG7oyBE4burYSwgxJDhu5FuZyDEkGEsIEjDoCBO4buZaSwgVmnhu4d0IE5hbQ!5e0!3m2!1svi!2s!4v1568653164909!5m2!1svi!2s\" width=\"1200\" height=\"400\" frameborder=\"0\" allowfullscreen=\"allowfullscreen\"><\/iframe><\/p>\n","protected":false},"excerpt":{"rendered":"<p>CAMILE BRIDAL &#8211; V\u00c1Y C\u01af\u1edaI THI\u1ebeT K\u1ebe CAO C\u1ea4P T\u1ef1 tin l\u00e0 ch\u00ednh n\u00e0ng Hotline: 0978 425 416 (Ms Hoa) \u0110\u1ecba ch\u1ec9: S\u1ed1 45 Nguy\u1ec5n Hy Quang, \u0110\u1ed1ng \u0110a, H\u00e0 N\u1ed9i Tiktok: www.tiktok.com\/@camilebridalsince2014 Website: https:\/\/camile.vn\/en Instagram: https:\/\/www.instagram.com\/camilebridal Fanpage: https:\/\/web.facebook.com\/Camilebridal\/<\/p>\n","protected":false},"author":1,"featured_media":0,"parent":0,"menu_order":0,"comment_status":"closed","ping_status":"closed","template":"","meta":{"footnotes":""},"class_list":["post-29","page","type-page","status-publish","hentry"],"yoast_head":"<!-- This site is optimized with the Yoast SEO Premium plugin v18.0 (Yoast SEO v25.2) - https:\/\/yoast.com\/wordpress\/plugins\/seo\/ -->\n<title>Li\u00ean h\u1ec7 - CAMILE BRIDAL<\/title>\n<meta name=\"robots\" content=\"index, follow, max-snippet:-1, max-image-preview:large, max-video-preview:-1\" \/>\n<link rel=\"canonical\" href=\"https:\/\/camile.vn\/en\/lien-he\/\" \/>\n<meta property=\"og:locale\" content=\"en_US\" \/>\n<meta property=\"og:type\" content=\"article\" \/>\n<meta property=\"og:title\" content=\"Li\u00ean h\u1ec7\" \/>\n<meta property=\"og:description\" content=\"CAMILE BRIDAL &#8211; V\u00c1Y C\u01af\u1edaI THI\u1ebeT K\u1ebe CAO C\u1ea4P T\u1ef1 tin l\u00e0 ch\u00ednh n\u00e0ng Hotline: 0978 425 416 (Ms Hoa) \u0110\u1ecba ch\u1ec9: S\u1ed1 45 Nguy\u1ec5n Hy Quang, \u0110\u1ed1ng \u0110a, H\u00e0 N\u1ed9i Tiktok: www.tiktok.com\/@camilebridalsince2014 Website: https:\/\/camile.vn\/en Instagram: https:\/\/www.instagram.com\/camilebridal Fanpage: https:\/\/web.facebook.com\/Camilebridal\/\" \/>\n<meta property=\"og:url\" content=\"https:\/\/camile.vn\/en\/lien-he\/\" \/>\n<meta property=\"og:site_name\" content=\"CAMILE BRIDAL\" \/>\n<meta property=\"article:modified_time\" content=\"2024-04-06T03:43:24+00:00\" \/>\n<meta name=\"twitter:card\" content=\"summary_large_image\" \/>\n<script type=\"application\/ld+json\" class=\"yoast-schema-graph\">{\"@context\":\"https:\/\/schema.org\",\"@graph\":[{\"@type\":\"WebPage\",\"@id\":\"https:\/\/camile.vn\/en\/lien-he\/\",\"url\":\"https:\/\/camile.vn\/en\/lien-he\/\",\"name\":\"Li\u00ean h\u1ec7 - CAMILE BRIDAL\",\"isPartOf\":{\"@id\":\"https:\/\/camile.vn\/en\/#website\"},\"datePublished\":\"2019-09-11T11:25:27+00:00\",\"dateModified\":\"2024-04-06T03:43:24+00:00\",\"breadcrumb\":{\"@id\":\"https:\/\/camile.vn\/en\/lien-he\/#breadcrumb\"},\"inLanguage\":\"en-US\",\"potentialAction\":[{\"@type\":\"ReadAction\",\"target\":[\"https:\/\/camile.vn\/en\/lien-he\/\"]}]},{\"@type\":\"BreadcrumbList\",\"@id\":\"https:\/\/camile.vn\/en\/lien-he\/#breadcrumb\",\"itemListElement\":[{\"@type\":\"ListItem\",\"position\":1,\"name\":\"Home\",\"item\":\"https:\/\/camile.vn\/en\/\"},{\"@type\":\"ListItem\",\"position\":2,\"name\":\"Li\u00ean h\u1ec7\"}]},{\"@type\":\"WebSite\",\"@id\":\"https:\/\/camile.vn\/en\/#website\",\"url\":\"https:\/\/camile.vn\/en\/\",\"name\":\"CAMILE BRIDAL\",\"description\":\"WHERE WEDDING DRESSES ARE ELITE\",\"potentialAction\":[{\"@type\":\"SearchAction\",\"target\":{\"@type\":\"EntryPoint\",\"urlTemplate\":\"https:\/\/camile.vn\/en\/?s={search_term_string}\"},\"query-input\":{\"@type\":\"PropertyValueSpecification\",\"valueRequired\":true,\"valueName\":\"search_term_string\"}}],\"inLanguage\":\"en-US\"}]}<\/script>\n<!-- \/ Yoast SEO Premium plugin. -->","yoast_head_json":{"title":"Li\u00ean h\u1ec7 - CAMILE BRIDAL","robots":{"index":"index","follow":"follow","max-snippet":"max-snippet:-1","max-image-preview":"max-image-preview:large","max-video-preview":"max-video-preview:-1"},"canonical":"https:\/\/camile.vn\/en\/lien-he\/","og_locale":"en_US","og_type":"article","og_title":"Li\u00ean h\u1ec7","og_description":"CAMILE BRIDAL &#8211; V\u00c1Y C\u01af\u1edaI THI\u1ebeT K\u1ebe CAO C\u1ea4P T\u1ef1 tin l\u00e0 ch\u00ednh n\u00e0ng Hotline: 0978 425 416 (Ms Hoa) \u0110\u1ecba ch\u1ec9: S\u1ed1 45 Nguy\u1ec5n Hy Quang, \u0110\u1ed1ng \u0110a, H\u00e0 N\u1ed9i Tiktok: www.tiktok.com\/@camilebridalsince2014 Website: https:\/\/camile.vn\/en Instagram: https:\/\/www.instagram.com\/camilebridal Fanpage: https:\/\/web.facebook.com\/Camilebridal\/","og_url":"https:\/\/camile.vn\/en\/lien-he\/","og_site_name":"CAMILE BRIDAL","article_modified_time":"2024-04-06T03:43:24+00:00","twitter_card":"summary_large_image","schema":{"@context":"https:\/\/schema.org","@graph":[{"@type":"WebPage","@id":"https:\/\/camile.vn\/en\/lien-he\/","url":"https:\/\/camile.vn\/en\/lien-he\/","name":"Li\u00ean h\u1ec7 - CAMILE BRIDAL","isPartOf":{"@id":"https:\/\/camile.vn\/en\/#website"},"datePublished":"2019-09-11T11:25:27+00:00","dateModified":"2024-04-06T03:43:24+00:00","breadcrumb":{"@id":"https:\/\/camile.vn\/en\/lien-he\/#breadcrumb"},"inLanguage":"en-US","potentialAction":[{"@type":"ReadAction","target":["https:\/\/camile.vn\/en\/lien-he\/"]}]},{"@type":"BreadcrumbList","@id":"https:\/\/camile.vn\/en\/lien-he\/#breadcrumb","itemListElement":[{"@type":"ListItem","position":1,"name":"Home","item":"https:\/\/camile.vn\/en\/"},{"@type":"ListItem","position":2,"name":"Li\u00ean h\u1ec7"}]},{"@type":"WebSite","@id":"https:\/\/camile.vn\/en\/#website","url":"https:\/\/camile.vn\/en\/","name":"CAMILE BRIDAL","description":"WHERE WEDDING DRESSES ARE ELITE","potentialAction":[{"@type":"SearchAction","target":{"@type":"EntryPoint","urlTemplate":"https:\/\/camile.vn\/en\/?s={search_term_string}"},"query-input":{"@type":"PropertyValueSpecification","valueRequired":true,"valueName":"search_term_string"}}],"inLanguage":"en-US"}]}},"lang":"en","translations":{"en":29},"pll_sync_post":[],"_links":{"self":[{"href":"https:\/\/camile.vn\/en\/wp-json\/wp\/v2\/pages\/29","targetHints":{"allow":["GET"]}}],"collection":[{"href":"https:\/\/camile.vn\/en\/wp-json\/wp\/v2\/pages"}],"about":[{"href":"https:\/\/camile.vn\/en\/wp-json\/wp\/v2\/types\/page"}],"author":[{"embeddable":true,"href":"https:\/\/camile.vn\/en\/wp-json\/wp\/v2\/users\/1"}],"replies":[{"embeddable":true,"href":"https:\/\/camile.vn\/en\/wp-json\/wp\/v2\/comments?post=29"}],"version-history":[{"count":0,"href":"https:\/\/camile.vn\/en\/wp-json\/wp\/v2\/pages\/29\/revisions"}],"wp:attachment":[{"href":"https:\/\/camile.vn\/en\/wp-json\/wp\/v2\/media?parent=29"}],"curies":[{"name":"wp","href":"https:\/\/api.w.org\/{rel}","templated":true}]}}