{"id":10037,"date":"2023-10-06T05:20:13","date_gmt":"2023-10-06T05:20:13","guid":{"rendered":"https:\/\/camile.vn\/en\/?post_type=product&#038;p=10037"},"modified":"2025-11-26T10:43:51","modified_gmt":"2025-11-26T10:43:51","slug":"may-collection-2023-2024-look-8-net-dep-loi-cuon-den-tu-su-tinh-te","status":"publish","type":"product","link":"https:\/\/camile.vn\/en\/product\/may-collection-2023-2024-look-8-net-dep-loi-cuon-den-tu-su-tinh-te\/","title":{"rendered":"M\u00c2Y COLLECTION 2023-2024 | LOOK 8: N\u00e9t \u0110\u1eb9p L\u00f4i Cu\u1ed1n \u0110\u1ebfn T\u1eeb S\u1ef1 Tinh T\u1ebf"},"content":{"rendered":"<h2>I. Gi\u1edbi Thi\u1ec7u<\/h2>\n<h3><strong>Gi\u1edbi Thi\u1ec7u v\u1ec1 M\u00e2y Collection 2023-2024 c\u1ee7a Camile Bridal<\/strong><\/h3>\n<p><iframe title=\"B\u00ed Quy\u1ebft Ch\u1ecdn M\u1eabu V\u00e1y C\u00f4 D\u00e2u May \u0110o Tinh T\u1ebf v\u00e0 L\u1ed9ng L\u1eaby: ????????\u0302???? ???????????????????????????????????????? ???????????????? - ???????????????? | ???????????????? ????\" width=\"1020\" height=\"574\" src=\"https:\/\/www.youtube.com\/embed\/lo9-o1vCooM?feature=oembed\" frameborder=\"0\" allow=\"accelerometer; autoplay; clipboard-write; encrypted-media; gyroscope; picture-in-picture; web-share\" referrerpolicy=\"strict-origin-when-cross-origin\" allowfullscreen><\/iframe><\/p>\n<p>Khi n\u00f3i \u0111\u1ebfn vi\u1ec7c t\u00f4n vinh v\u1ebb \u0111\u1eb9p c\u1ee7a nh\u1eefng c\u00f4 d\u00e2u trong ng\u00e0y tr\u1ecdng \u0111\u1ea1i c\u1ee7a m\u00ecnh, Camile Bridal kh\u00f4ng ng\u1eebng t\u00ecm ki\u1ebfm v\u00e0 s\u00e1ng t\u1ea1o n\u00ean nh\u1eefng tuy\u1ec7t ph\u1ea9m qua t\u1eebng b\u1ed9 s\u01b0u t\u1eadp. V\u00e0 M\u00e2y Collection 2023-2024 l\u00e0 m\u1ed9t minh ch\u1ee9ng s\u1ed1ng \u0111\u1ed9ng nh\u1ea5t cho s\u1ee9 m\u1ec7nh \u1ea5y. Ch\u00fang t\u00f4i t\u1ef1 h\u00e0o mang \u0111\u1ebfn m\u1ed9t kh\u00f4ng gian m\u01a1 m\u1ed9ng, n\u01a1i m\u1ed7i thi\u1ebft k\u1ebf kh\u00f4ng ch\u1ec9 l\u00e0 m\u1ed9t chi\u1ebfc v\u00e1y c\u01b0\u1edbi, m\u00e0 c\u00f2n l\u00e0 bi\u1ec3u t\u01b0\u1ee3ng c\u1ee7a t\u00ecnh y\u00eau, s\u1ef1 k\u1ebft n\u1ed1i v\u00e0 nh\u1eefng \u01b0\u1edbc m\u01a1 bay cao.<\/p>\n<p><strong>T\u1ea7m nh\u00ecn v\u00e0 s\u1ee9 m\u1ec7nh<\/strong><\/p>\n<p>M\u1ed7i thi\u1ebft k\u1ebf trong M\u00e2y Collection \u0111\u01b0\u1ee3c t\u1ea1o ra kh\u00f4ng ch\u1ec9 \u0111\u1ec3 k\u1ef7 ni\u1ec7m ng\u00e0y vui c\u1ee7a c\u00e1c c\u00f4 d\u00e2u, m\u00e0 c\u00f2n \u0111\u1ec3 kh\u1eb3ng \u0111\u1ecbnh gi\u00e1 tr\u1ecb v\u1ec1 m\u1ed9t phong c\u00e1ch s\u1ed1ng &#8211; n\u01a1i v\u1ebb \u0111\u1eb9p, s\u1ef1 tinh t\u1ebf v\u00e0 thanh l\u1ecbch \u0111\u01b0\u1ee3c tr\u00e2n tr\u1ecdng. Camile Bridal lu\u00f4n n\u1ed7 l\u1ef1c \u0111\u1ec3 m\u1ed7i chi\u1ebfc v\u00e1y c\u01b0\u1edbi kh\u00f4ng ch\u1ec9 l\u00e0 m\u1ed9t s\u1ea3n ph\u1ea9m ngh\u1ec7 thu\u1eadt, m\u00e0 c\u00f2n l\u00e0 ngu\u1ed3n c\u1ea3m h\u1ee9ng b\u1ea5t t\u1eadn cho nh\u1eefng ng\u01b0\u1eddi ph\u1ee5 n\u1eef y\u00eau v\u1ebb \u0111\u1eb9p.<\/p>\n<p><strong>\u00dd t\u01b0\u1edfng \u0111\u1eb1ng sau b\u1ed9 s\u01b0u t\u1eadp<\/strong><\/p>\n<p>L\u1ea5y c\u1ea3m h\u1ee9ng t\u1eeb h\u00ecnh \u1ea3nh nh\u1eefng \u0111\u00e1m m\u00e2y b\u1ed3ng b\u1ec1nh, m\u01a1 m\u00e0ng tr\u00ean b\u1ea7u tr\u1eddi, M\u00e2y Collection 2023-2024 mu\u1ed1n truy\u1ec1n t\u1ea3i th\u00f4ng \u0111i\u1ec7p v\u1ec1 m\u1ed9t t\u00ecnh y\u00eau nh\u1eb9 nh\u00e0ng nh\u01b0ng v\u00f4 c\u00f9ng s\u00e2u \u0111\u1eadm. M\u1ed7i thi\u1ebft k\u1ebf \u0111\u1ec1u \u0111\u01b0\u1ee3c t\u1ea1o ra v\u1edbi mong mu\u1ed1n mang l\u1ea1i c\u1ea3m gi\u00e1c nh\u01b0 \u0111ang \u0111\u01b0\u1ee3c \u00f4m tr\u1ecdn trong v\u00f2ng tay c\u1ee7a b\u1ea7u tr\u1eddi bao la, t\u01b0\u1ee3ng tr\u01b0ng cho v\u00f2ng tay y\u00eau th\u01b0\u01a1ng v\u00e0 s\u1ef1 bao b\u1ecdc t\u1eeb ng\u01b0\u1eddi b\u1ea1n \u0111\u1eddi.<\/p>\n<h3><strong>\u0110\u1eb7c \u0110i\u1ec3m N\u1ed5i B\u1eadt c\u1ee7a M\u00e2y Collection<\/strong><\/h3>\n<p><strong>S\u1ef1 K\u1ebft H\u1ee3p Gi\u1eefa C\u1ed5 \u0110i\u1ec3n v\u00e0 Hi\u1ec7n \u0110\u1ea1i<\/strong><\/p>\n<p>M\u00e2y Collection l\u00e0 s\u1ef1 h\u00f2a quy\u1ec7n ho\u00e0n h\u1ea3o gi\u1eefa v\u1ebb \u0111\u1eb9p c\u1ed5 \u0111i\u1ec3n v\u00e0 n\u00e9t thanh l\u1ecbch, hi\u1ec7n \u0111\u1ea1i. M\u1ed7i thi\u1ebft k\u1ebf kh\u00f4ng ch\u1ec9 ch\u1ee9a \u0111\u1ef1ng gi\u00e1 tr\u1ecb th\u1ea9m m\u1ef9 truy\u1ec1n th\u1ed1ng m\u00e0 c\u00f2n \u0111\u01b0\u1ee3c th\u1ed5i h\u1ed3n b\u1eb1ng nh\u1eefng \u00fd t\u01b0\u1edfng s\u00e1ng t\u1ea1o, ph\u00e1 c\u00e1ch, mang \u0111\u1ebfn m\u1ed9t l\u00e0n gi\u00f3 m\u1edbi cho ng\u00e0nh th\u1eddi trang c\u01b0\u1edbi.<\/p>\n<p><strong>C\u1ea3m H\u1ee9ng T\u1eeb Thi\u00ean Nhi\u00ean<\/strong><\/p>\n<p>V\u1ebb \u0111\u1eb9p c\u1ee7a thi\u00ean nhi\u00ean lu\u00f4n l\u00e0 ngu\u1ed3n c\u1ea3m h\u1ee9ng b\u1ea5t t\u1eadn cho Camile Bridal. M\u00e2y Collection l\u1ea5y c\u1ea3m h\u1ee9ng t\u1eeb h\u00ecnh \u1ea3nh nh\u1eefng \u0111\u00e1m m\u00e2y, b\u1ea7u tr\u1eddi xanh m\u00eanh m\u00f4ng, \u00e1nh s\u00e1ng m\u1eb7t tr\u1eddi lung linh, v\u00e0 s\u1ef1 tinh t\u1ebf c\u1ee7a hoa c\u1ecf. M\u1ed7i chi ti\u1ebft tr\u00ean v\u00e1y c\u01b0\u1edbi \u0111\u1ec1u l\u00e0 s\u1ef1 ca ng\u1ee3i v\u1ebb \u0111\u1eb9p c\u1ee7a thi\u00ean nhi\u00ean, mang \u0111\u1ebfn cho c\u00f4 d\u00e2u m\u1ed9t v\u1ebb ngo\u00e0i tinh kh\u00f4i, thu\u1ea7n khi\u1ebft nh\u01b0 ch\u00ednh b\u1ea3n th\u00e2n thi\u00ean nhi\u00ean.<\/p>\n<h3><strong>Nguy\u00ean Li\u1ec7u \u0110\u1ed9c \u0110\u00e1o<\/strong><\/h3>\n<p>Trong l\u00f2ng c\u1ee7a m\u1ed7i thi\u1ebft k\u1ebf M\u00e2y Collection, nguy\u00ean li\u1ec7u \u0111\u00f3ng vai tr\u00f2 nh\u01b0 linh h\u1ed3n, quy\u1ebft \u0111\u1ecbnh \u0111\u1ebfn h\u00ecnh h\u00e0i v\u00e0 s\u1ee9c h\u00fat c\u1ee7a s\u1ea3n ph\u1ea9m.<\/p>\n<p><strong>Ren Sequins: \u00c1nh S\u00e1ng M\u01a1 M\u00e0ng<\/strong><\/p>\n<p>Ren Sequins kh\u00f4ng ch\u1ec9 l\u00e0 s\u1ef1 ch\u1ecdn l\u1ef1a v\u00ec v\u1ebb \u0111\u1eb9p lung linh m\u00e0 c\u00f2n v\u00ec kh\u1ea3 n\u0103ng t\u1ea1o ra \u00e1nh s\u00e1ng m\u01a1 m\u00e0ng, nh\u01b0 \u00e1nh s\u00e1ng c\u1ee7a b\u00ecnh minh d\u1ecbu d\u00e0ng bao ph\u1ee7 l\u00ean chi\u1ebfc v\u00e1y. \u0110\u00f3 l\u00e0 s\u1ef1 k\u1ebft h\u1ee3p gi\u1eefa ngh\u1ec7 thu\u1eadt v\u00e0 k\u1ef9 thu\u1eadt, gi\u1eefa truy\u1ec1n th\u1ed1ng v\u00e0 hi\u1ec7n \u0111\u1ea1i, gi\u00fap m\u1ed7i chi\u1ebfc v\u00e1y kh\u00f4ng ch\u1ec9 \u0111\u1eb9p m\u1eaft m\u00e0 c\u00f2n ch\u1ee9a \u0111\u1ef1ng c\u00e2u chuy\u1ec7n v\u00e0 t\u00e2m h\u1ed3n.<\/p>\n<p><strong>Pha L\u00ea v\u00e0 \u0110\u00e1: Tinh T\u1ebf v\u00e0 Sang Tr\u1ecdng<\/strong><\/p>\n<p>Kh\u00f4ng g\u00ec c\u00f3 th\u1ec3 t\u00f4n vinh v\u1ebb \u0111\u1eb9p c\u1ee7a m\u1ed9t ng\u01b0\u1eddi ph\u1ee5 n\u1eef t\u1ed1t h\u01a1n s\u1ef1 l\u1ea5p l\u00e1nh, ki\u00eau sa t\u1eeb pha l\u00ea v\u00e0 \u0111\u00e1. M\u1ed7i vi\u00ean \u0111\u00e1, m\u1ed7i h\u1ea1t pha l\u00ea \u0111\u01b0\u1ee3c ch\u1ecdn l\u1ecdc k\u1ef9 c\u00e0ng, kh\u00f4ng ch\u1ec9 v\u00ec gi\u00e1 tr\u1ecb v\u1eadt ch\u1ea5t m\u00e0 c\u00f2n v\u00ec \u00fd ngh\u0129a, v\u1ebb \u0111\u1eb9p tinh th\u1ea7n m\u00e0 ch\u00fang mang l\u1ea1i. Ch\u00fang l\u00e0 bi\u1ec3u t\u01b0\u1ee3ng c\u1ee7a s\u1ef1 v\u0129nh c\u1eedu, c\u1ee7a t\u00ecnh y\u00eau b\u1ec1n ch\u1eb7t v\u00e0 s\u1ef1 tinh t\u1ebf, sang tr\u1ecdng.<\/p>\n<p><strong>Nhu\u0303: Ph\u00e1 C\u00e1ch v\u00e0 Quy\u1ebfn R\u0169<\/strong><\/p>\n<p>Nhu\u0303, v\u1edbi v\u1ebb ngo\u00e0i b\u00ed \u1ea9n v\u00e0 s\u1ee9c h\u00fat kh\u00f3 c\u01b0\u1ee1ng, l\u00e0 nguy\u00ean li\u1ec7u mang \u0111\u1ebfn cho M\u00e2y Collection m\u1ed9t ch\u1ea5t li\u1ec7u \u0111\u1ed9c \u0111\u00e1o. S\u1ef1 ph\u00e1 c\u00e1ch trong vi\u1ec7c s\u1eed d\u1ee5ng nhu\u0303 kh\u00f4ng ch\u1ec9 th\u1ec3 hi\u1ec7n tinh th\u1ea7n t\u1ef1 do, m\u00e0 c\u00f2n kh\u1eb3ng \u0111\u1ecbnh v\u1ebb \u0111\u1eb9p quy\u1ebfn r\u0169, kh\u00e1c bi\u1ec7t c\u1ee7a ng\u01b0\u1eddi ph\u1ee5 n\u1eef m\u1ea1nh m\u1ebd, \u0111\u1ea7y t\u1ef1 tin.<\/p>\n<h3><strong>Thi\u1ebft K\u1ebf \u0110\u1eb7c S\u1eafc<\/strong><\/h3>\n<p>C\u00f3 th\u1ec3 n\u00f3i, thi\u1ebft k\u1ebf ch\u00ednh l\u00e0 b\u1ea3n h\u00f2a ca c\u1ee7a t\u00e0i n\u0103ng v\u00e0 \u0111am m\u00ea, v\u00e0 M\u00e2y Collection l\u00e0 minh ch\u1ee9ng r\u00f5 r\u00e0ng nh\u1ea5t cho \u0111i\u1ec1u n\u00e0y.<\/p>\n<p><strong>S\u1ef1 M\u1edbi L\u1ea1 \u1ede Tr\u1ec5 Vai<\/strong><\/p>\n<p>Tr\u1ec5 vai kh\u00f4ng ch\u1ec9 l\u00e0 m\u1ed9t l\u1ef1a ch\u1ecdn thi\u1ebft k\u1ebf v\u1ec1 m\u1eb7t th\u1ea9m m\u1ef9, m\u00e0 c\u00f2n l\u00e0 bi\u1ec3u t\u01b0\u1ee3ng c\u1ee7a s\u1ef1 t\u1ef1 do, t\u1ef1 t\u00edn. \u0110\u00f3 l\u00e0 s\u1ef1 g\u1ee3i m\u1edf, m\u1eddi g\u1ecdi \u00e1nh nh\u00ecn theo c\u00e1ch tinh t\u1ebf nh\u1ea5t, l\u00e0m n\u1ed5i b\u1eadt v\u1ebb \u0111\u1eb9p v\u00e0 s\u1ee9c quy\u1ebfn r\u0169 t\u1ef1 nhi\u00ean c\u1ee7a ng\u01b0\u1eddi ph\u1ee5 n\u1eef.<\/p>\n<p><strong>S\u1ef1 Tr\u1ebb Trung v\u00e0 Tinh T\u1ebf<\/strong><\/p>\n<p>M\u1ed7i \u0111\u01b0\u1eddng n\u00e9t, m\u1ed7i chi ti\u1ebft tr\u00ean M\u00e2y Collection \u0111\u1ec1u \u0111\u01b0\u1ee3c thi\u1ebft k\u1ebf v\u1edbi \u00fd \u0111\u1ed3 t\u1ea1o n\u00ean m\u1ed9t v\u1ebb \u0111\u1eb9p tr\u1ebb trung, \u0111\u1ea7y s\u1ee9c s\u1ed1ng nh\u01b0ng kh\u00f4ng k\u00e9m ph\u1ea7n tinh t\u1ebf, duy\u00ean d\u00e1ng. \u0110\u00f3 l\u00e0 s\u1ef1 k\u1ebft h\u1ee3p gi\u1eefa h\u00ecnh th\u1ee9c v\u00e0 n\u1ed9i dung, gi\u1eefa v\u1ebb \u0111\u1eb9p b\u00ean ngo\u00e0i v\u00e0 gi\u00e1 tr\u1ecb b\u00ean trong.<\/p>\n<h3><strong>Ch\u1ea5t Li\u1ec7u Cao C\u1ea5p<\/strong><\/h3>\n<p>Ch\u1ea5t li\u1ec7u lu\u00f4n l\u00e0 y\u1ebfu t\u1ed1 quan tr\u1ecdng h\u00e0ng \u0111\u1ea7u trong vi\u1ec7c t\u1ea1o n\u00ean m\u1ed9t thi\u1ebft k\u1ebf v\u00e1y c\u01b0\u1edbi \u0111\u1ed9c \u0111\u00e1o v\u00e0 l\u1ea5p l\u00e1nh.<\/p>\n<p><strong>Ren Sequins v\u00e0 T\u00e1c D\u1ee5ng N\u1ed5i B\u1eadt<\/strong><\/p>\n<p>Ch\u1ea5t li\u1ec7u ren sequins kh\u00f4ng ch\u1ec9 mang \u0111\u1ebfn v\u1ebb ngo\u00e0i l\u1ed9ng l\u1eaby, quy\u1ebfn r\u0169 m\u00e0 c\u00f2n t\u1ea1o c\u1ea3m gi\u00e1c tho\u1ea3i m\u00e1i, d\u1ec5 ch\u1ecbu khi m\u1eb7c. \u0110\u00f3 l\u00e0 s\u1ef1 ch\u0103m ch\u00fat t\u1ec9 m\u1ec9 \u0111\u1ebfn t\u1eebng chi ti\u1ebft, \u0111\u1ea3m b\u1ea3o r\u1eb1ng m\u1ed7i chi\u1ebfc v\u00e1y c\u01b0\u1edbi kh\u00f4ng ch\u1ec9 \u0111\u1eb9p m\u1eaft m\u00e0 c\u00f2n t\u00f4n tr\u1ecdng v\u00e0 ph\u1ea3n \u00e1nh c\u00e1 t\u00ednh c\u1ee7a ng\u01b0\u1eddi m\u1eb7c.<\/p>\n<p><strong>Tulle: S\u1ef1 Nh\u1eb9 Nh\u00e0ng v\u00e0 Bay B\u1ed5ng<\/strong><\/p>\n<p>Tulle, v\u1edbi v\u1ebb \u0111\u1eb9p nh\u1eb9 nh\u00e0ng, bay b\u1ed5ng, mang l\u1ea1i cho ng\u01b0\u1eddi m\u1eb7c c\u1ea3m gi\u00e1c nh\u01b0 \u0111ang \u0111\u01b0\u1ee3c bao b\u1ecdc trong m\u1ed9t \u0111\u00e1m m\u00e2y m\u1ec1m m\u1ea1i. Ch\u1ea5t li\u1ec7u n\u00e0y kh\u00f4ng ch\u1ec9 gi\u00fap t\u1ea1o ra d\u00e1ng v\u00e1y v\u1eeba v\u1eb7n, \u00f4m tr\u1ecdn v\u1ebb \u0111\u1eb9p t\u1ef1 nhi\u00ean c\u1ee7a c\u01a1 th\u1ec3 m\u00e0 c\u00f2n mang l\u1ea1i s\u1ef1 tho\u1ea3i m\u00e1i, t\u1ef1 do di chuy\u1ec3n.<\/p>\n<h3><strong>Tr\u1ea3i Nghi\u1ec7m T\u1ea1i Camile Bridal<\/strong><\/h3>\n<p>T\u1ea1i Camile Bridal, m\u1ed7i c\u00f4 d\u00e2u \u0111\u1ec1u \u0111\u01b0\u1ee3c tr\u1ea3i nghi\u1ec7m d\u1ecbch v\u1ee5 c\u00e1 nh\u00e2n h\u00f3a, ch\u0103m s\u00f3c t\u1eadn t\u00ecnh, \u0111\u1ea3m b\u1ea3o r\u1eb1ng t\u1eeb kh\u00e2u ch\u1ecdn l\u1ef1a \u0111\u1ebfn khi ho\u00e0n thi\u1ec7n chi\u1ebfc v\u00e1y c\u01b0\u1edbi \u0111\u1ec1u l\u00e0 h\u00e0nh tr\u00ecnh \u0111\u00e1ng nh\u1edb nh\u1ea5t.<\/p>\n<p><strong>\u0110\u1eb7t L\u1ecbch v\u00e0 D\u1ecbch V\u1ee5 C\u00e1 Nh\u00e2n H\u00f3a<\/strong><\/p>\n<p>Kh\u00e1ch h\u00e0ng c\u00f3 th\u1ec3 d\u1ec5 d\u00e0ng \u0111\u1eb7t l\u1ecbch tr\u01b0\u1edbc \u0111\u1ec3 \u0111\u01b0\u1ee3c t\u01b0 v\u1ea5n, th\u1eed v\u00e1y trong kh\u00f4ng gian ri\u00eang t\u01b0, tho\u1ea3i m\u00e1i t\u1ea1i showroom. M\u1ed7i y\u00eau c\u1ea7u, mong mu\u1ed1n c\u1ee7a kh\u00e1ch h\u00e0ng \u0111\u1ec1u \u0111\u01b0\u1ee3c Camile Bridal l\u1eafng nghe v\u00e0 th\u1ea5u hi\u1ec3u, nh\u1eb1m m\u1ee5c \u0111\u00edch t\u1ea1o n\u00ean chi\u1ebfc v\u00e1y c\u01b0\u1edbi ho\u00e0n h\u1ea3o nh\u1ea5t.<\/p>\n<h1>C\u00e2u H\u1ecfi Th\u01b0\u1eddng G\u1eb7p (FAQs)<\/h1>\n<ol>\n<li><strong>L\u00e0m th\u1ebf n\u00e0o \u0111\u1ec3 \u0111\u1eb7t l\u1ecbch th\u1eed v\u00e1y?<\/strong>\n<ul>\n<li>\u0110\u01a1n gi\u1ea3n! B\u1ea1n ch\u1ec9 c\u1ea7n g\u1ecdi \u0111\u1ebfn hotline 0978 425 416 (Ms Hoa) \u0111\u1ec3 \u0111\u1eb7t l\u1ecbch ngay.<\/li>\n<\/ul>\n<\/li>\n<li><strong>Ch\u1ea5t li\u1ec7u ren sequins c\u00f3 tho\u1ea3i m\u00e1i khi m\u1eb7c kh\u00f4ng?<\/strong>\n<ul>\n<li>\u0110\u00fang v\u1eady, ch\u1ea5t li\u1ec7u n\u00e0y kh\u00f4ng ch\u1ec9 \u0111\u1eb9p m\u1eaft m\u00e0 c\u00f2n tho\u1ea3i m\u00e1i, gi\u00fap b\u1ea1n t\u1ef1 tin su\u1ed1t c\u1ea3 ng\u00e0y.<\/li>\n<\/ul>\n<\/li>\n<li><strong>M\u00e2y Collection c\u00f3 \u0111\u1ee7 size cho m\u1ecdi ng\u01b0\u1eddi kh\u00f4ng?<\/strong>\n<ul>\n<li>C\u00f3 ch\u1eafc ch\u1eafn. Camile Bridal lu\u00f4n \u0111\u1ea3m b\u1ea3o cung c\u1ea5p \u0111\u1ee7 size \u0111\u1ec3 ph\u1ee5c v\u1ee5 m\u1ecdi v\u00f3c d\u00e1ng.<\/li>\n<\/ul>\n<\/li>\n<li><strong>Th\u1eddi gian s\u1ea3n xu\u1ea5t v\u00e0 nh\u1eadn v\u00e1y l\u00e0 bao l\u00e2u?<\/strong>\n<ul>\n<li>Th\u1eddi gian n\u00e0y th\u01b0\u1eddng l\u00e0 kho\u1ea3ng 2-3 th\u00e1ng sau khi b\u1ea1n \u0111\u00e3 \u0111\u1eb7t h\u00e0ng.<\/li>\n<\/ul>\n<\/li>\n<li><strong>C\u00f3 th\u1ec3 thay \u0111\u1ed5i chi ti\u1ebft thi\u1ebft k\u1ebf kh\u00f4ng?<\/strong>\n<ul>\n<li>\u0110\u01b0\u1ee3c, b\u1ea1n c\u00f3 th\u1ec3 th\u1ea3o lu\u1eadn v\u1edbi \u0111\u1ed9i ng\u0169 thi\u1ebft k\u1ebf \u0111\u1ec3 \u0111i\u1ec1u ch\u1ec9nh theo \u00fd mu\u1ed1n c\u1ee7a m\u00ecnh.<\/li>\n<\/ul>\n<\/li>\n<\/ol>\n<h1>K\u1ebft Lu\u1eadn<\/h1>\n<p>Cu\u1ed1i c\u00f9ng, M\u00e2y Collection 2023-2024 \u0111\u00e3 l\u00e0m n\u1ed5i b\u1eadt v\u1ebb \u0111\u1eb9p c\u1ee7a ng\u01b0\u1eddi ph\u1ee5 n\u1eef th\u00f4ng qua thi\u1ebft k\u1ebf tinh t\u1ebf v\u00e0 s\u00e1ng t\u1ea1o. H\u00e3y \u0111\u1ec3 Look 8 l\u00e0 ngu\u1ed3n c\u1ea3m h\u1ee9ng cho ng\u00e0y tr\u1ecdng \u0111\u1ea1i c\u1ee7a b\u1ea1n. \u0110\u1eebng ch\u1ea7n ch\u1eeb, h\u00e3y \u0111\u1eb7t l\u1ecbch v\u00e0 tr\u1ea3i nghi\u1ec7m ngay!<\/p>\n","protected":false},"excerpt":{"rendered":"<p><em><strong>M\u00e2y Collection 2023-2024 c\u1ee7a Camile Bridal mang \u0111\u1ebfn kh\u00f4ng gian c\u1ee7a nh\u1eefng gi\u1ea5c m\u01a1, v\u00e0 Look 8 kh\u00f4ng n\u1eb1m ngo\u00e0i v\u00f2ng \u0111\u00f3. M\u1eabu v\u00e1y h\u1ed9i n\u00e0y kh\u00f4ng ch\u1ec9 l\u00e0 s\u1ef1 k\u1ebft h\u1ee3p ho\u00e0n h\u1ea3o gi\u1eefa l\u00f4i cu\u1ed1n, thanh l\u1ecbch m\u00e0 c\u00f2n l\u00e0 s\u1ef1 h\u00f2a quy\u1ec7n tinh t\u1ebf, r\u1ea5t \u0111\u1ed9c \u0111\u00e1o.<\/strong><\/em><\/p>\n","protected":false},"featured_media":10041,"comment_status":"closed","ping_status":"closed","template":"","meta":[],"product_brand":[],"product_cat":[463],"product_tag":[195],"class_list":{"0":"post-10037","1":"product","2":"type-product","3":"status-publish","4":"has-post-thumbnail","6":"product_cat-classics","7":"product_tag-vay-cuoi","9":"first","10":"instock","11":"sale","12":"shipping-taxable","13":"purchasable","14":"product-type-simple"},"yoast_head":"<!-- This site is optimized with the Yoast SEO Premium plugin v18.0 (Yoast SEO v25.2) - https:\/\/yoast.com\/wordpress\/plugins\/seo\/ -->\n<title>M\u00c2Y COLLECTION 2023-2024 | LOOK 8: N\u00e9t \u0110\u1eb9p L\u00f4i Cu\u1ed1n \u0110\u1ebfn T\u1eeb S\u1ef1 Tinh T\u1ebf - CAMILE BRIDAL<\/title>\n<meta name=\"robots\" content=\"index, follow, max-snippet:-1, max-image-preview:large, max-video-preview:-1\" \/>\n<link rel=\"canonical\" href=\"https:\/\/camile.vn\/en\/product\/may-collection-2023-2024-look-8-net-dep-loi-cuon-den-tu-su-tinh-te\/\" \/>\n<meta property=\"og:locale\" content=\"en_US\" \/>\n<meta property=\"og:type\" content=\"article\" \/>\n<meta property=\"og:title\" content=\"M\u00c2Y COLLECTION 2023-2024 | LOOK 8: N\u00e9t \u0110\u1eb9p L\u00f4i Cu\u1ed1n \u0110\u1ebfn T\u1eeb S\u1ef1 Tinh T\u1ebf\" \/>\n<meta property=\"og:description\" content=\"M\u00e2y Collection 2023-2024 c\u1ee7a Camile Bridal mang \u0111\u1ebfn kh\u00f4ng gian c\u1ee7a nh\u1eefng gi\u1ea5c m\u01a1, v\u00e0 Look 8 kh\u00f4ng n\u1eb1m ngo\u00e0i v\u00f2ng \u0111\u00f3. M\u1eabu v\u00e1y h\u1ed9i n\u00e0y kh\u00f4ng ch\u1ec9 l\u00e0 s\u1ef1 k\u1ebft h\u1ee3p ho\u00e0n h\u1ea3o gi\u1eefa l\u00f4i cu\u1ed1n, thanh l\u1ecbch m\u00e0 c\u00f2n l\u00e0 s\u1ef1 h\u00f2a quy\u1ec7n tinh t\u1ebf, r\u1ea5t \u0111\u1ed9c \u0111\u00e1o.\" \/>\n<meta property=\"og:url\" content=\"https:\/\/camile.vn\/en\/product\/may-collection-2023-2024-look-8-net-dep-loi-cuon-den-tu-su-tinh-te\/\" \/>\n<meta property=\"og:site_name\" content=\"CAMILE BRIDAL\" \/>\n<meta property=\"article:modified_time\" content=\"2025-11-26T10:43:51+00:00\" \/>\n<meta property=\"og:image\" content=\"https:\/\/camile.vn\/en\/wp-content\/uploads\/2023\/10\/MAY-COLLECTION-2023-2024-LOOK-8-Net-Dep-Loi-Cuon-Den-Tu-Su-Tinh-Te-4.jpg\" \/>\n\t<meta property=\"og:image:width\" content=\"640\" \/>\n\t<meta property=\"og:image:height\" content=\"932\" \/>\n\t<meta property=\"og:image:type\" content=\"image\/jpeg\" \/>\n<meta name=\"twitter:card\" content=\"summary_large_image\" \/>\n<meta name=\"twitter:label1\" content=\"Est. reading time\" \/>\n\t<meta name=\"twitter:data1\" content=\"10 minutes\" \/>\n<script type=\"application\/ld+json\" class=\"yoast-schema-graph\">{\"@context\":\"https:\/\/schema.org\",\"@graph\":[{\"@type\":\"WebPage\",\"@id\":\"https:\/\/camile.vn\/en\/product\/may-collection-2023-2024-look-8-net-dep-loi-cuon-den-tu-su-tinh-te\/\",\"url\":\"https:\/\/camile.vn\/en\/product\/may-collection-2023-2024-look-8-net-dep-loi-cuon-den-tu-su-tinh-te\/\",\"name\":\"M\u00c2Y COLLECTION 2023-2024 | LOOK 8: N\u00e9t \u0110\u1eb9p L\u00f4i Cu\u1ed1n \u0110\u1ebfn T\u1eeb S\u1ef1 Tinh T\u1ebf - CAMILE BRIDAL\",\"isPartOf\":{\"@id\":\"https:\/\/camile.vn\/en\/#website\"},\"primaryImageOfPage\":{\"@id\":\"https:\/\/camile.vn\/en\/product\/may-collection-2023-2024-look-8-net-dep-loi-cuon-den-tu-su-tinh-te\/#primaryimage\"},\"image\":{\"@id\":\"https:\/\/camile.vn\/en\/product\/may-collection-2023-2024-look-8-net-dep-loi-cuon-den-tu-su-tinh-te\/#primaryimage\"},\"thumbnailUrl\":\"https:\/\/camile.vn\/en\/wp-content\/uploads\/2023\/10\/MAY-COLLECTION-2023-2024-LOOK-8-Net-Dep-Loi-Cuon-Den-Tu-Su-Tinh-Te-4.jpg\",\"datePublished\":\"2023-10-06T05:20:13+00:00\",\"dateModified\":\"2025-11-26T10:43:51+00:00\",\"breadcrumb\":{\"@id\":\"https:\/\/camile.vn\/en\/product\/may-collection-2023-2024-look-8-net-dep-loi-cuon-den-tu-su-tinh-te\/#breadcrumb\"},\"inLanguage\":\"en-US\",\"potentialAction\":[{\"@type\":\"ReadAction\",\"target\":[\"https:\/\/camile.vn\/en\/product\/may-collection-2023-2024-look-8-net-dep-loi-cuon-den-tu-su-tinh-te\/\"]}]},{\"@type\":\"ImageObject\",\"inLanguage\":\"en-US\",\"@id\":\"https:\/\/camile.vn\/en\/product\/may-collection-2023-2024-look-8-net-dep-loi-cuon-den-tu-su-tinh-te\/#primaryimage\",\"url\":\"https:\/\/camile.vn\/en\/wp-content\/uploads\/2023\/10\/MAY-COLLECTION-2023-2024-LOOK-8-Net-Dep-Loi-Cuon-Den-Tu-Su-Tinh-Te-4.jpg\",\"contentUrl\":\"https:\/\/camile.vn\/en\/wp-content\/uploads\/2023\/10\/MAY-COLLECTION-2023-2024-LOOK-8-Net-Dep-Loi-Cuon-Den-Tu-Su-Tinh-Te-4.jpg\",\"width\":640,\"height\":932},{\"@type\":\"BreadcrumbList\",\"@id\":\"https:\/\/camile.vn\/en\/product\/may-collection-2023-2024-look-8-net-dep-loi-cuon-den-tu-su-tinh-te\/#breadcrumb\",\"itemListElement\":[{\"@type\":\"ListItem\",\"position\":1,\"name\":\"Home\",\"item\":\"https:\/\/camile.vn\/en\/\"},{\"@type\":\"ListItem\",\"position\":2,\"name\":\"C\u1eeda h\u00e0ng\",\"item\":\"https:\/\/camile.vn\/en\/cua-hang\/\"},{\"@type\":\"ListItem\",\"position\":3,\"name\":\"M\u00c2Y COLLECTION 2023-2024 | LOOK 8: N\u00e9t \u0110\u1eb9p L\u00f4i Cu\u1ed1n \u0110\u1ebfn T\u1eeb S\u1ef1 Tinh T\u1ebf\"}]},{\"@type\":\"WebSite\",\"@id\":\"https:\/\/camile.vn\/en\/#website\",\"url\":\"https:\/\/camile.vn\/en\/\",\"name\":\"CAMILE BRIDAL\",\"description\":\"WHERE WEDDING DRESSES ARE ELITE\",\"potentialAction\":[{\"@type\":\"SearchAction\",\"target\":{\"@type\":\"EntryPoint\",\"urlTemplate\":\"https:\/\/camile.vn\/en\/?s={search_term_string}\"},\"query-input\":{\"@type\":\"PropertyValueSpecification\",\"valueRequired\":true,\"valueName\":\"search_term_string\"}}],\"inLanguage\":\"en-US\"}]}<\/script>\n<!-- \/ Yoast SEO Premium plugin. -->","yoast_head_json":{"title":"M\u00c2Y COLLECTION 2023-2024 | LOOK 8: N\u00e9t \u0110\u1eb9p L\u00f4i Cu\u1ed1n \u0110\u1ebfn T\u1eeb S\u1ef1 Tinh T\u1ebf - CAMILE BRIDAL","robots":{"index":"index","follow":"follow","max-snippet":"max-snippet:-1","max-image-preview":"max-image-preview:large","max-video-preview":"max-video-preview:-1"},"canonical":"https:\/\/camile.vn\/en\/product\/may-collection-2023-2024-look-8-net-dep-loi-cuon-den-tu-su-tinh-te\/","og_locale":"en_US","og_type":"article","og_title":"M\u00c2Y COLLECTION 2023-2024 | LOOK 8: N\u00e9t \u0110\u1eb9p L\u00f4i Cu\u1ed1n \u0110\u1ebfn T\u1eeb S\u1ef1 Tinh T\u1ebf","og_description":"M\u00e2y Collection 2023-2024 c\u1ee7a Camile Bridal mang \u0111\u1ebfn kh\u00f4ng gian c\u1ee7a nh\u1eefng gi\u1ea5c m\u01a1, v\u00e0 Look 8 kh\u00f4ng n\u1eb1m ngo\u00e0i v\u00f2ng \u0111\u00f3. M\u1eabu v\u00e1y h\u1ed9i n\u00e0y kh\u00f4ng ch\u1ec9 l\u00e0 s\u1ef1 k\u1ebft h\u1ee3p ho\u00e0n h\u1ea3o gi\u1eefa l\u00f4i cu\u1ed1n, thanh l\u1ecbch m\u00e0 c\u00f2n l\u00e0 s\u1ef1 h\u00f2a quy\u1ec7n tinh t\u1ebf, r\u1ea5t \u0111\u1ed9c \u0111\u00e1o.","og_url":"https:\/\/camile.vn\/en\/product\/may-collection-2023-2024-look-8-net-dep-loi-cuon-den-tu-su-tinh-te\/","og_site_name":"CAMILE BRIDAL","article_modified_time":"2025-11-26T10:43:51+00:00","og_image":[{"width":640,"height":932,"url":"https:\/\/camile.vn\/en\/wp-content\/uploads\/2023\/10\/MAY-COLLECTION-2023-2024-LOOK-8-Net-Dep-Loi-Cuon-Den-Tu-Su-Tinh-Te-4.jpg","type":"image\/jpeg"}],"twitter_card":"summary_large_image","twitter_misc":{"Est. reading time":"10 minutes"},"schema":{"@context":"https:\/\/schema.org","@graph":[{"@type":"WebPage","@id":"https:\/\/camile.vn\/en\/product\/may-collection-2023-2024-look-8-net-dep-loi-cuon-den-tu-su-tinh-te\/","url":"https:\/\/camile.vn\/en\/product\/may-collection-2023-2024-look-8-net-dep-loi-cuon-den-tu-su-tinh-te\/","name":"M\u00c2Y COLLECTION 2023-2024 | LOOK 8: N\u00e9t \u0110\u1eb9p L\u00f4i Cu\u1ed1n \u0110\u1ebfn T\u1eeb S\u1ef1 Tinh T\u1ebf - CAMILE BRIDAL","isPartOf":{"@id":"https:\/\/camile.vn\/en\/#website"},"primaryImageOfPage":{"@id":"https:\/\/camile.vn\/en\/product\/may-collection-2023-2024-look-8-net-dep-loi-cuon-den-tu-su-tinh-te\/#primaryimage"},"image":{"@id":"https:\/\/camile.vn\/en\/product\/may-collection-2023-2024-look-8-net-dep-loi-cuon-den-tu-su-tinh-te\/#primaryimage"},"thumbnailUrl":"https:\/\/camile.vn\/en\/wp-content\/uploads\/2023\/10\/MAY-COLLECTION-2023-2024-LOOK-8-Net-Dep-Loi-Cuon-Den-Tu-Su-Tinh-Te-4.jpg","datePublished":"2023-10-06T05:20:13+00:00","dateModified":"2025-11-26T10:43:51+00:00","breadcrumb":{"@id":"https:\/\/camile.vn\/en\/product\/may-collection-2023-2024-look-8-net-dep-loi-cuon-den-tu-su-tinh-te\/#breadcrumb"},"inLanguage":"en-US","potentialAction":[{"@type":"ReadAction","target":["https:\/\/camile.vn\/en\/product\/may-collection-2023-2024-look-8-net-dep-loi-cuon-den-tu-su-tinh-te\/"]}]},{"@type":"ImageObject","inLanguage":"en-US","@id":"https:\/\/camile.vn\/en\/product\/may-collection-2023-2024-look-8-net-dep-loi-cuon-den-tu-su-tinh-te\/#primaryimage","url":"https:\/\/camile.vn\/en\/wp-content\/uploads\/2023\/10\/MAY-COLLECTION-2023-2024-LOOK-8-Net-Dep-Loi-Cuon-Den-Tu-Su-Tinh-Te-4.jpg","contentUrl":"https:\/\/camile.vn\/en\/wp-content\/uploads\/2023\/10\/MAY-COLLECTION-2023-2024-LOOK-8-Net-Dep-Loi-Cuon-Den-Tu-Su-Tinh-Te-4.jpg","width":640,"height":932},{"@type":"BreadcrumbList","@id":"https:\/\/camile.vn\/en\/product\/may-collection-2023-2024-look-8-net-dep-loi-cuon-den-tu-su-tinh-te\/#breadcrumb","itemListElement":[{"@type":"ListItem","position":1,"name":"Home","item":"https:\/\/camile.vn\/en\/"},{"@type":"ListItem","position":2,"name":"C\u1eeda h\u00e0ng","item":"https:\/\/camile.vn\/en\/cua-hang\/"},{"@type":"ListItem","position":3,"name":"M\u00c2Y COLLECTION 2023-2024 | LOOK 8: N\u00e9t \u0110\u1eb9p L\u00f4i Cu\u1ed1n \u0110\u1ebfn T\u1eeb S\u1ef1 Tinh T\u1ebf"}]},{"@type":"WebSite","@id":"https:\/\/camile.vn\/en\/#website","url":"https:\/\/camile.vn\/en\/","name":"CAMILE BRIDAL","description":"WHERE WEDDING DRESSES ARE ELITE","potentialAction":[{"@type":"SearchAction","target":{"@type":"EntryPoint","urlTemplate":"https:\/\/camile.vn\/en\/?s={search_term_string}"},"query-input":{"@type":"PropertyValueSpecification","valueRequired":true,"valueName":"search_term_string"}}],"inLanguage":"en-US"}]}},"_links":{"self":[{"href":"https:\/\/camile.vn\/en\/wp-json\/wp\/v2\/product\/10037","targetHints":{"allow":["GET"]}}],"collection":[{"href":"https:\/\/camile.vn\/en\/wp-json\/wp\/v2\/product"}],"about":[{"href":"https:\/\/camile.vn\/en\/wp-json\/wp\/v2\/types\/product"}],"replies":[{"embeddable":true,"href":"https:\/\/camile.vn\/en\/wp-json\/wp\/v2\/comments?post=10037"}],"wp:featuredmedia":[{"embeddable":true,"href":"https:\/\/camile.vn\/en\/wp-json\/wp\/v2\/media\/10041"}],"wp:attachment":[{"href":"https:\/\/camile.vn\/en\/wp-json\/wp\/v2\/media?parent=10037"}],"wp:term":[{"taxonomy":"product_brand","embeddable":true,"href":"https:\/\/camile.vn\/en\/wp-json\/wp\/v2\/product_brand?post=10037"},{"taxonomy":"product_cat","embeddable":true,"href":"https:\/\/camile.vn\/en\/wp-json\/wp\/v2\/product_cat?post=10037"},{"taxonomy":"product_tag","embeddable":true,"href":"https:\/\/camile.vn\/en\/wp-json\/wp\/v2\/product_tag?post=10037"}],"curies":[{"name":"wp","href":"https:\/\/api.w.org\/{rel}","templated":true}]}}