{"id":4611,"date":"2019-12-12T16:36:53","date_gmt":"2019-12-12T16:36:53","guid":{"rendered":"https:\/\/camile.vn\/en\/?post_type=product&#038;p=4611"},"modified":"2019-12-12T16:36:53","modified_gmt":"2019-12-12T16:36:53","slug":"khach-hang-camile","status":"publish","type":"product","link":"https:\/\/camile.vn\/en\/product\/khach-hang-camile\/","title":{"rendered":"Kh\u00e1ch h\u00e0ng Camile 1"},"content":{"rendered":"<p>Kh\u00e1ch h\u00e0ng Camile 1<a href=\"https:\/\/camile.vn\/en\/wp-content\/uploads\/2019\/12\/album-khach-hang-vay-cuoi-camile-1.jpg\"><img decoding=\"async\" class=\"alignleft size-medium wp-image-4612\" src=\"https:\/\/camile.vn\/en\/wp-content\/uploads\/2019\/12\/album-khach-hang-vay-cuoi-camile-1-300x300.jpg\" alt=\"\" width=\"300\" height=\"300\" srcset=\"https:\/\/camile.vn\/en\/wp-content\/uploads\/2019\/12\/album-khach-hang-vay-cuoi-camile-1-300x300.jpg 300w, https:\/\/camile.vn\/en\/wp-content\/uploads\/2019\/12\/album-khach-hang-vay-cuoi-camile-1-100x100.jpg 100w, https:\/\/camile.vn\/en\/wp-content\/uploads\/2019\/12\/album-khach-hang-vay-cuoi-camile-1-510x510.jpg 510w, https:\/\/camile.vn\/en\/wp-content\/uploads\/2019\/12\/album-khach-hang-vay-cuoi-camile-1-150x150.jpg 150w, https:\/\/camile.vn\/en\/wp-content\/uploads\/2019\/12\/album-khach-hang-vay-cuoi-camile-1-600x600.jpg 600w, https:\/\/camile.vn\/en\/wp-content\/uploads\/2019\/12\/album-khach-hang-vay-cuoi-camile-1.jpg 720w\" sizes=\"(max-width: 300px) 100vw, 300px\" \/><\/a> <a href=\"https:\/\/camile.vn\/en\/wp-content\/uploads\/2019\/12\/album-khach-hang-vay-cuoi-camile-2.jpg\"><img decoding=\"async\" class=\"alignleft size-medium wp-image-4613\" src=\"https:\/\/camile.vn\/en\/wp-content\/uploads\/2019\/12\/album-khach-hang-vay-cuoi-camile-2-300x200.jpg\" alt=\"\" width=\"300\" height=\"200\" srcset=\"https:\/\/camile.vn\/en\/wp-content\/uploads\/2019\/12\/album-khach-hang-vay-cuoi-camile-2-300x200.jpg 300w, https:\/\/camile.vn\/en\/wp-content\/uploads\/2019\/12\/album-khach-hang-vay-cuoi-camile-2-510x339.jpg 510w, https:\/\/camile.vn\/en\/wp-content\/uploads\/2019\/12\/album-khach-hang-vay-cuoi-camile-2-600x399.jpg 600w, https:\/\/camile.vn\/en\/wp-content\/uploads\/2019\/12\/album-khach-hang-vay-cuoi-camile-2.jpg 720w\" sizes=\"(max-width: 300px) 100vw, 300px\" \/><\/a> <a href=\"https:\/\/camile.vn\/en\/wp-content\/uploads\/2019\/12\/album-khach-hang-vay-cuoi-camile-3.jpg\"><img decoding=\"async\" class=\"alignleft size-medium wp-image-4614\" src=\"https:\/\/camile.vn\/en\/wp-content\/uploads\/2019\/12\/album-khach-hang-vay-cuoi-camile-3-300x430.jpg\" alt=\"\" width=\"300\" height=\"430\" srcset=\"https:\/\/camile.vn\/en\/wp-content\/uploads\/2019\/12\/album-khach-hang-vay-cuoi-camile-3-300x430.jpg 300w, https:\/\/camile.vn\/en\/wp-content\/uploads\/2019\/12\/album-khach-hang-vay-cuoi-camile-3.jpg 502w\" sizes=\"(max-width: 300px) 100vw, 300px\" \/><\/a> <a href=\"https:\/\/camile.vn\/en\/wp-content\/uploads\/2019\/12\/album-khach-hang-vay-cuoi-camile-4.jpg\"><img decoding=\"async\" class=\"alignleft size-medium wp-image-4615\" src=\"https:\/\/camile.vn\/en\/wp-content\/uploads\/2019\/12\/album-khach-hang-vay-cuoi-camile-4-300x200.jpg\" alt=\"\" width=\"300\" height=\"200\" srcset=\"https:\/\/camile.vn\/en\/wp-content\/uploads\/2019\/12\/album-khach-hang-vay-cuoi-camile-4-300x200.jpg 300w, https:\/\/camile.vn\/en\/wp-content\/uploads\/2019\/12\/album-khach-hang-vay-cuoi-camile-4-510x340.jpg 510w, https:\/\/camile.vn\/en\/wp-content\/uploads\/2019\/12\/album-khach-hang-vay-cuoi-camile-4-600x401.jpg 600w, https:\/\/camile.vn\/en\/wp-content\/uploads\/2019\/12\/album-khach-hang-vay-cuoi-camile-4.jpg 719w\" sizes=\"(max-width: 300px) 100vw, 300px\" \/><\/a> <a href=\"https:\/\/camile.vn\/en\/wp-content\/uploads\/2019\/12\/album-khach-hang-vay-cuoi-camile-5.jpg\"><img decoding=\"async\" class=\"alignleft size-medium wp-image-4616\" src=\"https:\/\/camile.vn\/en\/wp-content\/uploads\/2019\/12\/album-khach-hang-vay-cuoi-camile-5-300x450.jpg\" alt=\"\" width=\"300\" height=\"450\" srcset=\"https:\/\/camile.vn\/en\/wp-content\/uploads\/2019\/12\/album-khach-hang-vay-cuoi-camile-5-300x450.jpg 300w, https:\/\/camile.vn\/en\/wp-content\/uploads\/2019\/12\/album-khach-hang-vay-cuoi-camile-5.jpg 480w\" sizes=\"(max-width: 300px) 100vw, 300px\" \/><\/a> <a href=\"https:\/\/camile.vn\/en\/wp-content\/uploads\/2019\/12\/album-khach-hang-vay-cuoi-camile-6.jpg\"><img decoding=\"async\" class=\"alignleft size-medium wp-image-4617\" src=\"https:\/\/camile.vn\/en\/wp-content\/uploads\/2019\/12\/album-khach-hang-vay-cuoi-camile-6-300x375.jpg\" alt=\"\" width=\"300\" height=\"375\" srcset=\"https:\/\/camile.vn\/en\/wp-content\/uploads\/2019\/12\/album-khach-hang-vay-cuoi-camile-6-300x375.jpg 300w, https:\/\/camile.vn\/en\/wp-content\/uploads\/2019\/12\/album-khach-hang-vay-cuoi-camile-6-510x638.jpg 510w, https:\/\/camile.vn\/en\/wp-content\/uploads\/2019\/12\/album-khach-hang-vay-cuoi-camile-6.jpg 576w\" sizes=\"(max-width: 300px) 100vw, 300px\" \/><\/a> <a href=\"https:\/\/camile.vn\/en\/wp-content\/uploads\/2019\/12\/album-khach-hang-vay-cuoi-camile-7.jpg\"><img decoding=\"async\" class=\"alignleft size-medium wp-image-4618\" src=\"https:\/\/camile.vn\/en\/wp-content\/uploads\/2019\/12\/album-khach-hang-vay-cuoi-camile-7-300x451.jpg\" alt=\"\" width=\"300\" height=\"451\" srcset=\"https:\/\/camile.vn\/en\/wp-content\/uploads\/2019\/12\/album-khach-hang-vay-cuoi-camile-7-300x451.jpg 300w, https:\/\/camile.vn\/en\/wp-content\/uploads\/2019\/12\/album-khach-hang-vay-cuoi-camile-7.jpg 479w\" sizes=\"(max-width: 300px) 100vw, 300px\" \/><\/a> <a href=\"https:\/\/camile.vn\/en\/wp-content\/uploads\/2019\/12\/album-khach-hang-vay-cuoi-camile-8.jpg\"><img decoding=\"async\" class=\"alignleft size-medium wp-image-4619\" src=\"https:\/\/camile.vn\/en\/wp-content\/uploads\/2019\/12\/album-khach-hang-vay-cuoi-camile-8-300x203.jpg\" alt=\"\" width=\"300\" height=\"203\" srcset=\"https:\/\/camile.vn\/en\/wp-content\/uploads\/2019\/12\/album-khach-hang-vay-cuoi-camile-8-300x203.jpg 300w, https:\/\/camile.vn\/en\/wp-content\/uploads\/2019\/12\/album-khach-hang-vay-cuoi-camile-8-510x344.jpg 510w, https:\/\/camile.vn\/en\/wp-content\/uploads\/2019\/12\/album-khach-hang-vay-cuoi-camile-8-600x405.jpg 600w, https:\/\/camile.vn\/en\/wp-content\/uploads\/2019\/12\/album-khach-hang-vay-cuoi-camile-8.jpg 720w\" sizes=\"(max-width: 300px) 100vw, 300px\" \/><\/a> <a href=\"https:\/\/camile.vn\/en\/wp-content\/uploads\/2019\/12\/album-khach-hang-vay-cuoi-camile-9.jpg\"><img decoding=\"async\" class=\"alignleft size-medium wp-image-4620\" src=\"https:\/\/camile.vn\/en\/wp-content\/uploads\/2019\/12\/album-khach-hang-vay-cuoi-camile-9-300x290.jpg\" alt=\"\" width=\"300\" height=\"290\" srcset=\"https:\/\/camile.vn\/en\/wp-content\/uploads\/2019\/12\/album-khach-hang-vay-cuoi-camile-9-300x290.jpg 300w, https:\/\/camile.vn\/en\/wp-content\/uploads\/2019\/12\/album-khach-hang-vay-cuoi-camile-9-510x492.jpg 510w, https:\/\/camile.vn\/en\/wp-content\/uploads\/2019\/12\/album-khach-hang-vay-cuoi-camile-9-600x579.jpg 600w, https:\/\/camile.vn\/en\/wp-content\/uploads\/2019\/12\/album-khach-hang-vay-cuoi-camile-9.jpg 720w\" sizes=\"(max-width: 300px) 100vw, 300px\" \/><\/a> <a href=\"https:\/\/camile.vn\/en\/wp-content\/uploads\/2019\/12\/album-khach-hang-vay-cuoi-camile-10.jpg\"><img decoding=\"async\" class=\"alignleft size-medium wp-image-4621\" src=\"https:\/\/camile.vn\/en\/wp-content\/uploads\/2019\/12\/album-khach-hang-vay-cuoi-camile-10-300x468.jpg\" alt=\"\" width=\"300\" height=\"468\" srcset=\"https:\/\/camile.vn\/en\/wp-content\/uploads\/2019\/12\/album-khach-hang-vay-cuoi-camile-10-300x468.jpg 300w, https:\/\/camile.vn\/en\/wp-content\/uploads\/2019\/12\/album-khach-hang-vay-cuoi-camile-10.jpg 462w\" sizes=\"(max-width: 300px) 100vw, 300px\" \/><\/a> <a href=\"https:\/\/camile.vn\/en\/wp-content\/uploads\/2019\/12\/album-khach-hang-vay-cuoi-camile-11.jpg\"><img decoding=\"async\" class=\"alignleft size-medium wp-image-4622\" src=\"https:\/\/camile.vn\/en\/wp-content\/uploads\/2019\/12\/album-khach-hang-vay-cuoi-camile-11-300x411.jpg\" alt=\"\" width=\"300\" height=\"411\" srcset=\"https:\/\/camile.vn\/en\/wp-content\/uploads\/2019\/12\/album-khach-hang-vay-cuoi-camile-11-300x411.jpg 300w, https:\/\/camile.vn\/en\/wp-content\/uploads\/2019\/12\/album-khach-hang-vay-cuoi-camile-11-510x698.jpg 510w, https:\/\/camile.vn\/en\/wp-content\/uploads\/2019\/12\/album-khach-hang-vay-cuoi-camile-11.jpg 526w\" sizes=\"(max-width: 300px) 100vw, 300px\" \/><\/a> <a href=\"https:\/\/camile.vn\/en\/wp-content\/uploads\/2019\/12\/album-khach-hang-vay-cuoi-camile-12.jpg\"><img decoding=\"async\" class=\"alignleft size-medium wp-image-4623\" src=\"https:\/\/camile.vn\/en\/wp-content\/uploads\/2019\/12\/album-khach-hang-vay-cuoi-camile-12-300x454.jpg\" alt=\"\" width=\"300\" height=\"454\" srcset=\"https:\/\/camile.vn\/en\/wp-content\/uploads\/2019\/12\/album-khach-hang-vay-cuoi-camile-12-300x454.jpg 300w, https:\/\/camile.vn\/en\/wp-content\/uploads\/2019\/12\/album-khach-hang-vay-cuoi-camile-12.jpg 476w\" sizes=\"(max-width: 300px) 100vw, 300px\" \/><\/a> <a href=\"https:\/\/camile.vn\/en\/wp-content\/uploads\/2019\/12\/album-khach-hang-vay-cuoi-camile-13.jpg\"><img decoding=\"async\" class=\"alignleft size-medium wp-image-4624\" src=\"https:\/\/camile.vn\/en\/wp-content\/uploads\/2019\/12\/album-khach-hang-vay-cuoi-camile-13-300x375.jpg\" alt=\"\" width=\"300\" height=\"375\" srcset=\"https:\/\/camile.vn\/en\/wp-content\/uploads\/2019\/12\/album-khach-hang-vay-cuoi-camile-13-300x375.jpg 300w, https:\/\/camile.vn\/en\/wp-content\/uploads\/2019\/12\/album-khach-hang-vay-cuoi-camile-13-510x638.jpg 510w, https:\/\/camile.vn\/en\/wp-content\/uploads\/2019\/12\/album-khach-hang-vay-cuoi-camile-13.jpg 576w\" sizes=\"(max-width: 300px) 100vw, 300px\" \/><\/a> <a href=\"https:\/\/camile.vn\/en\/wp-content\/uploads\/2019\/12\/album-khach-hang-vay-cuoi-camile-14.jpg\"><img decoding=\"async\" class=\"alignleft size-medium wp-image-4625\" src=\"https:\/\/camile.vn\/en\/wp-content\/uploads\/2019\/12\/album-khach-hang-vay-cuoi-camile-14-300x451.jpg\" alt=\"\" width=\"300\" height=\"451\" srcset=\"https:\/\/camile.vn\/en\/wp-content\/uploads\/2019\/12\/album-khach-hang-vay-cuoi-camile-14-300x451.jpg 300w, https:\/\/camile.vn\/en\/wp-content\/uploads\/2019\/12\/album-khach-hang-vay-cuoi-camile-14.jpg 479w\" sizes=\"(max-width: 300px) 100vw, 300px\" \/><\/a> <a href=\"https:\/\/camile.vn\/en\/wp-content\/uploads\/2019\/12\/album-khach-hang-vay-cuoi-camile-15.jpg\"><img decoding=\"async\" class=\"alignleft size-medium wp-image-4626\" src=\"https:\/\/camile.vn\/en\/wp-content\/uploads\/2019\/12\/album-khach-hang-vay-cuoi-camile-15-300x200.jpg\" alt=\"\" width=\"300\" height=\"200\" srcset=\"https:\/\/camile.vn\/en\/wp-content\/uploads\/2019\/12\/album-khach-hang-vay-cuoi-camile-15-300x200.jpg 300w, https:\/\/camile.vn\/en\/wp-content\/uploads\/2019\/12\/album-khach-hang-vay-cuoi-camile-15-510x339.jpg 510w, https:\/\/camile.vn\/en\/wp-content\/uploads\/2019\/12\/album-khach-hang-vay-cuoi-camile-15-600x399.jpg 600w, https:\/\/camile.vn\/en\/wp-content\/uploads\/2019\/12\/album-khach-hang-vay-cuoi-camile-15.jpg 720w\" sizes=\"(max-width: 300px) 100vw, 300px\" \/><\/a> <a href=\"https:\/\/camile.vn\/en\/wp-content\/uploads\/2019\/12\/album-khach-hang-vay-cuoi-camile-16.jpg\"><img decoding=\"async\" class=\"alignleft size-medium wp-image-4627\" src=\"https:\/\/camile.vn\/en\/wp-content\/uploads\/2019\/12\/album-khach-hang-vay-cuoi-camile-16-300x449.jpg\" alt=\"\" width=\"300\" height=\"449\" srcset=\"https:\/\/camile.vn\/en\/wp-content\/uploads\/2019\/12\/album-khach-hang-vay-cuoi-camile-16-300x449.jpg 300w, https:\/\/camile.vn\/en\/wp-content\/uploads\/2019\/12\/album-khach-hang-vay-cuoi-camile-16.jpg 480w\" sizes=\"(max-width: 300px) 100vw, 300px\" \/><\/a> <a href=\"https:\/\/camile.vn\/en\/wp-content\/uploads\/2019\/12\/album-khach-hang-vay-cuoi-camile-17.jpg\"><img decoding=\"async\" class=\"alignleft size-medium wp-image-4628\" src=\"https:\/\/camile.vn\/en\/wp-content\/uploads\/2019\/12\/album-khach-hang-vay-cuoi-camile-17-300x402.jpg\" alt=\"\" width=\"300\" height=\"402\" srcset=\"https:\/\/camile.vn\/en\/wp-content\/uploads\/2019\/12\/album-khach-hang-vay-cuoi-camile-17-300x402.jpg 300w, https:\/\/camile.vn\/en\/wp-content\/uploads\/2019\/12\/album-khach-hang-vay-cuoi-camile-17-510x684.jpg 510w, https:\/\/camile.vn\/en\/wp-content\/uploads\/2019\/12\/album-khach-hang-vay-cuoi-camile-17.jpg 537w\" sizes=\"(max-width: 300px) 100vw, 300px\" \/><\/a> <a href=\"https:\/\/camile.vn\/en\/wp-content\/uploads\/2019\/12\/album-khach-hang-vay-cuoi-camile-18.jpg\"><img decoding=\"async\" class=\"alignleft size-medium wp-image-4629\" src=\"https:\/\/camile.vn\/en\/wp-content\/uploads\/2019\/12\/album-khach-hang-vay-cuoi-camile-18-300x497.jpg\" alt=\"\" width=\"300\" height=\"497\" srcset=\"https:\/\/camile.vn\/en\/wp-content\/uploads\/2019\/12\/album-khach-hang-vay-cuoi-camile-18-300x497.jpg 300w, https:\/\/camile.vn\/en\/wp-content\/uploads\/2019\/12\/album-khach-hang-vay-cuoi-camile-18.jpg 435w\" sizes=\"(max-width: 300px) 100vw, 300px\" \/><\/a> <a href=\"https:\/\/camile.vn\/en\/wp-content\/uploads\/2019\/12\/album-khach-hang-vay-cuoi-camile-19.jpg\"><img decoding=\"async\" class=\"alignleft size-medium wp-image-4630\" src=\"https:\/\/camile.vn\/en\/wp-content\/uploads\/2019\/12\/album-khach-hang-vay-cuoi-camile-19-300x452.jpg\" alt=\"\" width=\"300\" height=\"452\" srcset=\"https:\/\/camile.vn\/en\/wp-content\/uploads\/2019\/12\/album-khach-hang-vay-cuoi-camile-19-300x452.jpg 300w, https:\/\/camile.vn\/en\/wp-content\/uploads\/2019\/12\/album-khach-hang-vay-cuoi-camile-19.jpg 478w\" sizes=\"(max-width: 300px) 100vw, 300px\" \/><\/a> <a href=\"https:\/\/camile.vn\/en\/wp-content\/uploads\/2019\/12\/album-khach-hang-vay-cuoi-camile-20.jpg\"><img decoding=\"async\" class=\"alignleft size-medium wp-image-4631\" src=\"https:\/\/camile.vn\/en\/wp-content\/uploads\/2019\/12\/album-khach-hang-vay-cuoi-camile-20-300x451.jpg\" alt=\"\" width=\"300\" height=\"451\" srcset=\"https:\/\/camile.vn\/en\/wp-content\/uploads\/2019\/12\/album-khach-hang-vay-cuoi-camile-20-300x451.jpg 300w, https:\/\/camile.vn\/en\/wp-content\/uploads\/2019\/12\/album-khach-hang-vay-cuoi-camile-20.jpg 479w\" sizes=\"(max-width: 300px) 100vw, 300px\" \/><\/a><\/p>\n","protected":false},"excerpt":{"rendered":"<p>Kh\u00e1ch h\u00e0ng Camile 1<\/p>\n","protected":false},"featured_media":4628,"comment_status":"closed","ping_status":"closed","template":"","meta":[],"product_brand":[],"product_cat":[21],"product_tag":[200],"class_list":{"0":"post-4611","1":"product","2":"type-product","3":"status-publish","4":"has-post-thumbnail","6":"product_cat-client","7":"product_tag-khach-hang","9":"first","10":"instock","11":"shipping-taxable","12":"product-type-simple"},"yoast_head":"<!-- This site is optimized with the Yoast SEO Premium plugin v18.0 (Yoast SEO v25.2) - https:\/\/yoast.com\/wordpress\/plugins\/seo\/ -->\n<title>Kh\u00e1ch h\u00e0ng Camile 1 - CAMILE BRIDAL<\/title>\n<meta name=\"robots\" content=\"index, follow, max-snippet:-1, max-image-preview:large, max-video-preview:-1\" \/>\n<link rel=\"canonical\" href=\"https:\/\/camile.vn\/en\/product\/khach-hang-camile\/\" \/>\n<meta property=\"og:locale\" content=\"en_US\" \/>\n<meta property=\"og:type\" content=\"article\" \/>\n<meta property=\"og:title\" content=\"Kh\u00e1ch h\u00e0ng Camile 1\" \/>\n<meta property=\"og:description\" content=\"Kh\u00e1ch h\u00e0ng Camile 1\" \/>\n<meta property=\"og:url\" content=\"https:\/\/camile.vn\/en\/product\/khach-hang-camile\/\" \/>\n<meta property=\"og:site_name\" content=\"CAMILE BRIDAL\" \/>\n<meta property=\"og:image\" content=\"https:\/\/camile.vn\/en\/wp-content\/uploads\/2019\/12\/album-khach-hang-vay-cuoi-camile-17.jpg\" \/>\n\t<meta property=\"og:image:width\" content=\"537\" \/>\n\t<meta property=\"og:image:height\" content=\"720\" \/>\n\t<meta property=\"og:image:type\" content=\"image\/jpeg\" \/>\n<meta name=\"twitter:card\" content=\"summary_large_image\" \/>\n<script type=\"application\/ld+json\" class=\"yoast-schema-graph\">{\"@context\":\"https:\/\/schema.org\",\"@graph\":[{\"@type\":\"WebPage\",\"@id\":\"https:\/\/camile.vn\/en\/product\/khach-hang-camile\/\",\"url\":\"https:\/\/camile.vn\/en\/product\/khach-hang-camile\/\",\"name\":\"Kh\u00e1ch h\u00e0ng Camile 1 - CAMILE BRIDAL\",\"isPartOf\":{\"@id\":\"https:\/\/camile.vn\/en\/#website\"},\"primaryImageOfPage\":{\"@id\":\"https:\/\/camile.vn\/en\/product\/khach-hang-camile\/#primaryimage\"},\"image\":{\"@id\":\"https:\/\/camile.vn\/en\/product\/khach-hang-camile\/#primaryimage\"},\"thumbnailUrl\":\"https:\/\/camile.vn\/en\/wp-content\/uploads\/2019\/12\/album-khach-hang-vay-cuoi-camile-17.jpg\",\"datePublished\":\"2019-12-12T16:36:53+00:00\",\"breadcrumb\":{\"@id\":\"https:\/\/camile.vn\/en\/product\/khach-hang-camile\/#breadcrumb\"},\"inLanguage\":\"en-US\",\"potentialAction\":[{\"@type\":\"ReadAction\",\"target\":[\"https:\/\/camile.vn\/en\/product\/khach-hang-camile\/\"]}]},{\"@type\":\"ImageObject\",\"inLanguage\":\"en-US\",\"@id\":\"https:\/\/camile.vn\/en\/product\/khach-hang-camile\/#primaryimage\",\"url\":\"https:\/\/camile.vn\/en\/wp-content\/uploads\/2019\/12\/album-khach-hang-vay-cuoi-camile-17.jpg\",\"contentUrl\":\"https:\/\/camile.vn\/en\/wp-content\/uploads\/2019\/12\/album-khach-hang-vay-cuoi-camile-17.jpg\",\"width\":537,\"height\":720},{\"@type\":\"BreadcrumbList\",\"@id\":\"https:\/\/camile.vn\/en\/product\/khach-hang-camile\/#breadcrumb\",\"itemListElement\":[{\"@type\":\"ListItem\",\"position\":1,\"name\":\"Home\",\"item\":\"https:\/\/camile.vn\/en\/\"},{\"@type\":\"ListItem\",\"position\":2,\"name\":\"C\u1eeda h\u00e0ng\",\"item\":\"https:\/\/camile.vn\/en\/cua-hang\/\"},{\"@type\":\"ListItem\",\"position\":3,\"name\":\"Kh\u00e1ch h\u00e0ng Camile 1\"}]},{\"@type\":\"WebSite\",\"@id\":\"https:\/\/camile.vn\/en\/#website\",\"url\":\"https:\/\/camile.vn\/en\/\",\"name\":\"CAMILE BRIDAL\",\"description\":\"WHERE WEDDING DRESSES ARE ELITE\",\"potentialAction\":[{\"@type\":\"SearchAction\",\"target\":{\"@type\":\"EntryPoint\",\"urlTemplate\":\"https:\/\/camile.vn\/en\/?s={search_term_string}\"},\"query-input\":{\"@type\":\"PropertyValueSpecification\",\"valueRequired\":true,\"valueName\":\"search_term_string\"}}],\"inLanguage\":\"en-US\"}]}<\/script>\n<!-- \/ Yoast SEO Premium plugin. -->","yoast_head_json":{"title":"Kh\u00e1ch h\u00e0ng Camile 1 - CAMILE BRIDAL","robots":{"index":"index","follow":"follow","max-snippet":"max-snippet:-1","max-image-preview":"max-image-preview:large","max-video-preview":"max-video-preview:-1"},"canonical":"https:\/\/camile.vn\/en\/product\/khach-hang-camile\/","og_locale":"en_US","og_type":"article","og_title":"Kh\u00e1ch h\u00e0ng Camile 1","og_description":"Kh\u00e1ch h\u00e0ng Camile 1","og_url":"https:\/\/camile.vn\/en\/product\/khach-hang-camile\/","og_site_name":"CAMILE BRIDAL","og_image":[{"width":537,"height":720,"url":"https:\/\/camile.vn\/en\/wp-content\/uploads\/2019\/12\/album-khach-hang-vay-cuoi-camile-17.jpg","type":"image\/jpeg"}],"twitter_card":"summary_large_image","schema":{"@context":"https:\/\/schema.org","@graph":[{"@type":"WebPage","@id":"https:\/\/camile.vn\/en\/product\/khach-hang-camile\/","url":"https:\/\/camile.vn\/en\/product\/khach-hang-camile\/","name":"Kh\u00e1ch h\u00e0ng Camile 1 - CAMILE BRIDAL","isPartOf":{"@id":"https:\/\/camile.vn\/en\/#website"},"primaryImageOfPage":{"@id":"https:\/\/camile.vn\/en\/product\/khach-hang-camile\/#primaryimage"},"image":{"@id":"https:\/\/camile.vn\/en\/product\/khach-hang-camile\/#primaryimage"},"thumbnailUrl":"https:\/\/camile.vn\/en\/wp-content\/uploads\/2019\/12\/album-khach-hang-vay-cuoi-camile-17.jpg","datePublished":"2019-12-12T16:36:53+00:00","breadcrumb":{"@id":"https:\/\/camile.vn\/en\/product\/khach-hang-camile\/#breadcrumb"},"inLanguage":"en-US","potentialAction":[{"@type":"ReadAction","target":["https:\/\/camile.vn\/en\/product\/khach-hang-camile\/"]}]},{"@type":"ImageObject","inLanguage":"en-US","@id":"https:\/\/camile.vn\/en\/product\/khach-hang-camile\/#primaryimage","url":"https:\/\/camile.vn\/en\/wp-content\/uploads\/2019\/12\/album-khach-hang-vay-cuoi-camile-17.jpg","contentUrl":"https:\/\/camile.vn\/en\/wp-content\/uploads\/2019\/12\/album-khach-hang-vay-cuoi-camile-17.jpg","width":537,"height":720},{"@type":"BreadcrumbList","@id":"https:\/\/camile.vn\/en\/product\/khach-hang-camile\/#breadcrumb","itemListElement":[{"@type":"ListItem","position":1,"name":"Home","item":"https:\/\/camile.vn\/en\/"},{"@type":"ListItem","position":2,"name":"C\u1eeda h\u00e0ng","item":"https:\/\/camile.vn\/en\/cua-hang\/"},{"@type":"ListItem","position":3,"name":"Kh\u00e1ch h\u00e0ng Camile 1"}]},{"@type":"WebSite","@id":"https:\/\/camile.vn\/en\/#website","url":"https:\/\/camile.vn\/en\/","name":"CAMILE BRIDAL","description":"WHERE WEDDING DRESSES ARE ELITE","potentialAction":[{"@type":"SearchAction","target":{"@type":"EntryPoint","urlTemplate":"https:\/\/camile.vn\/en\/?s={search_term_string}"},"query-input":{"@type":"PropertyValueSpecification","valueRequired":true,"valueName":"search_term_string"}}],"inLanguage":"en-US"}]}},"_links":{"self":[{"href":"https:\/\/camile.vn\/en\/wp-json\/wp\/v2\/product\/4611","targetHints":{"allow":["GET"]}}],"collection":[{"href":"https:\/\/camile.vn\/en\/wp-json\/wp\/v2\/product"}],"about":[{"href":"https:\/\/camile.vn\/en\/wp-json\/wp\/v2\/types\/product"}],"replies":[{"embeddable":true,"href":"https:\/\/camile.vn\/en\/wp-json\/wp\/v2\/comments?post=4611"}],"wp:featuredmedia":[{"embeddable":true,"href":"https:\/\/camile.vn\/en\/wp-json\/wp\/v2\/media\/4628"}],"wp:attachment":[{"href":"https:\/\/camile.vn\/en\/wp-json\/wp\/v2\/media?parent=4611"}],"wp:term":[{"taxonomy":"product_brand","embeddable":true,"href":"https:\/\/camile.vn\/en\/wp-json\/wp\/v2\/product_brand?post=4611"},{"taxonomy":"product_cat","embeddable":true,"href":"https:\/\/camile.vn\/en\/wp-json\/wp\/v2\/product_cat?post=4611"},{"taxonomy":"product_tag","embeddable":true,"href":"https:\/\/camile.vn\/en\/wp-json\/wp\/v2\/product_tag?post=4611"}],"curies":[{"name":"wp","href":"https:\/\/api.w.org\/{rel}","templated":true}]}}