{"id":4663,"date":"2019-12-12T16:40:23","date_gmt":"2019-12-12T16:40:23","guid":{"rendered":"https:\/\/camile.vn\/en\/?post_type=product&#038;p=4663"},"modified":"2019-12-12T16:40:24","modified_gmt":"2019-12-12T16:40:24","slug":"khach-hang-camile-2","status":"publish","type":"product","link":"https:\/\/camile.vn\/en\/product\/khach-hang-camile-2\/","title":{"rendered":"Kh\u00e1ch h\u00e0ng Camile 2"},"content":{"rendered":"<p>Kh\u00e1ch h\u00e0ng Camile 2<\/p>\n<p><a href=\"https:\/\/camile.vn\/en\/wp-content\/uploads\/2019\/12\/album-khach-hang-vay-cuoi-camile-23.jpg\"><img decoding=\"async\" class=\"alignleft size-medium wp-image-4634\" src=\"https:\/\/camile.vn\/en\/wp-content\/uploads\/2019\/12\/album-khach-hang-vay-cuoi-camile-23-300x450.jpg\" alt=\"\" width=\"300\" height=\"450\" srcset=\"https:\/\/camile.vn\/en\/wp-content\/uploads\/2019\/12\/album-khach-hang-vay-cuoi-camile-23-300x450.jpg 300w, https:\/\/camile.vn\/en\/wp-content\/uploads\/2019\/12\/album-khach-hang-vay-cuoi-camile-23.jpg 480w\" sizes=\"(max-width: 300px) 100vw, 300px\" \/><\/a> <a href=\"https:\/\/camile.vn\/en\/wp-content\/uploads\/2019\/12\/album-khach-hang-vay-cuoi-camile-49.jpg\"><img decoding=\"async\" class=\"alignleft size-medium wp-image-4661\" src=\"https:\/\/camile.vn\/en\/wp-content\/uploads\/2019\/12\/album-khach-hang-vay-cuoi-camile-49-300x200.jpg\" alt=\"\" width=\"300\" height=\"200\" srcset=\"https:\/\/camile.vn\/en\/wp-content\/uploads\/2019\/12\/album-khach-hang-vay-cuoi-camile-49-300x200.jpg 300w, https:\/\/camile.vn\/en\/wp-content\/uploads\/2019\/12\/album-khach-hang-vay-cuoi-camile-49-510x339.jpg 510w, https:\/\/camile.vn\/en\/wp-content\/uploads\/2019\/12\/album-khach-hang-vay-cuoi-camile-49-600x399.jpg 600w, https:\/\/camile.vn\/en\/wp-content\/uploads\/2019\/12\/album-khach-hang-vay-cuoi-camile-49.jpg 720w\" sizes=\"(max-width: 300px) 100vw, 300px\" \/><\/a> <a href=\"https:\/\/camile.vn\/en\/wp-content\/uploads\/2019\/12\/album-khach-hang-vay-cuoi-camile-50.jpg\"><img decoding=\"async\" class=\"alignleft size-medium wp-image-4662\" src=\"https:\/\/camile.vn\/en\/wp-content\/uploads\/2019\/12\/album-khach-hang-vay-cuoi-camile-50-300x451.jpg\" alt=\"\" width=\"300\" height=\"451\" srcset=\"https:\/\/camile.vn\/en\/wp-content\/uploads\/2019\/12\/album-khach-hang-vay-cuoi-camile-50-300x451.jpg 300w, https:\/\/camile.vn\/en\/wp-content\/uploads\/2019\/12\/album-khach-hang-vay-cuoi-camile-50.jpg 479w\" sizes=\"(max-width: 300px) 100vw, 300px\" \/><\/a> <a href=\"https:\/\/camile.vn\/en\/wp-content\/uploads\/2019\/12\/album-khach-hang-vay-cuoi-camile-48.jpg\"><img decoding=\"async\" class=\"alignleft size-medium wp-image-4660\" src=\"https:\/\/camile.vn\/en\/wp-content\/uploads\/2019\/12\/album-khach-hang-vay-cuoi-camile-48-300x200.jpg\" alt=\"\" width=\"300\" height=\"200\" srcset=\"https:\/\/camile.vn\/en\/wp-content\/uploads\/2019\/12\/album-khach-hang-vay-cuoi-camile-48-300x200.jpg 300w, https:\/\/camile.vn\/en\/wp-content\/uploads\/2019\/12\/album-khach-hang-vay-cuoi-camile-48-510x340.jpg 510w, https:\/\/camile.vn\/en\/wp-content\/uploads\/2019\/12\/album-khach-hang-vay-cuoi-camile-48-600x400.jpg 600w, https:\/\/camile.vn\/en\/wp-content\/uploads\/2019\/12\/album-khach-hang-vay-cuoi-camile-48.jpg 720w\" sizes=\"(max-width: 300px) 100vw, 300px\" \/><\/a> <a href=\"https:\/\/camile.vn\/en\/wp-content\/uploads\/2019\/12\/album-khach-hang-vay-cuoi-camile-46.jpg\"><img decoding=\"async\" class=\"alignleft size-medium wp-image-4658\" src=\"https:\/\/camile.vn\/en\/wp-content\/uploads\/2019\/12\/album-khach-hang-vay-cuoi-camile-46-300x400.jpg\" alt=\"\" width=\"300\" height=\"400\" srcset=\"https:\/\/camile.vn\/en\/wp-content\/uploads\/2019\/12\/album-khach-hang-vay-cuoi-camile-46-300x400.jpg 300w, https:\/\/camile.vn\/en\/wp-content\/uploads\/2019\/12\/album-khach-hang-vay-cuoi-camile-46-510x680.jpg 510w, https:\/\/camile.vn\/en\/wp-content\/uploads\/2019\/12\/album-khach-hang-vay-cuoi-camile-46.jpg 540w\" sizes=\"(max-width: 300px) 100vw, 300px\" \/><\/a> <a href=\"https:\/\/camile.vn\/en\/wp-content\/uploads\/2019\/12\/album-khach-hang-vay-cuoi-camile-47.jpg\"><img decoding=\"async\" class=\"alignleft size-medium wp-image-4659\" src=\"https:\/\/camile.vn\/en\/wp-content\/uploads\/2019\/12\/album-khach-hang-vay-cuoi-camile-47-300x207.jpg\" alt=\"\" width=\"300\" height=\"207\" srcset=\"https:\/\/camile.vn\/en\/wp-content\/uploads\/2019\/12\/album-khach-hang-vay-cuoi-camile-47-300x207.jpg 300w, https:\/\/camile.vn\/en\/wp-content\/uploads\/2019\/12\/album-khach-hang-vay-cuoi-camile-47-510x351.jpg 510w, https:\/\/camile.vn\/en\/wp-content\/uploads\/2019\/12\/album-khach-hang-vay-cuoi-camile-47-600x413.jpg 600w, https:\/\/camile.vn\/en\/wp-content\/uploads\/2019\/12\/album-khach-hang-vay-cuoi-camile-47.jpg 720w\" sizes=\"(max-width: 300px) 100vw, 300px\" \/><\/a> <a href=\"https:\/\/camile.vn\/en\/wp-content\/uploads\/2019\/12\/album-khach-hang-vay-cuoi-camile-45.jpg\"><img decoding=\"async\" class=\"alignleft size-medium wp-image-4657\" src=\"https:\/\/camile.vn\/en\/wp-content\/uploads\/2019\/12\/album-khach-hang-vay-cuoi-camile-45-300x200.jpg\" alt=\"\" width=\"300\" height=\"200\" srcset=\"https:\/\/camile.vn\/en\/wp-content\/uploads\/2019\/12\/album-khach-hang-vay-cuoi-camile-45-300x200.jpg 300w, https:\/\/camile.vn\/en\/wp-content\/uploads\/2019\/12\/album-khach-hang-vay-cuoi-camile-45-510x339.jpg 510w, https:\/\/camile.vn\/en\/wp-content\/uploads\/2019\/12\/album-khach-hang-vay-cuoi-camile-45-600x399.jpg 600w, https:\/\/camile.vn\/en\/wp-content\/uploads\/2019\/12\/album-khach-hang-vay-cuoi-camile-45.jpg 720w\" sizes=\"(max-width: 300px) 100vw, 300px\" \/><\/a> <a href=\"https:\/\/camile.vn\/en\/wp-content\/uploads\/2019\/12\/album-khach-hang-vay-cuoi-camile-44.jpg\"><img decoding=\"async\" class=\"alignleft size-medium wp-image-4656\" src=\"https:\/\/camile.vn\/en\/wp-content\/uploads\/2019\/12\/album-khach-hang-vay-cuoi-camile-44-300x400.jpg\" alt=\"\" width=\"300\" height=\"400\" srcset=\"https:\/\/camile.vn\/en\/wp-content\/uploads\/2019\/12\/album-khach-hang-vay-cuoi-camile-44-300x400.jpg 300w, https:\/\/camile.vn\/en\/wp-content\/uploads\/2019\/12\/album-khach-hang-vay-cuoi-camile-44-510x680.jpg 510w, https:\/\/camile.vn\/en\/wp-content\/uploads\/2019\/12\/album-khach-hang-vay-cuoi-camile-44.jpg 540w\" sizes=\"(max-width: 300px) 100vw, 300px\" \/><\/a> <a href=\"https:\/\/camile.vn\/en\/wp-content\/uploads\/2019\/12\/album-khach-hang-vay-cuoi-camile-43.jpg\"><img decoding=\"async\" class=\"alignleft size-medium wp-image-4655\" src=\"https:\/\/camile.vn\/en\/wp-content\/uploads\/2019\/12\/album-khach-hang-vay-cuoi-camile-43-300x450.jpg\" alt=\"\" width=\"300\" height=\"450\" srcset=\"https:\/\/camile.vn\/en\/wp-content\/uploads\/2019\/12\/album-khach-hang-vay-cuoi-camile-43-300x450.jpg 300w, https:\/\/camile.vn\/en\/wp-content\/uploads\/2019\/12\/album-khach-hang-vay-cuoi-camile-43.jpg 480w\" sizes=\"(max-width: 300px) 100vw, 300px\" \/><\/a> <a href=\"https:\/\/camile.vn\/en\/wp-content\/uploads\/2019\/12\/album-khach-hang-vay-cuoi-camile-42.jpg\"><img decoding=\"async\" class=\"alignleft size-medium wp-image-4654\" src=\"https:\/\/camile.vn\/en\/wp-content\/uploads\/2019\/12\/album-khach-hang-vay-cuoi-camile-42-300x442.jpg\" alt=\"\" width=\"300\" height=\"442\" srcset=\"https:\/\/camile.vn\/en\/wp-content\/uploads\/2019\/12\/album-khach-hang-vay-cuoi-camile-42-300x442.jpg 300w, https:\/\/camile.vn\/en\/wp-content\/uploads\/2019\/12\/album-khach-hang-vay-cuoi-camile-42.jpg 489w\" sizes=\"(max-width: 300px) 100vw, 300px\" \/><\/a> <a href=\"https:\/\/camile.vn\/en\/wp-content\/uploads\/2019\/12\/album-khach-hang-vay-cuoi-camile-41.jpg\"><img decoding=\"async\" class=\"alignleft size-medium wp-image-4653\" src=\"https:\/\/camile.vn\/en\/wp-content\/uploads\/2019\/12\/album-khach-hang-vay-cuoi-camile-41-300x400.jpg\" alt=\"\" width=\"300\" height=\"400\" srcset=\"https:\/\/camile.vn\/en\/wp-content\/uploads\/2019\/12\/album-khach-hang-vay-cuoi-camile-41-300x400.jpg 300w, https:\/\/camile.vn\/en\/wp-content\/uploads\/2019\/12\/album-khach-hang-vay-cuoi-camile-41-510x680.jpg 510w, https:\/\/camile.vn\/en\/wp-content\/uploads\/2019\/12\/album-khach-hang-vay-cuoi-camile-41.jpg 540w\" sizes=\"(max-width: 300px) 100vw, 300px\" \/><\/a> <a href=\"https:\/\/camile.vn\/en\/wp-content\/uploads\/2019\/12\/album-khach-hang-vay-cuoi-camile-40.jpg\"><img decoding=\"async\" class=\"alignleft size-medium wp-image-4652\" src=\"https:\/\/camile.vn\/en\/wp-content\/uploads\/2019\/12\/album-khach-hang-vay-cuoi-camile-40-300x400.jpg\" alt=\"\" width=\"300\" height=\"400\" srcset=\"https:\/\/camile.vn\/en\/wp-content\/uploads\/2019\/12\/album-khach-hang-vay-cuoi-camile-40-300x400.jpg 300w, https:\/\/camile.vn\/en\/wp-content\/uploads\/2019\/12\/album-khach-hang-vay-cuoi-camile-40-510x680.jpg 510w, https:\/\/camile.vn\/en\/wp-content\/uploads\/2019\/12\/album-khach-hang-vay-cuoi-camile-40.jpg 540w\" sizes=\"(max-width: 300px) 100vw, 300px\" \/><\/a> <a href=\"https:\/\/camile.vn\/en\/wp-content\/uploads\/2019\/12\/album-khach-hang-vay-cuoi-camile-39.jpg\"><img decoding=\"async\" class=\"alignleft size-medium wp-image-4651\" src=\"https:\/\/camile.vn\/en\/wp-content\/uploads\/2019\/12\/album-khach-hang-vay-cuoi-camile-39-300x400.jpg\" alt=\"\" width=\"300\" height=\"400\" srcset=\"https:\/\/camile.vn\/en\/wp-content\/uploads\/2019\/12\/album-khach-hang-vay-cuoi-camile-39-300x400.jpg 300w, https:\/\/camile.vn\/en\/wp-content\/uploads\/2019\/12\/album-khach-hang-vay-cuoi-camile-39-510x680.jpg 510w, https:\/\/camile.vn\/en\/wp-content\/uploads\/2019\/12\/album-khach-hang-vay-cuoi-camile-39.jpg 540w\" sizes=\"(max-width: 300px) 100vw, 300px\" \/><\/a> <a href=\"https:\/\/camile.vn\/en\/wp-content\/uploads\/2019\/12\/album-khach-hang-vay-cuoi-camile-38.jpg\"><img decoding=\"async\" class=\"alignleft size-medium wp-image-4650\" src=\"https:\/\/camile.vn\/en\/wp-content\/uploads\/2019\/12\/album-khach-hang-vay-cuoi-camile-38-300x152.jpg\" alt=\"\" width=\"300\" height=\"152\" srcset=\"https:\/\/camile.vn\/en\/wp-content\/uploads\/2019\/12\/album-khach-hang-vay-cuoi-camile-38-300x152.jpg 300w, https:\/\/camile.vn\/en\/wp-content\/uploads\/2019\/12\/album-khach-hang-vay-cuoi-camile-38-510x259.jpg 510w, https:\/\/camile.vn\/en\/wp-content\/uploads\/2019\/12\/album-khach-hang-vay-cuoi-camile-38-600x304.jpg 600w, https:\/\/camile.vn\/en\/wp-content\/uploads\/2019\/12\/album-khach-hang-vay-cuoi-camile-38.jpg 720w\" sizes=\"(max-width: 300px) 100vw, 300px\" \/><\/a> <a href=\"https:\/\/camile.vn\/en\/wp-content\/uploads\/2019\/12\/album-khach-hang-vay-cuoi-camile-37.jpg\"><img decoding=\"async\" class=\"alignleft size-medium wp-image-4649\" src=\"https:\/\/camile.vn\/en\/wp-content\/uploads\/2019\/12\/album-khach-hang-vay-cuoi-camile-37-300x199.jpg\" alt=\"\" width=\"300\" height=\"199\" srcset=\"https:\/\/camile.vn\/en\/wp-content\/uploads\/2019\/12\/album-khach-hang-vay-cuoi-camile-37-300x199.jpg 300w, https:\/\/camile.vn\/en\/wp-content\/uploads\/2019\/12\/album-khach-hang-vay-cuoi-camile-37-510x339.jpg 510w, https:\/\/camile.vn\/en\/wp-content\/uploads\/2019\/12\/album-khach-hang-vay-cuoi-camile-37-600x398.jpg 600w, https:\/\/camile.vn\/en\/wp-content\/uploads\/2019\/12\/album-khach-hang-vay-cuoi-camile-37.jpg 720w\" sizes=\"(max-width: 300px) 100vw, 300px\" \/><\/a> <a href=\"https:\/\/camile.vn\/en\/wp-content\/uploads\/2019\/12\/album-khach-hang-vay-cuoi-camile-35.jpg\"><img decoding=\"async\" class=\"alignleft size-medium wp-image-4647\" src=\"https:\/\/camile.vn\/en\/wp-content\/uploads\/2019\/12\/album-khach-hang-vay-cuoi-camile-35-300x442.jpg\" alt=\"\" width=\"300\" height=\"442\" srcset=\"https:\/\/camile.vn\/en\/wp-content\/uploads\/2019\/12\/album-khach-hang-vay-cuoi-camile-35-300x442.jpg 300w, https:\/\/camile.vn\/en\/wp-content\/uploads\/2019\/12\/album-khach-hang-vay-cuoi-camile-35.jpg 489w\" sizes=\"(max-width: 300px) 100vw, 300px\" \/><\/a> <a href=\"https:\/\/camile.vn\/en\/wp-content\/uploads\/2019\/12\/album-khach-hang-vay-cuoi-camile-36.jpg\"><img decoding=\"async\" class=\"alignleft size-medium wp-image-4648\" src=\"https:\/\/camile.vn\/en\/wp-content\/uploads\/2019\/12\/album-khach-hang-vay-cuoi-camile-36-300x533.jpg\" alt=\"\" width=\"300\" height=\"533\" srcset=\"https:\/\/camile.vn\/en\/wp-content\/uploads\/2019\/12\/album-khach-hang-vay-cuoi-camile-36-300x533.jpg 300w, https:\/\/camile.vn\/en\/wp-content\/uploads\/2019\/12\/album-khach-hang-vay-cuoi-camile-36.jpg 405w\" sizes=\"(max-width: 300px) 100vw, 300px\" \/><\/a> <a href=\"https:\/\/camile.vn\/en\/wp-content\/uploads\/2019\/12\/album-khach-hang-vay-cuoi-camile-33.jpg\"><img decoding=\"async\" class=\"alignleft size-medium wp-image-4645\" src=\"https:\/\/camile.vn\/en\/wp-content\/uploads\/2019\/12\/album-khach-hang-vay-cuoi-camile-33-300x533.jpg\" alt=\"\" width=\"300\" height=\"533\" srcset=\"https:\/\/camile.vn\/en\/wp-content\/uploads\/2019\/12\/album-khach-hang-vay-cuoi-camile-33-300x533.jpg 300w, https:\/\/camile.vn\/en\/wp-content\/uploads\/2019\/12\/album-khach-hang-vay-cuoi-camile-33.jpg 405w\" sizes=\"(max-width: 300px) 100vw, 300px\" \/><\/a> <a href=\"https:\/\/camile.vn\/en\/wp-content\/uploads\/2019\/12\/album-khach-hang-vay-cuoi-camile-34.jpg\"><img decoding=\"async\" class=\"alignleft size-medium wp-image-4646\" src=\"https:\/\/camile.vn\/en\/wp-content\/uploads\/2019\/12\/album-khach-hang-vay-cuoi-camile-34-300x417.jpg\" alt=\"\" width=\"300\" height=\"417\" srcset=\"https:\/\/camile.vn\/en\/wp-content\/uploads\/2019\/12\/album-khach-hang-vay-cuoi-camile-34-300x417.jpg 300w, https:\/\/camile.vn\/en\/wp-content\/uploads\/2019\/12\/album-khach-hang-vay-cuoi-camile-34-510x709.jpg 510w, https:\/\/camile.vn\/en\/wp-content\/uploads\/2019\/12\/album-khach-hang-vay-cuoi-camile-34.jpg 518w\" sizes=\"(max-width: 300px) 100vw, 300px\" \/><\/a> <a href=\"https:\/\/camile.vn\/en\/wp-content\/uploads\/2019\/12\/album-khach-hang-vay-cuoi-camile-31.jpg\"><img decoding=\"async\" class=\"alignleft size-medium wp-image-4643\" src=\"https:\/\/camile.vn\/en\/wp-content\/uploads\/2019\/12\/album-khach-hang-vay-cuoi-camile-31-300x190.jpg\" alt=\"\" width=\"300\" height=\"190\" srcset=\"https:\/\/camile.vn\/en\/wp-content\/uploads\/2019\/12\/album-khach-hang-vay-cuoi-camile-31-300x190.jpg 300w, https:\/\/camile.vn\/en\/wp-content\/uploads\/2019\/12\/album-khach-hang-vay-cuoi-camile-31-510x322.jpg 510w, https:\/\/camile.vn\/en\/wp-content\/uploads\/2019\/12\/album-khach-hang-vay-cuoi-camile-31-600x379.jpg 600w, https:\/\/camile.vn\/en\/wp-content\/uploads\/2019\/12\/album-khach-hang-vay-cuoi-camile-31.jpg 720w\" sizes=\"(max-width: 300px) 100vw, 300px\" \/><\/a> <a href=\"https:\/\/camile.vn\/en\/wp-content\/uploads\/2019\/12\/album-khach-hang-vay-cuoi-camile-32.jpg\"><img decoding=\"async\" class=\"alignleft size-medium wp-image-4644\" src=\"https:\/\/camile.vn\/en\/wp-content\/uploads\/2019\/12\/album-khach-hang-vay-cuoi-camile-32-300x451.jpg\" alt=\"\" width=\"300\" height=\"451\" srcset=\"https:\/\/camile.vn\/en\/wp-content\/uploads\/2019\/12\/album-khach-hang-vay-cuoi-camile-32-300x451.jpg 300w, https:\/\/camile.vn\/en\/wp-content\/uploads\/2019\/12\/album-khach-hang-vay-cuoi-camile-32.jpg 479w\" sizes=\"(max-width: 300px) 100vw, 300px\" \/><\/a> <a href=\"https:\/\/camile.vn\/en\/wp-content\/uploads\/2019\/12\/album-khach-hang-vay-cuoi-camile-30.jpg\"><img decoding=\"async\" class=\"alignleft size-medium wp-image-4642\" src=\"https:\/\/camile.vn\/en\/wp-content\/uploads\/2019\/12\/album-khach-hang-vay-cuoi-camile-30-300x451.jpg\" alt=\"\" width=\"300\" height=\"451\" srcset=\"https:\/\/camile.vn\/en\/wp-content\/uploads\/2019\/12\/album-khach-hang-vay-cuoi-camile-30-300x451.jpg 300w, https:\/\/camile.vn\/en\/wp-content\/uploads\/2019\/12\/album-khach-hang-vay-cuoi-camile-30.jpg 479w\" sizes=\"(max-width: 300px) 100vw, 300px\" \/><\/a> <a href=\"https:\/\/camile.vn\/en\/wp-content\/uploads\/2019\/12\/album-khach-hang-vay-cuoi-camile-29.jpg\"><img decoding=\"async\" class=\"alignleft size-medium wp-image-4641\" src=\"https:\/\/camile.vn\/en\/wp-content\/uploads\/2019\/12\/album-khach-hang-vay-cuoi-camile-29-300x449.jpg\" alt=\"\" width=\"300\" height=\"449\" srcset=\"https:\/\/camile.vn\/en\/wp-content\/uploads\/2019\/12\/album-khach-hang-vay-cuoi-camile-29-300x449.jpg 300w, https:\/\/camile.vn\/en\/wp-content\/uploads\/2019\/12\/album-khach-hang-vay-cuoi-camile-29.jpg 480w\" sizes=\"(max-width: 300px) 100vw, 300px\" \/><\/a><a href=\"https:\/\/camile.vn\/en\/wp-content\/uploads\/2019\/12\/album-khach-hang-vay-cuoi-camile-27.jpg\"><img decoding=\"async\" class=\"alignleft size-medium wp-image-4639\" src=\"https:\/\/camile.vn\/en\/wp-content\/uploads\/2019\/12\/album-khach-hang-vay-cuoi-camile-27-300x400.jpg\" alt=\"\" width=\"300\" height=\"400\" srcset=\"https:\/\/camile.vn\/en\/wp-content\/uploads\/2019\/12\/album-khach-hang-vay-cuoi-camile-27-300x400.jpg 300w, https:\/\/camile.vn\/en\/wp-content\/uploads\/2019\/12\/album-khach-hang-vay-cuoi-camile-27-510x680.jpg 510w, https:\/\/camile.vn\/en\/wp-content\/uploads\/2019\/12\/album-khach-hang-vay-cuoi-camile-27.jpg 540w\" sizes=\"(max-width: 300px) 100vw, 300px\" \/><\/a> <a href=\"https:\/\/camile.vn\/en\/wp-content\/uploads\/2019\/12\/album-khach-hang-vay-cuoi-camile-26.jpg\"><img decoding=\"async\" class=\"alignleft size-medium wp-image-4637\" src=\"https:\/\/camile.vn\/en\/wp-content\/uploads\/2019\/12\/album-khach-hang-vay-cuoi-camile-26-300x450.jpg\" alt=\"\" width=\"300\" height=\"450\" srcset=\"https:\/\/camile.vn\/en\/wp-content\/uploads\/2019\/12\/album-khach-hang-vay-cuoi-camile-26-300x450.jpg 300w, https:\/\/camile.vn\/en\/wp-content\/uploads\/2019\/12\/album-khach-hang-vay-cuoi-camile-26.jpg 480w\" sizes=\"(max-width: 300px) 100vw, 300px\" \/><\/a> <a href=\"https:\/\/camile.vn\/en\/wp-content\/uploads\/2019\/12\/album-khach-hang-vay-cuoi-camile-25.jpg\"><img decoding=\"async\" class=\"alignleft size-medium wp-image-4636\" src=\"https:\/\/camile.vn\/en\/wp-content\/uploads\/2019\/12\/album-khach-hang-vay-cuoi-camile-25-300x449.jpg\" alt=\"\" width=\"300\" height=\"449\" srcset=\"https:\/\/camile.vn\/en\/wp-content\/uploads\/2019\/12\/album-khach-hang-vay-cuoi-camile-25-300x449.jpg 300w, https:\/\/camile.vn\/en\/wp-content\/uploads\/2019\/12\/album-khach-hang-vay-cuoi-camile-25.jpg 480w\" sizes=\"(max-width: 300px) 100vw, 300px\" \/><\/a> <a href=\"https:\/\/camile.vn\/en\/wp-content\/uploads\/2019\/12\/album-khach-hang-vay-cuoi-camile-24.jpg\"><img decoding=\"async\" class=\"alignleft size-medium wp-image-4635\" src=\"https:\/\/camile.vn\/en\/wp-content\/uploads\/2019\/12\/album-khach-hang-vay-cuoi-camile-24-300x533.jpg\" alt=\"\" width=\"300\" height=\"533\" srcset=\"https:\/\/camile.vn\/en\/wp-content\/uploads\/2019\/12\/album-khach-hang-vay-cuoi-camile-24-300x533.jpg 300w, https:\/\/camile.vn\/en\/wp-content\/uploads\/2019\/12\/album-khach-hang-vay-cuoi-camile-24.jpg 405w\" sizes=\"(max-width: 300px) 100vw, 300px\" \/><\/a><\/p>\n","protected":false},"excerpt":{"rendered":"<p>Kh\u00e1ch h\u00e0ng Camile 2<\/p>\n","protected":false},"featured_media":4655,"comment_status":"closed","ping_status":"closed","template":"","meta":[],"product_brand":[],"product_cat":[21],"product_tag":[200],"class_list":{"0":"post-4663","1":"product","2":"type-product","3":"status-publish","4":"has-post-thumbnail","6":"product_cat-client","7":"product_tag-khach-hang","9":"first","10":"instock","11":"shipping-taxable","12":"product-type-simple"},"yoast_head":"<!-- This site is optimized with the Yoast SEO Premium plugin v18.0 (Yoast SEO v25.2) - https:\/\/yoast.com\/wordpress\/plugins\/seo\/ -->\n<title>Kh\u00e1ch h\u00e0ng Camile 2 - CAMILE BRIDAL<\/title>\n<meta name=\"robots\" content=\"index, follow, max-snippet:-1, max-image-preview:large, max-video-preview:-1\" \/>\n<link rel=\"canonical\" href=\"https:\/\/camile.vn\/en\/product\/khach-hang-camile-2\/\" \/>\n<meta property=\"og:locale\" content=\"en_US\" \/>\n<meta property=\"og:type\" content=\"article\" \/>\n<meta property=\"og:title\" content=\"Kh\u00e1ch h\u00e0ng Camile 2\" \/>\n<meta property=\"og:description\" content=\"Kh\u00e1ch h\u00e0ng Camile 2\" \/>\n<meta property=\"og:url\" content=\"https:\/\/camile.vn\/en\/product\/khach-hang-camile-2\/\" \/>\n<meta property=\"og:site_name\" content=\"CAMILE BRIDAL\" \/>\n<meta property=\"article:modified_time\" content=\"2019-12-12T16:40:24+00:00\" \/>\n<meta property=\"og:image\" content=\"https:\/\/camile.vn\/en\/wp-content\/uploads\/2019\/12\/album-khach-hang-vay-cuoi-camile-43.jpg\" \/>\n\t<meta property=\"og:image:width\" content=\"480\" \/>\n\t<meta property=\"og:image:height\" content=\"720\" \/>\n\t<meta property=\"og:image:type\" content=\"image\/jpeg\" \/>\n<meta name=\"twitter:card\" content=\"summary_large_image\" \/>\n<script type=\"application\/ld+json\" class=\"yoast-schema-graph\">{\"@context\":\"https:\/\/schema.org\",\"@graph\":[{\"@type\":\"WebPage\",\"@id\":\"https:\/\/camile.vn\/en\/product\/khach-hang-camile-2\/\",\"url\":\"https:\/\/camile.vn\/en\/product\/khach-hang-camile-2\/\",\"name\":\"Kh\u00e1ch h\u00e0ng Camile 2 - CAMILE BRIDAL\",\"isPartOf\":{\"@id\":\"https:\/\/camile.vn\/en\/#website\"},\"primaryImageOfPage\":{\"@id\":\"https:\/\/camile.vn\/en\/product\/khach-hang-camile-2\/#primaryimage\"},\"image\":{\"@id\":\"https:\/\/camile.vn\/en\/product\/khach-hang-camile-2\/#primaryimage\"},\"thumbnailUrl\":\"https:\/\/camile.vn\/en\/wp-content\/uploads\/2019\/12\/album-khach-hang-vay-cuoi-camile-43.jpg\",\"datePublished\":\"2019-12-12T16:40:23+00:00\",\"dateModified\":\"2019-12-12T16:40:24+00:00\",\"breadcrumb\":{\"@id\":\"https:\/\/camile.vn\/en\/product\/khach-hang-camile-2\/#breadcrumb\"},\"inLanguage\":\"en-US\",\"potentialAction\":[{\"@type\":\"ReadAction\",\"target\":[\"https:\/\/camile.vn\/en\/product\/khach-hang-camile-2\/\"]}]},{\"@type\":\"ImageObject\",\"inLanguage\":\"en-US\",\"@id\":\"https:\/\/camile.vn\/en\/product\/khach-hang-camile-2\/#primaryimage\",\"url\":\"https:\/\/camile.vn\/en\/wp-content\/uploads\/2019\/12\/album-khach-hang-vay-cuoi-camile-43.jpg\",\"contentUrl\":\"https:\/\/camile.vn\/en\/wp-content\/uploads\/2019\/12\/album-khach-hang-vay-cuoi-camile-43.jpg\",\"width\":480,\"height\":720},{\"@type\":\"BreadcrumbList\",\"@id\":\"https:\/\/camile.vn\/en\/product\/khach-hang-camile-2\/#breadcrumb\",\"itemListElement\":[{\"@type\":\"ListItem\",\"position\":1,\"name\":\"Home\",\"item\":\"https:\/\/camile.vn\/en\/\"},{\"@type\":\"ListItem\",\"position\":2,\"name\":\"C\u1eeda h\u00e0ng\",\"item\":\"https:\/\/camile.vn\/en\/cua-hang\/\"},{\"@type\":\"ListItem\",\"position\":3,\"name\":\"Kh\u00e1ch h\u00e0ng Camile 2\"}]},{\"@type\":\"WebSite\",\"@id\":\"https:\/\/camile.vn\/en\/#website\",\"url\":\"https:\/\/camile.vn\/en\/\",\"name\":\"CAMILE BRIDAL\",\"description\":\"WHERE WEDDING DRESSES ARE ELITE\",\"potentialAction\":[{\"@type\":\"SearchAction\",\"target\":{\"@type\":\"EntryPoint\",\"urlTemplate\":\"https:\/\/camile.vn\/en\/?s={search_term_string}\"},\"query-input\":{\"@type\":\"PropertyValueSpecification\",\"valueRequired\":true,\"valueName\":\"search_term_string\"}}],\"inLanguage\":\"en-US\"}]}<\/script>\n<!-- \/ Yoast SEO Premium plugin. -->","yoast_head_json":{"title":"Kh\u00e1ch h\u00e0ng Camile 2 - CAMILE BRIDAL","robots":{"index":"index","follow":"follow","max-snippet":"max-snippet:-1","max-image-preview":"max-image-preview:large","max-video-preview":"max-video-preview:-1"},"canonical":"https:\/\/camile.vn\/en\/product\/khach-hang-camile-2\/","og_locale":"en_US","og_type":"article","og_title":"Kh\u00e1ch h\u00e0ng Camile 2","og_description":"Kh\u00e1ch h\u00e0ng Camile 2","og_url":"https:\/\/camile.vn\/en\/product\/khach-hang-camile-2\/","og_site_name":"CAMILE BRIDAL","article_modified_time":"2019-12-12T16:40:24+00:00","og_image":[{"width":480,"height":720,"url":"https:\/\/camile.vn\/en\/wp-content\/uploads\/2019\/12\/album-khach-hang-vay-cuoi-camile-43.jpg","type":"image\/jpeg"}],"twitter_card":"summary_large_image","schema":{"@context":"https:\/\/schema.org","@graph":[{"@type":"WebPage","@id":"https:\/\/camile.vn\/en\/product\/khach-hang-camile-2\/","url":"https:\/\/camile.vn\/en\/product\/khach-hang-camile-2\/","name":"Kh\u00e1ch h\u00e0ng Camile 2 - CAMILE BRIDAL","isPartOf":{"@id":"https:\/\/camile.vn\/en\/#website"},"primaryImageOfPage":{"@id":"https:\/\/camile.vn\/en\/product\/khach-hang-camile-2\/#primaryimage"},"image":{"@id":"https:\/\/camile.vn\/en\/product\/khach-hang-camile-2\/#primaryimage"},"thumbnailUrl":"https:\/\/camile.vn\/en\/wp-content\/uploads\/2019\/12\/album-khach-hang-vay-cuoi-camile-43.jpg","datePublished":"2019-12-12T16:40:23+00:00","dateModified":"2019-12-12T16:40:24+00:00","breadcrumb":{"@id":"https:\/\/camile.vn\/en\/product\/khach-hang-camile-2\/#breadcrumb"},"inLanguage":"en-US","potentialAction":[{"@type":"ReadAction","target":["https:\/\/camile.vn\/en\/product\/khach-hang-camile-2\/"]}]},{"@type":"ImageObject","inLanguage":"en-US","@id":"https:\/\/camile.vn\/en\/product\/khach-hang-camile-2\/#primaryimage","url":"https:\/\/camile.vn\/en\/wp-content\/uploads\/2019\/12\/album-khach-hang-vay-cuoi-camile-43.jpg","contentUrl":"https:\/\/camile.vn\/en\/wp-content\/uploads\/2019\/12\/album-khach-hang-vay-cuoi-camile-43.jpg","width":480,"height":720},{"@type":"BreadcrumbList","@id":"https:\/\/camile.vn\/en\/product\/khach-hang-camile-2\/#breadcrumb","itemListElement":[{"@type":"ListItem","position":1,"name":"Home","item":"https:\/\/camile.vn\/en\/"},{"@type":"ListItem","position":2,"name":"C\u1eeda h\u00e0ng","item":"https:\/\/camile.vn\/en\/cua-hang\/"},{"@type":"ListItem","position":3,"name":"Kh\u00e1ch h\u00e0ng Camile 2"}]},{"@type":"WebSite","@id":"https:\/\/camile.vn\/en\/#website","url":"https:\/\/camile.vn\/en\/","name":"CAMILE BRIDAL","description":"WHERE WEDDING DRESSES ARE ELITE","potentialAction":[{"@type":"SearchAction","target":{"@type":"EntryPoint","urlTemplate":"https:\/\/camile.vn\/en\/?s={search_term_string}"},"query-input":{"@type":"PropertyValueSpecification","valueRequired":true,"valueName":"search_term_string"}}],"inLanguage":"en-US"}]}},"_links":{"self":[{"href":"https:\/\/camile.vn\/en\/wp-json\/wp\/v2\/product\/4663","targetHints":{"allow":["GET"]}}],"collection":[{"href":"https:\/\/camile.vn\/en\/wp-json\/wp\/v2\/product"}],"about":[{"href":"https:\/\/camile.vn\/en\/wp-json\/wp\/v2\/types\/product"}],"replies":[{"embeddable":true,"href":"https:\/\/camile.vn\/en\/wp-json\/wp\/v2\/comments?post=4663"}],"wp:featuredmedia":[{"embeddable":true,"href":"https:\/\/camile.vn\/en\/wp-json\/wp\/v2\/media\/4655"}],"wp:attachment":[{"href":"https:\/\/camile.vn\/en\/wp-json\/wp\/v2\/media?parent=4663"}],"wp:term":[{"taxonomy":"product_brand","embeddable":true,"href":"https:\/\/camile.vn\/en\/wp-json\/wp\/v2\/product_brand?post=4663"},{"taxonomy":"product_cat","embeddable":true,"href":"https:\/\/camile.vn\/en\/wp-json\/wp\/v2\/product_cat?post=4663"},{"taxonomy":"product_tag","embeddable":true,"href":"https:\/\/camile.vn\/en\/wp-json\/wp\/v2\/product_tag?post=4663"}],"curies":[{"name":"wp","href":"https:\/\/api.w.org\/{rel}","templated":true}]}}