{"id":9103,"date":"2023-02-09T04:03:30","date_gmt":"2023-02-09T04:03:30","guid":{"rendered":"https:\/\/camile.vn\/en\/?post_type=product&#038;p=9103"},"modified":"2023-05-19T02:54:13","modified_gmt":"2023-05-19T02:54:13","slug":"thiet-ke-may-do-vay-cuoi-co-dau-hoang-anh","status":"publish","type":"product","link":"https:\/\/camile.vn\/en\/product\/thiet-ke-may-do-vay-cuoi-co-dau-hoang-anh\/","title":{"rendered":"Thi\u1ebft k\u1ebf may \u0111o v\u00e1y c\u01b0\u1edbi c\u00f4 d\u00e2u Ho\u00e0ng Anh"},"content":{"rendered":"<div class=\"flex-shrink-0 flex flex-col relative items-end\">\n<div class=\"text-xs flex items-center justify-center gap-1 absolute left-0 top-2 -ml-4 -translate-x-full group-hover:visible visible\"><span class=\"flex-grow flex-shrink-0\">2 \/ 2<\/span><button class=\"dark:text-white disabled:text-gray-300 dark:disabled:text-gray-400\" disabled=\"disabled\"><\/button><\/div>\n<\/div>\n<div class=\"relative flex w-[calc(100%-50px)] flex-col gap-1 md:gap-3 lg:w-[calc(100%-115px)]\">\n<div class=\"flex flex-grow flex-col gap-3\">\n<div class=\"min-h-[20px] flex flex-col items-start gap-4 whitespace-pre-wrap break-words\">\n<div class=\"markdown prose w-full break-words dark:prose-invert light AIPRM__conversation__response\">\n<p>???? ????????????????\u0323\u0302???? ????????\u0302\u0301 ???????????? \u0111\u1ecd\u0302 ????????\u0301???? ????????\u031b\u0301????\u031b\u0301???? ????????\u0302 ????????\u0302???? ????????????\u0300???????? ???????????? ????<\/p>\n<p class=\"lead shortcode-error\">Open this in UX Builder to add and edit content<\/p>\n<p>???? B\u1ea1n \u0111ang t\u00ecm ki\u1ebfm m\u1ed9t m\u1eabu v\u00e1y c\u01b0\u1edbi \u0111\u1ed9c \u0111\u00e1o v\u00e0 ph\u00f9 h\u1ee3p v\u1edbi phong c\u00e1ch ri\u00eang c\u1ee7a b\u1ea1n? Camile v\u1edbi s\u1ee9 m\u1ec7nh &#8220;vi\u1ebft n\u00ean gi\u1ea5c m\u01a1 v\u00e1y c\u01b0\u1edbi cho n\u00e0ng d\u00e2u&#8221; \u0111\u00e3 \u0111\u1ed3ng h\u00e0nh c\u00f9ng c\u00f4 gi\u00e1o Ho\u00e0ng Anh \u0111\u1ec3 t\u1ea1o ra nh\u1eefng thi\u1ebft k\u1ebf tuy\u1ec7t \u0111\u1eb9p, mang \u0111\u1eadm d\u1ea5u \u1ea5n c\u00e1 nh\u00e2n.<\/p>\n<p>???? H\u00e3y t\u01b0\u1edfng t\u01b0\u1ee3ng m\u1ed9t ng\u00e0y tr\u1ecdng \u0111\u1ea1i, b\u1ea1n v\u00e0 ch\u00e0ng r\u1ec3 \u0111i b\u00ean nhau trong khu\u00f4n vi\u00ean trang tr\u1ea1i l\u00e3ng m\u1ea1n. B\u1ea7u kh\u00f4ng kh\u00ed tr\u00e0n \u0111\u1ea7y t\u00ecnh y\u00eau v\u00e0 nh\u1eefng ng\u01b0\u1eddi th\u00e2n y\u00eau nh\u1ea5t chia s\u1ebb ni\u1ec1m vui c\u00f9ng b\u1ea1n. V\u00e0 \u0111\u00fang l\u00fac \u0111\u00f3, c\u00f4 d\u00e2u xu\u1ea5t hi\u1ec7n nh\u1eb9 nh\u00e0ng, to\u00e1t l\u00ean v\u1ebb \u0111\u1eb9p trong tr\u1ebbo, \u0111\u1ec3 t\u1ea5t c\u1ea3 m\u1ecdi \u00e1nh m\u1eaft \u0111\u1ed5 d\u1ed3n v\u1ec1 ph\u00eda b\u1ea1n.<\/p>\n<p>???? V\u1edbi Camile, m\u1ed7i chi\u1ebfc v\u00e1y c\u01b0\u1edbi l\u00e0 m\u1ed9t t\u00e1c ph\u1ea9m ngh\u1ec7 thu\u1eadt \u0111\u01b0\u1ee3c t\u1ea1o ra \u0111\u1eb7c bi\u1ec7t cho ri\u00eang b\u1ea1n. Ch\u00fang t\u00f4i l\u1eafng nghe v\u00e0 hi\u1ec3u r\u00f5 mong mu\u1ed1n c\u1ee7a b\u1ea1n. Ho\u00e0ng Anh \u0111\u00e3 t\u00ecm \u0111\u1ebfn ch\u00fang t\u00f4i v\u1edbi \u00fd t\u01b0\u1edfng v\u00e0 ch\u00fang t\u00f4i \u0111\u00e3 c\u00f9ng nhau ch\u1ecdn ch\u1ea5t li\u1ec7u ren tinh t\u1ebf \u0111\u1ec3 ho\u00e0n thi\u1ec7n thi\u1ebft k\u1ebf. K\u1ebft qu\u1ea3 l\u00e0 m\u1ed9t m\u1eabu v\u00e1y c\u01b0\u1edbi \u0111\u1ed9c quy\u1ec1n, th\u1ec3 hi\u1ec7n s\u1ef1 thanh l\u1ecbch v\u00e0 tinh t\u1ebf c\u1ee7a Ho\u00e0ng Anh.<\/p>\n<p>???? Camile kh\u00f4ng ch\u1ec9 \u0111\u01a1n thu\u1ea7n l\u00e0 m\u1ed9t d\u1ecbch v\u1ee5 thi\u1ebft k\u1ebf v\u00e0 may v\u00e1y c\u01b0\u1edbi, ch\u00fang t\u00f4i c\u00f2n l\u00e0 ng\u01b0\u1eddi b\u1ea1n \u0111\u1ed3ng h\u00e0nh, t\u1ea1o n\u00ean nh\u1eefng k\u1ef7 ni\u1ec7m \u0111\u00e1ng nh\u1edb trong cu\u1ed9c \u0111\u1eddi b\u1ea1n. V\u1edbi \u0111\u1ed9i ng\u0169 thi\u1ebft k\u1ebf t\u00e0i n\u0103ng v\u00e0 k\u1ef9 thu\u1eadt may chuy\u00ean nghi\u1ec7p, ch\u00fang t\u00f4i cam k\u1ebft mang \u0111\u1ebfn cho b\u1ea1n m\u1ed9t tr\u1ea3i nghi\u1ec7m th\u00fa v\u1ecb v\u00e0 tho\u1ea3i m\u00e1i trong qu\u00e1 tr\u00ecnh ch\u1ecdn v\u00e0 th\u1eed v\u00e1y c\u01b0\u1edbi.<\/p>\n<\/div>\n<\/div>\n<\/div>\n<\/div>\n<p>&nbsp;<\/p>\n","protected":false},"excerpt":{"rendered":"<p>???? B\u1ea1n \u0111ang t\u00ecm ki\u1ebfm m\u1ed9t m\u1eabu v\u00e1y c\u01b0\u1edbi \u0111\u1ed9c \u0111\u00e1o v\u00e0 ph\u00f9 h\u1ee3p v\u1edbi phong c\u00e1ch ri\u00eang c\u1ee7a b\u1ea1n? Camile v\u1edbi s\u1ee9 m\u1ec7nh &#8220;vi\u1ebft n\u00ean gi\u1ea5c m\u01a1 v\u00e1y c\u01b0\u1edbi cho n\u00e0ng d\u00e2u&#8221; \u0111\u00e3 \u0111\u1ed3ng h\u00e0nh c\u00f9ng c\u00f4 gi\u00e1o Ho\u00e0ng Anh \u0111\u1ec3 t\u1ea1o ra nh\u1eefng thi\u1ebft k\u1ebf tuy\u1ec7t \u0111\u1eb9p, mang \u0111\u1eadm d\u1ea5u \u1ea5n c\u00e1 nh\u00e2n.<\/p>\n","protected":false},"featured_media":9094,"comment_status":"closed","ping_status":"closed","template":"","meta":[],"product_brand":[],"product_cat":[15],"product_tag":[],"class_list":{"0":"post-9103","1":"product","2":"type-product","3":"status-publish","4":"has-post-thumbnail","6":"product_cat-made-to-measure-wedding-dresses-designs","8":"first","9":"instock","10":"shipping-taxable","11":"product-type-simple"},"yoast_head":"<!-- This site is optimized with the Yoast SEO Premium plugin v18.0 (Yoast SEO v25.2) - https:\/\/yoast.com\/wordpress\/plugins\/seo\/ -->\n<title>Thi\u1ebft k\u1ebf may \u0111o v\u00e1y c\u01b0\u1edbi c\u00f4 d\u00e2u Ho\u00e0ng Anh - CAMILE BRIDAL<\/title>\n<meta name=\"robots\" content=\"index, follow, max-snippet:-1, max-image-preview:large, max-video-preview:-1\" \/>\n<link rel=\"canonical\" href=\"https:\/\/camile.vn\/en\/product\/thiet-ke-may-do-vay-cuoi-co-dau-hoang-anh\/\" \/>\n<meta property=\"og:locale\" content=\"en_US\" \/>\n<meta property=\"og:type\" content=\"article\" \/>\n<meta property=\"og:title\" content=\"Thi\u1ebft k\u1ebf may \u0111o v\u00e1y c\u01b0\u1edbi c\u00f4 d\u00e2u Ho\u00e0ng Anh\" \/>\n<meta property=\"og:description\" content=\"???? B\u1ea1n \u0111ang t\u00ecm ki\u1ebfm m\u1ed9t m\u1eabu v\u00e1y c\u01b0\u1edbi \u0111\u1ed9c \u0111\u00e1o v\u00e0 ph\u00f9 h\u1ee3p v\u1edbi phong c\u00e1ch ri\u00eang c\u1ee7a b\u1ea1n? Camile v\u1edbi s\u1ee9 m\u1ec7nh &quot;vi\u1ebft n\u00ean gi\u1ea5c m\u01a1 v\u00e1y c\u01b0\u1edbi cho n\u00e0ng d\u00e2u&quot; \u0111\u00e3 \u0111\u1ed3ng h\u00e0nh c\u00f9ng c\u00f4 gi\u00e1o Ho\u00e0ng Anh \u0111\u1ec3 t\u1ea1o ra nh\u1eefng thi\u1ebft k\u1ebf tuy\u1ec7t \u0111\u1eb9p, mang \u0111\u1eadm d\u1ea5u \u1ea5n c\u00e1 nh\u00e2n.\" \/>\n<meta property=\"og:url\" content=\"https:\/\/camile.vn\/en\/product\/thiet-ke-may-do-vay-cuoi-co-dau-hoang-anh\/\" \/>\n<meta property=\"og:site_name\" content=\"CAMILE BRIDAL\" \/>\n<meta property=\"article:modified_time\" content=\"2023-05-19T02:54:13+00:00\" \/>\n<meta property=\"og:image\" content=\"https:\/\/camile.vn\/en\/wp-content\/uploads\/2023\/02\/Thiet-ke-may-do-vay-cuoi-co-dau-Hoang-Anh-12.jpg\" \/>\n\t<meta property=\"og:image:width\" content=\"1854\" \/>\n\t<meta property=\"og:image:height\" content=\"2560\" \/>\n\t<meta property=\"og:image:type\" content=\"image\/jpeg\" \/>\n<meta name=\"twitter:card\" content=\"summary_large_image\" \/>\n<meta name=\"twitter:label1\" content=\"Est. reading time\" \/>\n\t<meta name=\"twitter:data1\" content=\"2 minutes\" \/>\n<script type=\"application\/ld+json\" class=\"yoast-schema-graph\">{\"@context\":\"https:\/\/schema.org\",\"@graph\":[{\"@type\":\"WebPage\",\"@id\":\"https:\/\/camile.vn\/en\/product\/thiet-ke-may-do-vay-cuoi-co-dau-hoang-anh\/\",\"url\":\"https:\/\/camile.vn\/en\/product\/thiet-ke-may-do-vay-cuoi-co-dau-hoang-anh\/\",\"name\":\"Thi\u1ebft k\u1ebf may \u0111o v\u00e1y c\u01b0\u1edbi c\u00f4 d\u00e2u Ho\u00e0ng Anh - CAMILE BRIDAL\",\"isPartOf\":{\"@id\":\"https:\/\/camile.vn\/en\/#website\"},\"primaryImageOfPage\":{\"@id\":\"https:\/\/camile.vn\/en\/product\/thiet-ke-may-do-vay-cuoi-co-dau-hoang-anh\/#primaryimage\"},\"image\":{\"@id\":\"https:\/\/camile.vn\/en\/product\/thiet-ke-may-do-vay-cuoi-co-dau-hoang-anh\/#primaryimage\"},\"thumbnailUrl\":\"https:\/\/camile.vn\/en\/wp-content\/uploads\/2023\/02\/Thiet-ke-may-do-vay-cuoi-co-dau-Hoang-Anh-12.jpg\",\"datePublished\":\"2023-02-09T04:03:30+00:00\",\"dateModified\":\"2023-05-19T02:54:13+00:00\",\"breadcrumb\":{\"@id\":\"https:\/\/camile.vn\/en\/product\/thiet-ke-may-do-vay-cuoi-co-dau-hoang-anh\/#breadcrumb\"},\"inLanguage\":\"en-US\",\"potentialAction\":[{\"@type\":\"ReadAction\",\"target\":[\"https:\/\/camile.vn\/en\/product\/thiet-ke-may-do-vay-cuoi-co-dau-hoang-anh\/\"]}]},{\"@type\":\"ImageObject\",\"inLanguage\":\"en-US\",\"@id\":\"https:\/\/camile.vn\/en\/product\/thiet-ke-may-do-vay-cuoi-co-dau-hoang-anh\/#primaryimage\",\"url\":\"https:\/\/camile.vn\/en\/wp-content\/uploads\/2023\/02\/Thiet-ke-may-do-vay-cuoi-co-dau-Hoang-Anh-12.jpg\",\"contentUrl\":\"https:\/\/camile.vn\/en\/wp-content\/uploads\/2023\/02\/Thiet-ke-may-do-vay-cuoi-co-dau-Hoang-Anh-12.jpg\",\"width\":1854,\"height\":2560},{\"@type\":\"BreadcrumbList\",\"@id\":\"https:\/\/camile.vn\/en\/product\/thiet-ke-may-do-vay-cuoi-co-dau-hoang-anh\/#breadcrumb\",\"itemListElement\":[{\"@type\":\"ListItem\",\"position\":1,\"name\":\"Home\",\"item\":\"https:\/\/camile.vn\/en\/\"},{\"@type\":\"ListItem\",\"position\":2,\"name\":\"C\u1eeda h\u00e0ng\",\"item\":\"https:\/\/camile.vn\/en\/cua-hang\/\"},{\"@type\":\"ListItem\",\"position\":3,\"name\":\"Thi\u1ebft k\u1ebf may \u0111o v\u00e1y c\u01b0\u1edbi c\u00f4 d\u00e2u Ho\u00e0ng Anh\"}]},{\"@type\":\"WebSite\",\"@id\":\"https:\/\/camile.vn\/en\/#website\",\"url\":\"https:\/\/camile.vn\/en\/\",\"name\":\"CAMILE BRIDAL\",\"description\":\"WHERE WEDDING DRESSES ARE ELITE\",\"potentialAction\":[{\"@type\":\"SearchAction\",\"target\":{\"@type\":\"EntryPoint\",\"urlTemplate\":\"https:\/\/camile.vn\/en\/?s={search_term_string}\"},\"query-input\":{\"@type\":\"PropertyValueSpecification\",\"valueRequired\":true,\"valueName\":\"search_term_string\"}}],\"inLanguage\":\"en-US\"}]}<\/script>\n<!-- \/ Yoast SEO Premium plugin. -->","yoast_head_json":{"title":"Thi\u1ebft k\u1ebf may \u0111o v\u00e1y c\u01b0\u1edbi c\u00f4 d\u00e2u Ho\u00e0ng Anh - CAMILE BRIDAL","robots":{"index":"index","follow":"follow","max-snippet":"max-snippet:-1","max-image-preview":"max-image-preview:large","max-video-preview":"max-video-preview:-1"},"canonical":"https:\/\/camile.vn\/en\/product\/thiet-ke-may-do-vay-cuoi-co-dau-hoang-anh\/","og_locale":"en_US","og_type":"article","og_title":"Thi\u1ebft k\u1ebf may \u0111o v\u00e1y c\u01b0\u1edbi c\u00f4 d\u00e2u Ho\u00e0ng Anh","og_description":"???? B\u1ea1n \u0111ang t\u00ecm ki\u1ebfm m\u1ed9t m\u1eabu v\u00e1y c\u01b0\u1edbi \u0111\u1ed9c \u0111\u00e1o v\u00e0 ph\u00f9 h\u1ee3p v\u1edbi phong c\u00e1ch ri\u00eang c\u1ee7a b\u1ea1n? Camile v\u1edbi s\u1ee9 m\u1ec7nh \"vi\u1ebft n\u00ean gi\u1ea5c m\u01a1 v\u00e1y c\u01b0\u1edbi cho n\u00e0ng d\u00e2u\" \u0111\u00e3 \u0111\u1ed3ng h\u00e0nh c\u00f9ng c\u00f4 gi\u00e1o Ho\u00e0ng Anh \u0111\u1ec3 t\u1ea1o ra nh\u1eefng thi\u1ebft k\u1ebf tuy\u1ec7t \u0111\u1eb9p, mang \u0111\u1eadm d\u1ea5u \u1ea5n c\u00e1 nh\u00e2n.","og_url":"https:\/\/camile.vn\/en\/product\/thiet-ke-may-do-vay-cuoi-co-dau-hoang-anh\/","og_site_name":"CAMILE BRIDAL","article_modified_time":"2023-05-19T02:54:13+00:00","og_image":[{"width":1854,"height":2560,"url":"https:\/\/camile.vn\/en\/wp-content\/uploads\/2023\/02\/Thiet-ke-may-do-vay-cuoi-co-dau-Hoang-Anh-12.jpg","type":"image\/jpeg"}],"twitter_card":"summary_large_image","twitter_misc":{"Est. reading time":"2 minutes"},"schema":{"@context":"https:\/\/schema.org","@graph":[{"@type":"WebPage","@id":"https:\/\/camile.vn\/en\/product\/thiet-ke-may-do-vay-cuoi-co-dau-hoang-anh\/","url":"https:\/\/camile.vn\/en\/product\/thiet-ke-may-do-vay-cuoi-co-dau-hoang-anh\/","name":"Thi\u1ebft k\u1ebf may \u0111o v\u00e1y c\u01b0\u1edbi c\u00f4 d\u00e2u Ho\u00e0ng Anh - CAMILE BRIDAL","isPartOf":{"@id":"https:\/\/camile.vn\/en\/#website"},"primaryImageOfPage":{"@id":"https:\/\/camile.vn\/en\/product\/thiet-ke-may-do-vay-cuoi-co-dau-hoang-anh\/#primaryimage"},"image":{"@id":"https:\/\/camile.vn\/en\/product\/thiet-ke-may-do-vay-cuoi-co-dau-hoang-anh\/#primaryimage"},"thumbnailUrl":"https:\/\/camile.vn\/en\/wp-content\/uploads\/2023\/02\/Thiet-ke-may-do-vay-cuoi-co-dau-Hoang-Anh-12.jpg","datePublished":"2023-02-09T04:03:30+00:00","dateModified":"2023-05-19T02:54:13+00:00","breadcrumb":{"@id":"https:\/\/camile.vn\/en\/product\/thiet-ke-may-do-vay-cuoi-co-dau-hoang-anh\/#breadcrumb"},"inLanguage":"en-US","potentialAction":[{"@type":"ReadAction","target":["https:\/\/camile.vn\/en\/product\/thiet-ke-may-do-vay-cuoi-co-dau-hoang-anh\/"]}]},{"@type":"ImageObject","inLanguage":"en-US","@id":"https:\/\/camile.vn\/en\/product\/thiet-ke-may-do-vay-cuoi-co-dau-hoang-anh\/#primaryimage","url":"https:\/\/camile.vn\/en\/wp-content\/uploads\/2023\/02\/Thiet-ke-may-do-vay-cuoi-co-dau-Hoang-Anh-12.jpg","contentUrl":"https:\/\/camile.vn\/en\/wp-content\/uploads\/2023\/02\/Thiet-ke-may-do-vay-cuoi-co-dau-Hoang-Anh-12.jpg","width":1854,"height":2560},{"@type":"BreadcrumbList","@id":"https:\/\/camile.vn\/en\/product\/thiet-ke-may-do-vay-cuoi-co-dau-hoang-anh\/#breadcrumb","itemListElement":[{"@type":"ListItem","position":1,"name":"Home","item":"https:\/\/camile.vn\/en\/"},{"@type":"ListItem","position":2,"name":"C\u1eeda h\u00e0ng","item":"https:\/\/camile.vn\/en\/cua-hang\/"},{"@type":"ListItem","position":3,"name":"Thi\u1ebft k\u1ebf may \u0111o v\u00e1y c\u01b0\u1edbi c\u00f4 d\u00e2u Ho\u00e0ng Anh"}]},{"@type":"WebSite","@id":"https:\/\/camile.vn\/en\/#website","url":"https:\/\/camile.vn\/en\/","name":"CAMILE BRIDAL","description":"WHERE WEDDING DRESSES ARE ELITE","potentialAction":[{"@type":"SearchAction","target":{"@type":"EntryPoint","urlTemplate":"https:\/\/camile.vn\/en\/?s={search_term_string}"},"query-input":{"@type":"PropertyValueSpecification","valueRequired":true,"valueName":"search_term_string"}}],"inLanguage":"en-US"}]}},"_links":{"self":[{"href":"https:\/\/camile.vn\/en\/wp-json\/wp\/v2\/product\/9103","targetHints":{"allow":["GET"]}}],"collection":[{"href":"https:\/\/camile.vn\/en\/wp-json\/wp\/v2\/product"}],"about":[{"href":"https:\/\/camile.vn\/en\/wp-json\/wp\/v2\/types\/product"}],"replies":[{"embeddable":true,"href":"https:\/\/camile.vn\/en\/wp-json\/wp\/v2\/comments?post=9103"}],"wp:featuredmedia":[{"embeddable":true,"href":"https:\/\/camile.vn\/en\/wp-json\/wp\/v2\/media\/9094"}],"wp:attachment":[{"href":"https:\/\/camile.vn\/en\/wp-json\/wp\/v2\/media?parent=9103"}],"wp:term":[{"taxonomy":"product_brand","embeddable":true,"href":"https:\/\/camile.vn\/en\/wp-json\/wp\/v2\/product_brand?post=9103"},{"taxonomy":"product_cat","embeddable":true,"href":"https:\/\/camile.vn\/en\/wp-json\/wp\/v2\/product_cat?post=9103"},{"taxonomy":"product_tag","embeddable":true,"href":"https:\/\/camile.vn\/en\/wp-json\/wp\/v2\/product_tag?post=9103"}],"curies":[{"name":"wp","href":"https:\/\/api.w.org\/{rel}","templated":true}]}}