{"id":9147,"date":"2023-02-09T04:24:56","date_gmt":"2023-02-09T04:24:56","guid":{"rendered":"https:\/\/camile.vn\/en\/?post_type=product&#038;p=9147"},"modified":"2023-05-19T02:48:33","modified_gmt":"2023-05-19T02:48:33","slug":"thiet-ke-may-do-vay-cuoi-co-dau-diem-huong","status":"publish","type":"product","link":"https:\/\/camile.vn\/en\/product\/thiet-ke-may-do-vay-cuoi-co-dau-diem-huong\/","title":{"rendered":"Thi\u1ebft k\u1ebf may \u0111o v\u00e1y c\u01b0\u1edbi c\u00f4 d\u00e2u Di\u1ec5m H\u01b0\u01a1ng"},"content":{"rendered":"<p>???? ????????\u0302 ????????\u0302???? ????????\u0303???????? ???????????????????? ????<\/p>\n<p>\u2764\ufe0f Nh\u1eefng n\u1ee5 c\u01b0\u1eddi r\u1ea1ng r\u1ee1, nh\u1eefng gi\u1ea5c m\u01a1 tr\u00e0n \u0111\u1ea7y h\u1ea1nh ph\u00fac, v\u00e0 t\u00ecnh y\u00eau ch\u00e2n th\u1eadt \u0111\u00e3 d\u1eabn \u0111\u01b0\u1eddng cho ch\u00fang t\u00f4i \u0111\u1ebfn v\u1edbi c\u00e2u chuy\u1ec7n tuy\u1ec7t v\u1eddi n\u00e0y &#8211; c\u00e2u chuy\u1ec7n v\u1ec1 Di\u1ec5m H\u01b0\u01a1ng, c\u00f4 d\u00e2u xinh \u0111\u1eb9p, v\u00e0 Camile, ng\u00f4i nh\u00e0 c\u1ee7a nh\u1eefng chi\u1ebfc v\u00e1y c\u01b0\u1edbi \u0111\u1eb9p nh\u01b0 m\u01a1.<\/p>\n\t<section class=\"section\" id=\"section_1831605630\">\n\t\t<div class=\"bg section-bg fill bg-fill  bg-loaded\" >\n\n\t\t\t\n\t\t\t\n\t\t\t\n\n\t\t<\/div>\n\n\t\t<div class=\"section-content relative\">\n\t\t\t\n\n<div class=\"row\"  id=\"row-1797805438\">\n\n\n\t<div id=\"col-1412686425\" class=\"col small-12 large-12\"  >\n\t\t\t\t<div class=\"col-inner\"  >\n\t\t\t\n\t\t\t\n\n\n  \n    <div class=\"row  lightbox-multi-gallery large-columns-3 medium-columns- small-columns-2\">\n          <div class=\"gallery-col col\" >\n          <div class=\"col-inner\">\n            <a class=\"\" href=\"https:\/\/camile.vn\/en\/wp-content\/uploads\/2023\/02\/Thiet-ke-may-do-vay-cuoi-co-dau-Diem-Huong-1-724x1024.jpeg\" title=\"\">            <div class=\"box has-hover gallery-box box-overlay dark\">\n              <div class=\"box-image\" >\n                <img decoding=\"async\" width=\"1448\" height=\"2048\" src=\"https:\/\/camile.vn\/en\/wp-content\/uploads\/2023\/02\/Thiet-ke-may-do-vay-cuoi-co-dau-Diem-Huong-1.jpeg\" class=\"attachment-original size-original\" alt=\"\" ids=\"9139,9140,9141,9142,9143,9144,9145\" columns=\"3\" image_size=\"original\" srcset=\"https:\/\/camile.vn\/en\/wp-content\/uploads\/2023\/02\/Thiet-ke-may-do-vay-cuoi-co-dau-Diem-Huong-1.jpeg 1448w, https:\/\/camile.vn\/en\/wp-content\/uploads\/2023\/02\/Thiet-ke-may-do-vay-cuoi-co-dau-Diem-Huong-1-510x721.jpeg 510w, https:\/\/camile.vn\/en\/wp-content\/uploads\/2023\/02\/Thiet-ke-may-do-vay-cuoi-co-dau-Diem-Huong-1-300x424.jpeg 300w, https:\/\/camile.vn\/en\/wp-content\/uploads\/2023\/02\/Thiet-ke-may-do-vay-cuoi-co-dau-Diem-Huong-1-724x1024.jpeg 724w, https:\/\/camile.vn\/en\/wp-content\/uploads\/2023\/02\/Thiet-ke-may-do-vay-cuoi-co-dau-Diem-Huong-1-768x1086.jpeg 768w, https:\/\/camile.vn\/en\/wp-content\/uploads\/2023\/02\/Thiet-ke-may-do-vay-cuoi-co-dau-Diem-Huong-1-1086x1536.jpeg 1086w\" sizes=\"(max-width: 1448px) 100vw, 1448px\" \/>                                  <div class=\"overlay fill\"\n                      style=\"background-color: rgba(0,0,0,.15)\">\n                  <\/div>\n                                                              <\/div>\n              <div class=\"box-text text-left\" >\n                 <p><\/p>\n              <\/div>\n            <\/div>\n            <\/a>          <\/div>\n         <\/div>\n                 <div class=\"gallery-col col\" >\n          <div class=\"col-inner\">\n            <a class=\"\" href=\"https:\/\/camile.vn\/en\/wp-content\/uploads\/2023\/02\/Thiet-ke-may-do-vay-cuoi-co-dau-Diem-Huong-2-576x1024.jpeg\" title=\"\">            <div class=\"box has-hover gallery-box box-overlay dark\">\n              <div class=\"box-image\" >\n                <img decoding=\"async\" width=\"1152\" height=\"2048\" src=\"https:\/\/camile.vn\/en\/wp-content\/uploads\/2023\/02\/Thiet-ke-may-do-vay-cuoi-co-dau-Diem-Huong-2.jpeg\" class=\"attachment-original size-original\" alt=\"\" ids=\"9139,9140,9141,9142,9143,9144,9145\" columns=\"3\" image_size=\"original\" srcset=\"https:\/\/camile.vn\/en\/wp-content\/uploads\/2023\/02\/Thiet-ke-may-do-vay-cuoi-co-dau-Diem-Huong-2.jpeg 1152w, https:\/\/camile.vn\/en\/wp-content\/uploads\/2023\/02\/Thiet-ke-may-do-vay-cuoi-co-dau-Diem-Huong-2-510x907.jpeg 510w, https:\/\/camile.vn\/en\/wp-content\/uploads\/2023\/02\/Thiet-ke-may-do-vay-cuoi-co-dau-Diem-Huong-2-300x533.jpeg 300w, https:\/\/camile.vn\/en\/wp-content\/uploads\/2023\/02\/Thiet-ke-may-do-vay-cuoi-co-dau-Diem-Huong-2-576x1024.jpeg 576w, https:\/\/camile.vn\/en\/wp-content\/uploads\/2023\/02\/Thiet-ke-may-do-vay-cuoi-co-dau-Diem-Huong-2-768x1365.jpeg 768w, https:\/\/camile.vn\/en\/wp-content\/uploads\/2023\/02\/Thiet-ke-may-do-vay-cuoi-co-dau-Diem-Huong-2-864x1536.jpeg 864w\" sizes=\"(max-width: 1152px) 100vw, 1152px\" \/>                                  <div class=\"overlay fill\"\n                      style=\"background-color: rgba(0,0,0,.15)\">\n                  <\/div>\n                                                              <\/div>\n              <div class=\"box-text text-left\" >\n                 <p><\/p>\n              <\/div>\n            <\/div>\n            <\/a>          <\/div>\n         <\/div>\n                 <div class=\"gallery-col col\" >\n          <div class=\"col-inner\">\n            <a class=\"\" href=\"https:\/\/camile.vn\/en\/wp-content\/uploads\/2023\/02\/Thiet-ke-may-do-vay-cuoi-co-dau-Diem-Huong-3-768x1024.jpeg\" title=\"\">            <div class=\"box has-hover gallery-box box-overlay dark\">\n              <div class=\"box-image\" >\n                <img decoding=\"async\" width=\"1536\" height=\"2048\" src=\"https:\/\/camile.vn\/en\/wp-content\/uploads\/2023\/02\/Thiet-ke-may-do-vay-cuoi-co-dau-Diem-Huong-3.jpeg\" class=\"attachment-original size-original\" alt=\"\" ids=\"9139,9140,9141,9142,9143,9144,9145\" columns=\"3\" image_size=\"original\" srcset=\"https:\/\/camile.vn\/en\/wp-content\/uploads\/2023\/02\/Thiet-ke-may-do-vay-cuoi-co-dau-Diem-Huong-3.jpeg 1536w, https:\/\/camile.vn\/en\/wp-content\/uploads\/2023\/02\/Thiet-ke-may-do-vay-cuoi-co-dau-Diem-Huong-3-510x680.jpeg 510w, https:\/\/camile.vn\/en\/wp-content\/uploads\/2023\/02\/Thiet-ke-may-do-vay-cuoi-co-dau-Diem-Huong-3-300x400.jpeg 300w, https:\/\/camile.vn\/en\/wp-content\/uploads\/2023\/02\/Thiet-ke-may-do-vay-cuoi-co-dau-Diem-Huong-3-768x1024.jpeg 768w, https:\/\/camile.vn\/en\/wp-content\/uploads\/2023\/02\/Thiet-ke-may-do-vay-cuoi-co-dau-Diem-Huong-3-1152x1536.jpeg 1152w\" sizes=\"(max-width: 1536px) 100vw, 1536px\" \/>                                  <div class=\"overlay fill\"\n                      style=\"background-color: rgba(0,0,0,.15)\">\n                  <\/div>\n                                                              <\/div>\n              <div class=\"box-text text-left\" >\n                 <p><\/p>\n              <\/div>\n            <\/div>\n            <\/a>          <\/div>\n         <\/div>\n                 <div class=\"gallery-col col\" >\n          <div class=\"col-inner\">\n            <a class=\"\" href=\"https:\/\/camile.vn\/en\/wp-content\/uploads\/2023\/02\/Thiet-ke-may-do-vay-cuoi-co-dau-Diem-Huong-4-576x1024.jpeg\" title=\"\">            <div class=\"box has-hover gallery-box box-overlay dark\">\n              <div class=\"box-image\" >\n                <img decoding=\"async\" width=\"1152\" height=\"2048\" src=\"https:\/\/camile.vn\/en\/wp-content\/uploads\/2023\/02\/Thiet-ke-may-do-vay-cuoi-co-dau-Diem-Huong-4.jpeg\" class=\"attachment-original size-original\" alt=\"\" ids=\"9139,9140,9141,9142,9143,9144,9145\" columns=\"3\" image_size=\"original\" srcset=\"https:\/\/camile.vn\/en\/wp-content\/uploads\/2023\/02\/Thiet-ke-may-do-vay-cuoi-co-dau-Diem-Huong-4.jpeg 1152w, https:\/\/camile.vn\/en\/wp-content\/uploads\/2023\/02\/Thiet-ke-may-do-vay-cuoi-co-dau-Diem-Huong-4-510x907.jpeg 510w, https:\/\/camile.vn\/en\/wp-content\/uploads\/2023\/02\/Thiet-ke-may-do-vay-cuoi-co-dau-Diem-Huong-4-300x533.jpeg 300w, https:\/\/camile.vn\/en\/wp-content\/uploads\/2023\/02\/Thiet-ke-may-do-vay-cuoi-co-dau-Diem-Huong-4-576x1024.jpeg 576w, https:\/\/camile.vn\/en\/wp-content\/uploads\/2023\/02\/Thiet-ke-may-do-vay-cuoi-co-dau-Diem-Huong-4-768x1365.jpeg 768w, https:\/\/camile.vn\/en\/wp-content\/uploads\/2023\/02\/Thiet-ke-may-do-vay-cuoi-co-dau-Diem-Huong-4-864x1536.jpeg 864w\" sizes=\"(max-width: 1152px) 100vw, 1152px\" \/>                                  <div class=\"overlay fill\"\n                      style=\"background-color: rgba(0,0,0,.15)\">\n                  <\/div>\n                                                              <\/div>\n              <div class=\"box-text text-left\" >\n                 <p><\/p>\n              <\/div>\n            <\/div>\n            <\/a>          <\/div>\n         <\/div>\n                 <div class=\"gallery-col col\" >\n          <div class=\"col-inner\">\n            <a class=\"\" href=\"https:\/\/camile.vn\/en\/wp-content\/uploads\/2023\/02\/Thiet-ke-may-do-vay-cuoi-co-dau-Diem-Huong-5-576x1024.jpeg\" title=\"\">            <div class=\"box has-hover gallery-box box-overlay dark\">\n              <div class=\"box-image\" >\n                <img decoding=\"async\" width=\"1152\" height=\"2048\" src=\"https:\/\/camile.vn\/en\/wp-content\/uploads\/2023\/02\/Thiet-ke-may-do-vay-cuoi-co-dau-Diem-Huong-5.jpeg\" class=\"attachment-original size-original\" alt=\"\" ids=\"9139,9140,9141,9142,9143,9144,9145\" columns=\"3\" image_size=\"original\" srcset=\"https:\/\/camile.vn\/en\/wp-content\/uploads\/2023\/02\/Thiet-ke-may-do-vay-cuoi-co-dau-Diem-Huong-5.jpeg 1152w, https:\/\/camile.vn\/en\/wp-content\/uploads\/2023\/02\/Thiet-ke-may-do-vay-cuoi-co-dau-Diem-Huong-5-510x907.jpeg 510w, https:\/\/camile.vn\/en\/wp-content\/uploads\/2023\/02\/Thiet-ke-may-do-vay-cuoi-co-dau-Diem-Huong-5-300x533.jpeg 300w, https:\/\/camile.vn\/en\/wp-content\/uploads\/2023\/02\/Thiet-ke-may-do-vay-cuoi-co-dau-Diem-Huong-5-576x1024.jpeg 576w, https:\/\/camile.vn\/en\/wp-content\/uploads\/2023\/02\/Thiet-ke-may-do-vay-cuoi-co-dau-Diem-Huong-5-768x1365.jpeg 768w, https:\/\/camile.vn\/en\/wp-content\/uploads\/2023\/02\/Thiet-ke-may-do-vay-cuoi-co-dau-Diem-Huong-5-864x1536.jpeg 864w\" sizes=\"(max-width: 1152px) 100vw, 1152px\" \/>                                  <div class=\"overlay fill\"\n                      style=\"background-color: rgba(0,0,0,.15)\">\n                  <\/div>\n                                                              <\/div>\n              <div class=\"box-text text-left\" >\n                 <p><\/p>\n              <\/div>\n            <\/div>\n            <\/a>          <\/div>\n         <\/div>\n                 <div class=\"gallery-col col\" >\n          <div class=\"col-inner\">\n            <a class=\"\" href=\"https:\/\/camile.vn\/en\/wp-content\/uploads\/2023\/02\/Thiet-ke-may-do-vay-cuoi-co-dau-Diem-Huong-6-576x1024.jpeg\" title=\"\">            <div class=\"box has-hover gallery-box box-overlay dark\">\n              <div class=\"box-image\" >\n                <img decoding=\"async\" width=\"1152\" height=\"2048\" src=\"https:\/\/camile.vn\/en\/wp-content\/uploads\/2023\/02\/Thiet-ke-may-do-vay-cuoi-co-dau-Diem-Huong-6.jpeg\" class=\"attachment-original size-original\" alt=\"\" ids=\"9139,9140,9141,9142,9143,9144,9145\" columns=\"3\" image_size=\"original\" srcset=\"https:\/\/camile.vn\/en\/wp-content\/uploads\/2023\/02\/Thiet-ke-may-do-vay-cuoi-co-dau-Diem-Huong-6.jpeg 1152w, https:\/\/camile.vn\/en\/wp-content\/uploads\/2023\/02\/Thiet-ke-may-do-vay-cuoi-co-dau-Diem-Huong-6-510x907.jpeg 510w, https:\/\/camile.vn\/en\/wp-content\/uploads\/2023\/02\/Thiet-ke-may-do-vay-cuoi-co-dau-Diem-Huong-6-300x533.jpeg 300w, https:\/\/camile.vn\/en\/wp-content\/uploads\/2023\/02\/Thiet-ke-may-do-vay-cuoi-co-dau-Diem-Huong-6-576x1024.jpeg 576w, https:\/\/camile.vn\/en\/wp-content\/uploads\/2023\/02\/Thiet-ke-may-do-vay-cuoi-co-dau-Diem-Huong-6-768x1365.jpeg 768w, https:\/\/camile.vn\/en\/wp-content\/uploads\/2023\/02\/Thiet-ke-may-do-vay-cuoi-co-dau-Diem-Huong-6-864x1536.jpeg 864w\" sizes=\"(max-width: 1152px) 100vw, 1152px\" \/>                                  <div class=\"overlay fill\"\n                      style=\"background-color: rgba(0,0,0,.15)\">\n                  <\/div>\n                                                              <\/div>\n              <div class=\"box-text text-left\" >\n                 <p><\/p>\n              <\/div>\n            <\/div>\n            <\/a>          <\/div>\n         <\/div>\n                 <div class=\"gallery-col col\" >\n          <div class=\"col-inner\">\n            <a class=\"\" href=\"https:\/\/camile.vn\/en\/wp-content\/uploads\/2023\/02\/Thiet-ke-may-do-vay-cuoi-co-dau-Diem-Huong-7-689x1024.jpeg\" title=\"\">            <div class=\"box has-hover gallery-box box-overlay dark\">\n              <div class=\"box-image\" >\n                <img decoding=\"async\" width=\"1378\" height=\"2048\" src=\"https:\/\/camile.vn\/en\/wp-content\/uploads\/2023\/02\/Thiet-ke-may-do-vay-cuoi-co-dau-Diem-Huong-7.jpeg\" class=\"attachment-original size-original\" alt=\"\" ids=\"9139,9140,9141,9142,9143,9144,9145\" columns=\"3\" image_size=\"original\" srcset=\"https:\/\/camile.vn\/en\/wp-content\/uploads\/2023\/02\/Thiet-ke-may-do-vay-cuoi-co-dau-Diem-Huong-7.jpeg 1378w, https:\/\/camile.vn\/en\/wp-content\/uploads\/2023\/02\/Thiet-ke-may-do-vay-cuoi-co-dau-Diem-Huong-7-510x758.jpeg 510w, https:\/\/camile.vn\/en\/wp-content\/uploads\/2023\/02\/Thiet-ke-may-do-vay-cuoi-co-dau-Diem-Huong-7-300x446.jpeg 300w, https:\/\/camile.vn\/en\/wp-content\/uploads\/2023\/02\/Thiet-ke-may-do-vay-cuoi-co-dau-Diem-Huong-7-689x1024.jpeg 689w, https:\/\/camile.vn\/en\/wp-content\/uploads\/2023\/02\/Thiet-ke-may-do-vay-cuoi-co-dau-Diem-Huong-7-768x1141.jpeg 768w, https:\/\/camile.vn\/en\/wp-content\/uploads\/2023\/02\/Thiet-ke-may-do-vay-cuoi-co-dau-Diem-Huong-7-1034x1536.jpeg 1034w\" sizes=\"(max-width: 1378px) 100vw, 1378px\" \/>                                  <div class=\"overlay fill\"\n                      style=\"background-color: rgba(0,0,0,.15)\">\n                  <\/div>\n                                                              <\/div>\n              <div class=\"box-text text-left\" >\n                 <p><\/p>\n              <\/div>\n            <\/div>\n            <\/a>          <\/div>\n         <\/div>\n         <\/div>\n\n\n\t\t<\/div>\n\t\t\t\t\t<\/div>\n\n\t\n\n<\/div>\n\n\t\t<\/div>\n\n\t\t\n<style>\n#section_1831605630 {\n  padding-top: 30px;\n  padding-bottom: 30px;\n}\n<\/style>\n\t<\/section>\n\t\n<p>???? \u0110\u1ea5t n\u01b0\u1edbc Thu\u1ef5 S\u0129 xa x\u00f4i l\u00e0 n\u01a1i m\u00e0 Camile \u0111\u00e3 ho\u00e0n th\u00e0nh s\u1ee9 m\u1ec7nh c\u1ee7a m\u00ecnh, bi\u1ebfn gi\u1ea5c m\u01a1 v\u00e1y c\u01b0\u1edbi c\u1ee7a Di\u1ec5m H\u01b0\u01a1ng th\u00e0nh hi\u1ec7n th\u1ef1c. Trong h\u00e0nh tr\u00ecnh chu\u1ea9n b\u1ecb cho ng\u00e0y tr\u1ecdng \u0111\u1ea1i, Di\u1ec5m H\u01b0\u01a1ng \u0111\u00e3 t\u00ecnh c\u1edd g\u1eb7p nh\u1eefng h\u00ecnh \u1ea3nh tuy\u1ec7t \u0111\u1eb9p, nh\u1eefng th\u00f4ng \u0111i\u1ec7p \u00fd ngh\u0129a m\u00e0 Camile truy\u1ec1n t\u1ea3i.<\/p>\n<p>???? Th\u1ea5u hi\u1ec3u v\u00e0 chia s\u1ebb nh\u1eefng \u1ea5p \u1ee7 c\u1ee7a Di\u1ec5m H\u01b0\u01a1ng, ch\u00fang t\u00f4i \u0111\u00e3 t\u1ea1o ra nh\u1eefng kho\u1ea3nh kh\u1eafc tr\u00f2 chuy\u1ec7n \u0111\u00e1ng nh\u1edb. D\u00f9 xa c\u00e1ch \u0111\u1ecba l\u00fd, nh\u01b0ng t\u00ecnh c\u1ea3m v\u00e0 ni\u1ec1m tin \u0111\u00e3 \u0111\u01b0\u1ee3c g\u1eedi g\u1eafm trong nh\u1eefng d\u00f2ng tin nh\u1eafn trao \u0111\u1ed5i tr\u1ef1c tuy\u1ebfn. Ch\u00fang t\u00f4i mu\u1ed1n n\u1eafm l\u1ea5y \u01b0\u1edbc m\u01a1 c\u1ee7a Di\u1ec5m H\u01b0\u01a1ng v\u00e0 bi\u1ebfn n\u00f3 th\u00e0nh s\u1ef1 th\u1ef1c.<\/p>\n<p>???? V\u00e0 gi\u1edd \u0111\u00e2y, v\u1edbi ni\u1ec1m h\u1ea1nh ph\u00fac v\u00e0 t\u1ef1 tin, ch\u00fang t\u00f4i xin gi\u1edbi thi\u1ec7u m\u1eabu v\u00e1y c\u01b0\u1edbi ho\u00e0n thi\u1ec7n &#8211; m\u1ed9t t\u00e1c ph\u1ea9m s\u00e1ng t\u1ea1o \u0111\u00edch th\u1ef1c, v\u1eeba v\u1eb7n v\u1edbi nh\u1eefng mong \u0111\u1ee3i v\u00e0 \u01b0\u1edbc m\u01a1 c\u1ee7a Di\u1ec5m H\u01b0\u01a1ng. \u0110\u00f3 l\u00e0 l\u1eddi cam k\u1ebft ch\u00e2n th\u00e0nh c\u1ee7a ch\u00fang t\u00f4i v\u1edbi t\u1ea5t c\u1ea3 c\u00e1c c\u00f4 d\u00e2u, b\u1ea5t k\u1ec3 n\u01a1i b\u1ea1n \u0111ang \u1edf.<\/p>\n<p>&nbsp;<\/p>\n","protected":false},"excerpt":{"rendered":"<p>\u2764\ufe0f Nh\u1eefng n\u1ee5 c\u01b0\u1eddi r\u1ea1ng r\u1ee1, nh\u1eefng gi\u1ea5c m\u01a1 tr\u00e0n \u0111\u1ea7y h\u1ea1nh ph\u00fac, v\u00e0 t\u00ecnh y\u00eau ch\u00e2n th\u1eadt \u0111\u00e3 d\u1eabn \u0111\u01b0\u1eddng cho ch\u00fang t\u00f4i \u0111\u1ebfn v\u1edbi c\u00e2u chuy\u1ec7n tuy\u1ec7t v\u1eddi n\u00e0y &#8211; c\u00e2u chuy\u1ec7n v\u1ec1 Di\u1ec5m H\u01b0\u01a1ng, c\u00f4 d\u00e2u xinh \u0111\u1eb9p, v\u00e0 Camile, ng\u00f4i nh\u00e0 c\u1ee7a nh\u1eefng chi\u1ebfc v\u00e1y c\u01b0\u1edbi \u0111\u1eb9p nh\u01b0 m\u01a1.<\/p>\n","protected":false},"featured_media":9145,"comment_status":"closed","ping_status":"closed","template":"","meta":[],"product_brand":[],"product_cat":[15],"product_tag":[],"class_list":{"0":"post-9147","1":"product","2":"type-product","3":"status-publish","4":"has-post-thumbnail","6":"product_cat-made-to-measure-wedding-dresses-designs","8":"first","9":"instock","10":"shipping-taxable","11":"product-type-simple"},"yoast_head":"<!-- This site is optimized with the Yoast SEO Premium plugin v18.0 (Yoast SEO v25.2) - https:\/\/yoast.com\/wordpress\/plugins\/seo\/ -->\n<title>Thi\u1ebft k\u1ebf may \u0111o v\u00e1y c\u01b0\u1edbi c\u00f4 d\u00e2u Di\u1ec5m H\u01b0\u01a1ng - CAMILE BRIDAL<\/title>\n<meta name=\"robots\" content=\"index, follow, max-snippet:-1, max-image-preview:large, max-video-preview:-1\" \/>\n<link rel=\"canonical\" href=\"https:\/\/camile.vn\/en\/product\/thiet-ke-may-do-vay-cuoi-co-dau-diem-huong\/\" \/>\n<meta property=\"og:locale\" content=\"en_US\" \/>\n<meta property=\"og:type\" content=\"article\" \/>\n<meta property=\"og:title\" content=\"Thi\u1ebft k\u1ebf may \u0111o v\u00e1y c\u01b0\u1edbi c\u00f4 d\u00e2u Di\u1ec5m H\u01b0\u01a1ng\" \/>\n<meta property=\"og:description\" content=\"\u2764\ufe0f Nh\u1eefng n\u1ee5 c\u01b0\u1eddi r\u1ea1ng r\u1ee1, nh\u1eefng gi\u1ea5c m\u01a1 tr\u00e0n \u0111\u1ea7y h\u1ea1nh ph\u00fac, v\u00e0 t\u00ecnh y\u00eau ch\u00e2n th\u1eadt \u0111\u00e3 d\u1eabn \u0111\u01b0\u1eddng cho ch\u00fang t\u00f4i \u0111\u1ebfn v\u1edbi c\u00e2u chuy\u1ec7n tuy\u1ec7t v\u1eddi n\u00e0y - c\u00e2u chuy\u1ec7n v\u1ec1 Di\u1ec5m H\u01b0\u01a1ng, c\u00f4 d\u00e2u xinh \u0111\u1eb9p, v\u00e0 Camile, ng\u00f4i nh\u00e0 c\u1ee7a nh\u1eefng chi\u1ebfc v\u00e1y c\u01b0\u1edbi \u0111\u1eb9p nh\u01b0 m\u01a1.\" \/>\n<meta property=\"og:url\" content=\"https:\/\/camile.vn\/en\/product\/thiet-ke-may-do-vay-cuoi-co-dau-diem-huong\/\" \/>\n<meta property=\"og:site_name\" content=\"CAMILE BRIDAL\" \/>\n<meta property=\"article:modified_time\" content=\"2023-05-19T02:48:33+00:00\" \/>\n<meta property=\"og:image\" content=\"https:\/\/camile.vn\/en\/wp-content\/uploads\/2023\/02\/Thiet-ke-may-do-vay-cuoi-co-dau-Diem-Huong-7.jpeg\" \/>\n\t<meta property=\"og:image:width\" content=\"1378\" \/>\n\t<meta property=\"og:image:height\" content=\"2048\" \/>\n\t<meta property=\"og:image:type\" content=\"image\/jpeg\" \/>\n<meta name=\"twitter:card\" content=\"summary_large_image\" \/>\n<meta name=\"twitter:label1\" content=\"Est. reading time\" \/>\n\t<meta name=\"twitter:data1\" content=\"2 minutes\" \/>\n<script type=\"application\/ld+json\" class=\"yoast-schema-graph\">{\"@context\":\"https:\/\/schema.org\",\"@graph\":[{\"@type\":\"WebPage\",\"@id\":\"https:\/\/camile.vn\/en\/product\/thiet-ke-may-do-vay-cuoi-co-dau-diem-huong\/\",\"url\":\"https:\/\/camile.vn\/en\/product\/thiet-ke-may-do-vay-cuoi-co-dau-diem-huong\/\",\"name\":\"Thi\u1ebft k\u1ebf may \u0111o v\u00e1y c\u01b0\u1edbi c\u00f4 d\u00e2u Di\u1ec5m H\u01b0\u01a1ng - CAMILE BRIDAL\",\"isPartOf\":{\"@id\":\"https:\/\/camile.vn\/en\/#website\"},\"primaryImageOfPage\":{\"@id\":\"https:\/\/camile.vn\/en\/product\/thiet-ke-may-do-vay-cuoi-co-dau-diem-huong\/#primaryimage\"},\"image\":{\"@id\":\"https:\/\/camile.vn\/en\/product\/thiet-ke-may-do-vay-cuoi-co-dau-diem-huong\/#primaryimage\"},\"thumbnailUrl\":\"https:\/\/camile.vn\/en\/wp-content\/uploads\/2023\/02\/Thiet-ke-may-do-vay-cuoi-co-dau-Diem-Huong-7.jpeg\",\"datePublished\":\"2023-02-09T04:24:56+00:00\",\"dateModified\":\"2023-05-19T02:48:33+00:00\",\"breadcrumb\":{\"@id\":\"https:\/\/camile.vn\/en\/product\/thiet-ke-may-do-vay-cuoi-co-dau-diem-huong\/#breadcrumb\"},\"inLanguage\":\"en-US\",\"potentialAction\":[{\"@type\":\"ReadAction\",\"target\":[\"https:\/\/camile.vn\/en\/product\/thiet-ke-may-do-vay-cuoi-co-dau-diem-huong\/\"]}]},{\"@type\":\"ImageObject\",\"inLanguage\":\"en-US\",\"@id\":\"https:\/\/camile.vn\/en\/product\/thiet-ke-may-do-vay-cuoi-co-dau-diem-huong\/#primaryimage\",\"url\":\"https:\/\/camile.vn\/en\/wp-content\/uploads\/2023\/02\/Thiet-ke-may-do-vay-cuoi-co-dau-Diem-Huong-7.jpeg\",\"contentUrl\":\"https:\/\/camile.vn\/en\/wp-content\/uploads\/2023\/02\/Thiet-ke-may-do-vay-cuoi-co-dau-Diem-Huong-7.jpeg\",\"width\":1378,\"height\":2048},{\"@type\":\"BreadcrumbList\",\"@id\":\"https:\/\/camile.vn\/en\/product\/thiet-ke-may-do-vay-cuoi-co-dau-diem-huong\/#breadcrumb\",\"itemListElement\":[{\"@type\":\"ListItem\",\"position\":1,\"name\":\"Home\",\"item\":\"https:\/\/camile.vn\/en\/\"},{\"@type\":\"ListItem\",\"position\":2,\"name\":\"C\u1eeda h\u00e0ng\",\"item\":\"https:\/\/camile.vn\/en\/cua-hang\/\"},{\"@type\":\"ListItem\",\"position\":3,\"name\":\"Thi\u1ebft k\u1ebf may \u0111o v\u00e1y c\u01b0\u1edbi c\u00f4 d\u00e2u Di\u1ec5m H\u01b0\u01a1ng\"}]},{\"@type\":\"WebSite\",\"@id\":\"https:\/\/camile.vn\/en\/#website\",\"url\":\"https:\/\/camile.vn\/en\/\",\"name\":\"CAMILE BRIDAL\",\"description\":\"WHERE WEDDING DRESSES ARE ELITE\",\"potentialAction\":[{\"@type\":\"SearchAction\",\"target\":{\"@type\":\"EntryPoint\",\"urlTemplate\":\"https:\/\/camile.vn\/en\/?s={search_term_string}\"},\"query-input\":{\"@type\":\"PropertyValueSpecification\",\"valueRequired\":true,\"valueName\":\"search_term_string\"}}],\"inLanguage\":\"en-US\"}]}<\/script>\n<!-- \/ Yoast SEO Premium plugin. -->","yoast_head_json":{"title":"Thi\u1ebft k\u1ebf may \u0111o v\u00e1y c\u01b0\u1edbi c\u00f4 d\u00e2u Di\u1ec5m H\u01b0\u01a1ng - CAMILE BRIDAL","robots":{"index":"index","follow":"follow","max-snippet":"max-snippet:-1","max-image-preview":"max-image-preview:large","max-video-preview":"max-video-preview:-1"},"canonical":"https:\/\/camile.vn\/en\/product\/thiet-ke-may-do-vay-cuoi-co-dau-diem-huong\/","og_locale":"en_US","og_type":"article","og_title":"Thi\u1ebft k\u1ebf may \u0111o v\u00e1y c\u01b0\u1edbi c\u00f4 d\u00e2u Di\u1ec5m H\u01b0\u01a1ng","og_description":"\u2764\ufe0f Nh\u1eefng n\u1ee5 c\u01b0\u1eddi r\u1ea1ng r\u1ee1, nh\u1eefng gi\u1ea5c m\u01a1 tr\u00e0n \u0111\u1ea7y h\u1ea1nh ph\u00fac, v\u00e0 t\u00ecnh y\u00eau ch\u00e2n th\u1eadt \u0111\u00e3 d\u1eabn \u0111\u01b0\u1eddng cho ch\u00fang t\u00f4i \u0111\u1ebfn v\u1edbi c\u00e2u chuy\u1ec7n tuy\u1ec7t v\u1eddi n\u00e0y - c\u00e2u chuy\u1ec7n v\u1ec1 Di\u1ec5m H\u01b0\u01a1ng, c\u00f4 d\u00e2u xinh \u0111\u1eb9p, v\u00e0 Camile, ng\u00f4i nh\u00e0 c\u1ee7a nh\u1eefng chi\u1ebfc v\u00e1y c\u01b0\u1edbi \u0111\u1eb9p nh\u01b0 m\u01a1.","og_url":"https:\/\/camile.vn\/en\/product\/thiet-ke-may-do-vay-cuoi-co-dau-diem-huong\/","og_site_name":"CAMILE BRIDAL","article_modified_time":"2023-05-19T02:48:33+00:00","og_image":[{"width":1378,"height":2048,"url":"https:\/\/camile.vn\/en\/wp-content\/uploads\/2023\/02\/Thiet-ke-may-do-vay-cuoi-co-dau-Diem-Huong-7.jpeg","type":"image\/jpeg"}],"twitter_card":"summary_large_image","twitter_misc":{"Est. reading time":"2 minutes"},"schema":{"@context":"https:\/\/schema.org","@graph":[{"@type":"WebPage","@id":"https:\/\/camile.vn\/en\/product\/thiet-ke-may-do-vay-cuoi-co-dau-diem-huong\/","url":"https:\/\/camile.vn\/en\/product\/thiet-ke-may-do-vay-cuoi-co-dau-diem-huong\/","name":"Thi\u1ebft k\u1ebf may \u0111o v\u00e1y c\u01b0\u1edbi c\u00f4 d\u00e2u Di\u1ec5m H\u01b0\u01a1ng - CAMILE BRIDAL","isPartOf":{"@id":"https:\/\/camile.vn\/en\/#website"},"primaryImageOfPage":{"@id":"https:\/\/camile.vn\/en\/product\/thiet-ke-may-do-vay-cuoi-co-dau-diem-huong\/#primaryimage"},"image":{"@id":"https:\/\/camile.vn\/en\/product\/thiet-ke-may-do-vay-cuoi-co-dau-diem-huong\/#primaryimage"},"thumbnailUrl":"https:\/\/camile.vn\/en\/wp-content\/uploads\/2023\/02\/Thiet-ke-may-do-vay-cuoi-co-dau-Diem-Huong-7.jpeg","datePublished":"2023-02-09T04:24:56+00:00","dateModified":"2023-05-19T02:48:33+00:00","breadcrumb":{"@id":"https:\/\/camile.vn\/en\/product\/thiet-ke-may-do-vay-cuoi-co-dau-diem-huong\/#breadcrumb"},"inLanguage":"en-US","potentialAction":[{"@type":"ReadAction","target":["https:\/\/camile.vn\/en\/product\/thiet-ke-may-do-vay-cuoi-co-dau-diem-huong\/"]}]},{"@type":"ImageObject","inLanguage":"en-US","@id":"https:\/\/camile.vn\/en\/product\/thiet-ke-may-do-vay-cuoi-co-dau-diem-huong\/#primaryimage","url":"https:\/\/camile.vn\/en\/wp-content\/uploads\/2023\/02\/Thiet-ke-may-do-vay-cuoi-co-dau-Diem-Huong-7.jpeg","contentUrl":"https:\/\/camile.vn\/en\/wp-content\/uploads\/2023\/02\/Thiet-ke-may-do-vay-cuoi-co-dau-Diem-Huong-7.jpeg","width":1378,"height":2048},{"@type":"BreadcrumbList","@id":"https:\/\/camile.vn\/en\/product\/thiet-ke-may-do-vay-cuoi-co-dau-diem-huong\/#breadcrumb","itemListElement":[{"@type":"ListItem","position":1,"name":"Home","item":"https:\/\/camile.vn\/en\/"},{"@type":"ListItem","position":2,"name":"C\u1eeda h\u00e0ng","item":"https:\/\/camile.vn\/en\/cua-hang\/"},{"@type":"ListItem","position":3,"name":"Thi\u1ebft k\u1ebf may \u0111o v\u00e1y c\u01b0\u1edbi c\u00f4 d\u00e2u Di\u1ec5m H\u01b0\u01a1ng"}]},{"@type":"WebSite","@id":"https:\/\/camile.vn\/en\/#website","url":"https:\/\/camile.vn\/en\/","name":"CAMILE BRIDAL","description":"WHERE WEDDING DRESSES ARE ELITE","potentialAction":[{"@type":"SearchAction","target":{"@type":"EntryPoint","urlTemplate":"https:\/\/camile.vn\/en\/?s={search_term_string}"},"query-input":{"@type":"PropertyValueSpecification","valueRequired":true,"valueName":"search_term_string"}}],"inLanguage":"en-US"}]}},"_links":{"self":[{"href":"https:\/\/camile.vn\/en\/wp-json\/wp\/v2\/product\/9147","targetHints":{"allow":["GET"]}}],"collection":[{"href":"https:\/\/camile.vn\/en\/wp-json\/wp\/v2\/product"}],"about":[{"href":"https:\/\/camile.vn\/en\/wp-json\/wp\/v2\/types\/product"}],"replies":[{"embeddable":true,"href":"https:\/\/camile.vn\/en\/wp-json\/wp\/v2\/comments?post=9147"}],"wp:featuredmedia":[{"embeddable":true,"href":"https:\/\/camile.vn\/en\/wp-json\/wp\/v2\/media\/9145"}],"wp:attachment":[{"href":"https:\/\/camile.vn\/en\/wp-json\/wp\/v2\/media?parent=9147"}],"wp:term":[{"taxonomy":"product_brand","embeddable":true,"href":"https:\/\/camile.vn\/en\/wp-json\/wp\/v2\/product_brand?post=9147"},{"taxonomy":"product_cat","embeddable":true,"href":"https:\/\/camile.vn\/en\/wp-json\/wp\/v2\/product_cat?post=9147"},{"taxonomy":"product_tag","embeddable":true,"href":"https:\/\/camile.vn\/en\/wp-json\/wp\/v2\/product_tag?post=9147"}],"curies":[{"name":"wp","href":"https:\/\/api.w.org\/{rel}","templated":true}]}}