{"id":9156,"date":"2023-02-09T04:28:39","date_gmt":"2023-02-09T04:28:39","guid":{"rendered":"https:\/\/camile.vn\/en\/?post_type=product&#038;p=9156"},"modified":"2023-05-19T03:24:44","modified_gmt":"2023-05-19T03:24:44","slug":"thiet-ke-may-do-vay-cuoi-co-dau-thu-trang","status":"publish","type":"product","link":"https:\/\/camile.vn\/en\/product\/thiet-ke-may-do-vay-cuoi-co-dau-thu-trang\/","title":{"rendered":"Thi\u1ebft k\u1ebf may \u0111o v\u00e1y c\u01b0\u1edbi c\u00f4 d\u00e2u Thu Trang"},"content":{"rendered":"<p>???? ???????????????????????? s\u1ee9 gi\u1ea3 h\u1ea1nh ph\u00fac&#8230;<\/p>\n<p>???? M\u1ed9t c\u00e1i nh\u00ecn tho\u00e1ng qua, v\u00e0 tr\u00e1i tim c\u1ee7a b\u1ea1n s\u1ebd \u0111\u1eadp nhanh khi ch\u1ee9ng ki\u1ebfn n\u1ee5 c\u01b0\u1eddi r\u1ea1ng ng\u1eddi tr\u00ean khu\u00f4n m\u1eb7t c\u1ee7a c\u00f4 d\u00e2u Thu Trang. \u00c1nh m\u1eaft tr\u00e0n \u0111\u1ea7y h\u1ea1nh ph\u00fac t\u1eeb ch\u00e0ng r\u1ec3 Camile \u0111\u00e3 bi\u1ebfn m\u1ecdi th\u1ee9 tr\u1edf n\u00ean ho\u00e0n h\u1ea3o, l\u00e0m cho tu\u1ea7n m\u1edbi c\u1ee7a b\u1ea1n tr\u00e0n \u0111\u1ea7y n\u0103ng l\u01b0\u1ee3ng.<\/p>\n\t<section class=\"section\" id=\"section_1018786210\">\n\t\t<div class=\"bg section-bg fill bg-fill  bg-loaded\" >\n\n\t\t\t\n\t\t\t\n\t\t\t\n\n\t\t<\/div>\n\n\t\t<div class=\"section-content relative\">\n\t\t\t\n\n<div class=\"row\"  id=\"row-288053078\">\n\n\n\t<div id=\"col-404964781\" class=\"col small-12 large-12\"  >\n\t\t\t\t<div class=\"col-inner\"  >\n\t\t\t\n\t\t\t\n\n\n  \n    <div class=\"row  lightbox-multi-gallery large-columns-3 medium-columns- small-columns-2\">\n          <div class=\"gallery-col col\" >\n          <div class=\"col-inner\">\n            <a class=\"\" href=\"https:\/\/camile.vn\/en\/wp-content\/uploads\/2023\/02\/Thiet-ke-may-do-vay-cuoi-co-dau-Thu-Trang-1-724x1024.jpeg\" title=\"\">            <div class=\"box has-hover gallery-box box-overlay dark\">\n              <div class=\"box-image\" >\n                <img decoding=\"async\" width=\"1448\" height=\"2048\" src=\"https:\/\/camile.vn\/en\/wp-content\/uploads\/2023\/02\/Thiet-ke-may-do-vay-cuoi-co-dau-Thu-Trang-1.jpeg\" class=\"attachment-original size-original\" alt=\"\" ids=\"9150,9151,9152,9153,9154\" columns=\"3\" image_size=\"original\" srcset=\"https:\/\/camile.vn\/en\/wp-content\/uploads\/2023\/02\/Thiet-ke-may-do-vay-cuoi-co-dau-Thu-Trang-1.jpeg 1448w, https:\/\/camile.vn\/en\/wp-content\/uploads\/2023\/02\/Thiet-ke-may-do-vay-cuoi-co-dau-Thu-Trang-1-510x721.jpeg 510w, https:\/\/camile.vn\/en\/wp-content\/uploads\/2023\/02\/Thiet-ke-may-do-vay-cuoi-co-dau-Thu-Trang-1-300x424.jpeg 300w, https:\/\/camile.vn\/en\/wp-content\/uploads\/2023\/02\/Thiet-ke-may-do-vay-cuoi-co-dau-Thu-Trang-1-724x1024.jpeg 724w, https:\/\/camile.vn\/en\/wp-content\/uploads\/2023\/02\/Thiet-ke-may-do-vay-cuoi-co-dau-Thu-Trang-1-768x1086.jpeg 768w, https:\/\/camile.vn\/en\/wp-content\/uploads\/2023\/02\/Thiet-ke-may-do-vay-cuoi-co-dau-Thu-Trang-1-1086x1536.jpeg 1086w\" sizes=\"(max-width: 1448px) 100vw, 1448px\" \/>                                  <div class=\"overlay fill\"\n                      style=\"background-color: rgba(0,0,0,.15)\">\n                  <\/div>\n                                                              <\/div>\n              <div class=\"box-text text-left\" >\n                 <p><\/p>\n              <\/div>\n            <\/div>\n            <\/a>          <\/div>\n         <\/div>\n                 <div class=\"gallery-col col\" >\n          <div class=\"col-inner\">\n            <a class=\"\" href=\"https:\/\/camile.vn\/en\/wp-content\/uploads\/2023\/02\/Thiet-ke-may-do-vay-cuoi-co-dau-Thu-Trang-2-683x1024.jpeg\" title=\"\">            <div class=\"box has-hover gallery-box box-overlay dark\">\n              <div class=\"box-image\" >\n                <img decoding=\"async\" width=\"1365\" height=\"2048\" src=\"https:\/\/camile.vn\/en\/wp-content\/uploads\/2023\/02\/Thiet-ke-may-do-vay-cuoi-co-dau-Thu-Trang-2.jpeg\" class=\"attachment-original size-original\" alt=\"\" ids=\"9150,9151,9152,9153,9154\" columns=\"3\" image_size=\"original\" srcset=\"https:\/\/camile.vn\/en\/wp-content\/uploads\/2023\/02\/Thiet-ke-may-do-vay-cuoi-co-dau-Thu-Trang-2.jpeg 1365w, https:\/\/camile.vn\/en\/wp-content\/uploads\/2023\/02\/Thiet-ke-may-do-vay-cuoi-co-dau-Thu-Trang-2-510x765.jpeg 510w, https:\/\/camile.vn\/en\/wp-content\/uploads\/2023\/02\/Thiet-ke-may-do-vay-cuoi-co-dau-Thu-Trang-2-300x450.jpeg 300w, https:\/\/camile.vn\/en\/wp-content\/uploads\/2023\/02\/Thiet-ke-may-do-vay-cuoi-co-dau-Thu-Trang-2-683x1024.jpeg 683w, https:\/\/camile.vn\/en\/wp-content\/uploads\/2023\/02\/Thiet-ke-may-do-vay-cuoi-co-dau-Thu-Trang-2-768x1152.jpeg 768w, https:\/\/camile.vn\/en\/wp-content\/uploads\/2023\/02\/Thiet-ke-may-do-vay-cuoi-co-dau-Thu-Trang-2-1024x1536.jpeg 1024w\" sizes=\"(max-width: 1365px) 100vw, 1365px\" \/>                                  <div class=\"overlay fill\"\n                      style=\"background-color: rgba(0,0,0,.15)\">\n                  <\/div>\n                                                              <\/div>\n              <div class=\"box-text text-left\" >\n                 <p><\/p>\n              <\/div>\n            <\/div>\n            <\/a>          <\/div>\n         <\/div>\n                 <div class=\"gallery-col col\" >\n          <div class=\"col-inner\">\n            <a class=\"\" href=\"https:\/\/camile.vn\/en\/wp-content\/uploads\/2023\/02\/Thiet-ke-may-do-vay-cuoi-co-dau-Thu-Trang-3-683x1024.jpeg\" title=\"\">            <div class=\"box has-hover gallery-box box-overlay dark\">\n              <div class=\"box-image\" >\n                <img decoding=\"async\" width=\"1365\" height=\"2048\" src=\"https:\/\/camile.vn\/en\/wp-content\/uploads\/2023\/02\/Thiet-ke-may-do-vay-cuoi-co-dau-Thu-Trang-3.jpeg\" class=\"attachment-original size-original\" alt=\"\" ids=\"9150,9151,9152,9153,9154\" columns=\"3\" image_size=\"original\" srcset=\"https:\/\/camile.vn\/en\/wp-content\/uploads\/2023\/02\/Thiet-ke-may-do-vay-cuoi-co-dau-Thu-Trang-3.jpeg 1365w, https:\/\/camile.vn\/en\/wp-content\/uploads\/2023\/02\/Thiet-ke-may-do-vay-cuoi-co-dau-Thu-Trang-3-510x765.jpeg 510w, https:\/\/camile.vn\/en\/wp-content\/uploads\/2023\/02\/Thiet-ke-may-do-vay-cuoi-co-dau-Thu-Trang-3-300x450.jpeg 300w, https:\/\/camile.vn\/en\/wp-content\/uploads\/2023\/02\/Thiet-ke-may-do-vay-cuoi-co-dau-Thu-Trang-3-683x1024.jpeg 683w, https:\/\/camile.vn\/en\/wp-content\/uploads\/2023\/02\/Thiet-ke-may-do-vay-cuoi-co-dau-Thu-Trang-3-768x1152.jpeg 768w, https:\/\/camile.vn\/en\/wp-content\/uploads\/2023\/02\/Thiet-ke-may-do-vay-cuoi-co-dau-Thu-Trang-3-1024x1536.jpeg 1024w\" sizes=\"(max-width: 1365px) 100vw, 1365px\" \/>                                  <div class=\"overlay fill\"\n                      style=\"background-color: rgba(0,0,0,.15)\">\n                  <\/div>\n                                                              <\/div>\n              <div class=\"box-text text-left\" >\n                 <p><\/p>\n              <\/div>\n            <\/div>\n            <\/a>          <\/div>\n         <\/div>\n                 <div class=\"gallery-col col\" >\n          <div class=\"col-inner\">\n            <a class=\"\" href=\"https:\/\/camile.vn\/en\/wp-content\/uploads\/2023\/02\/Thiet-ke-may-do-vay-cuoi-co-dau-Thu-Trang-4-1024x683.jpeg\" title=\"\">            <div class=\"box has-hover gallery-box box-overlay dark\">\n              <div class=\"box-image\" >\n                <img decoding=\"async\" width=\"2048\" height=\"1365\" src=\"https:\/\/camile.vn\/en\/wp-content\/uploads\/2023\/02\/Thiet-ke-may-do-vay-cuoi-co-dau-Thu-Trang-4.jpeg\" class=\"attachment-original size-original\" alt=\"\" ids=\"9150,9151,9152,9153,9154\" columns=\"3\" image_size=\"original\" srcset=\"https:\/\/camile.vn\/en\/wp-content\/uploads\/2023\/02\/Thiet-ke-may-do-vay-cuoi-co-dau-Thu-Trang-4.jpeg 2048w, https:\/\/camile.vn\/en\/wp-content\/uploads\/2023\/02\/Thiet-ke-may-do-vay-cuoi-co-dau-Thu-Trang-4-510x340.jpeg 510w, https:\/\/camile.vn\/en\/wp-content\/uploads\/2023\/02\/Thiet-ke-may-do-vay-cuoi-co-dau-Thu-Trang-4-300x200.jpeg 300w, https:\/\/camile.vn\/en\/wp-content\/uploads\/2023\/02\/Thiet-ke-may-do-vay-cuoi-co-dau-Thu-Trang-4-1024x683.jpeg 1024w, https:\/\/camile.vn\/en\/wp-content\/uploads\/2023\/02\/Thiet-ke-may-do-vay-cuoi-co-dau-Thu-Trang-4-768x512.jpeg 768w, https:\/\/camile.vn\/en\/wp-content\/uploads\/2023\/02\/Thiet-ke-may-do-vay-cuoi-co-dau-Thu-Trang-4-1536x1024.jpeg 1536w\" sizes=\"(max-width: 2048px) 100vw, 2048px\" \/>                                  <div class=\"overlay fill\"\n                      style=\"background-color: rgba(0,0,0,.15)\">\n                  <\/div>\n                                                              <\/div>\n              <div class=\"box-text text-left\" >\n                 <p><\/p>\n              <\/div>\n            <\/div>\n            <\/a>          <\/div>\n         <\/div>\n                 <div class=\"gallery-col col\" >\n          <div class=\"col-inner\">\n            <a class=\"\" href=\"https:\/\/camile.vn\/en\/wp-content\/uploads\/2023\/02\/Thiet-ke-may-do-vay-cuoi-co-dau-Thu-Trang-5-1024x683.jpeg\" title=\"\">            <div class=\"box has-hover gallery-box box-overlay dark\">\n              <div class=\"box-image\" >\n                <img decoding=\"async\" width=\"2048\" height=\"1365\" src=\"https:\/\/camile.vn\/en\/wp-content\/uploads\/2023\/02\/Thiet-ke-may-do-vay-cuoi-co-dau-Thu-Trang-5.jpeg\" class=\"attachment-original size-original\" alt=\"\" ids=\"9150,9151,9152,9153,9154\" columns=\"3\" image_size=\"original\" srcset=\"https:\/\/camile.vn\/en\/wp-content\/uploads\/2023\/02\/Thiet-ke-may-do-vay-cuoi-co-dau-Thu-Trang-5.jpeg 2048w, https:\/\/camile.vn\/en\/wp-content\/uploads\/2023\/02\/Thiet-ke-may-do-vay-cuoi-co-dau-Thu-Trang-5-510x340.jpeg 510w, https:\/\/camile.vn\/en\/wp-content\/uploads\/2023\/02\/Thiet-ke-may-do-vay-cuoi-co-dau-Thu-Trang-5-300x200.jpeg 300w, https:\/\/camile.vn\/en\/wp-content\/uploads\/2023\/02\/Thiet-ke-may-do-vay-cuoi-co-dau-Thu-Trang-5-1024x683.jpeg 1024w, https:\/\/camile.vn\/en\/wp-content\/uploads\/2023\/02\/Thiet-ke-may-do-vay-cuoi-co-dau-Thu-Trang-5-768x512.jpeg 768w, https:\/\/camile.vn\/en\/wp-content\/uploads\/2023\/02\/Thiet-ke-may-do-vay-cuoi-co-dau-Thu-Trang-5-1536x1024.jpeg 1536w\" sizes=\"(max-width: 2048px) 100vw, 2048px\" \/>                                  <div class=\"overlay fill\"\n                      style=\"background-color: rgba(0,0,0,.15)\">\n                  <\/div>\n                                                              <\/div>\n              <div class=\"box-text text-left\" >\n                 <p><\/p>\n              <\/div>\n            <\/div>\n            <\/a>          <\/div>\n         <\/div>\n         <\/div>\n\n\n\t\t<\/div>\n\t\t\t\t\t<\/div>\n\n\t\n\n<\/div>\n\n\t\t<\/div>\n\n\t\t\n<style>\n#section_1018786210 {\n  padding-top: 30px;\n  padding-bottom: 30px;\n}\n<\/style>\n\t<\/section>\n\t\n<p>???? M\u1ed9t \u00fd t\u01b0\u1edfng th\u1ea7n ti\u00ean v\u1ec1 m\u1ed9t chi\u1ebfc v\u00e1y c\u01b0\u1edbi nh\u1eb9 nh\u00e0ng v\u00e0 th\u01b0\u1edbt tha \u0111\u00e3 tr\u1edf th\u00e0nh hi\u1ec7n th\u1ef1c. Khi m\u1eb7c chi\u1ebfc v\u00e1y c\u01b0\u1edbi tuy\u1ec7t \u0111\u1eb9p n\u00e0y, c\u00f4 d\u00e2u Thu Trang tr\u1edf th\u00e0nh m\u1ed9t h\u00ecnh \u1ea3nh \u0111\u1eb9p \u0111\u1ebfn m\u00ea h\u1ed3n, thu h\u00fat s\u1ef1 ch\u00fa \u00fd c\u1ee7a m\u1ecdi ng\u01b0\u1eddi. Kh\u00f4ng gi\u1ed1ng nh\u1eefng m\u1eabu v\u00e1y c\u01b0\u1edbi l\u1ed9ng l\u1eaby v\u1edbi pha l\u00ea v\u00e0 \u0111\u00e1 qu\u00fd, m\u1eabu v\u00e1y c\u1ee7a Thu Trang mang \u0111\u1ebfn m\u1ed9t phong c\u00e1ch m\u1edbi, t\u01b0\u01a1i m\u1edbi v\u00e0 \u0111\u1ea7y s\u00e1ng t\u1ea1o.<\/p>\n<p>\u2744\ufe0f V\u1edbi ch\u1ea5t li\u1ec7u ren m\u1ecfng nh\u1eb9, chi\u1ebfc v\u00e1y n\u00e0y mang l\u1ea1i s\u1ef1 m\u1ec1m m\u1ea1i v\u00e0 nh\u1eb9 nh\u00e0ng. Thi\u1ebft k\u1ebf c\u00fap ng\u1ef1c v\u00e0 vai ngang t\u00f4n l\u00ean b\u1edd vai nh\u1ecf nh\u1eafn c\u1ee7a c\u00f4 d\u00e2u, l\u00e0m n\u1ed5i b\u1eadt s\u1ef1 quy\u1ebfn r\u0169 t\u1ef1 nhi\u00ean. Ph\u1ea7n croset tinh t\u1ebf nh\u1ea5n nh\u00e1 v\u00f2ng eo 56 c\u1ee7a Thu Trang, c\u00f9ng v\u1edbi chi\u1ebfc voan \u0111\u1ed9i \u0111\u1ea7u \u0111\u01a1n gi\u1ea3n, t\u1ea1o n\u00ean v\u1ebb \u0111\u1eb9p tinh t\u1ebf v\u00e0 duy\u00ean d\u00e1ng cho c\u00f4 d\u00e2u ch\u00fang ta.<\/p>\n<p>???? C\u00f9ng ch\u00fang t\u00f4i, b\u1ea1n c\u00f3 th\u1ec3 t\u00ecm th\u1ea5y chi\u1ebfc v\u00e1y c\u01b0\u1edbi tuy\u1ec7t \u0111\u1eb9p nh\u01b0 c\u00f4 d\u00e2u Thu Trang. H\u00e3y \u0111\u1ec3 ch\u00fang t\u00f4i mang \u0111\u1ebfn cho b\u1ea1n nh\u1eefng tr\u1ea3i nghi\u1ec7m tuy\u1ec7t v\u1eddi nh\u1ea5t trong qu\u00e1 tr\u00ecnh thi\u1ebft k\u1ebf v\u00e0 may v\u00e1y c\u01b0\u1edbi c\u1ee7a b\u1ea1n. Ch\u00fang t\u00f4i cam k\u1ebft \u0111\u1ed3ng h\u00e0nh c\u00f9ng b\u1ea1n, \u0111\u1ec3 m\u1ed7i kho\u1ea3nh kh\u1eafc trong ng\u00e0y tr\u1ecdng \u0111\u1ea1i c\u1ee7a b\u1ea1n tr\u1edf th\u00e0nh m\u1ed9t k\u1ef7 ni\u1ec7m \u0111\u00e1ng nh\u1edb.<\/p>\n<p>???? M\u1ed7i \u0111\u01b0\u1eddng n\u00e9t trong thi\u1ebft k\u1ebf \u0111\u01b0\u1ee3c ch\u0103m ch\u00fat t\u1ec9 m\u1ec9, t\u1eeb chi ti\u1ebft croset tinh t\u1ebf nh\u1ea5n nh\u00e1 v\u00f2ng eo 56, \u0111\u1ebfn chi\u1ebfc voan \u0111\u1ed9i \u0111\u1ea7u gi\u1ea3n d\u1ecb nh\u01b0ng t\u00f4n l\u00ean v\u1ebb \u0111\u1eb9p t\u1ef1 nhi\u00ean c\u1ee7a c\u00f4 d\u00e2u. T\u1ea5t c\u1ea3 h\u00f2a quy\u1ec7n trong m\u1ed9t t\u00e1c ph\u1ea9m ngh\u1ec7 thu\u1eadt th\u1eddi trang, l\u00e0m n\u1ed5i b\u1eadt n\u00e9t duy\u00ean d\u00e1ng v\u00e0 \u0111\u1eb3ng c\u1ea5p c\u1ee7a n\u00e0ng d\u00e2u Thu Trang.<\/p>\n<p>&nbsp;<\/p>\n","protected":false},"excerpt":{"rendered":"<p>???? M\u1ed9t \u00fd t\u01b0\u1edfng th\u1ea7n ti\u00ean v\u1ec1 m\u1ed9t chi\u1ebfc v\u00e1y c\u01b0\u1edbi nh\u1eb9 nh\u00e0ng v\u00e0 th\u01b0\u1edbt tha \u0111\u00e3 tr\u1edf th\u00e0nh hi\u1ec7n th\u1ef1c. Khi m\u1eb7c chi\u1ebfc v\u00e1y c\u01b0\u1edbi tuy\u1ec7t \u0111\u1eb9p n\u00e0y, c\u00f4 d\u00e2u Thu Trang tr\u1edf th\u00e0nh m\u1ed9t h\u00ecnh \u1ea3nh \u0111\u1eb9p \u0111\u1ebfn m\u00ea h\u1ed3n, thu h\u00fat s\u1ef1 ch\u00fa \u00fd c\u1ee7a m\u1ecdi ng\u01b0\u1eddi. Kh\u00f4ng gi\u1ed1ng nh\u1eefng m\u1eabu v\u00e1y c\u01b0\u1edbi l\u1ed9ng l\u1eaby v\u1edbi pha l\u00ea v\u00e0 \u0111\u00e1 qu\u00fd, m\u1eabu v\u00e1y c\u1ee7a Thu Trang mang \u0111\u1ebfn m\u1ed9t phong c\u00e1ch m\u1edbi, t\u01b0\u01a1i m\u1edbi v\u00e0 \u0111\u1ea7y s\u00e1ng t\u1ea1o.<\/p>\n","protected":false},"featured_media":9151,"comment_status":"closed","ping_status":"closed","template":"","meta":[],"product_brand":[],"product_cat":[15],"product_tag":[],"class_list":{"0":"post-9156","1":"product","2":"type-product","3":"status-publish","4":"has-post-thumbnail","6":"product_cat-made-to-measure-wedding-dresses-designs","8":"first","9":"instock","10":"shipping-taxable","11":"product-type-simple"},"yoast_head":"<!-- This site is optimized with the Yoast SEO Premium plugin v18.0 (Yoast SEO v25.2) - https:\/\/yoast.com\/wordpress\/plugins\/seo\/ -->\n<title>Thi\u1ebft k\u1ebf may \u0111o v\u00e1y c\u01b0\u1edbi c\u00f4 d\u00e2u Thu Trang - CAMILE BRIDAL<\/title>\n<meta name=\"robots\" content=\"index, follow, max-snippet:-1, max-image-preview:large, max-video-preview:-1\" \/>\n<link rel=\"canonical\" href=\"https:\/\/camile.vn\/en\/product\/thiet-ke-may-do-vay-cuoi-co-dau-thu-trang\/\" \/>\n<meta property=\"og:locale\" content=\"en_US\" \/>\n<meta property=\"og:type\" content=\"article\" \/>\n<meta property=\"og:title\" content=\"Thi\u1ebft k\u1ebf may \u0111o v\u00e1y c\u01b0\u1edbi c\u00f4 d\u00e2u Thu Trang\" \/>\n<meta property=\"og:description\" content=\"???? M\u1ed9t \u00fd t\u01b0\u1edfng th\u1ea7n ti\u00ean v\u1ec1 m\u1ed9t chi\u1ebfc v\u00e1y c\u01b0\u1edbi nh\u1eb9 nh\u00e0ng v\u00e0 th\u01b0\u1edbt tha \u0111\u00e3 tr\u1edf th\u00e0nh hi\u1ec7n th\u1ef1c. Khi m\u1eb7c chi\u1ebfc v\u00e1y c\u01b0\u1edbi tuy\u1ec7t \u0111\u1eb9p n\u00e0y, c\u00f4 d\u00e2u Thu Trang tr\u1edf th\u00e0nh m\u1ed9t h\u00ecnh \u1ea3nh \u0111\u1eb9p \u0111\u1ebfn m\u00ea h\u1ed3n, thu h\u00fat s\u1ef1 ch\u00fa \u00fd c\u1ee7a m\u1ecdi ng\u01b0\u1eddi. Kh\u00f4ng gi\u1ed1ng nh\u1eefng m\u1eabu v\u00e1y c\u01b0\u1edbi l\u1ed9ng l\u1eaby v\u1edbi pha l\u00ea v\u00e0 \u0111\u00e1 qu\u00fd, m\u1eabu v\u00e1y c\u1ee7a Thu Trang mang \u0111\u1ebfn m\u1ed9t phong c\u00e1ch m\u1edbi, t\u01b0\u01a1i m\u1edbi v\u00e0 \u0111\u1ea7y s\u00e1ng t\u1ea1o.\" \/>\n<meta property=\"og:url\" content=\"https:\/\/camile.vn\/en\/product\/thiet-ke-may-do-vay-cuoi-co-dau-thu-trang\/\" \/>\n<meta property=\"og:site_name\" content=\"CAMILE BRIDAL\" \/>\n<meta property=\"article:modified_time\" content=\"2023-05-19T03:24:44+00:00\" \/>\n<meta property=\"og:image\" content=\"https:\/\/camile.vn\/en\/wp-content\/uploads\/2023\/02\/Thiet-ke-may-do-vay-cuoi-co-dau-Thu-Trang-2.jpeg\" \/>\n\t<meta property=\"og:image:width\" content=\"1365\" \/>\n\t<meta property=\"og:image:height\" content=\"2048\" \/>\n\t<meta property=\"og:image:type\" content=\"image\/jpeg\" \/>\n<meta name=\"twitter:card\" content=\"summary_large_image\" \/>\n<meta name=\"twitter:label1\" content=\"Est. reading time\" \/>\n\t<meta name=\"twitter:data1\" content=\"3 minutes\" \/>\n<script type=\"application\/ld+json\" class=\"yoast-schema-graph\">{\"@context\":\"https:\/\/schema.org\",\"@graph\":[{\"@type\":\"WebPage\",\"@id\":\"https:\/\/camile.vn\/en\/product\/thiet-ke-may-do-vay-cuoi-co-dau-thu-trang\/\",\"url\":\"https:\/\/camile.vn\/en\/product\/thiet-ke-may-do-vay-cuoi-co-dau-thu-trang\/\",\"name\":\"Thi\u1ebft k\u1ebf may \u0111o v\u00e1y c\u01b0\u1edbi c\u00f4 d\u00e2u Thu Trang - CAMILE BRIDAL\",\"isPartOf\":{\"@id\":\"https:\/\/camile.vn\/en\/#website\"},\"primaryImageOfPage\":{\"@id\":\"https:\/\/camile.vn\/en\/product\/thiet-ke-may-do-vay-cuoi-co-dau-thu-trang\/#primaryimage\"},\"image\":{\"@id\":\"https:\/\/camile.vn\/en\/product\/thiet-ke-may-do-vay-cuoi-co-dau-thu-trang\/#primaryimage\"},\"thumbnailUrl\":\"https:\/\/camile.vn\/en\/wp-content\/uploads\/2023\/02\/Thiet-ke-may-do-vay-cuoi-co-dau-Thu-Trang-2.jpeg\",\"datePublished\":\"2023-02-09T04:28:39+00:00\",\"dateModified\":\"2023-05-19T03:24:44+00:00\",\"breadcrumb\":{\"@id\":\"https:\/\/camile.vn\/en\/product\/thiet-ke-may-do-vay-cuoi-co-dau-thu-trang\/#breadcrumb\"},\"inLanguage\":\"en-US\",\"potentialAction\":[{\"@type\":\"ReadAction\",\"target\":[\"https:\/\/camile.vn\/en\/product\/thiet-ke-may-do-vay-cuoi-co-dau-thu-trang\/\"]}]},{\"@type\":\"ImageObject\",\"inLanguage\":\"en-US\",\"@id\":\"https:\/\/camile.vn\/en\/product\/thiet-ke-may-do-vay-cuoi-co-dau-thu-trang\/#primaryimage\",\"url\":\"https:\/\/camile.vn\/en\/wp-content\/uploads\/2023\/02\/Thiet-ke-may-do-vay-cuoi-co-dau-Thu-Trang-2.jpeg\",\"contentUrl\":\"https:\/\/camile.vn\/en\/wp-content\/uploads\/2023\/02\/Thiet-ke-may-do-vay-cuoi-co-dau-Thu-Trang-2.jpeg\",\"width\":1365,\"height\":2048},{\"@type\":\"BreadcrumbList\",\"@id\":\"https:\/\/camile.vn\/en\/product\/thiet-ke-may-do-vay-cuoi-co-dau-thu-trang\/#breadcrumb\",\"itemListElement\":[{\"@type\":\"ListItem\",\"position\":1,\"name\":\"Home\",\"item\":\"https:\/\/camile.vn\/en\/\"},{\"@type\":\"ListItem\",\"position\":2,\"name\":\"C\u1eeda h\u00e0ng\",\"item\":\"https:\/\/camile.vn\/en\/cua-hang\/\"},{\"@type\":\"ListItem\",\"position\":3,\"name\":\"Thi\u1ebft k\u1ebf may \u0111o v\u00e1y c\u01b0\u1edbi c\u00f4 d\u00e2u Thu Trang\"}]},{\"@type\":\"WebSite\",\"@id\":\"https:\/\/camile.vn\/en\/#website\",\"url\":\"https:\/\/camile.vn\/en\/\",\"name\":\"CAMILE BRIDAL\",\"description\":\"WHERE WEDDING DRESSES ARE ELITE\",\"potentialAction\":[{\"@type\":\"SearchAction\",\"target\":{\"@type\":\"EntryPoint\",\"urlTemplate\":\"https:\/\/camile.vn\/en\/?s={search_term_string}\"},\"query-input\":{\"@type\":\"PropertyValueSpecification\",\"valueRequired\":true,\"valueName\":\"search_term_string\"}}],\"inLanguage\":\"en-US\"}]}<\/script>\n<!-- \/ Yoast SEO Premium plugin. -->","yoast_head_json":{"title":"Thi\u1ebft k\u1ebf may \u0111o v\u00e1y c\u01b0\u1edbi c\u00f4 d\u00e2u Thu Trang - CAMILE BRIDAL","robots":{"index":"index","follow":"follow","max-snippet":"max-snippet:-1","max-image-preview":"max-image-preview:large","max-video-preview":"max-video-preview:-1"},"canonical":"https:\/\/camile.vn\/en\/product\/thiet-ke-may-do-vay-cuoi-co-dau-thu-trang\/","og_locale":"en_US","og_type":"article","og_title":"Thi\u1ebft k\u1ebf may \u0111o v\u00e1y c\u01b0\u1edbi c\u00f4 d\u00e2u Thu Trang","og_description":"???? M\u1ed9t \u00fd t\u01b0\u1edfng th\u1ea7n ti\u00ean v\u1ec1 m\u1ed9t chi\u1ebfc v\u00e1y c\u01b0\u1edbi nh\u1eb9 nh\u00e0ng v\u00e0 th\u01b0\u1edbt tha \u0111\u00e3 tr\u1edf th\u00e0nh hi\u1ec7n th\u1ef1c. Khi m\u1eb7c chi\u1ebfc v\u00e1y c\u01b0\u1edbi tuy\u1ec7t \u0111\u1eb9p n\u00e0y, c\u00f4 d\u00e2u Thu Trang tr\u1edf th\u00e0nh m\u1ed9t h\u00ecnh \u1ea3nh \u0111\u1eb9p \u0111\u1ebfn m\u00ea h\u1ed3n, thu h\u00fat s\u1ef1 ch\u00fa \u00fd c\u1ee7a m\u1ecdi ng\u01b0\u1eddi. Kh\u00f4ng gi\u1ed1ng nh\u1eefng m\u1eabu v\u00e1y c\u01b0\u1edbi l\u1ed9ng l\u1eaby v\u1edbi pha l\u00ea v\u00e0 \u0111\u00e1 qu\u00fd, m\u1eabu v\u00e1y c\u1ee7a Thu Trang mang \u0111\u1ebfn m\u1ed9t phong c\u00e1ch m\u1edbi, t\u01b0\u01a1i m\u1edbi v\u00e0 \u0111\u1ea7y s\u00e1ng t\u1ea1o.","og_url":"https:\/\/camile.vn\/en\/product\/thiet-ke-may-do-vay-cuoi-co-dau-thu-trang\/","og_site_name":"CAMILE BRIDAL","article_modified_time":"2023-05-19T03:24:44+00:00","og_image":[{"width":1365,"height":2048,"url":"https:\/\/camile.vn\/en\/wp-content\/uploads\/2023\/02\/Thiet-ke-may-do-vay-cuoi-co-dau-Thu-Trang-2.jpeg","type":"image\/jpeg"}],"twitter_card":"summary_large_image","twitter_misc":{"Est. reading time":"3 minutes"},"schema":{"@context":"https:\/\/schema.org","@graph":[{"@type":"WebPage","@id":"https:\/\/camile.vn\/en\/product\/thiet-ke-may-do-vay-cuoi-co-dau-thu-trang\/","url":"https:\/\/camile.vn\/en\/product\/thiet-ke-may-do-vay-cuoi-co-dau-thu-trang\/","name":"Thi\u1ebft k\u1ebf may \u0111o v\u00e1y c\u01b0\u1edbi c\u00f4 d\u00e2u Thu Trang - CAMILE BRIDAL","isPartOf":{"@id":"https:\/\/camile.vn\/en\/#website"},"primaryImageOfPage":{"@id":"https:\/\/camile.vn\/en\/product\/thiet-ke-may-do-vay-cuoi-co-dau-thu-trang\/#primaryimage"},"image":{"@id":"https:\/\/camile.vn\/en\/product\/thiet-ke-may-do-vay-cuoi-co-dau-thu-trang\/#primaryimage"},"thumbnailUrl":"https:\/\/camile.vn\/en\/wp-content\/uploads\/2023\/02\/Thiet-ke-may-do-vay-cuoi-co-dau-Thu-Trang-2.jpeg","datePublished":"2023-02-09T04:28:39+00:00","dateModified":"2023-05-19T03:24:44+00:00","breadcrumb":{"@id":"https:\/\/camile.vn\/en\/product\/thiet-ke-may-do-vay-cuoi-co-dau-thu-trang\/#breadcrumb"},"inLanguage":"en-US","potentialAction":[{"@type":"ReadAction","target":["https:\/\/camile.vn\/en\/product\/thiet-ke-may-do-vay-cuoi-co-dau-thu-trang\/"]}]},{"@type":"ImageObject","inLanguage":"en-US","@id":"https:\/\/camile.vn\/en\/product\/thiet-ke-may-do-vay-cuoi-co-dau-thu-trang\/#primaryimage","url":"https:\/\/camile.vn\/en\/wp-content\/uploads\/2023\/02\/Thiet-ke-may-do-vay-cuoi-co-dau-Thu-Trang-2.jpeg","contentUrl":"https:\/\/camile.vn\/en\/wp-content\/uploads\/2023\/02\/Thiet-ke-may-do-vay-cuoi-co-dau-Thu-Trang-2.jpeg","width":1365,"height":2048},{"@type":"BreadcrumbList","@id":"https:\/\/camile.vn\/en\/product\/thiet-ke-may-do-vay-cuoi-co-dau-thu-trang\/#breadcrumb","itemListElement":[{"@type":"ListItem","position":1,"name":"Home","item":"https:\/\/camile.vn\/en\/"},{"@type":"ListItem","position":2,"name":"C\u1eeda h\u00e0ng","item":"https:\/\/camile.vn\/en\/cua-hang\/"},{"@type":"ListItem","position":3,"name":"Thi\u1ebft k\u1ebf may \u0111o v\u00e1y c\u01b0\u1edbi c\u00f4 d\u00e2u Thu Trang"}]},{"@type":"WebSite","@id":"https:\/\/camile.vn\/en\/#website","url":"https:\/\/camile.vn\/en\/","name":"CAMILE BRIDAL","description":"WHERE WEDDING DRESSES ARE ELITE","potentialAction":[{"@type":"SearchAction","target":{"@type":"EntryPoint","urlTemplate":"https:\/\/camile.vn\/en\/?s={search_term_string}"},"query-input":{"@type":"PropertyValueSpecification","valueRequired":true,"valueName":"search_term_string"}}],"inLanguage":"en-US"}]}},"_links":{"self":[{"href":"https:\/\/camile.vn\/en\/wp-json\/wp\/v2\/product\/9156","targetHints":{"allow":["GET"]}}],"collection":[{"href":"https:\/\/camile.vn\/en\/wp-json\/wp\/v2\/product"}],"about":[{"href":"https:\/\/camile.vn\/en\/wp-json\/wp\/v2\/types\/product"}],"replies":[{"embeddable":true,"href":"https:\/\/camile.vn\/en\/wp-json\/wp\/v2\/comments?post=9156"}],"wp:featuredmedia":[{"embeddable":true,"href":"https:\/\/camile.vn\/en\/wp-json\/wp\/v2\/media\/9151"}],"wp:attachment":[{"href":"https:\/\/camile.vn\/en\/wp-json\/wp\/v2\/media?parent=9156"}],"wp:term":[{"taxonomy":"product_brand","embeddable":true,"href":"https:\/\/camile.vn\/en\/wp-json\/wp\/v2\/product_brand?post=9156"},{"taxonomy":"product_cat","embeddable":true,"href":"https:\/\/camile.vn\/en\/wp-json\/wp\/v2\/product_cat?post=9156"},{"taxonomy":"product_tag","embeddable":true,"href":"https:\/\/camile.vn\/en\/wp-json\/wp\/v2\/product_tag?post=9156"}],"curies":[{"name":"wp","href":"https:\/\/api.w.org\/{rel}","templated":true}]}}