{"id":9159,"date":"2023-02-09T04:31:39","date_gmt":"2023-02-09T04:31:39","guid":{"rendered":"https:\/\/camile.vn\/en\/?post_type=product&#038;p=9159"},"modified":"2023-05-19T03:23:00","modified_gmt":"2023-05-19T03:23:00","slug":"thiet-ke-may-do-vay-cuoi-co-dau-thanh-vy","status":"publish","type":"product","link":"https:\/\/camile.vn\/en\/product\/thiet-ke-may-do-vay-cuoi-co-dau-thanh-vy\/","title":{"rendered":"Thi\u1ebft k\u1ebf may \u0111o v\u00e1y c\u01b0\u1edbi c\u00f4 d\u00e2u Thanh Vy"},"content":{"rendered":"<p>???? C\u00f9ng Camile Bridal &#8211; N\u01a1i th\u1ef1c hi\u1ec7n gi\u1ea5c m\u01a1 v\u00e1y c\u01b0\u1edbi ho\u00e0n h\u1ea3o cho c\u00f4 d\u00e2u Thanh Vy!<\/p>\n<p>\u2764\ufe0f Tr\u00ean h\u00e0nh tr\u00ecnh t\u00ecm ki\u1ebfm thi\u1ebft k\u1ebf v\u00e1y c\u01b0\u1edbi ho\u00e0n m\u1ef9, ch\u00fang ta lu\u00f4n tr\u00e0n \u0111\u1ea7y hy v\u1ecdng v\u00e0 ni\u1ec1m \u0111am m\u00ea. V\u00e0 gi\u1edd \u0111\u00e2y, m\u1ed9t n\u1ee5 c\u01b0\u1eddi r\u1ea1ng ng\u1eddi \u0111\u00e3 tr\u1edf th\u00e0nh hi\u1ec7n th\u1ef1c, nh\u1edd s\u1ef1 k\u1ebft h\u1ee3p tinh t\u1ebf gi\u1eefa c\u00f4 d\u00e2u Thanh Vy v\u00e0 Camile Bridal.<\/p>\n\t<section class=\"section\" id=\"section_1970239435\">\n\t\t<div class=\"bg section-bg fill bg-fill  bg-loaded\" >\n\n\t\t\t\n\t\t\t\n\t\t\t\n\n\t\t<\/div>\n\n\t\t<div class=\"section-content relative\">\n\t\t\t\n\n<div class=\"row\"  id=\"row-1226244202\">\n\n\n\t<div id=\"col-1010287220\" class=\"col small-12 large-12\"  >\n\t\t\t\t<div class=\"col-inner\"  >\n\t\t\t\n\t\t\t\n\n\n  \n    <div class=\"row  lightbox-multi-gallery large-columns-3 medium-columns- small-columns-2\">\n          <div class=\"gallery-col col\" >\n          <div class=\"col-inner\">\n            <a class=\"\" href=\"https:\/\/camile.vn\/en\/wp-content\/uploads\/2023\/02\/Thiet-ke-may-do-vay-cuoi-co-dau-Thanh-Vy-4-538x1024.jpg\" title=\"\">            <div class=\"box has-hover gallery-box box-overlay dark\">\n              <div class=\"box-image\" >\n                <img decoding=\"async\" width=\"672\" height=\"1280\" src=\"https:\/\/camile.vn\/en\/wp-content\/uploads\/2023\/02\/Thiet-ke-may-do-vay-cuoi-co-dau-Thanh-Vy-4.jpg\" class=\"attachment-original size-original\" alt=\"\" ids=\"9160,9161,9162,9163,9164,9165\" columns=\"3\" image_size=\"original\" srcset=\"https:\/\/camile.vn\/en\/wp-content\/uploads\/2023\/02\/Thiet-ke-may-do-vay-cuoi-co-dau-Thanh-Vy-4.jpg 672w, https:\/\/camile.vn\/en\/wp-content\/uploads\/2023\/02\/Thiet-ke-may-do-vay-cuoi-co-dau-Thanh-Vy-4-510x971.jpg 510w, https:\/\/camile.vn\/en\/wp-content\/uploads\/2023\/02\/Thiet-ke-may-do-vay-cuoi-co-dau-Thanh-Vy-4-300x571.jpg 300w, https:\/\/camile.vn\/en\/wp-content\/uploads\/2023\/02\/Thiet-ke-may-do-vay-cuoi-co-dau-Thanh-Vy-4-538x1024.jpg 538w\" sizes=\"(max-width: 672px) 100vw, 672px\" \/>                                  <div class=\"overlay fill\"\n                      style=\"background-color: rgba(0,0,0,.15)\">\n                  <\/div>\n                                                              <\/div>\n              <div class=\"box-text text-left\" >\n                 <p><\/p>\n              <\/div>\n            <\/div>\n            <\/a>          <\/div>\n         <\/div>\n                 <div class=\"gallery-col col\" >\n          <div class=\"col-inner\">\n            <a class=\"\" href=\"https:\/\/camile.vn\/en\/wp-content\/uploads\/2023\/02\/Thiet-ke-may-do-vay-cuoi-co-dau-Thanh-Vy-5-766x1024.jpg\" title=\"\">            <div class=\"box has-hover gallery-box box-overlay dark\">\n              <div class=\"box-image\" >\n                <img decoding=\"async\" width=\"958\" height=\"1280\" src=\"https:\/\/camile.vn\/en\/wp-content\/uploads\/2023\/02\/Thiet-ke-may-do-vay-cuoi-co-dau-Thanh-Vy-5.jpg\" class=\"attachment-original size-original\" alt=\"\" ids=\"9160,9161,9162,9163,9164,9165\" columns=\"3\" image_size=\"original\" srcset=\"https:\/\/camile.vn\/en\/wp-content\/uploads\/2023\/02\/Thiet-ke-may-do-vay-cuoi-co-dau-Thanh-Vy-5.jpg 958w, https:\/\/camile.vn\/en\/wp-content\/uploads\/2023\/02\/Thiet-ke-may-do-vay-cuoi-co-dau-Thanh-Vy-5-510x681.jpg 510w, https:\/\/camile.vn\/en\/wp-content\/uploads\/2023\/02\/Thiet-ke-may-do-vay-cuoi-co-dau-Thanh-Vy-5-300x401.jpg 300w, https:\/\/camile.vn\/en\/wp-content\/uploads\/2023\/02\/Thiet-ke-may-do-vay-cuoi-co-dau-Thanh-Vy-5-766x1024.jpg 766w, https:\/\/camile.vn\/en\/wp-content\/uploads\/2023\/02\/Thiet-ke-may-do-vay-cuoi-co-dau-Thanh-Vy-5-768x1026.jpg 768w\" sizes=\"(max-width: 958px) 100vw, 958px\" \/>                                  <div class=\"overlay fill\"\n                      style=\"background-color: rgba(0,0,0,.15)\">\n                  <\/div>\n                                                              <\/div>\n              <div class=\"box-text text-left\" >\n                 <p><\/p>\n              <\/div>\n            <\/div>\n            <\/a>          <\/div>\n         <\/div>\n                 <div class=\"gallery-col col\" >\n          <div class=\"col-inner\">\n            <a class=\"\" href=\"https:\/\/camile.vn\/en\/wp-content\/uploads\/2023\/02\/Thiet-ke-may-do-vay-cuoi-co-dau-Thanh-Vy-6-762x1024.jpg\" title=\"\">            <div class=\"box has-hover gallery-box box-overlay dark\">\n              <div class=\"box-image\" >\n                <img decoding=\"async\" width=\"952\" height=\"1280\" src=\"https:\/\/camile.vn\/en\/wp-content\/uploads\/2023\/02\/Thiet-ke-may-do-vay-cuoi-co-dau-Thanh-Vy-6.jpg\" class=\"attachment-original size-original\" alt=\"\" ids=\"9160,9161,9162,9163,9164,9165\" columns=\"3\" image_size=\"original\" srcset=\"https:\/\/camile.vn\/en\/wp-content\/uploads\/2023\/02\/Thiet-ke-may-do-vay-cuoi-co-dau-Thanh-Vy-6.jpg 952w, https:\/\/camile.vn\/en\/wp-content\/uploads\/2023\/02\/Thiet-ke-may-do-vay-cuoi-co-dau-Thanh-Vy-6-510x686.jpg 510w, https:\/\/camile.vn\/en\/wp-content\/uploads\/2023\/02\/Thiet-ke-may-do-vay-cuoi-co-dau-Thanh-Vy-6-300x403.jpg 300w, https:\/\/camile.vn\/en\/wp-content\/uploads\/2023\/02\/Thiet-ke-may-do-vay-cuoi-co-dau-Thanh-Vy-6-762x1024.jpg 762w, https:\/\/camile.vn\/en\/wp-content\/uploads\/2023\/02\/Thiet-ke-may-do-vay-cuoi-co-dau-Thanh-Vy-6-768x1033.jpg 768w\" sizes=\"(max-width: 952px) 100vw, 952px\" \/>                                  <div class=\"overlay fill\"\n                      style=\"background-color: rgba(0,0,0,.15)\">\n                  <\/div>\n                                                              <\/div>\n              <div class=\"box-text text-left\" >\n                 <p><\/p>\n              <\/div>\n            <\/div>\n            <\/a>          <\/div>\n         <\/div>\n                 <div class=\"gallery-col col\" >\n          <div class=\"col-inner\">\n            <a class=\"\" href=\"https:\/\/camile.vn\/en\/wp-content\/uploads\/2023\/02\/Thiet-ke-may-do-vay-cuoi-co-dau-Thanh-Vy-1-531x1024.jpg\" title=\"\">            <div class=\"box has-hover gallery-box box-overlay dark\">\n              <div class=\"box-image\" >\n                <img decoding=\"async\" width=\"664\" height=\"1280\" src=\"https:\/\/camile.vn\/en\/wp-content\/uploads\/2023\/02\/Thiet-ke-may-do-vay-cuoi-co-dau-Thanh-Vy-1.jpg\" class=\"attachment-original size-original\" alt=\"\" ids=\"9160,9161,9162,9163,9164,9165\" columns=\"3\" image_size=\"original\" srcset=\"https:\/\/camile.vn\/en\/wp-content\/uploads\/2023\/02\/Thiet-ke-may-do-vay-cuoi-co-dau-Thanh-Vy-1.jpg 664w, https:\/\/camile.vn\/en\/wp-content\/uploads\/2023\/02\/Thiet-ke-may-do-vay-cuoi-co-dau-Thanh-Vy-1-510x983.jpg 510w, https:\/\/camile.vn\/en\/wp-content\/uploads\/2023\/02\/Thiet-ke-may-do-vay-cuoi-co-dau-Thanh-Vy-1-300x578.jpg 300w, https:\/\/camile.vn\/en\/wp-content\/uploads\/2023\/02\/Thiet-ke-may-do-vay-cuoi-co-dau-Thanh-Vy-1-531x1024.jpg 531w\" sizes=\"(max-width: 664px) 100vw, 664px\" \/>                                  <div class=\"overlay fill\"\n                      style=\"background-color: rgba(0,0,0,.15)\">\n                  <\/div>\n                                                              <\/div>\n              <div class=\"box-text text-left\" >\n                 <p><\/p>\n              <\/div>\n            <\/div>\n            <\/a>          <\/div>\n         <\/div>\n                 <div class=\"gallery-col col\" >\n          <div class=\"col-inner\">\n            <a class=\"\" href=\"https:\/\/camile.vn\/en\/wp-content\/uploads\/2023\/02\/Thiet-ke-may-do-vay-cuoi-co-dau-Thanh-Vy-2-767x1024.jpg\" title=\"\">            <div class=\"box has-hover gallery-box box-overlay dark\">\n              <div class=\"box-image\" >\n                <img decoding=\"async\" width=\"956\" height=\"1276\" src=\"https:\/\/camile.vn\/en\/wp-content\/uploads\/2023\/02\/Thiet-ke-may-do-vay-cuoi-co-dau-Thanh-Vy-2.jpg\" class=\"attachment-original size-original\" alt=\"\" ids=\"9160,9161,9162,9163,9164,9165\" columns=\"3\" image_size=\"original\" srcset=\"https:\/\/camile.vn\/en\/wp-content\/uploads\/2023\/02\/Thiet-ke-may-do-vay-cuoi-co-dau-Thanh-Vy-2.jpg 956w, https:\/\/camile.vn\/en\/wp-content\/uploads\/2023\/02\/Thiet-ke-may-do-vay-cuoi-co-dau-Thanh-Vy-2-510x681.jpg 510w, https:\/\/camile.vn\/en\/wp-content\/uploads\/2023\/02\/Thiet-ke-may-do-vay-cuoi-co-dau-Thanh-Vy-2-300x400.jpg 300w, https:\/\/camile.vn\/en\/wp-content\/uploads\/2023\/02\/Thiet-ke-may-do-vay-cuoi-co-dau-Thanh-Vy-2-767x1024.jpg 767w, https:\/\/camile.vn\/en\/wp-content\/uploads\/2023\/02\/Thiet-ke-may-do-vay-cuoi-co-dau-Thanh-Vy-2-768x1025.jpg 768w\" sizes=\"(max-width: 956px) 100vw, 956px\" \/>                                  <div class=\"overlay fill\"\n                      style=\"background-color: rgba(0,0,0,.15)\">\n                  <\/div>\n                                                              <\/div>\n              <div class=\"box-text text-left\" >\n                 <p><\/p>\n              <\/div>\n            <\/div>\n            <\/a>          <\/div>\n         <\/div>\n                 <div class=\"gallery-col col\" >\n          <div class=\"col-inner\">\n            <a class=\"\" href=\"https:\/\/camile.vn\/en\/wp-content\/uploads\/2023\/02\/Thiet-ke-may-do-vay-cuoi-co-dau-Thanh-Vy-3-741x1024.jpg\" title=\"\">            <div class=\"box has-hover gallery-box box-overlay dark\">\n              <div class=\"box-image\" >\n                <img decoding=\"async\" width=\"926\" height=\"1280\" src=\"https:\/\/camile.vn\/en\/wp-content\/uploads\/2023\/02\/Thiet-ke-may-do-vay-cuoi-co-dau-Thanh-Vy-3.jpg\" class=\"attachment-original size-original\" alt=\"\" ids=\"9160,9161,9162,9163,9164,9165\" columns=\"3\" image_size=\"original\" srcset=\"https:\/\/camile.vn\/en\/wp-content\/uploads\/2023\/02\/Thiet-ke-may-do-vay-cuoi-co-dau-Thanh-Vy-3.jpg 926w, https:\/\/camile.vn\/en\/wp-content\/uploads\/2023\/02\/Thiet-ke-may-do-vay-cuoi-co-dau-Thanh-Vy-3-510x705.jpg 510w, https:\/\/camile.vn\/en\/wp-content\/uploads\/2023\/02\/Thiet-ke-may-do-vay-cuoi-co-dau-Thanh-Vy-3-300x415.jpg 300w, https:\/\/camile.vn\/en\/wp-content\/uploads\/2023\/02\/Thiet-ke-may-do-vay-cuoi-co-dau-Thanh-Vy-3-741x1024.jpg 741w, https:\/\/camile.vn\/en\/wp-content\/uploads\/2023\/02\/Thiet-ke-may-do-vay-cuoi-co-dau-Thanh-Vy-3-768x1062.jpg 768w\" sizes=\"(max-width: 926px) 100vw, 926px\" \/>                                  <div class=\"overlay fill\"\n                      style=\"background-color: rgba(0,0,0,.15)\">\n                  <\/div>\n                                                              <\/div>\n              <div class=\"box-text text-left\" >\n                 <p><\/p>\n              <\/div>\n            <\/div>\n            <\/a>          <\/div>\n         <\/div>\n         <\/div>\n\n\n\t\t<\/div>\n\t\t\t\t\t<\/div>\n\n\t\n\n<\/div>\n\n\t\t<\/div>\n\n\t\t\n<style>\n#section_1970239435 {\n  padding-top: 30px;\n  padding-bottom: 30px;\n}\n<\/style>\n\t<\/section>\n\t\n<p>???? B\u01b0\u1edbc v\u00e0o Camile Bridal, Thanh Vy \u0111\u00e3 \u0111\u01b0\u1ee3c ch\u00e0o \u0111\u00f3n b\u1eb1ng s\u1ef1 nhi\u1ec7t t\u00ecnh v\u00e0 chuy\u00ean nghi\u1ec7p t\u1eeb \u0111\u1ed9i ng\u0169 nh\u00e2n vi\u00ean. Nh\u1eefng chuy\u00ean gia thi\u1ebft k\u1ebf t\u00e0i ba \u0111\u00e3 l\u1eafng nghe v\u00e0 hi\u1ec3u r\u00f5 nh\u1eefng \u01b0\u1edbc m\u01a1, mong mu\u1ed1n c\u1ee7a c\u00f4 d\u00e2u tr\u1ebb. M\u1ed7i chi\u1ebfc v\u00e1y \u0111\u01b0\u1ee3c t\u1ea1o ra kh\u00f4ng ch\u1ec9 l\u00e0 m\u1ed9t m\u00f3n \u0111\u1ed3 trang s\u1ee9c, m\u00e0 c\u00f2n l\u00e0 bi\u1ec3u t\u01b0\u1ee3ng cho t\u00ecnh y\u00eau v\u00e0 s\u1ef1 t\u1ef1 tin c\u1ee7a m\u1ed7i c\u00f4 d\u00e2u.<\/p>\n<p>???? V\u1edbi tinh th\u1ea7n s\u00e1ng t\u1ea1o v\u00e0 kh\u1ea3 n\u0103ng th\u00edch \u1ee9ng linh ho\u1ea1t, Camile Bridal \u0111\u00e3 mang \u0111\u1ebfn cho Thanh Vy m\u1ed9t b\u1ed9 s\u01b0u t\u1eadp v\u00e1y c\u01b0\u1edbi \u0111\u1ed9c \u0111\u00e1o v\u00e0 l\u1ea5p l\u00e1nh. M\u1ed7i thi\u1ebft k\u1ebf v\u1eeba c\u00f3 ch\u00fat ng\u1ecdt ng\u00e0o v\u00e0 n\u1eef t\u00ednh, v\u1eeba t\u00f4n l\u00ean v\u1ebb \u0111\u1eb9p l\u1ed9ng l\u1eaby v\u00e0 sang tr\u1ecdng c\u1ee7a n\u00e0ng c\u00f4ng ch\u00faa. \u0110\u00ednh k\u1ebft t\u1eeb nh\u1eefng chi ti\u1ebft t\u1ec9 m\u1ec9, c\u00e1c m\u1eabu v\u00e1y c\u01b0\u1edbi t\u1ea1i Camile Bridal s\u1ebd khi\u1ebfn Thanh Vy to\u1ea3 s\u00e1ng nh\u01b0 m\u1ed9t v\u00ec sao trong ng\u00e0y tr\u1ecdng \u0111\u1ea1i c\u1ee7a cu\u1ed9c \u0111\u1eddi.<\/p>\n<p>???? V\u1edbi s\u1ef1 t\u1eadn t\u00e2m v\u00e0 chuy\u00ean nghi\u1ec7p, Camile Bridal kh\u00f4ng ch\u1ec9 t\u1ea1o ra nh\u1eefng b\u1ed9 v\u00e1y c\u01b0\u1edbi tuy\u1ec7t \u0111\u1eb9p, m\u00e0 c\u00f2n mang \u0111\u1ebfn ni\u1ec1m vui v\u00e0 h\u1ea1nh ph\u00fac cho t\u1eebng c\u00f4 d\u00e2u. B\u1ea1n s\u1ebd tr\u1edf th\u00e0nh ng\u01b0\u1eddi h\u1ea1nh ph\u00fac v\u00e0 t\u1ef1 tin nh\u1ea5t tr\u00ean th\u1ebf gi\u1edbi trong ng\u00e0y tr\u1ecdng \u0111\u1ea1i c\u1ee7a m\u00ecnh.<\/p>\n<p>???? H\u00e3y \u0111\u1ec3 Camile Bridal tr\u1edf th\u00e0nh \u0111i\u1ec3m d\u1eebng ch\u00e2n cu\u1ed1i c\u00f9ng tr\u00ean h\u00e0nh tr\u00ecnh t\u00ecm ki\u1ebfm thi\u1ebft k\u1ebf may \u0111o v\u00e1y c\u01b0\u1edbi ho\u00e0n h\u1ea3o c\u1ee7a b\u1ea1n. Ch\u00fang t\u00f4i cam k\u1ebft t\u1ea1o ra nh\u1eefng t\u00e1c ph\u1ea9m ngh\u1ec7 thu\u1eadt \u0111\u1ed9c \u0111\u00e1o, mang \u0111\u1eadm phong c\u00e1ch v\u00e0 c\u00e1 nh\u00e2n h\u00f3a ri\u00eang cho m\u1ed7i c\u00f4 d\u00e2u.<\/p>\n<p>&nbsp;<\/p>\n","protected":false},"excerpt":{"rendered":"<p>???? C\u00f9ng Camile Bridal &#8211; N\u01a1i th\u1ef1c hi\u1ec7n gi\u1ea5c m\u01a1 v\u00e1y c\u01b0\u1edbi ho\u00e0n h\u1ea3o cho c\u00f4 d\u00e2u Thanh Vy!<\/p>\n<p>\u2764\ufe0f Tr\u00ean h\u00e0nh tr\u00ecnh t\u00ecm ki\u1ebfm thi\u1ebft k\u1ebf v\u00e1y c\u01b0\u1edbi ho\u00e0n m\u1ef9, ch\u00fang ta lu\u00f4n tr\u00e0n \u0111\u1ea7y hy v\u1ecdng v\u00e0 ni\u1ec1m \u0111am m\u00ea. V\u00e0 gi\u1edd \u0111\u00e2y, m\u1ed9t n\u1ee5 c\u01b0\u1eddi r\u1ea1ng ng\u1eddi \u0111\u00e3 tr\u1edf th\u00e0nh hi\u1ec7n th\u1ef1c, nh\u1edd s\u1ef1 k\u1ebft h\u1ee3p tinh t\u1ebf gi\u1eefa c\u00f4 d\u00e2u Thanh Vy v\u00e0 Camile Bridal.<\/p>\n","protected":false},"featured_media":9378,"comment_status":"closed","ping_status":"closed","template":"","meta":[],"product_brand":[],"product_cat":[15],"product_tag":[],"class_list":{"0":"post-9159","1":"product","2":"type-product","3":"status-publish","4":"has-post-thumbnail","6":"product_cat-made-to-measure-wedding-dresses-designs","8":"first","9":"instock","10":"shipping-taxable","11":"product-type-simple"},"yoast_head":"<!-- This site is optimized with the Yoast SEO Premium plugin v18.0 (Yoast SEO v25.2) - https:\/\/yoast.com\/wordpress\/plugins\/seo\/ -->\n<title>Thi\u1ebft k\u1ebf may \u0111o v\u00e1y c\u01b0\u1edbi c\u00f4 d\u00e2u Thanh Vy - CAMILE BRIDAL<\/title>\n<meta name=\"robots\" content=\"index, follow, max-snippet:-1, max-image-preview:large, max-video-preview:-1\" \/>\n<link rel=\"canonical\" href=\"https:\/\/camile.vn\/en\/product\/thiet-ke-may-do-vay-cuoi-co-dau-thanh-vy\/\" \/>\n<meta property=\"og:locale\" content=\"en_US\" \/>\n<meta property=\"og:type\" content=\"article\" \/>\n<meta property=\"og:title\" content=\"Thi\u1ebft k\u1ebf may \u0111o v\u00e1y c\u01b0\u1edbi c\u00f4 d\u00e2u Thanh Vy\" \/>\n<meta property=\"og:description\" content=\"???? C\u00f9ng Camile Bridal - N\u01a1i th\u1ef1c hi\u1ec7n gi\u1ea5c m\u01a1 v\u00e1y c\u01b0\u1edbi ho\u00e0n h\u1ea3o cho c\u00f4 d\u00e2u Thanh Vy!  \u2764\ufe0f Tr\u00ean h\u00e0nh tr\u00ecnh t\u00ecm ki\u1ebfm thi\u1ebft k\u1ebf v\u00e1y c\u01b0\u1edbi ho\u00e0n m\u1ef9, ch\u00fang ta lu\u00f4n tr\u00e0n \u0111\u1ea7y hy v\u1ecdng v\u00e0 ni\u1ec1m \u0111am m\u00ea. V\u00e0 gi\u1edd \u0111\u00e2y, m\u1ed9t n\u1ee5 c\u01b0\u1eddi r\u1ea1ng ng\u1eddi \u0111\u00e3 tr\u1edf th\u00e0nh hi\u1ec7n th\u1ef1c, nh\u1edd s\u1ef1 k\u1ebft h\u1ee3p tinh t\u1ebf gi\u1eefa c\u00f4 d\u00e2u Thanh Vy v\u00e0 Camile Bridal.\" \/>\n<meta property=\"og:url\" content=\"https:\/\/camile.vn\/en\/product\/thiet-ke-may-do-vay-cuoi-co-dau-thanh-vy\/\" \/>\n<meta property=\"og:site_name\" content=\"CAMILE BRIDAL\" \/>\n<meta property=\"article:modified_time\" content=\"2023-05-19T03:23:00+00:00\" \/>\n<meta property=\"og:image\" content=\"https:\/\/camile.vn\/en\/wp-content\/uploads\/2023\/02\/z4070190590377_b0709763bfbdade86255eaee40505f3f.jpg\" \/>\n\t<meta property=\"og:image:width\" content=\"672\" \/>\n\t<meta property=\"og:image:height\" content=\"1280\" \/>\n\t<meta property=\"og:image:type\" content=\"image\/jpeg\" \/>\n<meta name=\"twitter:card\" content=\"summary_large_image\" \/>\n<meta name=\"twitter:label1\" content=\"Est. reading time\" \/>\n\t<meta name=\"twitter:data1\" content=\"3 minutes\" \/>\n<script type=\"application\/ld+json\" class=\"yoast-schema-graph\">{\"@context\":\"https:\/\/schema.org\",\"@graph\":[{\"@type\":\"WebPage\",\"@id\":\"https:\/\/camile.vn\/en\/product\/thiet-ke-may-do-vay-cuoi-co-dau-thanh-vy\/\",\"url\":\"https:\/\/camile.vn\/en\/product\/thiet-ke-may-do-vay-cuoi-co-dau-thanh-vy\/\",\"name\":\"Thi\u1ebft k\u1ebf may \u0111o v\u00e1y c\u01b0\u1edbi c\u00f4 d\u00e2u Thanh Vy - CAMILE BRIDAL\",\"isPartOf\":{\"@id\":\"https:\/\/camile.vn\/en\/#website\"},\"primaryImageOfPage\":{\"@id\":\"https:\/\/camile.vn\/en\/product\/thiet-ke-may-do-vay-cuoi-co-dau-thanh-vy\/#primaryimage\"},\"image\":{\"@id\":\"https:\/\/camile.vn\/en\/product\/thiet-ke-may-do-vay-cuoi-co-dau-thanh-vy\/#primaryimage\"},\"thumbnailUrl\":\"https:\/\/camile.vn\/en\/wp-content\/uploads\/2023\/02\/z4070190590377_b0709763bfbdade86255eaee40505f3f.jpg\",\"datePublished\":\"2023-02-09T04:31:39+00:00\",\"dateModified\":\"2023-05-19T03:23:00+00:00\",\"breadcrumb\":{\"@id\":\"https:\/\/camile.vn\/en\/product\/thiet-ke-may-do-vay-cuoi-co-dau-thanh-vy\/#breadcrumb\"},\"inLanguage\":\"en-US\",\"potentialAction\":[{\"@type\":\"ReadAction\",\"target\":[\"https:\/\/camile.vn\/en\/product\/thiet-ke-may-do-vay-cuoi-co-dau-thanh-vy\/\"]}]},{\"@type\":\"ImageObject\",\"inLanguage\":\"en-US\",\"@id\":\"https:\/\/camile.vn\/en\/product\/thiet-ke-may-do-vay-cuoi-co-dau-thanh-vy\/#primaryimage\",\"url\":\"https:\/\/camile.vn\/en\/wp-content\/uploads\/2023\/02\/z4070190590377_b0709763bfbdade86255eaee40505f3f.jpg\",\"contentUrl\":\"https:\/\/camile.vn\/en\/wp-content\/uploads\/2023\/02\/z4070190590377_b0709763bfbdade86255eaee40505f3f.jpg\",\"width\":672,\"height\":1280},{\"@type\":\"BreadcrumbList\",\"@id\":\"https:\/\/camile.vn\/en\/product\/thiet-ke-may-do-vay-cuoi-co-dau-thanh-vy\/#breadcrumb\",\"itemListElement\":[{\"@type\":\"ListItem\",\"position\":1,\"name\":\"Home\",\"item\":\"https:\/\/camile.vn\/en\/\"},{\"@type\":\"ListItem\",\"position\":2,\"name\":\"C\u1eeda h\u00e0ng\",\"item\":\"https:\/\/camile.vn\/en\/cua-hang\/\"},{\"@type\":\"ListItem\",\"position\":3,\"name\":\"Thi\u1ebft k\u1ebf may \u0111o v\u00e1y c\u01b0\u1edbi c\u00f4 d\u00e2u Thanh Vy\"}]},{\"@type\":\"WebSite\",\"@id\":\"https:\/\/camile.vn\/en\/#website\",\"url\":\"https:\/\/camile.vn\/en\/\",\"name\":\"CAMILE BRIDAL\",\"description\":\"WHERE WEDDING DRESSES ARE ELITE\",\"potentialAction\":[{\"@type\":\"SearchAction\",\"target\":{\"@type\":\"EntryPoint\",\"urlTemplate\":\"https:\/\/camile.vn\/en\/?s={search_term_string}\"},\"query-input\":{\"@type\":\"PropertyValueSpecification\",\"valueRequired\":true,\"valueName\":\"search_term_string\"}}],\"inLanguage\":\"en-US\"}]}<\/script>\n<!-- \/ Yoast SEO Premium plugin. -->","yoast_head_json":{"title":"Thi\u1ebft k\u1ebf may \u0111o v\u00e1y c\u01b0\u1edbi c\u00f4 d\u00e2u Thanh Vy - CAMILE BRIDAL","robots":{"index":"index","follow":"follow","max-snippet":"max-snippet:-1","max-image-preview":"max-image-preview:large","max-video-preview":"max-video-preview:-1"},"canonical":"https:\/\/camile.vn\/en\/product\/thiet-ke-may-do-vay-cuoi-co-dau-thanh-vy\/","og_locale":"en_US","og_type":"article","og_title":"Thi\u1ebft k\u1ebf may \u0111o v\u00e1y c\u01b0\u1edbi c\u00f4 d\u00e2u Thanh Vy","og_description":"???? C\u00f9ng Camile Bridal - N\u01a1i th\u1ef1c hi\u1ec7n gi\u1ea5c m\u01a1 v\u00e1y c\u01b0\u1edbi ho\u00e0n h\u1ea3o cho c\u00f4 d\u00e2u Thanh Vy!  \u2764\ufe0f Tr\u00ean h\u00e0nh tr\u00ecnh t\u00ecm ki\u1ebfm thi\u1ebft k\u1ebf v\u00e1y c\u01b0\u1edbi ho\u00e0n m\u1ef9, ch\u00fang ta lu\u00f4n tr\u00e0n \u0111\u1ea7y hy v\u1ecdng v\u00e0 ni\u1ec1m \u0111am m\u00ea. V\u00e0 gi\u1edd \u0111\u00e2y, m\u1ed9t n\u1ee5 c\u01b0\u1eddi r\u1ea1ng ng\u1eddi \u0111\u00e3 tr\u1edf th\u00e0nh hi\u1ec7n th\u1ef1c, nh\u1edd s\u1ef1 k\u1ebft h\u1ee3p tinh t\u1ebf gi\u1eefa c\u00f4 d\u00e2u Thanh Vy v\u00e0 Camile Bridal.","og_url":"https:\/\/camile.vn\/en\/product\/thiet-ke-may-do-vay-cuoi-co-dau-thanh-vy\/","og_site_name":"CAMILE BRIDAL","article_modified_time":"2023-05-19T03:23:00+00:00","og_image":[{"width":672,"height":1280,"url":"https:\/\/camile.vn\/en\/wp-content\/uploads\/2023\/02\/z4070190590377_b0709763bfbdade86255eaee40505f3f.jpg","type":"image\/jpeg"}],"twitter_card":"summary_large_image","twitter_misc":{"Est. reading time":"3 minutes"},"schema":{"@context":"https:\/\/schema.org","@graph":[{"@type":"WebPage","@id":"https:\/\/camile.vn\/en\/product\/thiet-ke-may-do-vay-cuoi-co-dau-thanh-vy\/","url":"https:\/\/camile.vn\/en\/product\/thiet-ke-may-do-vay-cuoi-co-dau-thanh-vy\/","name":"Thi\u1ebft k\u1ebf may \u0111o v\u00e1y c\u01b0\u1edbi c\u00f4 d\u00e2u Thanh Vy - CAMILE BRIDAL","isPartOf":{"@id":"https:\/\/camile.vn\/en\/#website"},"primaryImageOfPage":{"@id":"https:\/\/camile.vn\/en\/product\/thiet-ke-may-do-vay-cuoi-co-dau-thanh-vy\/#primaryimage"},"image":{"@id":"https:\/\/camile.vn\/en\/product\/thiet-ke-may-do-vay-cuoi-co-dau-thanh-vy\/#primaryimage"},"thumbnailUrl":"https:\/\/camile.vn\/en\/wp-content\/uploads\/2023\/02\/z4070190590377_b0709763bfbdade86255eaee40505f3f.jpg","datePublished":"2023-02-09T04:31:39+00:00","dateModified":"2023-05-19T03:23:00+00:00","breadcrumb":{"@id":"https:\/\/camile.vn\/en\/product\/thiet-ke-may-do-vay-cuoi-co-dau-thanh-vy\/#breadcrumb"},"inLanguage":"en-US","potentialAction":[{"@type":"ReadAction","target":["https:\/\/camile.vn\/en\/product\/thiet-ke-may-do-vay-cuoi-co-dau-thanh-vy\/"]}]},{"@type":"ImageObject","inLanguage":"en-US","@id":"https:\/\/camile.vn\/en\/product\/thiet-ke-may-do-vay-cuoi-co-dau-thanh-vy\/#primaryimage","url":"https:\/\/camile.vn\/en\/wp-content\/uploads\/2023\/02\/z4070190590377_b0709763bfbdade86255eaee40505f3f.jpg","contentUrl":"https:\/\/camile.vn\/en\/wp-content\/uploads\/2023\/02\/z4070190590377_b0709763bfbdade86255eaee40505f3f.jpg","width":672,"height":1280},{"@type":"BreadcrumbList","@id":"https:\/\/camile.vn\/en\/product\/thiet-ke-may-do-vay-cuoi-co-dau-thanh-vy\/#breadcrumb","itemListElement":[{"@type":"ListItem","position":1,"name":"Home","item":"https:\/\/camile.vn\/en\/"},{"@type":"ListItem","position":2,"name":"C\u1eeda h\u00e0ng","item":"https:\/\/camile.vn\/en\/cua-hang\/"},{"@type":"ListItem","position":3,"name":"Thi\u1ebft k\u1ebf may \u0111o v\u00e1y c\u01b0\u1edbi c\u00f4 d\u00e2u Thanh Vy"}]},{"@type":"WebSite","@id":"https:\/\/camile.vn\/en\/#website","url":"https:\/\/camile.vn\/en\/","name":"CAMILE BRIDAL","description":"WHERE WEDDING DRESSES ARE ELITE","potentialAction":[{"@type":"SearchAction","target":{"@type":"EntryPoint","urlTemplate":"https:\/\/camile.vn\/en\/?s={search_term_string}"},"query-input":{"@type":"PropertyValueSpecification","valueRequired":true,"valueName":"search_term_string"}}],"inLanguage":"en-US"}]}},"_links":{"self":[{"href":"https:\/\/camile.vn\/en\/wp-json\/wp\/v2\/product\/9159","targetHints":{"allow":["GET"]}}],"collection":[{"href":"https:\/\/camile.vn\/en\/wp-json\/wp\/v2\/product"}],"about":[{"href":"https:\/\/camile.vn\/en\/wp-json\/wp\/v2\/types\/product"}],"replies":[{"embeddable":true,"href":"https:\/\/camile.vn\/en\/wp-json\/wp\/v2\/comments?post=9159"}],"wp:featuredmedia":[{"embeddable":true,"href":"https:\/\/camile.vn\/en\/wp-json\/wp\/v2\/media\/9378"}],"wp:attachment":[{"href":"https:\/\/camile.vn\/en\/wp-json\/wp\/v2\/media?parent=9159"}],"wp:term":[{"taxonomy":"product_brand","embeddable":true,"href":"https:\/\/camile.vn\/en\/wp-json\/wp\/v2\/product_brand?post=9159"},{"taxonomy":"product_cat","embeddable":true,"href":"https:\/\/camile.vn\/en\/wp-json\/wp\/v2\/product_cat?post=9159"},{"taxonomy":"product_tag","embeddable":true,"href":"https:\/\/camile.vn\/en\/wp-json\/wp\/v2\/product_tag?post=9159"}],"curies":[{"name":"wp","href":"https:\/\/api.w.org\/{rel}","templated":true}]}}