{"id":9263,"date":"2023-02-09T05:07:17","date_gmt":"2023-02-09T05:07:17","guid":{"rendered":"https:\/\/camile.vn\/en\/?post_type=product&#038;p=9263"},"modified":"2023-05-19T02:44:18","modified_gmt":"2023-05-19T02:44:18","slug":"thiet-ke-may-do-vay-cuoi-co-dau-bui-thu-trang","status":"publish","type":"product","link":"https:\/\/camile.vn\/en\/product\/thiet-ke-may-do-vay-cuoi-co-dau-bui-thu-trang\/","title":{"rendered":"Thi\u1ebft k\u1ebf may \u0111o v\u00e1y c\u01b0\u1edbi c\u00f4 d\u00e2u B\u00f9i Thu Trang"},"content":{"rendered":"<p>???????? Ch\u00e0o c\u00e1c b\u1ea1n y\u00eau th\u00edch v\u1ebb \u0111\u1eb9p l\u1ea5p l\u00e1nh v\u00e0 \u0111\u1ea7y quy\u1ebfn r\u0169 c\u1ee7a nh\u1eefng chi\u1ebfc v\u00e1y c\u01b0\u1edbi tuy\u1ec7t \u0111\u1eb9p! H\u00f4m nay, ch\u00fang t\u00f4i xin gi\u1edbi thi\u1ec7u \u0111\u1ebfn c\u00e1c b\u1ea1n m\u1ed9t thi\u1ebft k\u1ebf \u0111\u1eb7c bi\u1ec7t, l\u00e0m n\u1ee9c l\u00f2ng m\u1ecdi c\u00f4 d\u00e2u &#8211; Thi\u1ebft k\u1ebf may \u0111o v\u00e1y c\u01b0\u1edbi c\u00f4 d\u00e2u B\u00f9i Thu Trang t\u1ea1i Camile!<\/p>\n\t<section class=\"section\" id=\"section_592375675\">\n\t\t<div class=\"bg section-bg fill bg-fill  bg-loaded\" >\n\n\t\t\t\n\t\t\t\n\t\t\t\n\n\t\t<\/div>\n\n\t\t<div class=\"section-content relative\">\n\t\t\t\n\n<div class=\"row\"  id=\"row-872093983\">\n\n\n\t<div id=\"col-263684657\" class=\"col small-12 large-12\"  >\n\t\t\t\t<div class=\"col-inner\"  >\n\t\t\t\n\t\t\t\n\n\n  \n    <div class=\"row  lightbox-multi-gallery large-columns-3 medium-columns- small-columns-2\">\n          <div class=\"gallery-col col\" >\n          <div class=\"col-inner\">\n            <a class=\"\" href=\"https:\/\/camile.vn\/en\/wp-content\/uploads\/2023\/02\/Thiet-ke-may-do-vay-cuoi-co-dau-Bui-Thu-Trang-6-768x1024.jpg\" title=\"\">            <div class=\"box has-hover gallery-box box-overlay dark\">\n              <div class=\"box-image\" >\n                <img decoding=\"async\" width=\"1920\" height=\"2560\" src=\"https:\/\/camile.vn\/en\/wp-content\/uploads\/2023\/02\/Thiet-ke-may-do-vay-cuoi-co-dau-Bui-Thu-Trang-6.jpg\" class=\"attachment-original size-original\" alt=\"\" ids=\"9256,9257,9258,9259,9260,9261\" columns=\"3\" image_size=\"original\" srcset=\"https:\/\/camile.vn\/en\/wp-content\/uploads\/2023\/02\/Thiet-ke-may-do-vay-cuoi-co-dau-Bui-Thu-Trang-6.jpg 1920w, https:\/\/camile.vn\/en\/wp-content\/uploads\/2023\/02\/Thiet-ke-may-do-vay-cuoi-co-dau-Bui-Thu-Trang-6-510x680.jpg 510w, https:\/\/camile.vn\/en\/wp-content\/uploads\/2023\/02\/Thiet-ke-may-do-vay-cuoi-co-dau-Bui-Thu-Trang-6-300x400.jpg 300w, https:\/\/camile.vn\/en\/wp-content\/uploads\/2023\/02\/Thiet-ke-may-do-vay-cuoi-co-dau-Bui-Thu-Trang-6-768x1024.jpg 768w, https:\/\/camile.vn\/en\/wp-content\/uploads\/2023\/02\/Thiet-ke-may-do-vay-cuoi-co-dau-Bui-Thu-Trang-6-1152x1536.jpg 1152w, https:\/\/camile.vn\/en\/wp-content\/uploads\/2023\/02\/Thiet-ke-may-do-vay-cuoi-co-dau-Bui-Thu-Trang-6-1536x2048.jpg 1536w\" sizes=\"(max-width: 1920px) 100vw, 1920px\" \/>                                  <div class=\"overlay fill\"\n                      style=\"background-color: rgba(0,0,0,.15)\">\n                  <\/div>\n                                                              <\/div>\n              <div class=\"box-text text-left\" >\n                 <p><\/p>\n              <\/div>\n            <\/div>\n            <\/a>          <\/div>\n         <\/div>\n                 <div class=\"gallery-col col\" >\n          <div class=\"col-inner\">\n            <a class=\"\" href=\"https:\/\/camile.vn\/en\/wp-content\/uploads\/2023\/02\/Thiet-ke-may-do-vay-cuoi-co-dau-Bui-Thu-Trang-1-724x1024.jpg\" title=\"\">            <div class=\"box has-hover gallery-box box-overlay dark\">\n              <div class=\"box-image\" >\n                <img decoding=\"async\" width=\"1810\" height=\"2560\" src=\"https:\/\/camile.vn\/en\/wp-content\/uploads\/2023\/02\/Thiet-ke-may-do-vay-cuoi-co-dau-Bui-Thu-Trang-1.jpg\" class=\"attachment-original size-original\" alt=\"\" ids=\"9256,9257,9258,9259,9260,9261\" columns=\"3\" image_size=\"original\" srcset=\"https:\/\/camile.vn\/en\/wp-content\/uploads\/2023\/02\/Thiet-ke-may-do-vay-cuoi-co-dau-Bui-Thu-Trang-1.jpg 1810w, https:\/\/camile.vn\/en\/wp-content\/uploads\/2023\/02\/Thiet-ke-may-do-vay-cuoi-co-dau-Bui-Thu-Trang-1-510x721.jpg 510w, https:\/\/camile.vn\/en\/wp-content\/uploads\/2023\/02\/Thiet-ke-may-do-vay-cuoi-co-dau-Bui-Thu-Trang-1-300x424.jpg 300w, https:\/\/camile.vn\/en\/wp-content\/uploads\/2023\/02\/Thiet-ke-may-do-vay-cuoi-co-dau-Bui-Thu-Trang-1-724x1024.jpg 724w, https:\/\/camile.vn\/en\/wp-content\/uploads\/2023\/02\/Thiet-ke-may-do-vay-cuoi-co-dau-Bui-Thu-Trang-1-768x1086.jpg 768w, https:\/\/camile.vn\/en\/wp-content\/uploads\/2023\/02\/Thiet-ke-may-do-vay-cuoi-co-dau-Bui-Thu-Trang-1-1086x1536.jpg 1086w, https:\/\/camile.vn\/en\/wp-content\/uploads\/2023\/02\/Thiet-ke-may-do-vay-cuoi-co-dau-Bui-Thu-Trang-1-1448x2048.jpg 1448w\" sizes=\"(max-width: 1810px) 100vw, 1810px\" \/>                                  <div class=\"overlay fill\"\n                      style=\"background-color: rgba(0,0,0,.15)\">\n                  <\/div>\n                                                              <\/div>\n              <div class=\"box-text text-left\" >\n                 <p><\/p>\n              <\/div>\n            <\/div>\n            <\/a>          <\/div>\n         <\/div>\n                 <div class=\"gallery-col col\" >\n          <div class=\"col-inner\">\n            <a class=\"\" href=\"https:\/\/camile.vn\/en\/wp-content\/uploads\/2023\/02\/Thiet-ke-may-do-vay-cuoi-co-dau-Bui-Thu-Trang-2-768x1024.jpg\" title=\"\">            <div class=\"box has-hover gallery-box box-overlay dark\">\n              <div class=\"box-image\" >\n                <img decoding=\"async\" width=\"1920\" height=\"2560\" src=\"https:\/\/camile.vn\/en\/wp-content\/uploads\/2023\/02\/Thiet-ke-may-do-vay-cuoi-co-dau-Bui-Thu-Trang-2.jpg\" class=\"attachment-original size-original\" alt=\"\" ids=\"9256,9257,9258,9259,9260,9261\" columns=\"3\" image_size=\"original\" srcset=\"https:\/\/camile.vn\/en\/wp-content\/uploads\/2023\/02\/Thiet-ke-may-do-vay-cuoi-co-dau-Bui-Thu-Trang-2.jpg 1920w, https:\/\/camile.vn\/en\/wp-content\/uploads\/2023\/02\/Thiet-ke-may-do-vay-cuoi-co-dau-Bui-Thu-Trang-2-510x680.jpg 510w, https:\/\/camile.vn\/en\/wp-content\/uploads\/2023\/02\/Thiet-ke-may-do-vay-cuoi-co-dau-Bui-Thu-Trang-2-300x400.jpg 300w, https:\/\/camile.vn\/en\/wp-content\/uploads\/2023\/02\/Thiet-ke-may-do-vay-cuoi-co-dau-Bui-Thu-Trang-2-768x1024.jpg 768w, https:\/\/camile.vn\/en\/wp-content\/uploads\/2023\/02\/Thiet-ke-may-do-vay-cuoi-co-dau-Bui-Thu-Trang-2-1152x1536.jpg 1152w, https:\/\/camile.vn\/en\/wp-content\/uploads\/2023\/02\/Thiet-ke-may-do-vay-cuoi-co-dau-Bui-Thu-Trang-2-1536x2048.jpg 1536w\" sizes=\"(max-width: 1920px) 100vw, 1920px\" \/>                                  <div class=\"overlay fill\"\n                      style=\"background-color: rgba(0,0,0,.15)\">\n                  <\/div>\n                                                              <\/div>\n              <div class=\"box-text text-left\" >\n                 <p><\/p>\n              <\/div>\n            <\/div>\n            <\/a>          <\/div>\n         <\/div>\n                 <div class=\"gallery-col col\" >\n          <div class=\"col-inner\">\n            <a class=\"\" href=\"https:\/\/camile.vn\/en\/wp-content\/uploads\/2023\/02\/Thiet-ke-may-do-vay-cuoi-co-dau-Bui-Thu-Trang-3-768x1024.jpg\" title=\"\">            <div class=\"box has-hover gallery-box box-overlay dark\">\n              <div class=\"box-image\" >\n                <img decoding=\"async\" width=\"1920\" height=\"2560\" src=\"https:\/\/camile.vn\/en\/wp-content\/uploads\/2023\/02\/Thiet-ke-may-do-vay-cuoi-co-dau-Bui-Thu-Trang-3.jpg\" class=\"attachment-original size-original\" alt=\"\" ids=\"9256,9257,9258,9259,9260,9261\" columns=\"3\" image_size=\"original\" srcset=\"https:\/\/camile.vn\/en\/wp-content\/uploads\/2023\/02\/Thiet-ke-may-do-vay-cuoi-co-dau-Bui-Thu-Trang-3.jpg 1920w, https:\/\/camile.vn\/en\/wp-content\/uploads\/2023\/02\/Thiet-ke-may-do-vay-cuoi-co-dau-Bui-Thu-Trang-3-510x680.jpg 510w, https:\/\/camile.vn\/en\/wp-content\/uploads\/2023\/02\/Thiet-ke-may-do-vay-cuoi-co-dau-Bui-Thu-Trang-3-300x400.jpg 300w, https:\/\/camile.vn\/en\/wp-content\/uploads\/2023\/02\/Thiet-ke-may-do-vay-cuoi-co-dau-Bui-Thu-Trang-3-768x1024.jpg 768w, https:\/\/camile.vn\/en\/wp-content\/uploads\/2023\/02\/Thiet-ke-may-do-vay-cuoi-co-dau-Bui-Thu-Trang-3-1152x1536.jpg 1152w, https:\/\/camile.vn\/en\/wp-content\/uploads\/2023\/02\/Thiet-ke-may-do-vay-cuoi-co-dau-Bui-Thu-Trang-3-1536x2048.jpg 1536w\" sizes=\"(max-width: 1920px) 100vw, 1920px\" \/>                                  <div class=\"overlay fill\"\n                      style=\"background-color: rgba(0,0,0,.15)\">\n                  <\/div>\n                                                              <\/div>\n              <div class=\"box-text text-left\" >\n                 <p><\/p>\n              <\/div>\n            <\/div>\n            <\/a>          <\/div>\n         <\/div>\n                 <div class=\"gallery-col col\" >\n          <div class=\"col-inner\">\n            <a class=\"\" href=\"https:\/\/camile.vn\/en\/wp-content\/uploads\/2023\/02\/Thiet-ke-may-do-vay-cuoi-co-dau-Bui-Thu-Trang-4-651x1024.jpg\" title=\"\">            <div class=\"box has-hover gallery-box box-overlay dark\">\n              <div class=\"box-image\" >\n                <img decoding=\"async\" width=\"1628\" height=\"2560\" src=\"https:\/\/camile.vn\/en\/wp-content\/uploads\/2023\/02\/Thiet-ke-may-do-vay-cuoi-co-dau-Bui-Thu-Trang-4.jpg\" class=\"attachment-original size-original\" alt=\"\" ids=\"9256,9257,9258,9259,9260,9261\" columns=\"3\" image_size=\"original\" srcset=\"https:\/\/camile.vn\/en\/wp-content\/uploads\/2023\/02\/Thiet-ke-may-do-vay-cuoi-co-dau-Bui-Thu-Trang-4.jpg 1628w, https:\/\/camile.vn\/en\/wp-content\/uploads\/2023\/02\/Thiet-ke-may-do-vay-cuoi-co-dau-Bui-Thu-Trang-4-510x802.jpg 510w, https:\/\/camile.vn\/en\/wp-content\/uploads\/2023\/02\/Thiet-ke-may-do-vay-cuoi-co-dau-Bui-Thu-Trang-4-300x472.jpg 300w, https:\/\/camile.vn\/en\/wp-content\/uploads\/2023\/02\/Thiet-ke-may-do-vay-cuoi-co-dau-Bui-Thu-Trang-4-651x1024.jpg 651w, https:\/\/camile.vn\/en\/wp-content\/uploads\/2023\/02\/Thiet-ke-may-do-vay-cuoi-co-dau-Bui-Thu-Trang-4-768x1208.jpg 768w, https:\/\/camile.vn\/en\/wp-content\/uploads\/2023\/02\/Thiet-ke-may-do-vay-cuoi-co-dau-Bui-Thu-Trang-4-977x1536.jpg 977w, https:\/\/camile.vn\/en\/wp-content\/uploads\/2023\/02\/Thiet-ke-may-do-vay-cuoi-co-dau-Bui-Thu-Trang-4-1302x2048.jpg 1302w\" sizes=\"(max-width: 1628px) 100vw, 1628px\" \/>                                  <div class=\"overlay fill\"\n                      style=\"background-color: rgba(0,0,0,.15)\">\n                  <\/div>\n                                                              <\/div>\n              <div class=\"box-text text-left\" >\n                 <p><\/p>\n              <\/div>\n            <\/div>\n            <\/a>          <\/div>\n         <\/div>\n                 <div class=\"gallery-col col\" >\n          <div class=\"col-inner\">\n            <a class=\"\" href=\"https:\/\/camile.vn\/en\/wp-content\/uploads\/2023\/02\/Thiet-ke-may-do-vay-cuoi-co-dau-Bui-Thu-Trang-5-786x1024.jpg\" title=\"\">            <div class=\"box has-hover gallery-box box-overlay dark\">\n              <div class=\"box-image\" >\n                <img decoding=\"async\" width=\"1966\" height=\"2560\" src=\"https:\/\/camile.vn\/en\/wp-content\/uploads\/2023\/02\/Thiet-ke-may-do-vay-cuoi-co-dau-Bui-Thu-Trang-5.jpg\" class=\"attachment-original size-original\" alt=\"\" ids=\"9256,9257,9258,9259,9260,9261\" columns=\"3\" image_size=\"original\" srcset=\"https:\/\/camile.vn\/en\/wp-content\/uploads\/2023\/02\/Thiet-ke-may-do-vay-cuoi-co-dau-Bui-Thu-Trang-5.jpg 1966w, https:\/\/camile.vn\/en\/wp-content\/uploads\/2023\/02\/Thiet-ke-may-do-vay-cuoi-co-dau-Bui-Thu-Trang-5-510x664.jpg 510w, https:\/\/camile.vn\/en\/wp-content\/uploads\/2023\/02\/Thiet-ke-may-do-vay-cuoi-co-dau-Bui-Thu-Trang-5-300x391.jpg 300w, https:\/\/camile.vn\/en\/wp-content\/uploads\/2023\/02\/Thiet-ke-may-do-vay-cuoi-co-dau-Bui-Thu-Trang-5-786x1024.jpg 786w, https:\/\/camile.vn\/en\/wp-content\/uploads\/2023\/02\/Thiet-ke-may-do-vay-cuoi-co-dau-Bui-Thu-Trang-5-768x1000.jpg 768w, https:\/\/camile.vn\/en\/wp-content\/uploads\/2023\/02\/Thiet-ke-may-do-vay-cuoi-co-dau-Bui-Thu-Trang-5-1180x1536.jpg 1180w, https:\/\/camile.vn\/en\/wp-content\/uploads\/2023\/02\/Thiet-ke-may-do-vay-cuoi-co-dau-Bui-Thu-Trang-5-1573x2048.jpg 1573w\" sizes=\"(max-width: 1966px) 100vw, 1966px\" \/>                                  <div class=\"overlay fill\"\n                      style=\"background-color: rgba(0,0,0,.15)\">\n                  <\/div>\n                                                              <\/div>\n              <div class=\"box-text text-left\" >\n                 <p><\/p>\n              <\/div>\n            <\/div>\n            <\/a>          <\/div>\n         <\/div>\n         <\/div>\n\n\n\t\t<\/div>\n\t\t\t\t\t<\/div>\n\n\t\n\n<\/div>\n\n\t\t<\/div>\n\n\t\t\n<style>\n#section_592375675 {\n  padding-top: 30px;\n  padding-bottom: 30px;\n}\n<\/style>\n\t<\/section>\n\t\n<p>???? \u0110\u01a1n gi\u1ea3n nh\u01b0ng kh\u00f4ng k\u00e9m ph\u1ea7n l\u1ea5p l\u00e1nh, \u0111\u00f3 ch\u00ednh l\u00e0 nh\u1eefng t\u1eeb m\u00e0 c\u00f4 d\u00e2u B\u00f9i Thu Trang \u0111\u00e3 truy\u1ec1n t\u1ea3i qua \u00fd t\u01b0\u1edfng v\u1ec1 m\u1eabu v\u00e1y c\u01b0\u1edbi trong m\u01a1 c\u1ee7a m\u00ecnh. V\u1edbi t\u00ecnh y\u00eau v\u00e0 s\u1ef1 \u0111am m\u00ea, c\u00f4 \u0111\u00e3 t\u00ecm \u0111\u1ebfn Camile \u0111\u1ec3 th\u1ef1c hi\u1ec7n \u01b0\u1edbc m\u01a1 c\u1ee7a m\u00ecnh &#8211; m\u1ed9t chi\u1ebfc v\u00e1y c\u01b0\u1edbi tuy\u1ec7t \u0111\u1eb9p ch\u1ec9 d\u00e0nh ri\u00eang cho m\u00ecnh!<\/p>\n<p>???? Camile \u0111\u00e3 l\u1eafng nghe v\u00e0 c\u00f9ng B\u00f9i Thu Trang t\u1ea1o n\u00ean m\u1ed9t thi\u1ebft k\u1ebf \u0111\u1ed9c \u0111\u00e1o. M\u1eabu v\u00e1y \u0111\u01b0\u1ee3c ch\u1ebf t\u1ea1o c\u00fap ng\u1ef1c c\u00e1ch \u0111i\u1ec7u, t\u1ea1o h\u00ecnh corset ho\u00e0n thi\u1ec7n sau g\u1ea7n 8 tu\u1ea7n c\u00f4ng phu. To\u00e0n b\u1ed9 chi\u1ebfc v\u00e1y \u0111\u01b0\u1ee3c l\u00e0m t\u1eeb ch\u1ea5t li\u1ec7u ren sequins cao c\u1ea5p, mang \u0111\u1ebfn hi\u1ec7u \u1ee9ng l\u1ea5p l\u00e1nh t\u1ed1i \u0111a, nh\u01b0ng v\u1eabn gi\u1eef \u0111\u01b0\u1ee3c s\u1ef1 tinh t\u1ebf v\u00e0 thanh l\u1ecbch.<\/p>\n<p>???? S\u1ef1 k\u1ef9 l\u01b0\u1ee1ng v\u00e0 t\u00ecnh y\u00eau \u0111\u00edch th\u1ef1c \u0111\u01b0\u1ee3c th\u1ec3 hi\u1ec7n trong t\u1eebng chi ti\u1ebft c\u1ee7a thi\u1ebft k\u1ebf. \u0110\u00e1 qu\u00fd \u0111\u01b0\u1ee3c \u0111\u00ednh k\u1ebft th\u1ee7 c\u00f4ng tinh x\u1ea3o, t\u1ea1o \u0111i\u1ec3m nh\u1ea5n \u0111\u1ed9c \u0111\u00e1o v\u00e0 l\u00e0m n\u1ed5i b\u1eadt v\u1ebb \u0111\u1eb9p c\u1ee7a c\u00f4 d\u00e2u. Khi c\u00f4 d\u00e2u c\u1ee7a ch\u00fang t\u00f4i di\u1ec7n m\u1eabu v\u00e1y n\u00e0y, \u00e1nh \u0111\u00e8n s\u00e2u kh\u1ea5u t\u1eeb Camile s\u1ebd ch\u1eafc ch\u1eafn l\u00e0m cho c\u00f4 tr\u1edf n\u00ean r\u1ea1ng r\u1ee1 v\u00e0 n\u1ed5i b\u1eadt trong ng\u00e0y tr\u1ecdng \u0111\u1ea1i c\u1ee7a m\u00ecnh.<\/p>\n<p>???? Ch\u00fang t\u00f4i tin r\u1eb1ng m\u1eabu v\u00e1y c\u01b0\u1edbi thi\u1ebft k\u1ebf \u0111\u1ed9c quy\u1ec1n n\u00e0y s\u1ebd l\u00e0m say \u0111\u1eafm l\u00f2ng ng\u01b0\u1eddi y\u00eau th\u00edch s\u1ef1 \u0111\u1eb9p \u0111\u1ebd. V\u1edbi s\u1ef1 k\u1ebft h\u1ee3p h\u00e0i h\u00f2a gi\u1eefa \u0111\u01a1n gi\u1ea3n v\u00e0 l\u1ed9ng l\u1eaby, c\u00f4 d\u00e2u B\u00f9i Thu Trang s\u1ebd t\u1ecfa s\u00e1ng v\u00e0 thu h\u00fat \u00e1nh nh\u00ecn c\u1ee7a m\u1ecdi ng\u01b0\u1eddi trong ng\u00e0y tr\u1ecdng \u0111\u1ea1i.<\/p>\n<p>&nbsp;<\/p>\n","protected":false},"excerpt":{"rendered":"<p>???? \u0110\u01a1n gi\u1ea3n nh\u01b0ng kh\u00f4ng k\u00e9m ph\u1ea7n l\u1ea5p l\u00e1nh, \u0111\u00f3 ch\u00ednh l\u00e0 nh\u1eefng t\u1eeb m\u00e0 c\u00f4 d\u00e2u B\u00f9i Thu Trang \u0111\u00e3 truy\u1ec1n t\u1ea3i qua \u00fd t\u01b0\u1edfng v\u1ec1 m\u1eabu v\u00e1y c\u01b0\u1edbi trong m\u01a1 c\u1ee7a m\u00ecnh. V\u1edbi t\u00ecnh y\u00eau v\u00e0 s\u1ef1 \u0111am m\u00ea, c\u00f4 \u0111\u00e3 t\u00ecm \u0111\u1ebfn Camile \u0111\u1ec3 th\u1ef1c hi\u1ec7n \u01b0\u1edbc m\u01a1 c\u1ee7a m\u00ecnh &#8211; m\u1ed9t chi\u1ebfc v\u00e1y c\u01b0\u1edbi tuy\u1ec7t \u0111\u1eb9p ch\u1ec9 d\u00e0nh ri\u00eang cho m\u00ecnh!<\/p>\n","protected":false},"featured_media":9374,"comment_status":"closed","ping_status":"closed","template":"","meta":[],"product_brand":[],"product_cat":[15],"product_tag":[],"class_list":{"0":"post-9263","1":"product","2":"type-product","3":"status-publish","4":"has-post-thumbnail","6":"product_cat-made-to-measure-wedding-dresses-designs","8":"first","9":"instock","10":"shipping-taxable","11":"product-type-simple"},"yoast_head":"<!-- This site is optimized with the Yoast SEO Premium plugin v18.0 (Yoast SEO v25.2) - https:\/\/yoast.com\/wordpress\/plugins\/seo\/ -->\n<title>Thi\u1ebft k\u1ebf may \u0111o v\u00e1y c\u01b0\u1edbi c\u00f4 d\u00e2u B\u00f9i Thu Trang - CAMILE BRIDAL<\/title>\n<meta name=\"robots\" content=\"index, follow, max-snippet:-1, max-image-preview:large, max-video-preview:-1\" \/>\n<link rel=\"canonical\" href=\"https:\/\/camile.vn\/en\/product\/thiet-ke-may-do-vay-cuoi-co-dau-bui-thu-trang\/\" \/>\n<meta property=\"og:locale\" content=\"en_US\" \/>\n<meta property=\"og:type\" content=\"article\" \/>\n<meta property=\"og:title\" content=\"Thi\u1ebft k\u1ebf may \u0111o v\u00e1y c\u01b0\u1edbi c\u00f4 d\u00e2u B\u00f9i Thu Trang\" \/>\n<meta property=\"og:description\" content=\"???? \u0110\u01a1n gi\u1ea3n nh\u01b0ng kh\u00f4ng k\u00e9m ph\u1ea7n l\u1ea5p l\u00e1nh, \u0111\u00f3 ch\u00ednh l\u00e0 nh\u1eefng t\u1eeb m\u00e0 c\u00f4 d\u00e2u B\u00f9i Thu Trang \u0111\u00e3 truy\u1ec1n t\u1ea3i qua \u00fd t\u01b0\u1edfng v\u1ec1 m\u1eabu v\u00e1y c\u01b0\u1edbi trong m\u01a1 c\u1ee7a m\u00ecnh. V\u1edbi t\u00ecnh y\u00eau v\u00e0 s\u1ef1 \u0111am m\u00ea, c\u00f4 \u0111\u00e3 t\u00ecm \u0111\u1ebfn Camile \u0111\u1ec3 th\u1ef1c hi\u1ec7n \u01b0\u1edbc m\u01a1 c\u1ee7a m\u00ecnh - m\u1ed9t chi\u1ebfc v\u00e1y c\u01b0\u1edbi tuy\u1ec7t \u0111\u1eb9p ch\u1ec9 d\u00e0nh ri\u00eang cho m\u00ecnh!\" \/>\n<meta property=\"og:url\" content=\"https:\/\/camile.vn\/en\/product\/thiet-ke-may-do-vay-cuoi-co-dau-bui-thu-trang\/\" \/>\n<meta property=\"og:site_name\" content=\"CAMILE BRIDAL\" \/>\n<meta property=\"article:modified_time\" content=\"2023-05-19T02:44:18+00:00\" \/>\n<meta property=\"og:image\" content=\"https:\/\/camile.vn\/en\/wp-content\/uploads\/2023\/02\/z3994696887580_2abd9fb0ef2042273dcadcc3136938db.jpg\" \/>\n\t<meta property=\"og:image:width\" content=\"1966\" \/>\n\t<meta property=\"og:image:height\" content=\"2560\" \/>\n\t<meta property=\"og:image:type\" content=\"image\/jpeg\" \/>\n<meta name=\"twitter:card\" content=\"summary_large_image\" \/>\n<meta name=\"twitter:label1\" content=\"Est. reading time\" \/>\n\t<meta name=\"twitter:data1\" content=\"2 minutes\" \/>\n<script type=\"application\/ld+json\" class=\"yoast-schema-graph\">{\"@context\":\"https:\/\/schema.org\",\"@graph\":[{\"@type\":\"WebPage\",\"@id\":\"https:\/\/camile.vn\/en\/product\/thiet-ke-may-do-vay-cuoi-co-dau-bui-thu-trang\/\",\"url\":\"https:\/\/camile.vn\/en\/product\/thiet-ke-may-do-vay-cuoi-co-dau-bui-thu-trang\/\",\"name\":\"Thi\u1ebft k\u1ebf may \u0111o v\u00e1y c\u01b0\u1edbi c\u00f4 d\u00e2u B\u00f9i Thu Trang - CAMILE BRIDAL\",\"isPartOf\":{\"@id\":\"https:\/\/camile.vn\/en\/#website\"},\"primaryImageOfPage\":{\"@id\":\"https:\/\/camile.vn\/en\/product\/thiet-ke-may-do-vay-cuoi-co-dau-bui-thu-trang\/#primaryimage\"},\"image\":{\"@id\":\"https:\/\/camile.vn\/en\/product\/thiet-ke-may-do-vay-cuoi-co-dau-bui-thu-trang\/#primaryimage\"},\"thumbnailUrl\":\"https:\/\/camile.vn\/en\/wp-content\/uploads\/2023\/02\/z3994696887580_2abd9fb0ef2042273dcadcc3136938db.jpg\",\"datePublished\":\"2023-02-09T05:07:17+00:00\",\"dateModified\":\"2023-05-19T02:44:18+00:00\",\"breadcrumb\":{\"@id\":\"https:\/\/camile.vn\/en\/product\/thiet-ke-may-do-vay-cuoi-co-dau-bui-thu-trang\/#breadcrumb\"},\"inLanguage\":\"en-US\",\"potentialAction\":[{\"@type\":\"ReadAction\",\"target\":[\"https:\/\/camile.vn\/en\/product\/thiet-ke-may-do-vay-cuoi-co-dau-bui-thu-trang\/\"]}]},{\"@type\":\"ImageObject\",\"inLanguage\":\"en-US\",\"@id\":\"https:\/\/camile.vn\/en\/product\/thiet-ke-may-do-vay-cuoi-co-dau-bui-thu-trang\/#primaryimage\",\"url\":\"https:\/\/camile.vn\/en\/wp-content\/uploads\/2023\/02\/z3994696887580_2abd9fb0ef2042273dcadcc3136938db.jpg\",\"contentUrl\":\"https:\/\/camile.vn\/en\/wp-content\/uploads\/2023\/02\/z3994696887580_2abd9fb0ef2042273dcadcc3136938db.jpg\",\"width\":1966,\"height\":2560},{\"@type\":\"BreadcrumbList\",\"@id\":\"https:\/\/camile.vn\/en\/product\/thiet-ke-may-do-vay-cuoi-co-dau-bui-thu-trang\/#breadcrumb\",\"itemListElement\":[{\"@type\":\"ListItem\",\"position\":1,\"name\":\"Home\",\"item\":\"https:\/\/camile.vn\/en\/\"},{\"@type\":\"ListItem\",\"position\":2,\"name\":\"C\u1eeda h\u00e0ng\",\"item\":\"https:\/\/camile.vn\/en\/cua-hang\/\"},{\"@type\":\"ListItem\",\"position\":3,\"name\":\"Thi\u1ebft k\u1ebf may \u0111o v\u00e1y c\u01b0\u1edbi c\u00f4 d\u00e2u B\u00f9i Thu Trang\"}]},{\"@type\":\"WebSite\",\"@id\":\"https:\/\/camile.vn\/en\/#website\",\"url\":\"https:\/\/camile.vn\/en\/\",\"name\":\"CAMILE BRIDAL\",\"description\":\"WHERE WEDDING DRESSES ARE ELITE\",\"potentialAction\":[{\"@type\":\"SearchAction\",\"target\":{\"@type\":\"EntryPoint\",\"urlTemplate\":\"https:\/\/camile.vn\/en\/?s={search_term_string}\"},\"query-input\":{\"@type\":\"PropertyValueSpecification\",\"valueRequired\":true,\"valueName\":\"search_term_string\"}}],\"inLanguage\":\"en-US\"}]}<\/script>\n<!-- \/ Yoast SEO Premium plugin. -->","yoast_head_json":{"title":"Thi\u1ebft k\u1ebf may \u0111o v\u00e1y c\u01b0\u1edbi c\u00f4 d\u00e2u B\u00f9i Thu Trang - CAMILE BRIDAL","robots":{"index":"index","follow":"follow","max-snippet":"max-snippet:-1","max-image-preview":"max-image-preview:large","max-video-preview":"max-video-preview:-1"},"canonical":"https:\/\/camile.vn\/en\/product\/thiet-ke-may-do-vay-cuoi-co-dau-bui-thu-trang\/","og_locale":"en_US","og_type":"article","og_title":"Thi\u1ebft k\u1ebf may \u0111o v\u00e1y c\u01b0\u1edbi c\u00f4 d\u00e2u B\u00f9i Thu Trang","og_description":"???? \u0110\u01a1n gi\u1ea3n nh\u01b0ng kh\u00f4ng k\u00e9m ph\u1ea7n l\u1ea5p l\u00e1nh, \u0111\u00f3 ch\u00ednh l\u00e0 nh\u1eefng t\u1eeb m\u00e0 c\u00f4 d\u00e2u B\u00f9i Thu Trang \u0111\u00e3 truy\u1ec1n t\u1ea3i qua \u00fd t\u01b0\u1edfng v\u1ec1 m\u1eabu v\u00e1y c\u01b0\u1edbi trong m\u01a1 c\u1ee7a m\u00ecnh. V\u1edbi t\u00ecnh y\u00eau v\u00e0 s\u1ef1 \u0111am m\u00ea, c\u00f4 \u0111\u00e3 t\u00ecm \u0111\u1ebfn Camile \u0111\u1ec3 th\u1ef1c hi\u1ec7n \u01b0\u1edbc m\u01a1 c\u1ee7a m\u00ecnh - m\u1ed9t chi\u1ebfc v\u00e1y c\u01b0\u1edbi tuy\u1ec7t \u0111\u1eb9p ch\u1ec9 d\u00e0nh ri\u00eang cho m\u00ecnh!","og_url":"https:\/\/camile.vn\/en\/product\/thiet-ke-may-do-vay-cuoi-co-dau-bui-thu-trang\/","og_site_name":"CAMILE BRIDAL","article_modified_time":"2023-05-19T02:44:18+00:00","og_image":[{"width":1966,"height":2560,"url":"https:\/\/camile.vn\/en\/wp-content\/uploads\/2023\/02\/z3994696887580_2abd9fb0ef2042273dcadcc3136938db.jpg","type":"image\/jpeg"}],"twitter_card":"summary_large_image","twitter_misc":{"Est. reading time":"2 minutes"},"schema":{"@context":"https:\/\/schema.org","@graph":[{"@type":"WebPage","@id":"https:\/\/camile.vn\/en\/product\/thiet-ke-may-do-vay-cuoi-co-dau-bui-thu-trang\/","url":"https:\/\/camile.vn\/en\/product\/thiet-ke-may-do-vay-cuoi-co-dau-bui-thu-trang\/","name":"Thi\u1ebft k\u1ebf may \u0111o v\u00e1y c\u01b0\u1edbi c\u00f4 d\u00e2u B\u00f9i Thu Trang - CAMILE BRIDAL","isPartOf":{"@id":"https:\/\/camile.vn\/en\/#website"},"primaryImageOfPage":{"@id":"https:\/\/camile.vn\/en\/product\/thiet-ke-may-do-vay-cuoi-co-dau-bui-thu-trang\/#primaryimage"},"image":{"@id":"https:\/\/camile.vn\/en\/product\/thiet-ke-may-do-vay-cuoi-co-dau-bui-thu-trang\/#primaryimage"},"thumbnailUrl":"https:\/\/camile.vn\/en\/wp-content\/uploads\/2023\/02\/z3994696887580_2abd9fb0ef2042273dcadcc3136938db.jpg","datePublished":"2023-02-09T05:07:17+00:00","dateModified":"2023-05-19T02:44:18+00:00","breadcrumb":{"@id":"https:\/\/camile.vn\/en\/product\/thiet-ke-may-do-vay-cuoi-co-dau-bui-thu-trang\/#breadcrumb"},"inLanguage":"en-US","potentialAction":[{"@type":"ReadAction","target":["https:\/\/camile.vn\/en\/product\/thiet-ke-may-do-vay-cuoi-co-dau-bui-thu-trang\/"]}]},{"@type":"ImageObject","inLanguage":"en-US","@id":"https:\/\/camile.vn\/en\/product\/thiet-ke-may-do-vay-cuoi-co-dau-bui-thu-trang\/#primaryimage","url":"https:\/\/camile.vn\/en\/wp-content\/uploads\/2023\/02\/z3994696887580_2abd9fb0ef2042273dcadcc3136938db.jpg","contentUrl":"https:\/\/camile.vn\/en\/wp-content\/uploads\/2023\/02\/z3994696887580_2abd9fb0ef2042273dcadcc3136938db.jpg","width":1966,"height":2560},{"@type":"BreadcrumbList","@id":"https:\/\/camile.vn\/en\/product\/thiet-ke-may-do-vay-cuoi-co-dau-bui-thu-trang\/#breadcrumb","itemListElement":[{"@type":"ListItem","position":1,"name":"Home","item":"https:\/\/camile.vn\/en\/"},{"@type":"ListItem","position":2,"name":"C\u1eeda h\u00e0ng","item":"https:\/\/camile.vn\/en\/cua-hang\/"},{"@type":"ListItem","position":3,"name":"Thi\u1ebft k\u1ebf may \u0111o v\u00e1y c\u01b0\u1edbi c\u00f4 d\u00e2u B\u00f9i Thu Trang"}]},{"@type":"WebSite","@id":"https:\/\/camile.vn\/en\/#website","url":"https:\/\/camile.vn\/en\/","name":"CAMILE BRIDAL","description":"WHERE WEDDING DRESSES ARE ELITE","potentialAction":[{"@type":"SearchAction","target":{"@type":"EntryPoint","urlTemplate":"https:\/\/camile.vn\/en\/?s={search_term_string}"},"query-input":{"@type":"PropertyValueSpecification","valueRequired":true,"valueName":"search_term_string"}}],"inLanguage":"en-US"}]}},"_links":{"self":[{"href":"https:\/\/camile.vn\/en\/wp-json\/wp\/v2\/product\/9263","targetHints":{"allow":["GET"]}}],"collection":[{"href":"https:\/\/camile.vn\/en\/wp-json\/wp\/v2\/product"}],"about":[{"href":"https:\/\/camile.vn\/en\/wp-json\/wp\/v2\/types\/product"}],"replies":[{"embeddable":true,"href":"https:\/\/camile.vn\/en\/wp-json\/wp\/v2\/comments?post=9263"}],"wp:featuredmedia":[{"embeddable":true,"href":"https:\/\/camile.vn\/en\/wp-json\/wp\/v2\/media\/9374"}],"wp:attachment":[{"href":"https:\/\/camile.vn\/en\/wp-json\/wp\/v2\/media?parent=9263"}],"wp:term":[{"taxonomy":"product_brand","embeddable":true,"href":"https:\/\/camile.vn\/en\/wp-json\/wp\/v2\/product_brand?post=9263"},{"taxonomy":"product_cat","embeddable":true,"href":"https:\/\/camile.vn\/en\/wp-json\/wp\/v2\/product_cat?post=9263"},{"taxonomy":"product_tag","embeddable":true,"href":"https:\/\/camile.vn\/en\/wp-json\/wp\/v2\/product_tag?post=9263"}],"curies":[{"name":"wp","href":"https:\/\/api.w.org\/{rel}","templated":true}]}}