{"id":9959,"date":"2023-09-26T07:44:25","date_gmt":"2023-09-26T07:44:25","guid":{"rendered":"https:\/\/camile.vn\/en\/?post_type=product&#038;p=9959"},"modified":"2025-11-26T10:44:48","modified_gmt":"2025-11-26T10:44:48","slug":"may-collection-2023-2024-look-6-su-ket-hop-hoan-hao-cua-hoa-tiet-hoa-3d-va-chat-lieu-tulle","status":"publish","type":"product","link":"https:\/\/camile.vn\/en\/product\/may-collection-2023-2024-look-6-su-ket-hop-hoan-hao-cua-hoa-tiet-hoa-3d-va-chat-lieu-tulle\/","title":{"rendered":"M\u00c2Y COLLECTION 2023-2024| LOOK 6: S\u1ef1 K\u1ebft H\u1ee3p Ho\u00e0n H\u1ea3o C\u1ee7a H\u1ecda Ti\u1ebft Hoa 3D v\u00e0 Ch\u1ea5t Li\u1ec7u Tulle"},"content":{"rendered":"<p>M\u1ed9t b\u1ed9 s\u01b0u t\u1eadp th\u1eddi trang lu\u00f4n l\u00e0 s\u1ef1 k\u1ebft h\u1ee3p tinh t\u1ebf gi\u1eefa \u00fd t\u01b0\u1edfng thi\u1ebft k\u1ebf v\u00e0 s\u1ef1 s\u00e1ng t\u1ea1o. V\u00e0 M\u00c2Y COLLECTION 2023-2024 kh\u00f4ng ph\u1ea3i l\u00e0 ngo\u1ea1i l\u1ec7. Trong b\u00e0i vi\u1ebft n\u00e0y, ch\u00fang t\u00f4i s\u1ebd \u0111\u01b0a b\u1ea1n v\u00e0o th\u1ebf gi\u1edbi \u0111\u1ea7y s\u00e1ng t\u1ea1o c\u1ee7a b\u1ed9 s\u01b0u t\u1eadp n\u00e0y, \u0111\u1eb7c bi\u1ec7t l\u00e0 Look 6, n\u01a1i m\u00e0 chi ti\u1ebft hoa 3D \u0111\u01b0\u1ee3c t\u1eadn d\u1ee5ng t\u1ed1i \u0111a \u0111\u1ec3 mang t\u1edbi s\u1ef1 ng\u1ecdt ng\u00e0o v\u00e0 th\u00eam ph\u1ea7n t\u01b0\u01a1i m\u1edbi cho thi\u1ebft k\u1ebf A-line th\u01b0\u1eddng \u0111\u01b0\u1ee3c xem l\u00e0 t\u1ed1i gi\u1ea3n v\u00e0 thanh l\u1ecbch. Ch\u1ea5t li\u1ec7u tulle cho thi\u1ebft k\u1ebf s\u1ef1 bay b\u1ed5ng v\u00e0 thi\u1ebft k\u1ebf vai ngang v\u00f4 c\u00f9ng t\u01b0\u01a1i tr\u1ebb. H\u00e3y c\u00f9ng kh\u00e1m ph\u00e1 ngay!<\/p>\n<p><img decoding=\"async\" class=\"aligncenter size-full wp-image-9960\" src=\"https:\/\/camile.vn\/en\/wp-content\/uploads\/2023\/09\/VAY-CUOI-THIET-KE-CAO-CAP-MAY-COLLECTION-2023-2024-LOOK-6-1.jpg\" alt=\"\" width=\"600\" height=\"900\" srcset=\"https:\/\/camile.vn\/en\/wp-content\/uploads\/2023\/09\/VAY-CUOI-THIET-KE-CAO-CAP-MAY-COLLECTION-2023-2024-LOOK-6-1.jpg 600w, https:\/\/camile.vn\/en\/wp-content\/uploads\/2023\/09\/VAY-CUOI-THIET-KE-CAO-CAP-MAY-COLLECTION-2023-2024-LOOK-6-1-510x765.jpg 510w, https:\/\/camile.vn\/en\/wp-content\/uploads\/2023\/09\/VAY-CUOI-THIET-KE-CAO-CAP-MAY-COLLECTION-2023-2024-LOOK-6-1-300x450.jpg 300w\" sizes=\"(max-width: 600px) 100vw, 600px\" \/> <img decoding=\"async\" class=\"aligncenter size-full wp-image-9961\" src=\"https:\/\/camile.vn\/en\/wp-content\/uploads\/2023\/09\/VAY-CUOI-THIET-KE-CAO-CAP-MAY-COLLECTION-2023-2024-LOOK-6-2.jpg\" alt=\"\" width=\"600\" height=\"900\" srcset=\"https:\/\/camile.vn\/en\/wp-content\/uploads\/2023\/09\/VAY-CUOI-THIET-KE-CAO-CAP-MAY-COLLECTION-2023-2024-LOOK-6-2.jpg 600w, https:\/\/camile.vn\/en\/wp-content\/uploads\/2023\/09\/VAY-CUOI-THIET-KE-CAO-CAP-MAY-COLLECTION-2023-2024-LOOK-6-2-510x765.jpg 510w, https:\/\/camile.vn\/en\/wp-content\/uploads\/2023\/09\/VAY-CUOI-THIET-KE-CAO-CAP-MAY-COLLECTION-2023-2024-LOOK-6-2-300x450.jpg 300w\" sizes=\"(max-width: 600px) 100vw, 600px\" \/> <img decoding=\"async\" class=\"aligncenter size-full wp-image-9962\" src=\"https:\/\/camile.vn\/en\/wp-content\/uploads\/2023\/09\/VAY-CUOI-THIET-KE-CAO-CAP-MAY-COLLECTION-2023-2024-LOOK-6-3.jpg\" alt=\"\" width=\"600\" height=\"900\" srcset=\"https:\/\/camile.vn\/en\/wp-content\/uploads\/2023\/09\/VAY-CUOI-THIET-KE-CAO-CAP-MAY-COLLECTION-2023-2024-LOOK-6-3.jpg 600w, https:\/\/camile.vn\/en\/wp-content\/uploads\/2023\/09\/VAY-CUOI-THIET-KE-CAO-CAP-MAY-COLLECTION-2023-2024-LOOK-6-3-510x765.jpg 510w, https:\/\/camile.vn\/en\/wp-content\/uploads\/2023\/09\/VAY-CUOI-THIET-KE-CAO-CAP-MAY-COLLECTION-2023-2024-LOOK-6-3-300x450.jpg 300w\" sizes=\"(max-width: 600px) 100vw, 600px\" \/> <img decoding=\"async\" class=\"aligncenter size-full wp-image-9963\" src=\"https:\/\/camile.vn\/en\/wp-content\/uploads\/2023\/09\/VAY-CUOI-THIET-KE-CAO-CAP-MAY-COLLECTION-2023-2024-LOOK-6-4.jpg\" alt=\"\" width=\"600\" height=\"900\" srcset=\"https:\/\/camile.vn\/en\/wp-content\/uploads\/2023\/09\/VAY-CUOI-THIET-KE-CAO-CAP-MAY-COLLECTION-2023-2024-LOOK-6-4.jpg 600w, https:\/\/camile.vn\/en\/wp-content\/uploads\/2023\/09\/VAY-CUOI-THIET-KE-CAO-CAP-MAY-COLLECTION-2023-2024-LOOK-6-4-510x765.jpg 510w, https:\/\/camile.vn\/en\/wp-content\/uploads\/2023\/09\/VAY-CUOI-THIET-KE-CAO-CAP-MAY-COLLECTION-2023-2024-LOOK-6-4-300x450.jpg 300w\" sizes=\"(max-width: 600px) 100vw, 600px\" \/><\/p>\n<h2>1. S\u1ef1 L\u1ef1a Ch\u1ecdn Ho\u00e0n H\u1ea3o: Chi Ti\u1ebft Hoa 3D<\/h2>\n<p>M\u00c2Y COLLECTION 2023-2024 n\u1ed5i b\u1eadt v\u1edbi vi\u1ec7c s\u1eed d\u1ee5ng hoa 3D l\u00e0m \u0111i\u1ec3m nh\u1ea5n trong thi\u1ebft k\u1ebf. \u0110i\u1ec1u n\u00e0y t\u1ea1o n\u00ean m\u1ed9t v\u1ebb \u0111\u1eb9p ng\u1ecdt ng\u00e0o v\u00e0 tinh t\u1ebf, khi\u1ebfn cho chi\u1ebfc v\u00e1y c\u01b0\u1edbi tr\u1edf n\u00ean \u1ea5n t\u01b0\u1ee3ng v\u00e0 \u0111\u1ea7y cu\u1ed1n h\u00fat. Chi ti\u1ebft hoa 3D \u0111\u01b0\u1ee3c c\u1eafm tr\u00ean v\u00e1y m\u1ed9t c\u00e1ch t\u1ec9 m\u1ec9, t\u1ea1o n\u00ean hi\u1ec7u \u1ee9ng s\u1ed1ng \u0111\u1ed9ng v\u00e0 quy\u1ebfn r\u0169.<\/p>\n<h2>2. Ch\u1ea5t Li\u1ec7u Tulle: S\u1ef1 Bay B\u1ed5ng Ho\u00e0n H\u1ea3o<\/h2>\n<p>M\u1ed9t trong nh\u1eefng \u0111i\u1ec3m \u0111\u1eb7c bi\u1ec7t c\u1ee7a Look 6 trong M\u00c2Y COLLECTION l\u00e0 vi\u1ec7c s\u1eed d\u1ee5ng ch\u1ea5t li\u1ec7u tulle cho v\u00e1y c\u01b0\u1edbi. Ch\u1ea5t li\u1ec7u n\u00e0y t\u1ea1o n\u00ean s\u1ef1 bay b\u1ed5ng \u0111\u1eb9p m\u1eaft, l\u00e0m cho chi\u1ebfc v\u00e1y tr\u1edf n\u00ean l\u00e3ng m\u1ea1n v\u00e0 quy\u1ebfn r\u0169. S\u1ef1 k\u1ebft h\u1ee3p gi\u1eefa hoa 3D v\u00e0 ch\u1ea5t li\u1ec7u tulle l\u00e0 m\u1ed9t b\u01b0\u1edbc \u0111i t\u00e1o b\u1ea1o v\u00e0 \u0111\u1ea7y s\u00e1ng t\u1ea1o trong th\u1ebf gi\u1edbi th\u1eddi trang c\u01b0\u1edbi.<\/p>\n<h2>3. Thi\u1ebft K\u1ebf Vai Ngang \u0110\u1ed9c \u0110\u00e1o<\/h2>\n<p>Look 6 c\u1ee7a M\u00c2Y COLLECTION kh\u00f4ng ch\u1ec9 d\u1eebng l\u1ea1i \u1edf chi ti\u1ebft hoa 3D v\u00e0 ch\u1ea5t li\u1ec7u tulle, m\u00e0 c\u00f2n c\u00f3 thi\u1ebft k\u1ebf vai ngang \u0111\u1ed9c \u0111\u00e1o. \u0110i\u1ec1u n\u00e0y gi\u00fap t\u00f4n l\u00ean v\u1ebb \u0111\u1eb9p c\u1ee7a vai v\u00e0 t\u1ea1o n\u00ean m\u1ed9t phong c\u00e1ch th\u1eddi trang \u0111\u1ed9c \u0111\u00e1o v\u00e0 t\u01b0\u01a1i tr\u1ebb.<\/p>\n<h2>4. L\u1ef1a Ch\u1ecdn Tuy\u1ec7t V\u1eddi Cho N\u00e0ng D\u00e2u T\u01b0\u01a1ng Lai<\/h2>\n<p>N\u1ebfu b\u1ea1n l\u00e0 m\u1ed9t n\u00e0ng d\u00e2u t\u01b0\u01a1ng lai \u0111ang t\u00ecm ki\u1ebfm cho m\u00ecnh m\u1ed9t chi\u1ebfc v\u00e1y c\u01b0\u1edbi \u1ea5n t\u01b0\u1ee3ng v\u00e0 \u0111\u1ed9c \u0111\u00e1o, th\u00ec Look 6 c\u1ee7a M\u00c2Y COLLECTION ch\u1eafc ch\u1eafn l\u00e0 m\u1ed9t s\u1ef1 l\u1ef1a ch\u1ecdn tuy\u1ec7t v\u1eddi. Chi ti\u1ebft hoa 3D, ch\u1ea5t li\u1ec7u tulle v\u00e0 thi\u1ebft k\u1ebf vai ngang t\u1ea1o n\u00ean m\u1ed9t s\u1ef1 k\u1ebft h\u1ee3p ho\u00e0n h\u1ea3o, mang \u0111\u1ebfn cho b\u1ea1n v\u1ebb \u0111\u1eb9p ng\u1ecdt ng\u00e0o v\u00e0 thanh l\u1ecbch.<\/p>\n<h2>5. Ch\u1ea5t Li\u1ec7u Tulle v\u00e0 Ren D\u1ec7t<\/h2>\n<p>Ch\u1ea5t li\u1ec7u tulle v\u00e0 ren d\u1ec7t \u0111\u00e3 \u0111\u01b0\u1ee3c s\u1eed d\u1ee5ng t\u00e0i t\u00ecnh trong thi\u1ebft k\u1ebf c\u1ee7a M\u00c2Y COLLECTION. Ch\u00fang t\u1ea1o n\u00ean s\u1ef1 tinh t\u1ebf v\u00e0 quy\u1ebfn r\u0169, \u0111\u1ed3ng th\u1eddi gi\u00fap cho v\u00e1y c\u01b0\u1edbi tr\u1edf n\u00ean \u0111\u1eb9p m\u1eaft v\u00e0 \u0111\u1ed9c \u0111\u00e1o.<\/p>\n<p>M\u00e2y Collection c\u00f3 m\u1eb7t t\u1ea1i showroom, n\u1ebfu n\u00e0ng \u0111ang t\u00ecm ki\u1ebfm trang ph\u1ee5c c\u01b0\u1edbi \u1ea5n t\u01b0\u1ee3ng cho m\u00ecnh th\u00ec \u0111\u1eb7t l\u1ecbch c\u00f9ng Camile Bridal \u0111\u1ec3 \u0111\u01b0\u1ee3c tr\u1ea3i nghi\u1ec7m v\u00e0 take care t\u1ed1t nh\u1ea5t nh\u00e9!<\/p>\n<h2>6. Camile Bridal &#8211; V\u00e1y C\u01b0\u1edbi Thi\u1ebft K\u1ebf Cao C\u1ea5p<\/h2>\n<p>Camile Bridal t\u1ef1 tin l\u00e0 \u0111\u1ecba ch\u1ec9 uy t\u00edn v\u00e0 ch\u1ea5t l\u01b0\u1ee3ng d\u00e0nh cho c\u00e1c n\u00e0ng d\u00e2u t\u01b0\u01a1ng lai. Ch\u00fang t\u00f4i cam k\u1ebft mang \u0111\u1ebfn cho b\u1ea1n nh\u1eefng tr\u1ea3i nghi\u1ec7m mua s\u1eafm v\u00e0 ch\u0103m s\u00f3c t\u1ed1t nh\u1ea5t. H\u00e3y li\u00ean h\u1ec7 ngay v\u1edbi ch\u00fang t\u00f4i \u0111\u1ec3 kh\u00e1m ph\u00e1 th\u1ebf gi\u1edbi c\u1ee7a M\u00c2Y COLLECTION v\u00e0 c\u00e1c b\u1ed9 s\u01b0u t\u1eadp v\u00e1y c\u01b0\u1edbi kh\u00e1c.<\/p>\n<p><strong>Hotline: 0978 425 416 (Ms Hoa)<\/strong><\/p>\n<h2>K\u1ebft Lu\u1eadn<\/h2>\n<p>M\u00c2Y COLLECTION 2023-2024, \u0111\u1eb7c bi\u1ec7t l\u00e0 Look 6, mang \u0111\u1ebfn s\u1ef1 k\u1ebft h\u1ee3p ho\u00e0n h\u1ea3o gi\u1eefa chi ti\u1ebft hoa 3D v\u00e0 ch\u1ea5t li\u1ec7u tulle. \u0110\u00e2y l\u00e0 s\u1ef1 l\u1ef1a ch\u1ecdn tuy\u1ec7t v\u1eddi cho nh\u1eefng n\u00e0ng d\u00e2u t\u01b0\u01a1ng lai mu\u1ed1n t\u1ecfa s\u00e1ng trong ng\u00e0y tr\u1ecdng \u0111\u1ea1i c\u1ee7a m\u00ecnh. H\u00e3y \u0111\u1ebfn v\u1edbi Camile Bridal \u0111\u1ec3 tr\u1ea3i nghi\u1ec7m v\u00e0 l\u1ef1a ch\u1ecdn chi\u1ebfc v\u00e1y c\u01b0\u1edbi \u0111\u1eb9p nh\u1ea5t cho b\u1ea1n!<\/p>\n","protected":false},"excerpt":{"rendered":"<p><em>M\u1ed9t b\u1ed9 s\u01b0u t\u1eadp th\u1eddi trang lu\u00f4n l\u00e0 s\u1ef1 k\u1ebft h\u1ee3p tinh t\u1ebf gi\u1eefa \u00fd t\u01b0\u1edfng thi\u1ebft k\u1ebf v\u00e0 s\u1ef1 s\u00e1ng t\u1ea1o. V\u00e0 M\u00c2Y COLLECTION 2023-2024 kh\u00f4ng ph\u1ea3i l\u00e0 ngo\u1ea1i l\u1ec7. Trong b\u00e0i vi\u1ebft n\u00e0y, ch\u00fang t\u00f4i s\u1ebd \u0111\u01b0a b\u1ea1n v\u00e0o th\u1ebf gi\u1edbi \u0111\u1ea7y s\u00e1ng t\u1ea1o c\u1ee7a b\u1ed9 s\u01b0u t\u1eadp n\u00e0y, \u0111\u1eb7c bi\u1ec7t l\u00e0 Look 6, n\u01a1i m\u00e0 chi ti\u1ebft hoa 3D \u0111\u01b0\u1ee3c t\u1eadn d\u1ee5ng t\u1ed1i \u0111a \u0111\u1ec3 mang t\u1edbi s\u1ef1 ng\u1ecdt ng\u00e0o v\u00e0 th\u00eam ph\u1ea7n t\u01b0\u01a1i m\u1edbi cho thi\u1ebft k\u1ebf A-line th\u01b0\u1eddng \u0111\u01b0\u1ee3c xem l\u00e0 t\u1ed1i gi\u1ea3n v\u00e0 thanh l\u1ecbch. Ch\u1ea5t li\u1ec7u tulle cho thi\u1ebft k\u1ebf s\u1ef1 bay b\u1ed5ng v\u00e0 thi\u1ebft k\u1ebf vai ngang v\u00f4 c\u00f9ng t\u01b0\u01a1i tr\u1ebb. H\u00e3y c\u00f9ng kh\u00e1m ph\u00e1 ngay!<\/em><\/p>\n","protected":false},"featured_media":9961,"comment_status":"closed","ping_status":"closed","template":"","meta":[],"product_brand":[],"product_cat":[463],"product_tag":[195],"class_list":{"0":"post-9959","1":"product","2":"type-product","3":"status-publish","4":"has-post-thumbnail","6":"product_cat-classics","7":"product_tag-vay-cuoi","9":"first","10":"instock","11":"sale","12":"shipping-taxable","13":"purchasable","14":"product-type-simple"},"yoast_head":"<!-- This site is optimized with the Yoast SEO Premium plugin v18.0 (Yoast SEO v25.2) - https:\/\/yoast.com\/wordpress\/plugins\/seo\/ -->\n<title>M\u00c2Y COLLECTION 2023-2024| LOOK 6: S\u1ef1 K\u1ebft H\u1ee3p Ho\u00e0n H\u1ea3o C\u1ee7a H\u1ecda Ti\u1ebft Hoa 3D v\u00e0 Ch\u1ea5t Li\u1ec7u Tulle - CAMILE BRIDAL<\/title>\n<meta name=\"robots\" content=\"index, follow, max-snippet:-1, max-image-preview:large, max-video-preview:-1\" \/>\n<link rel=\"canonical\" href=\"https:\/\/camile.vn\/en\/product\/may-collection-2023-2024-look-6-su-ket-hop-hoan-hao-cua-hoa-tiet-hoa-3d-va-chat-lieu-tulle\/\" \/>\n<meta property=\"og:locale\" content=\"en_US\" \/>\n<meta property=\"og:type\" content=\"article\" \/>\n<meta property=\"og:title\" content=\"M\u00c2Y COLLECTION 2023-2024| LOOK 6: S\u1ef1 K\u1ebft H\u1ee3p Ho\u00e0n H\u1ea3o C\u1ee7a H\u1ecda Ti\u1ebft Hoa 3D v\u00e0 Ch\u1ea5t Li\u1ec7u Tulle\" \/>\n<meta property=\"og:description\" content=\"M\u1ed9t b\u1ed9 s\u01b0u t\u1eadp th\u1eddi trang lu\u00f4n l\u00e0 s\u1ef1 k\u1ebft h\u1ee3p tinh t\u1ebf gi\u1eefa \u00fd t\u01b0\u1edfng thi\u1ebft k\u1ebf v\u00e0 s\u1ef1 s\u00e1ng t\u1ea1o. V\u00e0 M\u00c2Y COLLECTION 2023-2024 kh\u00f4ng ph\u1ea3i l\u00e0 ngo\u1ea1i l\u1ec7. Trong b\u00e0i vi\u1ebft n\u00e0y, ch\u00fang t\u00f4i s\u1ebd \u0111\u01b0a b\u1ea1n v\u00e0o th\u1ebf gi\u1edbi \u0111\u1ea7y s\u00e1ng t\u1ea1o c\u1ee7a b\u1ed9 s\u01b0u t\u1eadp n\u00e0y, \u0111\u1eb7c bi\u1ec7t l\u00e0 Look 6, n\u01a1i m\u00e0 chi ti\u1ebft hoa 3D \u0111\u01b0\u1ee3c t\u1eadn d\u1ee5ng t\u1ed1i \u0111a \u0111\u1ec3 mang t\u1edbi s\u1ef1 ng\u1ecdt ng\u00e0o v\u00e0 th\u00eam ph\u1ea7n t\u01b0\u01a1i m\u1edbi cho thi\u1ebft k\u1ebf A-line th\u01b0\u1eddng \u0111\u01b0\u1ee3c xem l\u00e0 t\u1ed1i gi\u1ea3n v\u00e0 thanh l\u1ecbch. Ch\u1ea5t li\u1ec7u tulle cho thi\u1ebft k\u1ebf s\u1ef1 bay b\u1ed5ng v\u00e0 thi\u1ebft k\u1ebf vai ngang v\u00f4 c\u00f9ng t\u01b0\u01a1i tr\u1ebb. H\u00e3y c\u00f9ng kh\u00e1m ph\u00e1 ngay!\" \/>\n<meta property=\"og:url\" content=\"https:\/\/camile.vn\/en\/product\/may-collection-2023-2024-look-6-su-ket-hop-hoan-hao-cua-hoa-tiet-hoa-3d-va-chat-lieu-tulle\/\" \/>\n<meta property=\"og:site_name\" content=\"CAMILE BRIDAL\" \/>\n<meta property=\"article:modified_time\" content=\"2025-11-26T10:44:48+00:00\" \/>\n<meta property=\"og:image\" content=\"https:\/\/camile.vn\/en\/wp-content\/uploads\/2023\/09\/VAY-CUOI-THIET-KE-CAO-CAP-MAY-COLLECTION-2023-2024-LOOK-6-2.jpg\" \/>\n\t<meta property=\"og:image:width\" content=\"600\" \/>\n\t<meta property=\"og:image:height\" content=\"900\" \/>\n\t<meta property=\"og:image:type\" content=\"image\/jpeg\" \/>\n<meta name=\"twitter:card\" content=\"summary_large_image\" \/>\n<meta name=\"twitter:label1\" content=\"Est. reading time\" \/>\n\t<meta name=\"twitter:data1\" content=\"5 minutes\" \/>\n<script type=\"application\/ld+json\" class=\"yoast-schema-graph\">{\"@context\":\"https:\/\/schema.org\",\"@graph\":[{\"@type\":\"WebPage\",\"@id\":\"https:\/\/camile.vn\/en\/product\/may-collection-2023-2024-look-6-su-ket-hop-hoan-hao-cua-hoa-tiet-hoa-3d-va-chat-lieu-tulle\/\",\"url\":\"https:\/\/camile.vn\/en\/product\/may-collection-2023-2024-look-6-su-ket-hop-hoan-hao-cua-hoa-tiet-hoa-3d-va-chat-lieu-tulle\/\",\"name\":\"M\u00c2Y COLLECTION 2023-2024| LOOK 6: S\u1ef1 K\u1ebft H\u1ee3p Ho\u00e0n H\u1ea3o C\u1ee7a H\u1ecda Ti\u1ebft Hoa 3D v\u00e0 Ch\u1ea5t Li\u1ec7u Tulle - CAMILE BRIDAL\",\"isPartOf\":{\"@id\":\"https:\/\/camile.vn\/en\/#website\"},\"primaryImageOfPage\":{\"@id\":\"https:\/\/camile.vn\/en\/product\/may-collection-2023-2024-look-6-su-ket-hop-hoan-hao-cua-hoa-tiet-hoa-3d-va-chat-lieu-tulle\/#primaryimage\"},\"image\":{\"@id\":\"https:\/\/camile.vn\/en\/product\/may-collection-2023-2024-look-6-su-ket-hop-hoan-hao-cua-hoa-tiet-hoa-3d-va-chat-lieu-tulle\/#primaryimage\"},\"thumbnailUrl\":\"https:\/\/camile.vn\/en\/wp-content\/uploads\/2023\/09\/VAY-CUOI-THIET-KE-CAO-CAP-MAY-COLLECTION-2023-2024-LOOK-6-2.jpg\",\"datePublished\":\"2023-09-26T07:44:25+00:00\",\"dateModified\":\"2025-11-26T10:44:48+00:00\",\"breadcrumb\":{\"@id\":\"https:\/\/camile.vn\/en\/product\/may-collection-2023-2024-look-6-su-ket-hop-hoan-hao-cua-hoa-tiet-hoa-3d-va-chat-lieu-tulle\/#breadcrumb\"},\"inLanguage\":\"en-US\",\"potentialAction\":[{\"@type\":\"ReadAction\",\"target\":[\"https:\/\/camile.vn\/en\/product\/may-collection-2023-2024-look-6-su-ket-hop-hoan-hao-cua-hoa-tiet-hoa-3d-va-chat-lieu-tulle\/\"]}]},{\"@type\":\"ImageObject\",\"inLanguage\":\"en-US\",\"@id\":\"https:\/\/camile.vn\/en\/product\/may-collection-2023-2024-look-6-su-ket-hop-hoan-hao-cua-hoa-tiet-hoa-3d-va-chat-lieu-tulle\/#primaryimage\",\"url\":\"https:\/\/camile.vn\/en\/wp-content\/uploads\/2023\/09\/VAY-CUOI-THIET-KE-CAO-CAP-MAY-COLLECTION-2023-2024-LOOK-6-2.jpg\",\"contentUrl\":\"https:\/\/camile.vn\/en\/wp-content\/uploads\/2023\/09\/VAY-CUOI-THIET-KE-CAO-CAP-MAY-COLLECTION-2023-2024-LOOK-6-2.jpg\",\"width\":600,\"height\":900},{\"@type\":\"BreadcrumbList\",\"@id\":\"https:\/\/camile.vn\/en\/product\/may-collection-2023-2024-look-6-su-ket-hop-hoan-hao-cua-hoa-tiet-hoa-3d-va-chat-lieu-tulle\/#breadcrumb\",\"itemListElement\":[{\"@type\":\"ListItem\",\"position\":1,\"name\":\"Home\",\"item\":\"https:\/\/camile.vn\/en\/\"},{\"@type\":\"ListItem\",\"position\":2,\"name\":\"C\u1eeda h\u00e0ng\",\"item\":\"https:\/\/camile.vn\/en\/cua-hang\/\"},{\"@type\":\"ListItem\",\"position\":3,\"name\":\"M\u00c2Y COLLECTION 2023-2024| LOOK 6: S\u1ef1 K\u1ebft H\u1ee3p Ho\u00e0n H\u1ea3o C\u1ee7a H\u1ecda Ti\u1ebft Hoa 3D v\u00e0 Ch\u1ea5t Li\u1ec7u Tulle\"}]},{\"@type\":\"WebSite\",\"@id\":\"https:\/\/camile.vn\/en\/#website\",\"url\":\"https:\/\/camile.vn\/en\/\",\"name\":\"CAMILE BRIDAL\",\"description\":\"WHERE WEDDING DRESSES ARE ELITE\",\"potentialAction\":[{\"@type\":\"SearchAction\",\"target\":{\"@type\":\"EntryPoint\",\"urlTemplate\":\"https:\/\/camile.vn\/en\/?s={search_term_string}\"},\"query-input\":{\"@type\":\"PropertyValueSpecification\",\"valueRequired\":true,\"valueName\":\"search_term_string\"}}],\"inLanguage\":\"en-US\"}]}<\/script>\n<!-- \/ Yoast SEO Premium plugin. -->","yoast_head_json":{"title":"M\u00c2Y COLLECTION 2023-2024| LOOK 6: S\u1ef1 K\u1ebft H\u1ee3p Ho\u00e0n H\u1ea3o C\u1ee7a H\u1ecda Ti\u1ebft Hoa 3D v\u00e0 Ch\u1ea5t Li\u1ec7u Tulle - CAMILE BRIDAL","robots":{"index":"index","follow":"follow","max-snippet":"max-snippet:-1","max-image-preview":"max-image-preview:large","max-video-preview":"max-video-preview:-1"},"canonical":"https:\/\/camile.vn\/en\/product\/may-collection-2023-2024-look-6-su-ket-hop-hoan-hao-cua-hoa-tiet-hoa-3d-va-chat-lieu-tulle\/","og_locale":"en_US","og_type":"article","og_title":"M\u00c2Y COLLECTION 2023-2024| LOOK 6: S\u1ef1 K\u1ebft H\u1ee3p Ho\u00e0n H\u1ea3o C\u1ee7a H\u1ecda Ti\u1ebft Hoa 3D v\u00e0 Ch\u1ea5t Li\u1ec7u Tulle","og_description":"M\u1ed9t b\u1ed9 s\u01b0u t\u1eadp th\u1eddi trang lu\u00f4n l\u00e0 s\u1ef1 k\u1ebft h\u1ee3p tinh t\u1ebf gi\u1eefa \u00fd t\u01b0\u1edfng thi\u1ebft k\u1ebf v\u00e0 s\u1ef1 s\u00e1ng t\u1ea1o. V\u00e0 M\u00c2Y COLLECTION 2023-2024 kh\u00f4ng ph\u1ea3i l\u00e0 ngo\u1ea1i l\u1ec7. Trong b\u00e0i vi\u1ebft n\u00e0y, ch\u00fang t\u00f4i s\u1ebd \u0111\u01b0a b\u1ea1n v\u00e0o th\u1ebf gi\u1edbi \u0111\u1ea7y s\u00e1ng t\u1ea1o c\u1ee7a b\u1ed9 s\u01b0u t\u1eadp n\u00e0y, \u0111\u1eb7c bi\u1ec7t l\u00e0 Look 6, n\u01a1i m\u00e0 chi ti\u1ebft hoa 3D \u0111\u01b0\u1ee3c t\u1eadn d\u1ee5ng t\u1ed1i \u0111a \u0111\u1ec3 mang t\u1edbi s\u1ef1 ng\u1ecdt ng\u00e0o v\u00e0 th\u00eam ph\u1ea7n t\u01b0\u01a1i m\u1edbi cho thi\u1ebft k\u1ebf A-line th\u01b0\u1eddng \u0111\u01b0\u1ee3c xem l\u00e0 t\u1ed1i gi\u1ea3n v\u00e0 thanh l\u1ecbch. Ch\u1ea5t li\u1ec7u tulle cho thi\u1ebft k\u1ebf s\u1ef1 bay b\u1ed5ng v\u00e0 thi\u1ebft k\u1ebf vai ngang v\u00f4 c\u00f9ng t\u01b0\u01a1i tr\u1ebb. H\u00e3y c\u00f9ng kh\u00e1m ph\u00e1 ngay!","og_url":"https:\/\/camile.vn\/en\/product\/may-collection-2023-2024-look-6-su-ket-hop-hoan-hao-cua-hoa-tiet-hoa-3d-va-chat-lieu-tulle\/","og_site_name":"CAMILE BRIDAL","article_modified_time":"2025-11-26T10:44:48+00:00","og_image":[{"width":600,"height":900,"url":"https:\/\/camile.vn\/en\/wp-content\/uploads\/2023\/09\/VAY-CUOI-THIET-KE-CAO-CAP-MAY-COLLECTION-2023-2024-LOOK-6-2.jpg","type":"image\/jpeg"}],"twitter_card":"summary_large_image","twitter_misc":{"Est. reading time":"5 minutes"},"schema":{"@context":"https:\/\/schema.org","@graph":[{"@type":"WebPage","@id":"https:\/\/camile.vn\/en\/product\/may-collection-2023-2024-look-6-su-ket-hop-hoan-hao-cua-hoa-tiet-hoa-3d-va-chat-lieu-tulle\/","url":"https:\/\/camile.vn\/en\/product\/may-collection-2023-2024-look-6-su-ket-hop-hoan-hao-cua-hoa-tiet-hoa-3d-va-chat-lieu-tulle\/","name":"M\u00c2Y COLLECTION 2023-2024| LOOK 6: S\u1ef1 K\u1ebft H\u1ee3p Ho\u00e0n H\u1ea3o C\u1ee7a H\u1ecda Ti\u1ebft Hoa 3D v\u00e0 Ch\u1ea5t Li\u1ec7u Tulle - CAMILE BRIDAL","isPartOf":{"@id":"https:\/\/camile.vn\/en\/#website"},"primaryImageOfPage":{"@id":"https:\/\/camile.vn\/en\/product\/may-collection-2023-2024-look-6-su-ket-hop-hoan-hao-cua-hoa-tiet-hoa-3d-va-chat-lieu-tulle\/#primaryimage"},"image":{"@id":"https:\/\/camile.vn\/en\/product\/may-collection-2023-2024-look-6-su-ket-hop-hoan-hao-cua-hoa-tiet-hoa-3d-va-chat-lieu-tulle\/#primaryimage"},"thumbnailUrl":"https:\/\/camile.vn\/en\/wp-content\/uploads\/2023\/09\/VAY-CUOI-THIET-KE-CAO-CAP-MAY-COLLECTION-2023-2024-LOOK-6-2.jpg","datePublished":"2023-09-26T07:44:25+00:00","dateModified":"2025-11-26T10:44:48+00:00","breadcrumb":{"@id":"https:\/\/camile.vn\/en\/product\/may-collection-2023-2024-look-6-su-ket-hop-hoan-hao-cua-hoa-tiet-hoa-3d-va-chat-lieu-tulle\/#breadcrumb"},"inLanguage":"en-US","potentialAction":[{"@type":"ReadAction","target":["https:\/\/camile.vn\/en\/product\/may-collection-2023-2024-look-6-su-ket-hop-hoan-hao-cua-hoa-tiet-hoa-3d-va-chat-lieu-tulle\/"]}]},{"@type":"ImageObject","inLanguage":"en-US","@id":"https:\/\/camile.vn\/en\/product\/may-collection-2023-2024-look-6-su-ket-hop-hoan-hao-cua-hoa-tiet-hoa-3d-va-chat-lieu-tulle\/#primaryimage","url":"https:\/\/camile.vn\/en\/wp-content\/uploads\/2023\/09\/VAY-CUOI-THIET-KE-CAO-CAP-MAY-COLLECTION-2023-2024-LOOK-6-2.jpg","contentUrl":"https:\/\/camile.vn\/en\/wp-content\/uploads\/2023\/09\/VAY-CUOI-THIET-KE-CAO-CAP-MAY-COLLECTION-2023-2024-LOOK-6-2.jpg","width":600,"height":900},{"@type":"BreadcrumbList","@id":"https:\/\/camile.vn\/en\/product\/may-collection-2023-2024-look-6-su-ket-hop-hoan-hao-cua-hoa-tiet-hoa-3d-va-chat-lieu-tulle\/#breadcrumb","itemListElement":[{"@type":"ListItem","position":1,"name":"Home","item":"https:\/\/camile.vn\/en\/"},{"@type":"ListItem","position":2,"name":"C\u1eeda h\u00e0ng","item":"https:\/\/camile.vn\/en\/cua-hang\/"},{"@type":"ListItem","position":3,"name":"M\u00c2Y COLLECTION 2023-2024| LOOK 6: S\u1ef1 K\u1ebft H\u1ee3p Ho\u00e0n H\u1ea3o C\u1ee7a H\u1ecda Ti\u1ebft Hoa 3D v\u00e0 Ch\u1ea5t Li\u1ec7u Tulle"}]},{"@type":"WebSite","@id":"https:\/\/camile.vn\/en\/#website","url":"https:\/\/camile.vn\/en\/","name":"CAMILE BRIDAL","description":"WHERE WEDDING DRESSES ARE ELITE","potentialAction":[{"@type":"SearchAction","target":{"@type":"EntryPoint","urlTemplate":"https:\/\/camile.vn\/en\/?s={search_term_string}"},"query-input":{"@type":"PropertyValueSpecification","valueRequired":true,"valueName":"search_term_string"}}],"inLanguage":"en-US"}]}},"_links":{"self":[{"href":"https:\/\/camile.vn\/en\/wp-json\/wp\/v2\/product\/9959","targetHints":{"allow":["GET"]}}],"collection":[{"href":"https:\/\/camile.vn\/en\/wp-json\/wp\/v2\/product"}],"about":[{"href":"https:\/\/camile.vn\/en\/wp-json\/wp\/v2\/types\/product"}],"replies":[{"embeddable":true,"href":"https:\/\/camile.vn\/en\/wp-json\/wp\/v2\/comments?post=9959"}],"wp:featuredmedia":[{"embeddable":true,"href":"https:\/\/camile.vn\/en\/wp-json\/wp\/v2\/media\/9961"}],"wp:attachment":[{"href":"https:\/\/camile.vn\/en\/wp-json\/wp\/v2\/media?parent=9959"}],"wp:term":[{"taxonomy":"product_brand","embeddable":true,"href":"https:\/\/camile.vn\/en\/wp-json\/wp\/v2\/product_brand?post=9959"},{"taxonomy":"product_cat","embeddable":true,"href":"https:\/\/camile.vn\/en\/wp-json\/wp\/v2\/product_cat?post=9959"},{"taxonomy":"product_tag","embeddable":true,"href":"https:\/\/camile.vn\/en\/wp-json\/wp\/v2\/product_tag?post=9959"}],"curies":[{"name":"wp","href":"https:\/\/api.w.org\/{rel}","templated":true}]}}