{"id":9964,"date":"2023-09-26T07:50:15","date_gmt":"2023-09-26T07:50:15","guid":{"rendered":"https:\/\/camile.vn\/en\/?post_type=product&#038;p=9964"},"modified":"2025-11-26T10:44:42","modified_gmt":"2025-11-26T10:44:42","slug":"may-collection-2023-2024-look-5-su-ket-hop-hoan-hao-cua-tulle-hoa-3d-va-corset-co-dien","status":"publish","type":"product","link":"https:\/\/camile.vn\/en\/product\/may-collection-2023-2024-look-5-su-ket-hop-hoan-hao-cua-tulle-hoa-3d-va-corset-co-dien\/","title":{"rendered":"M\u00c2Y COLLECTION 2023-2024| LOOK 5: S\u1ef1 K\u1ebft H\u1ee3p Ho\u00e0n H\u1ea3o C\u1ee7a Tulle, Hoa 3D, V\u00e0 Corset C\u1ed5 \u0110i\u1ec3n"},"content":{"rendered":"<p>Trang ph\u1ee5c c\u01b0\u1edbi lu\u00f4n l\u00e0 m\u1ed9t ph\u1ea7n quan tr\u1ecdng v\u00e0 \u0111\u1eb7c bi\u1ec7t trong ng\u00e0y c\u01b0\u1edbi c\u1ee7a m\u1ed7i c\u00f4 d\u00e2u. \u0110\u00f3 kh\u00f4ng ch\u1ec9 l\u00e0 m\u1ed9t chi\u1ebfc v\u00e1y, m\u00e0 c\u00f2n l\u00e0 bi\u1ec3u t\u01b0\u1ee3ng c\u1ee7a t\u00ecnh y\u00eau v\u00e0 s\u1ef1 k\u1ebft h\u1ee3p ho\u00e0n h\u1ea3o gi\u1eefa c\u00e1i \u0111\u1eb9p v\u00e0 tinh t\u1ebf. V\u00e0 trong b\u1ed9 s\u01b0u t\u1eadp M\u00c2Y 2023-2024, Look 5 \u0111\u00e3 \u0111\u1eb7t ra m\u1ed9t ti\u00eau chu\u1ea9n m\u1edbi cho s\u1ef1 thanh l\u1ecbch v\u00e0 quy\u1ebfn r\u0169. H\u00e3y c\u00f9ng ch\u00fang t\u00f4i kh\u00e1m ph\u00e1 nh\u1eefng \u0111i\u1ec3m \u0111\u1eb7c bi\u1ec7t c\u1ee7a Look 5 n\u00e0y.<\/p>\n<p><img decoding=\"async\" class=\"aligncenter size-full wp-image-9965\" src=\"https:\/\/camile.vn\/en\/wp-content\/uploads\/2023\/09\/VAY-CUOI-THIET-KE-CAO-CAP-MAY-COLLECTION-2023-2024-LOOK-5-1.jpg\" alt=\"\" width=\"600\" height=\"900\" srcset=\"https:\/\/camile.vn\/en\/wp-content\/uploads\/2023\/09\/VAY-CUOI-THIET-KE-CAO-CAP-MAY-COLLECTION-2023-2024-LOOK-5-1.jpg 600w, https:\/\/camile.vn\/en\/wp-content\/uploads\/2023\/09\/VAY-CUOI-THIET-KE-CAO-CAP-MAY-COLLECTION-2023-2024-LOOK-5-1-510x765.jpg 510w, https:\/\/camile.vn\/en\/wp-content\/uploads\/2023\/09\/VAY-CUOI-THIET-KE-CAO-CAP-MAY-COLLECTION-2023-2024-LOOK-5-1-300x450.jpg 300w\" sizes=\"(max-width: 600px) 100vw, 600px\" \/> <img decoding=\"async\" class=\"aligncenter size-full wp-image-9966\" src=\"https:\/\/camile.vn\/en\/wp-content\/uploads\/2023\/09\/VAY-CUOI-THIET-KE-CAO-CAP-MAY-COLLECTION-2023-2024-LOOK-5-2.jpg\" alt=\"\" width=\"600\" height=\"900\" srcset=\"https:\/\/camile.vn\/en\/wp-content\/uploads\/2023\/09\/VAY-CUOI-THIET-KE-CAO-CAP-MAY-COLLECTION-2023-2024-LOOK-5-2.jpg 600w, https:\/\/camile.vn\/en\/wp-content\/uploads\/2023\/09\/VAY-CUOI-THIET-KE-CAO-CAP-MAY-COLLECTION-2023-2024-LOOK-5-2-510x765.jpg 510w, https:\/\/camile.vn\/en\/wp-content\/uploads\/2023\/09\/VAY-CUOI-THIET-KE-CAO-CAP-MAY-COLLECTION-2023-2024-LOOK-5-2-300x450.jpg 300w\" sizes=\"(max-width: 600px) 100vw, 600px\" \/> <img decoding=\"async\" class=\"aligncenter size-full wp-image-9967\" src=\"https:\/\/camile.vn\/en\/wp-content\/uploads\/2023\/09\/VAY-CUOI-THIET-KE-CAO-CAP-MAY-COLLECTION-2023-2024-LOOK-5-3.jpg\" alt=\"\" width=\"600\" height=\"900\" srcset=\"https:\/\/camile.vn\/en\/wp-content\/uploads\/2023\/09\/VAY-CUOI-THIET-KE-CAO-CAP-MAY-COLLECTION-2023-2024-LOOK-5-3.jpg 600w, https:\/\/camile.vn\/en\/wp-content\/uploads\/2023\/09\/VAY-CUOI-THIET-KE-CAO-CAP-MAY-COLLECTION-2023-2024-LOOK-5-3-510x765.jpg 510w, https:\/\/camile.vn\/en\/wp-content\/uploads\/2023\/09\/VAY-CUOI-THIET-KE-CAO-CAP-MAY-COLLECTION-2023-2024-LOOK-5-3-300x450.jpg 300w\" sizes=\"(max-width: 600px) 100vw, 600px\" \/> <img decoding=\"async\" class=\"aligncenter size-full wp-image-9968\" src=\"https:\/\/camile.vn\/en\/wp-content\/uploads\/2023\/09\/VAY-CUOI-THIET-KE-CAO-CAP-MAY-COLLECTION-2023-2024-LOOK-5-4.jpg\" alt=\"\" width=\"600\" height=\"900\" srcset=\"https:\/\/camile.vn\/en\/wp-content\/uploads\/2023\/09\/VAY-CUOI-THIET-KE-CAO-CAP-MAY-COLLECTION-2023-2024-LOOK-5-4.jpg 600w, https:\/\/camile.vn\/en\/wp-content\/uploads\/2023\/09\/VAY-CUOI-THIET-KE-CAO-CAP-MAY-COLLECTION-2023-2024-LOOK-5-4-510x765.jpg 510w, https:\/\/camile.vn\/en\/wp-content\/uploads\/2023\/09\/VAY-CUOI-THIET-KE-CAO-CAP-MAY-COLLECTION-2023-2024-LOOK-5-4-300x450.jpg 300w\" sizes=\"(max-width: 600px) 100vw, 600px\" \/><\/p>\n<h2>1. Ch\u1ea5t Li\u1ec7u Tulle Tinh T\u1ebf<\/h2>\n<p>Look 5 c\u1ee7a M\u00c2Y COLLECTION 2023-2024 th\u1eadt s\u1ef1 \u1ea5n t\u01b0\u1ee3ng v\u1edbi vi\u1ec7c s\u1eed d\u1ee5ng ch\u1ea5t li\u1ec7u tulle cao c\u1ea5p. Chi\u1ebfc v\u00e1y \u0111\u01b0\u1ee3c x\u1ebfp li t\u1ec9 m\u1ec9 t\u1eeb tulle, t\u1ea1o n\u00ean m\u1ed9t l\u1edbp v\u1ea3i nh\u1eb9 nh\u00e0ng, m\u1ec1m m\u1ecbn v\u00e0 t\u00f4n l\u00ean b\u1edd vai m\u1ea3nh mai c\u1ee7a ng\u01b0\u1eddi m\u1eb7c. Ch\u1ea5t li\u1ec7u tulle kh\u00f4ng ch\u1ec9 mang l\u1ea1i s\u1ef1 tho\u1ea3i m\u00e1i m\u00e0 c\u00f2n l\u00e0m n\u1ed5i b\u1eadt v\u1ebb \u0111\u1eb9p n\u1eef t\u00ednh v\u00e0 ki\u00eau sa.<\/p>\n<h2>2. Chi Ti\u1ebft Hoa 3D Tinh T\u1ebf<\/h2>\n<p>S\u1ef1 k\u1ebft h\u1ee3p c\u1ee7a hoa 3D tr\u00ean chi\u1ebfc v\u00e1y l\u00e0 \u0111i\u1ec3m nh\u1ea5n \u0111\u1ed9c \u0111\u00e1o trong Look 5. Nh\u1eefng b\u00f4ng hoa \u0111\u01b0\u1ee3c l\u00e0m t\u1eeb ch\u1ea5t li\u1ec7u cao c\u1ea5p, t\u1ea1o ra s\u1ef1 s\u00e1ng b\u00f3ng v\u00e0 s\u1ed1ng \u0111\u1ed9ng. Nh\u1eefng b\u00f4ng hoa n\u00e0y kh\u00f4ng ch\u1ec9 l\u00e0m cho chi\u1ebfc v\u00e1y tr\u1edf n\u00ean r\u1ea1ng ng\u1eddi m\u00e0 c\u00f2n t\u1ea1o ra s\u1ef1 tinh t\u1ebf v\u00e0 sang tr\u1ecdng.<\/p>\n<h2>3. Corset C\u1ed5 \u0110i\u1ec3n T\u00f4n D\u00e1ng<\/h2>\n<p>Corset lu\u00f4n l\u00e0 m\u1ed9t bi\u1ec3u t\u01b0\u1ee3ng c\u1ee7a s\u1ef1 n\u1eef t\u00ednh v\u00e0 quy\u1ebfn r\u0169. Trong Look 5, vi\u1ec7c s\u1eed d\u1ee5ng corset c\u1ed5 \u0111i\u1ec3n l\u00e0 m\u1ed9t s\u1ef1 l\u1ef1a ch\u1ecdn th\u00f4ng minh. Corset gi\u00fap t\u00f4n l\u00ean v\u00f2ng eo v\u00e0 l\u00e0m cho ng\u01b0\u1eddi m\u1eb7c tr\u1edf n\u00ean quy\u1ebfn r\u0169 h\u01a1n bao gi\u1edd h\u1ebft. \u0110\u00e2y l\u00e0 m\u1ed9t ph\u1ea7n kh\u00f4ng th\u1ec3 thi\u1ebfu trong thi\u1ebft k\u1ebf n\u00e0y.<\/p>\n<h2>4. Phom Ballgown \u0110\u1eb3ng C\u1ea5p<\/h2>\n<p>M\u00e2y Collection kh\u00f4ng qu\u00ean gi\u1eef l\u1ea1i phomg ballgown \u0111\u1ea7y \u1ea5n t\u01b0\u1ee3ng trong Look 5. Ph\u1ea7n \u0111u\u00f4i d\u00e0i c\u1ee7a chi\u1ebfc v\u00e1y t\u1ea1o n\u00ean s\u1ef1 n\u1ed5i b\u1eadt v\u00e0 t\u00f4n l\u00ean v\u1ebb \u0111\u1eb9p ho\u00e0ng gia c\u1ee7a c\u00f4 d\u00e2u. \u0110i\u1ec1u n\u00e0y ph\u00f9 h\u1ee3p v\u1edbi nhu c\u1ea7u c\u1ee7a \u0111\u1ea1i \u0111a s\u1ed1 c\u00f4 d\u00e2u Vi\u1ec7t, khi h\u1ecd mu\u1ed1n m\u00ecnh tr\u1edf n\u00ean \u0111\u1eb7c bi\u1ec7t v\u00e0 qu\u00fd ph\u00e1i trong ng\u00e0y c\u01b0\u1edbi.<\/p>\n<h2>5. Ch\u1ea5t Li\u1ec7u \u0110a D\u1ea1ng<\/h2>\n<p>M\u00c2Y COLLECTION 2023-2024 s\u1eed d\u1ee5ng ch\u1ea5t li\u1ec7u \u0111a d\u1ea1ng \u0111\u1ec3 t\u1ea1o ra s\u1ef1 phong c\u00e1ch \u0111\u1ed9c \u0111\u00e1o cho Look 5. B\u00ean c\u1ea1nh tulle, ch\u00fang ta c\u00f2n c\u00f3 ren d\u1ec7t v\u00e0 ren sequins. S\u1ef1 k\u1ebft h\u1ee3p n\u00e0y t\u1ea1o n\u00ean s\u1ef1 s\u00e1ng b\u00f3ng v\u00e0 ph\u1ea3n \u00e1nh \u00e1nh s\u00e1ng m\u1ed9t c\u00e1ch tuy\u1ec7t v\u1eddi, l\u00e0m cho chi\u1ebfc v\u00e1y tr\u1edf n\u00ean l\u1ea5p l\u00e1nh v\u00e0 quy\u1ebfn r\u0169.<\/p>\n<h2>6. \u0110\u1eb7t L\u1ecbch Tr\u1ea3i Nghi\u1ec7m T\u1ea1i Showroom<\/h2>\n<p>N\u1ebfu b\u1ea1n \u0111ang t\u00ecm ki\u1ebfm trang ph\u1ee5c c\u01b0\u1edbi \u1ea5n t\u01b0\u1ee3ng cho m\u00ecnh, \u0111\u1eebng ng\u1ea7n ng\u1ea1i \u0111\u1eb7t l\u1ecbch c\u00f9ng Camile Bridal \u0111\u1ec3 \u0111\u01b0\u1ee3c tr\u1ea3i nghi\u1ec7m v\u00e0 take care t\u1ed1t nh\u1ea5t. T\u1ea1i showroom, b\u1ea1n s\u1ebd c\u00f3 c\u01a1 h\u1ed9i th\u1eed v\u00e1y v\u00e0 nh\u1eadn \u0111\u01b0\u1ee3c s\u1ef1 t\u01b0 v\u1ea5n chuy\u00ean nghi\u1ec7p t\u1eeb \u0111\u1ed9i ng\u0169 chuy\u00ean gia th\u1eddi trang c\u1ee7a ch\u00fang t\u00f4i.<\/p>\n<h2>7. T\u1ef1 Tin L\u00e0 Ch\u00ednh N\u00e0ng<\/h2>\n<p>M\u00c2Y COLLECTION lu\u00f4n t\u00f4n vinh v\u1ebb \u0111\u1eb9p t\u1ef1 nhi\u00ean v\u00e0 phong c\u00e1ch ri\u00eang bi\u1ec7t c\u1ee7a m\u1ed7i c\u00f4 d\u00e2u. Ch\u00fang t\u00f4i tin r\u1eb1ng s\u1ef1 t\u1ef1 tin l\u00e0 \u0111i\u1ec3m \u0111\u1eb7c bi\u1ec7t c\u1ee7a ch\u00ednh b\u1ea1n. H\u00e3y \u0111\u1ec3 ch\u00fang t\u00f4i gi\u00fap b\u1ea1n t\u1ecfa s\u00e1ng trong ng\u00e0y c\u01b0\u1edbi c\u1ee7a m\u00ecnh.<\/p>\n<h2>K\u1ebft Lu\u1eadn<\/h2>\n<p>Look 5 trong b\u1ed9 s\u01b0u t\u1eadp M\u00c2Y COLLECTION 2023-2024 th\u1eadt s\u1ef1 l\u00e0 m\u1ed9t s\u1ef1 k\u1ebft h\u1ee3p ho\u00e0n h\u1ea3o gi\u1eefa ch\u1ea5t li\u1ec7u tulle tinh t\u1ebf, hoa 3D s\u1ed1ng \u0111\u1ed9ng v\u00e0 corset c\u1ed5 \u0111i\u1ec3n quy\u1ebfn r\u0169. Chi\u1ebfc v\u00e1y n\u00e0y kh\u00f4ng ch\u1ec9 t\u1ea1o n\u00ean v\u1ebb \u0111\u1eb9p n\u1eef t\u00ednh m\u00e0 c\u00f2n l\u00e0 bi\u1ec3u t\u01b0\u1ee3ng c\u1ee7a s\u1ef1 thanh l\u1ecbch v\u00e0 phong c\u00e1ch. H\u00e3y \u0111\u1ec3 M\u00c2Y COLLECTION mang \u0111\u1ebfn cho b\u1ea1n ng\u00e0y c\u01b0\u1edbi \u0111\u00e1ng nh\u1edb nh\u1ea5t.<\/p>\n","protected":false},"excerpt":{"rendered":"<p><em>Trang ph\u1ee5c c\u01b0\u1edbi lu\u00f4n l\u00e0 m\u1ed9t ph\u1ea7n quan tr\u1ecdng v\u00e0 \u0111\u1eb7c bi\u1ec7t trong ng\u00e0y c\u01b0\u1edbi c\u1ee7a m\u1ed7i c\u00f4 d\u00e2u. \u0110\u00f3 kh\u00f4ng ch\u1ec9 l\u00e0 m\u1ed9t chi\u1ebfc v\u00e1y, m\u00e0 c\u00f2n l\u00e0 bi\u1ec3u t\u01b0\u1ee3ng c\u1ee7a t\u00ecnh y\u00eau v\u00e0 s\u1ef1 k\u1ebft h\u1ee3p ho\u00e0n h\u1ea3o gi\u1eefa c\u00e1i \u0111\u1eb9p v\u00e0 tinh t\u1ebf. V\u00e0 trong b\u1ed9 s\u01b0u t\u1eadp M\u00c2Y 2023-2024, Look 5 \u0111\u00e3 \u0111\u1eb7t ra m\u1ed9t ti\u00eau chu\u1ea9n m\u1edbi cho s\u1ef1 thanh l\u1ecbch v\u00e0 quy\u1ebfn r\u0169. H\u00e3y c\u00f9ng ch\u00fang t\u00f4i kh\u00e1m ph\u00e1 nh\u1eefng \u0111i\u1ec3m \u0111\u1eb7c bi\u1ec7t c\u1ee7a Look 5 n\u00e0y.<\/em><\/p>\n","protected":false},"featured_media":9965,"comment_status":"closed","ping_status":"closed","template":"","meta":[],"product_brand":[],"product_cat":[463],"product_tag":[195],"class_list":{"0":"post-9964","1":"product","2":"type-product","3":"status-publish","4":"has-post-thumbnail","6":"product_cat-classics","7":"product_tag-vay-cuoi","9":"first","10":"instock","11":"sale","12":"shipping-taxable","13":"purchasable","14":"product-type-simple"},"yoast_head":"<!-- This site is optimized with the Yoast SEO Premium plugin v18.0 (Yoast SEO v25.2) - https:\/\/yoast.com\/wordpress\/plugins\/seo\/ -->\n<title>M\u00c2Y COLLECTION 2023-2024| LOOK 5: S\u1ef1 K\u1ebft H\u1ee3p Ho\u00e0n H\u1ea3o C\u1ee7a Tulle, Hoa 3D, V\u00e0 Corset C\u1ed5 \u0110i\u1ec3n - CAMILE BRIDAL<\/title>\n<meta name=\"robots\" content=\"index, follow, max-snippet:-1, max-image-preview:large, max-video-preview:-1\" \/>\n<link rel=\"canonical\" href=\"https:\/\/camile.vn\/en\/product\/may-collection-2023-2024-look-5-su-ket-hop-hoan-hao-cua-tulle-hoa-3d-va-corset-co-dien\/\" \/>\n<meta property=\"og:locale\" content=\"en_US\" \/>\n<meta property=\"og:type\" content=\"article\" \/>\n<meta property=\"og:title\" content=\"M\u00c2Y COLLECTION 2023-2024| LOOK 5: S\u1ef1 K\u1ebft H\u1ee3p Ho\u00e0n H\u1ea3o C\u1ee7a Tulle, Hoa 3D, V\u00e0 Corset C\u1ed5 \u0110i\u1ec3n\" \/>\n<meta property=\"og:description\" content=\"Trang ph\u1ee5c c\u01b0\u1edbi lu\u00f4n l\u00e0 m\u1ed9t ph\u1ea7n quan tr\u1ecdng v\u00e0 \u0111\u1eb7c bi\u1ec7t trong ng\u00e0y c\u01b0\u1edbi c\u1ee7a m\u1ed7i c\u00f4 d\u00e2u. \u0110\u00f3 kh\u00f4ng ch\u1ec9 l\u00e0 m\u1ed9t chi\u1ebfc v\u00e1y, m\u00e0 c\u00f2n l\u00e0 bi\u1ec3u t\u01b0\u1ee3ng c\u1ee7a t\u00ecnh y\u00eau v\u00e0 s\u1ef1 k\u1ebft h\u1ee3p ho\u00e0n h\u1ea3o gi\u1eefa c\u00e1i \u0111\u1eb9p v\u00e0 tinh t\u1ebf. V\u00e0 trong b\u1ed9 s\u01b0u t\u1eadp M\u00c2Y 2023-2024, Look 5 \u0111\u00e3 \u0111\u1eb7t ra m\u1ed9t ti\u00eau chu\u1ea9n m\u1edbi cho s\u1ef1 thanh l\u1ecbch v\u00e0 quy\u1ebfn r\u0169. H\u00e3y c\u00f9ng ch\u00fang t\u00f4i kh\u00e1m ph\u00e1 nh\u1eefng \u0111i\u1ec3m \u0111\u1eb7c bi\u1ec7t c\u1ee7a Look 5 n\u00e0y.\" \/>\n<meta property=\"og:url\" content=\"https:\/\/camile.vn\/en\/product\/may-collection-2023-2024-look-5-su-ket-hop-hoan-hao-cua-tulle-hoa-3d-va-corset-co-dien\/\" \/>\n<meta property=\"og:site_name\" content=\"CAMILE BRIDAL\" \/>\n<meta property=\"article:modified_time\" content=\"2025-11-26T10:44:42+00:00\" \/>\n<meta property=\"og:image\" content=\"https:\/\/camile.vn\/en\/wp-content\/uploads\/2023\/09\/VAY-CUOI-THIET-KE-CAO-CAP-MAY-COLLECTION-2023-2024-LOOK-5-1.jpg\" \/>\n\t<meta property=\"og:image:width\" content=\"600\" \/>\n\t<meta property=\"og:image:height\" content=\"900\" \/>\n\t<meta property=\"og:image:type\" content=\"image\/jpeg\" \/>\n<meta name=\"twitter:card\" content=\"summary_large_image\" \/>\n<meta name=\"twitter:label1\" content=\"Est. reading time\" \/>\n\t<meta name=\"twitter:data1\" content=\"5 minutes\" \/>\n<script type=\"application\/ld+json\" class=\"yoast-schema-graph\">{\"@context\":\"https:\/\/schema.org\",\"@graph\":[{\"@type\":\"WebPage\",\"@id\":\"https:\/\/camile.vn\/en\/product\/may-collection-2023-2024-look-5-su-ket-hop-hoan-hao-cua-tulle-hoa-3d-va-corset-co-dien\/\",\"url\":\"https:\/\/camile.vn\/en\/product\/may-collection-2023-2024-look-5-su-ket-hop-hoan-hao-cua-tulle-hoa-3d-va-corset-co-dien\/\",\"name\":\"M\u00c2Y COLLECTION 2023-2024| LOOK 5: S\u1ef1 K\u1ebft H\u1ee3p Ho\u00e0n H\u1ea3o C\u1ee7a Tulle, Hoa 3D, V\u00e0 Corset C\u1ed5 \u0110i\u1ec3n - CAMILE BRIDAL\",\"isPartOf\":{\"@id\":\"https:\/\/camile.vn\/en\/#website\"},\"primaryImageOfPage\":{\"@id\":\"https:\/\/camile.vn\/en\/product\/may-collection-2023-2024-look-5-su-ket-hop-hoan-hao-cua-tulle-hoa-3d-va-corset-co-dien\/#primaryimage\"},\"image\":{\"@id\":\"https:\/\/camile.vn\/en\/product\/may-collection-2023-2024-look-5-su-ket-hop-hoan-hao-cua-tulle-hoa-3d-va-corset-co-dien\/#primaryimage\"},\"thumbnailUrl\":\"https:\/\/camile.vn\/en\/wp-content\/uploads\/2023\/09\/VAY-CUOI-THIET-KE-CAO-CAP-MAY-COLLECTION-2023-2024-LOOK-5-1.jpg\",\"datePublished\":\"2023-09-26T07:50:15+00:00\",\"dateModified\":\"2025-11-26T10:44:42+00:00\",\"breadcrumb\":{\"@id\":\"https:\/\/camile.vn\/en\/product\/may-collection-2023-2024-look-5-su-ket-hop-hoan-hao-cua-tulle-hoa-3d-va-corset-co-dien\/#breadcrumb\"},\"inLanguage\":\"en-US\",\"potentialAction\":[{\"@type\":\"ReadAction\",\"target\":[\"https:\/\/camile.vn\/en\/product\/may-collection-2023-2024-look-5-su-ket-hop-hoan-hao-cua-tulle-hoa-3d-va-corset-co-dien\/\"]}]},{\"@type\":\"ImageObject\",\"inLanguage\":\"en-US\",\"@id\":\"https:\/\/camile.vn\/en\/product\/may-collection-2023-2024-look-5-su-ket-hop-hoan-hao-cua-tulle-hoa-3d-va-corset-co-dien\/#primaryimage\",\"url\":\"https:\/\/camile.vn\/en\/wp-content\/uploads\/2023\/09\/VAY-CUOI-THIET-KE-CAO-CAP-MAY-COLLECTION-2023-2024-LOOK-5-1.jpg\",\"contentUrl\":\"https:\/\/camile.vn\/en\/wp-content\/uploads\/2023\/09\/VAY-CUOI-THIET-KE-CAO-CAP-MAY-COLLECTION-2023-2024-LOOK-5-1.jpg\",\"width\":600,\"height\":900},{\"@type\":\"BreadcrumbList\",\"@id\":\"https:\/\/camile.vn\/en\/product\/may-collection-2023-2024-look-5-su-ket-hop-hoan-hao-cua-tulle-hoa-3d-va-corset-co-dien\/#breadcrumb\",\"itemListElement\":[{\"@type\":\"ListItem\",\"position\":1,\"name\":\"Home\",\"item\":\"https:\/\/camile.vn\/en\/\"},{\"@type\":\"ListItem\",\"position\":2,\"name\":\"C\u1eeda h\u00e0ng\",\"item\":\"https:\/\/camile.vn\/en\/cua-hang\/\"},{\"@type\":\"ListItem\",\"position\":3,\"name\":\"M\u00c2Y COLLECTION 2023-2024| LOOK 5: S\u1ef1 K\u1ebft H\u1ee3p Ho\u00e0n H\u1ea3o C\u1ee7a Tulle, Hoa 3D, V\u00e0 Corset C\u1ed5 \u0110i\u1ec3n\"}]},{\"@type\":\"WebSite\",\"@id\":\"https:\/\/camile.vn\/en\/#website\",\"url\":\"https:\/\/camile.vn\/en\/\",\"name\":\"CAMILE BRIDAL\",\"description\":\"WHERE WEDDING DRESSES ARE ELITE\",\"potentialAction\":[{\"@type\":\"SearchAction\",\"target\":{\"@type\":\"EntryPoint\",\"urlTemplate\":\"https:\/\/camile.vn\/en\/?s={search_term_string}\"},\"query-input\":{\"@type\":\"PropertyValueSpecification\",\"valueRequired\":true,\"valueName\":\"search_term_string\"}}],\"inLanguage\":\"en-US\"}]}<\/script>\n<!-- \/ Yoast SEO Premium plugin. -->","yoast_head_json":{"title":"M\u00c2Y COLLECTION 2023-2024| LOOK 5: S\u1ef1 K\u1ebft H\u1ee3p Ho\u00e0n H\u1ea3o C\u1ee7a Tulle, Hoa 3D, V\u00e0 Corset C\u1ed5 \u0110i\u1ec3n - CAMILE BRIDAL","robots":{"index":"index","follow":"follow","max-snippet":"max-snippet:-1","max-image-preview":"max-image-preview:large","max-video-preview":"max-video-preview:-1"},"canonical":"https:\/\/camile.vn\/en\/product\/may-collection-2023-2024-look-5-su-ket-hop-hoan-hao-cua-tulle-hoa-3d-va-corset-co-dien\/","og_locale":"en_US","og_type":"article","og_title":"M\u00c2Y COLLECTION 2023-2024| LOOK 5: S\u1ef1 K\u1ebft H\u1ee3p Ho\u00e0n H\u1ea3o C\u1ee7a Tulle, Hoa 3D, V\u00e0 Corset C\u1ed5 \u0110i\u1ec3n","og_description":"Trang ph\u1ee5c c\u01b0\u1edbi lu\u00f4n l\u00e0 m\u1ed9t ph\u1ea7n quan tr\u1ecdng v\u00e0 \u0111\u1eb7c bi\u1ec7t trong ng\u00e0y c\u01b0\u1edbi c\u1ee7a m\u1ed7i c\u00f4 d\u00e2u. \u0110\u00f3 kh\u00f4ng ch\u1ec9 l\u00e0 m\u1ed9t chi\u1ebfc v\u00e1y, m\u00e0 c\u00f2n l\u00e0 bi\u1ec3u t\u01b0\u1ee3ng c\u1ee7a t\u00ecnh y\u00eau v\u00e0 s\u1ef1 k\u1ebft h\u1ee3p ho\u00e0n h\u1ea3o gi\u1eefa c\u00e1i \u0111\u1eb9p v\u00e0 tinh t\u1ebf. V\u00e0 trong b\u1ed9 s\u01b0u t\u1eadp M\u00c2Y 2023-2024, Look 5 \u0111\u00e3 \u0111\u1eb7t ra m\u1ed9t ti\u00eau chu\u1ea9n m\u1edbi cho s\u1ef1 thanh l\u1ecbch v\u00e0 quy\u1ebfn r\u0169. H\u00e3y c\u00f9ng ch\u00fang t\u00f4i kh\u00e1m ph\u00e1 nh\u1eefng \u0111i\u1ec3m \u0111\u1eb7c bi\u1ec7t c\u1ee7a Look 5 n\u00e0y.","og_url":"https:\/\/camile.vn\/en\/product\/may-collection-2023-2024-look-5-su-ket-hop-hoan-hao-cua-tulle-hoa-3d-va-corset-co-dien\/","og_site_name":"CAMILE BRIDAL","article_modified_time":"2025-11-26T10:44:42+00:00","og_image":[{"width":600,"height":900,"url":"https:\/\/camile.vn\/en\/wp-content\/uploads\/2023\/09\/VAY-CUOI-THIET-KE-CAO-CAP-MAY-COLLECTION-2023-2024-LOOK-5-1.jpg","type":"image\/jpeg"}],"twitter_card":"summary_large_image","twitter_misc":{"Est. reading time":"5 minutes"},"schema":{"@context":"https:\/\/schema.org","@graph":[{"@type":"WebPage","@id":"https:\/\/camile.vn\/en\/product\/may-collection-2023-2024-look-5-su-ket-hop-hoan-hao-cua-tulle-hoa-3d-va-corset-co-dien\/","url":"https:\/\/camile.vn\/en\/product\/may-collection-2023-2024-look-5-su-ket-hop-hoan-hao-cua-tulle-hoa-3d-va-corset-co-dien\/","name":"M\u00c2Y COLLECTION 2023-2024| LOOK 5: S\u1ef1 K\u1ebft H\u1ee3p Ho\u00e0n H\u1ea3o C\u1ee7a Tulle, Hoa 3D, V\u00e0 Corset C\u1ed5 \u0110i\u1ec3n - CAMILE BRIDAL","isPartOf":{"@id":"https:\/\/camile.vn\/en\/#website"},"primaryImageOfPage":{"@id":"https:\/\/camile.vn\/en\/product\/may-collection-2023-2024-look-5-su-ket-hop-hoan-hao-cua-tulle-hoa-3d-va-corset-co-dien\/#primaryimage"},"image":{"@id":"https:\/\/camile.vn\/en\/product\/may-collection-2023-2024-look-5-su-ket-hop-hoan-hao-cua-tulle-hoa-3d-va-corset-co-dien\/#primaryimage"},"thumbnailUrl":"https:\/\/camile.vn\/en\/wp-content\/uploads\/2023\/09\/VAY-CUOI-THIET-KE-CAO-CAP-MAY-COLLECTION-2023-2024-LOOK-5-1.jpg","datePublished":"2023-09-26T07:50:15+00:00","dateModified":"2025-11-26T10:44:42+00:00","breadcrumb":{"@id":"https:\/\/camile.vn\/en\/product\/may-collection-2023-2024-look-5-su-ket-hop-hoan-hao-cua-tulle-hoa-3d-va-corset-co-dien\/#breadcrumb"},"inLanguage":"en-US","potentialAction":[{"@type":"ReadAction","target":["https:\/\/camile.vn\/en\/product\/may-collection-2023-2024-look-5-su-ket-hop-hoan-hao-cua-tulle-hoa-3d-va-corset-co-dien\/"]}]},{"@type":"ImageObject","inLanguage":"en-US","@id":"https:\/\/camile.vn\/en\/product\/may-collection-2023-2024-look-5-su-ket-hop-hoan-hao-cua-tulle-hoa-3d-va-corset-co-dien\/#primaryimage","url":"https:\/\/camile.vn\/en\/wp-content\/uploads\/2023\/09\/VAY-CUOI-THIET-KE-CAO-CAP-MAY-COLLECTION-2023-2024-LOOK-5-1.jpg","contentUrl":"https:\/\/camile.vn\/en\/wp-content\/uploads\/2023\/09\/VAY-CUOI-THIET-KE-CAO-CAP-MAY-COLLECTION-2023-2024-LOOK-5-1.jpg","width":600,"height":900},{"@type":"BreadcrumbList","@id":"https:\/\/camile.vn\/en\/product\/may-collection-2023-2024-look-5-su-ket-hop-hoan-hao-cua-tulle-hoa-3d-va-corset-co-dien\/#breadcrumb","itemListElement":[{"@type":"ListItem","position":1,"name":"Home","item":"https:\/\/camile.vn\/en\/"},{"@type":"ListItem","position":2,"name":"C\u1eeda h\u00e0ng","item":"https:\/\/camile.vn\/en\/cua-hang\/"},{"@type":"ListItem","position":3,"name":"M\u00c2Y COLLECTION 2023-2024| LOOK 5: S\u1ef1 K\u1ebft H\u1ee3p Ho\u00e0n H\u1ea3o C\u1ee7a Tulle, Hoa 3D, V\u00e0 Corset C\u1ed5 \u0110i\u1ec3n"}]},{"@type":"WebSite","@id":"https:\/\/camile.vn\/en\/#website","url":"https:\/\/camile.vn\/en\/","name":"CAMILE BRIDAL","description":"WHERE WEDDING DRESSES ARE ELITE","potentialAction":[{"@type":"SearchAction","target":{"@type":"EntryPoint","urlTemplate":"https:\/\/camile.vn\/en\/?s={search_term_string}"},"query-input":{"@type":"PropertyValueSpecification","valueRequired":true,"valueName":"search_term_string"}}],"inLanguage":"en-US"}]}},"_links":{"self":[{"href":"https:\/\/camile.vn\/en\/wp-json\/wp\/v2\/product\/9964","targetHints":{"allow":["GET"]}}],"collection":[{"href":"https:\/\/camile.vn\/en\/wp-json\/wp\/v2\/product"}],"about":[{"href":"https:\/\/camile.vn\/en\/wp-json\/wp\/v2\/types\/product"}],"replies":[{"embeddable":true,"href":"https:\/\/camile.vn\/en\/wp-json\/wp\/v2\/comments?post=9964"}],"wp:featuredmedia":[{"embeddable":true,"href":"https:\/\/camile.vn\/en\/wp-json\/wp\/v2\/media\/9965"}],"wp:attachment":[{"href":"https:\/\/camile.vn\/en\/wp-json\/wp\/v2\/media?parent=9964"}],"wp:term":[{"taxonomy":"product_brand","embeddable":true,"href":"https:\/\/camile.vn\/en\/wp-json\/wp\/v2\/product_brand?post=9964"},{"taxonomy":"product_cat","embeddable":true,"href":"https:\/\/camile.vn\/en\/wp-json\/wp\/v2\/product_cat?post=9964"},{"taxonomy":"product_tag","embeddable":true,"href":"https:\/\/camile.vn\/en\/wp-json\/wp\/v2\/product_tag?post=9964"}],"curies":[{"name":"wp","href":"https:\/\/api.w.org\/{rel}","templated":true}]}}