{"id":9969,"date":"2023-09-26T07:57:15","date_gmt":"2023-09-26T07:57:15","guid":{"rendered":"https:\/\/camile.vn\/en\/?post_type=product&#038;p=9969"},"modified":"2025-11-26T10:44:37","modified_gmt":"2025-11-26T10:44:37","slug":"may-collection-2023-2024-look-4-su-ket-hop-tinh-te-tren-nen-chat-tulle-va-ren-sequins","status":"publish","type":"product","link":"https:\/\/camile.vn\/en\/product\/may-collection-2023-2024-look-4-su-ket-hop-tinh-te-tren-nen-chat-tulle-va-ren-sequins\/","title":{"rendered":"M\u00c2Y COLLECTION 2023-2024| LOOK 4: S\u1ef1 K\u1ebft H\u1ee3p Tinh T\u1ebf Tr\u00ean N\u1ec1n Ch\u1ea5t Tulle v\u00e0 Ren Sequins"},"content":{"rendered":"<p>Trong th\u1ebf gi\u1edbi th\u1eddi trang c\u01b0\u1edbi, M\u00c2Y COLLECTION 2023-2024 \u0111\u00e3 t\u1ea1o n\u00ean m\u1ed9t hi\u1ec7n t\u01b0\u1ee3ng v\u1edbi s\u1ef1 ra m\u1eaft c\u1ee7a Look 4. \u0110\u01b0\u1ee3c thi\u1ebft k\u1ebf tr\u00ean n\u1ec1n ch\u1ea5t li\u1ec7u Tulle v\u00e0 Ren Sequins quen thu\u1ed9c, NTK (Nh\u00e0 Thi\u1ebft K\u1ebf) \u0111\u00e3 kh\u00e9o l\u00e9o t\u1ea1o \u0111i\u1ec3m nh\u1ea5n cho b\u1ed9 trang ph\u1ee5c n\u00e0y v\u1edbi h\u00e0ng tr\u0103m vi\u00ean ng\u1ecdc trai v\u00e0 pha l\u00ea, t\u1ea1o n\u00ean m\u1ed9t t\u00e1c ph\u1ea9m ngh\u1ec7 thu\u1eadt th\u1ef1c s\u1ef1. D\u01b0\u1edbi \u00e1nh \u0111\u00e8n s\u00e2n kh\u1ea5u, v\u1edbi thi\u1ebft k\u1ebf n\u00e0y, c\u00f4 d\u00e2u s\u1ebd l\u00e0 m\u1ed9t vi\u00ean ng\u1ecdc s\u00e1ng trong ch\u00ednh l\u1ec5 c\u01b0\u1edbi c\u1ee7a m\u00ecnh.<\/p>\n<p><img decoding=\"async\" class=\"aligncenter size-full wp-image-9970\" src=\"https:\/\/camile.vn\/en\/wp-content\/uploads\/2023\/09\/VAY-CUOI-THIET-KE-CAO-CAP-MAY-COLLECTION-2023-2024-LOOK-4-1.jpg\" alt=\"\" width=\"600\" height=\"900\" srcset=\"https:\/\/camile.vn\/en\/wp-content\/uploads\/2023\/09\/VAY-CUOI-THIET-KE-CAO-CAP-MAY-COLLECTION-2023-2024-LOOK-4-1.jpg 600w, https:\/\/camile.vn\/en\/wp-content\/uploads\/2023\/09\/VAY-CUOI-THIET-KE-CAO-CAP-MAY-COLLECTION-2023-2024-LOOK-4-1-510x765.jpg 510w, https:\/\/camile.vn\/en\/wp-content\/uploads\/2023\/09\/VAY-CUOI-THIET-KE-CAO-CAP-MAY-COLLECTION-2023-2024-LOOK-4-1-300x450.jpg 300w\" sizes=\"(max-width: 600px) 100vw, 600px\" \/> <img decoding=\"async\" class=\"aligncenter size-full wp-image-9971\" src=\"https:\/\/camile.vn\/en\/wp-content\/uploads\/2023\/09\/VAY-CUOI-THIET-KE-CAO-CAP-MAY-COLLECTION-2023-2024-LOOK-4-2.jpg\" alt=\"\" width=\"600\" height=\"900\" srcset=\"https:\/\/camile.vn\/en\/wp-content\/uploads\/2023\/09\/VAY-CUOI-THIET-KE-CAO-CAP-MAY-COLLECTION-2023-2024-LOOK-4-2.jpg 600w, https:\/\/camile.vn\/en\/wp-content\/uploads\/2023\/09\/VAY-CUOI-THIET-KE-CAO-CAP-MAY-COLLECTION-2023-2024-LOOK-4-2-510x765.jpg 510w, https:\/\/camile.vn\/en\/wp-content\/uploads\/2023\/09\/VAY-CUOI-THIET-KE-CAO-CAP-MAY-COLLECTION-2023-2024-LOOK-4-2-300x450.jpg 300w\" sizes=\"(max-width: 600px) 100vw, 600px\" \/> <img decoding=\"async\" class=\"aligncenter size-full wp-image-9972\" src=\"https:\/\/camile.vn\/en\/wp-content\/uploads\/2023\/09\/VAY-CUOI-THIET-KE-CAO-CAP-MAY-COLLECTION-2023-2024-LOOK-4-3.jpg\" alt=\"\" width=\"600\" height=\"900\" srcset=\"https:\/\/camile.vn\/en\/wp-content\/uploads\/2023\/09\/VAY-CUOI-THIET-KE-CAO-CAP-MAY-COLLECTION-2023-2024-LOOK-4-3.jpg 600w, https:\/\/camile.vn\/en\/wp-content\/uploads\/2023\/09\/VAY-CUOI-THIET-KE-CAO-CAP-MAY-COLLECTION-2023-2024-LOOK-4-3-510x765.jpg 510w, https:\/\/camile.vn\/en\/wp-content\/uploads\/2023\/09\/VAY-CUOI-THIET-KE-CAO-CAP-MAY-COLLECTION-2023-2024-LOOK-4-3-300x450.jpg 300w\" sizes=\"(max-width: 600px) 100vw, 600px\" \/> <img decoding=\"async\" class=\"aligncenter size-full wp-image-9973\" src=\"https:\/\/camile.vn\/en\/wp-content\/uploads\/2023\/09\/VAY-CUOI-THIET-KE-CAO-CAP-MAY-COLLECTION-2023-2024-LOOK-4-4.jpg\" alt=\"\" width=\"600\" height=\"900\" srcset=\"https:\/\/camile.vn\/en\/wp-content\/uploads\/2023\/09\/VAY-CUOI-THIET-KE-CAO-CAP-MAY-COLLECTION-2023-2024-LOOK-4-4.jpg 600w, https:\/\/camile.vn\/en\/wp-content\/uploads\/2023\/09\/VAY-CUOI-THIET-KE-CAO-CAP-MAY-COLLECTION-2023-2024-LOOK-4-4-510x765.jpg 510w, https:\/\/camile.vn\/en\/wp-content\/uploads\/2023\/09\/VAY-CUOI-THIET-KE-CAO-CAP-MAY-COLLECTION-2023-2024-LOOK-4-4-300x450.jpg 300w\" sizes=\"(max-width: 600px) 100vw, 600px\" \/><\/p>\n<h2>\u0110\u1ed9c Quy\u1ec1n v\u1edbi Ch\u1ea5t Li\u1ec7u Tulle v\u00e0 Ren Sequins<\/h2>\n<h3>Ch\u1ea5t Li\u1ec7u \u0110\u1ed9c \u0110\u00e1o: Ren Sequins<\/h3>\n<p>Look 4 trong b\u1ed9 s\u01b0u t\u1eadp M\u00c2Y COLLECTION 2023-2024 l\u00e0 m\u1ed9t bi\u1ec3u t\u01b0\u1ee3ng c\u1ee7a s\u1ef1 s\u00e1ng t\u1ea1o v\u00e0 \u0111\u1ed9c \u0111\u00e1o. Ch\u1ea5t li\u1ec7u Ren Sequins \u0111\u00e3 \u0111\u01b0\u1ee3c s\u1eed d\u1ee5ng m\u1ed9t c\u00e1ch tinh t\u1ebf \u0111\u1ec3 t\u1ea1o ra s\u1ef1 l\u1ea5p l\u00e1nh v\u00e0 ph\u00f4 di\u1ec5n. Nh\u1eefng chi\u1ebfc v\u00e1y \u0111\u01b0\u1ee3c k\u1ebft h\u1ee3p t\u1eeb Ren Sequins \u0111em l\u1ea1i s\u1ef1 qu\u00fd ph\u00e1i v\u00e0 sang tr\u1ecdng m\u00e0 m\u1ecdi c\u00f4 d\u00e2u \u0111\u1ec1u m\u01a1 \u01b0\u1edbc trong ng\u00e0y c\u01b0\u1edbi c\u1ee7a m\u00ecnh.<\/p>\n<h3>Tulle: S\u1ef1 M\u1ec1m M\u1ea1i v\u00e0 L\u00e3ng M\u1ea1n<\/h3>\n<p>Ch\u1ea5t li\u1ec7u Tulle \u0111\u00e3 tr\u1edf th\u00e0nh m\u1ed9t bi\u1ec3u t\u01b0\u1ee3ng trong th\u1ebf gi\u1edbi trang ph\u1ee5c c\u01b0\u1edbi. S\u1ef1 m\u1ec1m m\u1ea1i v\u00e0 l\u00e3ng m\u1ea1n c\u1ee7a Tulle th\u1ec3 hi\u1ec7n r\u00f5 trong Look 4, t\u1ea1o n\u00ean s\u1ef1 tinh t\u1ebf v\u00e0 duy\u00ean d\u00e1ng. \u0110\u00e2y ch\u1eafc ch\u1eafn l\u00e0 m\u1ed9t l\u1ef1a ch\u1ecdn ho\u00e0n h\u1ea3o cho nh\u1eefng c\u00f4 d\u00e2u mu\u1ed1n tr\u00f4ng nh\u01b0 m\u1ed9t n\u00e0ng c\u00f4ng ch\u00faa trong ng\u00e0y c\u01b0\u1edbi.<\/p>\n<h2>Chi Ti\u1ebft Ho\u00e0n H\u1ea3o v\u1edbi Ng\u1ecdc Trai v\u00e0 Pha L\u00ea<\/h2>\n<h3>Ng\u1ecdc Trai: S\u1ef1 Qu\u00fd Ph\u00e1i v\u00e0 Trang S\u1ee9c T\u1ef1 Nhi\u00ean<\/h3>\n<p>Look 4 c\u1ee7a M\u00c2Y COLLECTION 2023-2024 \u0111\u01b0\u1ee3c trang tr\u00ed v\u1edbi h\u00e0ng tr\u0103m vi\u00ean ng\u1ecdc trai t\u1ef1 nhi\u00ean. Nh\u1eefng vi\u00ean ng\u1ecdc trai n\u00e0y kh\u00f4ng ch\u1ec9 l\u00e0m t\u00f4n l\u00ean v\u1ebb \u0111\u1eb9p c\u1ee7a b\u1ed9 trang ph\u1ee5c m\u00e0 c\u00f2n mang \u0111\u1ebfn s\u1ef1 qu\u00fd ph\u00e1i v\u00e0 trang s\u1ee9c t\u1ef1 nhi\u00ean. C\u00f4 d\u00e2u s\u1ebd t\u1ecfa s\u00e1ng v\u1edbi s\u1ef1 r\u1ea1ng ng\u1eddi c\u1ee7a nh\u1eefng vi\u00ean ng\u1ecdc trai n\u00e0y.<\/p>\n<h3>Pha L\u00ea: S\u1ef1 L\u1ea5p L\u00e1nh v\u00e0 Quy\u1ebfn R\u0169<\/h3>\n<p>S\u1ef1 k\u1ebft h\u1ee3p c\u1ee7a pha l\u00ea v\u00e0 ng\u1ecdc trai trong Look 4 t\u1ea1o n\u00ean m\u1ed9t hi\u1ec7u \u1ee9ng l\u1ea5p l\u00e1nh v\u00e0 quy\u1ebfn r\u0169. \u00c1nh s\u00e1ng s\u1ebd ph\u1ea3n chi\u1ebfu tr\u00ean b\u1ec1 m\u1eb7t pha l\u00ea, l\u00e0m cho c\u00f4 d\u00e2u tr\u1edf n\u00ean r\u1ea1ng ng\u1eddi v\u00e0 n\u1ed5i b\u1eadt h\u01a1n bao gi\u1edd h\u1ebft. \u0110\u00e2y l\u00e0 s\u1ef1 k\u1ebft h\u1ee3p ho\u00e0n h\u1ea3o \u0111\u1ec3 t\u1ea1o n\u00ean m\u1ed9t di\u1ec7n m\u1ea1o c\u01b0\u1edbi \u0111\u1ed9c \u0111\u00e1o v\u00e0 \u1ea5n t\u01b0\u1ee3ng.<\/p>\n<h2>\u0110\u1eb7t L\u1ecbch Ngay T\u1ea1i Showroom M\u00c2Y COLLECTION<\/h2>\n<p>M\u00e2y Collection \u0111\u00e3 ch\u00ednh th\u1ee9c c\u00f3 m\u1eb7t t\u1ea1i showroom, v\u00e0 n\u1ebfu b\u1ea1n \u0111ang t\u00ecm ki\u1ebfm trang ph\u1ee5c c\u01b0\u1edbi \u1ea5n t\u01b0\u1ee3ng cho m\u00ecnh, h\u00e3y \u0111\u1eb7t l\u1ecbch c\u00f9ng Camile Bridal \u0111\u1ec3 \u0111\u01b0\u1ee3c tr\u1ea3i nghi\u1ec7m v\u00e0 take care t\u1ed1t nh\u1ea5t. B\u1ea1n x\u1ee9ng \u0111\u00e1ng c\u00f3 m\u1ed9t b\u1ed9 trang ph\u1ee5c c\u01b0\u1edbi \u0111\u1eb9p nh\u01b0 Look 4 trong M\u00c2Y COLLECTION 2023-2024.<\/p>\n<p><strong>Camile Bridal &#8211; V\u00e1y C\u01b0\u1edbi Thi\u1ebft K\u1ebf Cao C\u1ea5p<\/strong><\/p>\n<p>T\u1ef1 tin l\u00e0 ch\u00ednh b\u1ea1n trong ng\u00e0y quan tr\u1ecdng.<\/p>\n<p>Hotline: 0978 425 416 (Ms Hoa)<\/p>\n","protected":false},"excerpt":{"rendered":"<p><em>Look 4 trong b\u1ed9 s\u01b0u t\u1eadp M\u00c2Y COLLECTION 2023-2024 th\u1eadt s\u1ef1 l\u00e0 m\u1ed9t t\u00e1c ph\u1ea9m ngh\u1ec7 thu\u1eadt \u0111\u1ed9c \u0111\u00e1o, t\u1ea1o \u0111i\u1ec3m nh\u1ea5n v\u1edbi ch\u1ea5t li\u1ec7u Tulle v\u00e0 Ren Sequins, k\u1ebft h\u1ee3p c\u00f9ng h\u00e0ng tr\u0103m vi\u00ean ng\u1ecdc trai v\u00e0 pha l\u00ea qu\u00fd ph\u00e1i. \u0110\u00e2y ch\u1eafc ch\u1eafn s\u1ebd l\u00e0 l\u1ef1a ch\u1ecdn ho\u00e0n h\u1ea3o cho nh\u1eefng c\u00f4 d\u00e2u mu\u1ed1n t\u1ecfa s\u00e1ng trong ng\u00e0y c\u01b0\u1edbi c\u1ee7a m\u00ecnh. H\u00e3y \u0111\u1eb7t l\u1ecbch t\u1ea1i showroom M\u00e2y Collection ngay h\u00f4m nay \u0111\u1ec3 kh\u00e1m ph\u00e1 s\u1ef1 \u0111\u1ed9c \u0111\u00e1o v\u00e0 quy\u1ebfn r\u0169 c\u1ee7a Look 4.<\/em><\/p>\n","protected":false},"featured_media":9970,"comment_status":"closed","ping_status":"closed","template":"","meta":[],"product_brand":[],"product_cat":[463],"product_tag":[195],"class_list":{"0":"post-9969","1":"product","2":"type-product","3":"status-publish","4":"has-post-thumbnail","6":"product_cat-classics","7":"product_tag-vay-cuoi","9":"first","10":"instock","11":"sale","12":"shipping-taxable","13":"purchasable","14":"product-type-simple"},"yoast_head":"<!-- This site is optimized with the Yoast SEO Premium plugin v18.0 (Yoast SEO v25.2) - https:\/\/yoast.com\/wordpress\/plugins\/seo\/ -->\n<title>M\u00c2Y COLLECTION 2023-2024| LOOK 4: S\u1ef1 K\u1ebft H\u1ee3p Tinh T\u1ebf Tr\u00ean N\u1ec1n Ch\u1ea5t Tulle v\u00e0 Ren Sequins - CAMILE BRIDAL<\/title>\n<meta name=\"robots\" content=\"index, follow, max-snippet:-1, max-image-preview:large, max-video-preview:-1\" \/>\n<link rel=\"canonical\" href=\"https:\/\/camile.vn\/en\/product\/may-collection-2023-2024-look-4-su-ket-hop-tinh-te-tren-nen-chat-tulle-va-ren-sequins\/\" \/>\n<meta property=\"og:locale\" content=\"en_US\" \/>\n<meta property=\"og:type\" content=\"article\" \/>\n<meta property=\"og:title\" content=\"M\u00c2Y COLLECTION 2023-2024| LOOK 4: S\u1ef1 K\u1ebft H\u1ee3p Tinh T\u1ebf Tr\u00ean N\u1ec1n Ch\u1ea5t Tulle v\u00e0 Ren Sequins\" \/>\n<meta property=\"og:description\" content=\"Look 4 trong b\u1ed9 s\u01b0u t\u1eadp M\u00c2Y COLLECTION 2023-2024 th\u1eadt s\u1ef1 l\u00e0 m\u1ed9t t\u00e1c ph\u1ea9m ngh\u1ec7 thu\u1eadt \u0111\u1ed9c \u0111\u00e1o, t\u1ea1o \u0111i\u1ec3m nh\u1ea5n v\u1edbi ch\u1ea5t li\u1ec7u Tulle v\u00e0 Ren Sequins, k\u1ebft h\u1ee3p c\u00f9ng h\u00e0ng tr\u0103m vi\u00ean ng\u1ecdc trai v\u00e0 pha l\u00ea qu\u00fd ph\u00e1i. \u0110\u00e2y ch\u1eafc ch\u1eafn s\u1ebd l\u00e0 l\u1ef1a ch\u1ecdn ho\u00e0n h\u1ea3o cho nh\u1eefng c\u00f4 d\u00e2u mu\u1ed1n t\u1ecfa s\u00e1ng trong ng\u00e0y c\u01b0\u1edbi c\u1ee7a m\u00ecnh. H\u00e3y \u0111\u1eb7t l\u1ecbch t\u1ea1i showroom M\u00e2y Collection ngay h\u00f4m nay \u0111\u1ec3 kh\u00e1m ph\u00e1 s\u1ef1 \u0111\u1ed9c \u0111\u00e1o v\u00e0 quy\u1ebfn r\u0169 c\u1ee7a Look 4.\" \/>\n<meta property=\"og:url\" content=\"https:\/\/camile.vn\/en\/product\/may-collection-2023-2024-look-4-su-ket-hop-tinh-te-tren-nen-chat-tulle-va-ren-sequins\/\" \/>\n<meta property=\"og:site_name\" content=\"CAMILE BRIDAL\" \/>\n<meta property=\"article:modified_time\" content=\"2025-11-26T10:44:37+00:00\" \/>\n<meta property=\"og:image\" content=\"https:\/\/camile.vn\/en\/wp-content\/uploads\/2023\/09\/VAY-CUOI-THIET-KE-CAO-CAP-MAY-COLLECTION-2023-2024-LOOK-4-1.jpg\" \/>\n\t<meta property=\"og:image:width\" content=\"600\" \/>\n\t<meta property=\"og:image:height\" content=\"900\" \/>\n\t<meta property=\"og:image:type\" content=\"image\/jpeg\" \/>\n<meta name=\"twitter:card\" content=\"summary_large_image\" \/>\n<meta name=\"twitter:label1\" content=\"Est. reading time\" \/>\n\t<meta name=\"twitter:data1\" content=\"4 minutes\" \/>\n<script type=\"application\/ld+json\" class=\"yoast-schema-graph\">{\"@context\":\"https:\/\/schema.org\",\"@graph\":[{\"@type\":\"WebPage\",\"@id\":\"https:\/\/camile.vn\/en\/product\/may-collection-2023-2024-look-4-su-ket-hop-tinh-te-tren-nen-chat-tulle-va-ren-sequins\/\",\"url\":\"https:\/\/camile.vn\/en\/product\/may-collection-2023-2024-look-4-su-ket-hop-tinh-te-tren-nen-chat-tulle-va-ren-sequins\/\",\"name\":\"M\u00c2Y COLLECTION 2023-2024| LOOK 4: S\u1ef1 K\u1ebft H\u1ee3p Tinh T\u1ebf Tr\u00ean N\u1ec1n Ch\u1ea5t Tulle v\u00e0 Ren Sequins - CAMILE BRIDAL\",\"isPartOf\":{\"@id\":\"https:\/\/camile.vn\/en\/#website\"},\"primaryImageOfPage\":{\"@id\":\"https:\/\/camile.vn\/en\/product\/may-collection-2023-2024-look-4-su-ket-hop-tinh-te-tren-nen-chat-tulle-va-ren-sequins\/#primaryimage\"},\"image\":{\"@id\":\"https:\/\/camile.vn\/en\/product\/may-collection-2023-2024-look-4-su-ket-hop-tinh-te-tren-nen-chat-tulle-va-ren-sequins\/#primaryimage\"},\"thumbnailUrl\":\"https:\/\/camile.vn\/en\/wp-content\/uploads\/2023\/09\/VAY-CUOI-THIET-KE-CAO-CAP-MAY-COLLECTION-2023-2024-LOOK-4-1.jpg\",\"datePublished\":\"2023-09-26T07:57:15+00:00\",\"dateModified\":\"2025-11-26T10:44:37+00:00\",\"breadcrumb\":{\"@id\":\"https:\/\/camile.vn\/en\/product\/may-collection-2023-2024-look-4-su-ket-hop-tinh-te-tren-nen-chat-tulle-va-ren-sequins\/#breadcrumb\"},\"inLanguage\":\"en-US\",\"potentialAction\":[{\"@type\":\"ReadAction\",\"target\":[\"https:\/\/camile.vn\/en\/product\/may-collection-2023-2024-look-4-su-ket-hop-tinh-te-tren-nen-chat-tulle-va-ren-sequins\/\"]}]},{\"@type\":\"ImageObject\",\"inLanguage\":\"en-US\",\"@id\":\"https:\/\/camile.vn\/en\/product\/may-collection-2023-2024-look-4-su-ket-hop-tinh-te-tren-nen-chat-tulle-va-ren-sequins\/#primaryimage\",\"url\":\"https:\/\/camile.vn\/en\/wp-content\/uploads\/2023\/09\/VAY-CUOI-THIET-KE-CAO-CAP-MAY-COLLECTION-2023-2024-LOOK-4-1.jpg\",\"contentUrl\":\"https:\/\/camile.vn\/en\/wp-content\/uploads\/2023\/09\/VAY-CUOI-THIET-KE-CAO-CAP-MAY-COLLECTION-2023-2024-LOOK-4-1.jpg\",\"width\":600,\"height\":900},{\"@type\":\"BreadcrumbList\",\"@id\":\"https:\/\/camile.vn\/en\/product\/may-collection-2023-2024-look-4-su-ket-hop-tinh-te-tren-nen-chat-tulle-va-ren-sequins\/#breadcrumb\",\"itemListElement\":[{\"@type\":\"ListItem\",\"position\":1,\"name\":\"Home\",\"item\":\"https:\/\/camile.vn\/en\/\"},{\"@type\":\"ListItem\",\"position\":2,\"name\":\"C\u1eeda h\u00e0ng\",\"item\":\"https:\/\/camile.vn\/en\/cua-hang\/\"},{\"@type\":\"ListItem\",\"position\":3,\"name\":\"M\u00c2Y COLLECTION 2023-2024| LOOK 4: S\u1ef1 K\u1ebft H\u1ee3p Tinh T\u1ebf Tr\u00ean N\u1ec1n Ch\u1ea5t Tulle v\u00e0 Ren Sequins\"}]},{\"@type\":\"WebSite\",\"@id\":\"https:\/\/camile.vn\/en\/#website\",\"url\":\"https:\/\/camile.vn\/en\/\",\"name\":\"CAMILE BRIDAL\",\"description\":\"WHERE WEDDING DRESSES ARE ELITE\",\"potentialAction\":[{\"@type\":\"SearchAction\",\"target\":{\"@type\":\"EntryPoint\",\"urlTemplate\":\"https:\/\/camile.vn\/en\/?s={search_term_string}\"},\"query-input\":{\"@type\":\"PropertyValueSpecification\",\"valueRequired\":true,\"valueName\":\"search_term_string\"}}],\"inLanguage\":\"en-US\"}]}<\/script>\n<!-- \/ Yoast SEO Premium plugin. -->","yoast_head_json":{"title":"M\u00c2Y COLLECTION 2023-2024| LOOK 4: S\u1ef1 K\u1ebft H\u1ee3p Tinh T\u1ebf Tr\u00ean N\u1ec1n Ch\u1ea5t Tulle v\u00e0 Ren Sequins - CAMILE BRIDAL","robots":{"index":"index","follow":"follow","max-snippet":"max-snippet:-1","max-image-preview":"max-image-preview:large","max-video-preview":"max-video-preview:-1"},"canonical":"https:\/\/camile.vn\/en\/product\/may-collection-2023-2024-look-4-su-ket-hop-tinh-te-tren-nen-chat-tulle-va-ren-sequins\/","og_locale":"en_US","og_type":"article","og_title":"M\u00c2Y COLLECTION 2023-2024| LOOK 4: S\u1ef1 K\u1ebft H\u1ee3p Tinh T\u1ebf Tr\u00ean N\u1ec1n Ch\u1ea5t Tulle v\u00e0 Ren Sequins","og_description":"Look 4 trong b\u1ed9 s\u01b0u t\u1eadp M\u00c2Y COLLECTION 2023-2024 th\u1eadt s\u1ef1 l\u00e0 m\u1ed9t t\u00e1c ph\u1ea9m ngh\u1ec7 thu\u1eadt \u0111\u1ed9c \u0111\u00e1o, t\u1ea1o \u0111i\u1ec3m nh\u1ea5n v\u1edbi ch\u1ea5t li\u1ec7u Tulle v\u00e0 Ren Sequins, k\u1ebft h\u1ee3p c\u00f9ng h\u00e0ng tr\u0103m vi\u00ean ng\u1ecdc trai v\u00e0 pha l\u00ea qu\u00fd ph\u00e1i. \u0110\u00e2y ch\u1eafc ch\u1eafn s\u1ebd l\u00e0 l\u1ef1a ch\u1ecdn ho\u00e0n h\u1ea3o cho nh\u1eefng c\u00f4 d\u00e2u mu\u1ed1n t\u1ecfa s\u00e1ng trong ng\u00e0y c\u01b0\u1edbi c\u1ee7a m\u00ecnh. H\u00e3y \u0111\u1eb7t l\u1ecbch t\u1ea1i showroom M\u00e2y Collection ngay h\u00f4m nay \u0111\u1ec3 kh\u00e1m ph\u00e1 s\u1ef1 \u0111\u1ed9c \u0111\u00e1o v\u00e0 quy\u1ebfn r\u0169 c\u1ee7a Look 4.","og_url":"https:\/\/camile.vn\/en\/product\/may-collection-2023-2024-look-4-su-ket-hop-tinh-te-tren-nen-chat-tulle-va-ren-sequins\/","og_site_name":"CAMILE BRIDAL","article_modified_time":"2025-11-26T10:44:37+00:00","og_image":[{"width":600,"height":900,"url":"https:\/\/camile.vn\/en\/wp-content\/uploads\/2023\/09\/VAY-CUOI-THIET-KE-CAO-CAP-MAY-COLLECTION-2023-2024-LOOK-4-1.jpg","type":"image\/jpeg"}],"twitter_card":"summary_large_image","twitter_misc":{"Est. reading time":"4 minutes"},"schema":{"@context":"https:\/\/schema.org","@graph":[{"@type":"WebPage","@id":"https:\/\/camile.vn\/en\/product\/may-collection-2023-2024-look-4-su-ket-hop-tinh-te-tren-nen-chat-tulle-va-ren-sequins\/","url":"https:\/\/camile.vn\/en\/product\/may-collection-2023-2024-look-4-su-ket-hop-tinh-te-tren-nen-chat-tulle-va-ren-sequins\/","name":"M\u00c2Y COLLECTION 2023-2024| LOOK 4: S\u1ef1 K\u1ebft H\u1ee3p Tinh T\u1ebf Tr\u00ean N\u1ec1n Ch\u1ea5t Tulle v\u00e0 Ren Sequins - CAMILE BRIDAL","isPartOf":{"@id":"https:\/\/camile.vn\/en\/#website"},"primaryImageOfPage":{"@id":"https:\/\/camile.vn\/en\/product\/may-collection-2023-2024-look-4-su-ket-hop-tinh-te-tren-nen-chat-tulle-va-ren-sequins\/#primaryimage"},"image":{"@id":"https:\/\/camile.vn\/en\/product\/may-collection-2023-2024-look-4-su-ket-hop-tinh-te-tren-nen-chat-tulle-va-ren-sequins\/#primaryimage"},"thumbnailUrl":"https:\/\/camile.vn\/en\/wp-content\/uploads\/2023\/09\/VAY-CUOI-THIET-KE-CAO-CAP-MAY-COLLECTION-2023-2024-LOOK-4-1.jpg","datePublished":"2023-09-26T07:57:15+00:00","dateModified":"2025-11-26T10:44:37+00:00","breadcrumb":{"@id":"https:\/\/camile.vn\/en\/product\/may-collection-2023-2024-look-4-su-ket-hop-tinh-te-tren-nen-chat-tulle-va-ren-sequins\/#breadcrumb"},"inLanguage":"en-US","potentialAction":[{"@type":"ReadAction","target":["https:\/\/camile.vn\/en\/product\/may-collection-2023-2024-look-4-su-ket-hop-tinh-te-tren-nen-chat-tulle-va-ren-sequins\/"]}]},{"@type":"ImageObject","inLanguage":"en-US","@id":"https:\/\/camile.vn\/en\/product\/may-collection-2023-2024-look-4-su-ket-hop-tinh-te-tren-nen-chat-tulle-va-ren-sequins\/#primaryimage","url":"https:\/\/camile.vn\/en\/wp-content\/uploads\/2023\/09\/VAY-CUOI-THIET-KE-CAO-CAP-MAY-COLLECTION-2023-2024-LOOK-4-1.jpg","contentUrl":"https:\/\/camile.vn\/en\/wp-content\/uploads\/2023\/09\/VAY-CUOI-THIET-KE-CAO-CAP-MAY-COLLECTION-2023-2024-LOOK-4-1.jpg","width":600,"height":900},{"@type":"BreadcrumbList","@id":"https:\/\/camile.vn\/en\/product\/may-collection-2023-2024-look-4-su-ket-hop-tinh-te-tren-nen-chat-tulle-va-ren-sequins\/#breadcrumb","itemListElement":[{"@type":"ListItem","position":1,"name":"Home","item":"https:\/\/camile.vn\/en\/"},{"@type":"ListItem","position":2,"name":"C\u1eeda h\u00e0ng","item":"https:\/\/camile.vn\/en\/cua-hang\/"},{"@type":"ListItem","position":3,"name":"M\u00c2Y COLLECTION 2023-2024| LOOK 4: S\u1ef1 K\u1ebft H\u1ee3p Tinh T\u1ebf Tr\u00ean N\u1ec1n Ch\u1ea5t Tulle v\u00e0 Ren Sequins"}]},{"@type":"WebSite","@id":"https:\/\/camile.vn\/en\/#website","url":"https:\/\/camile.vn\/en\/","name":"CAMILE BRIDAL","description":"WHERE WEDDING DRESSES ARE ELITE","potentialAction":[{"@type":"SearchAction","target":{"@type":"EntryPoint","urlTemplate":"https:\/\/camile.vn\/en\/?s={search_term_string}"},"query-input":{"@type":"PropertyValueSpecification","valueRequired":true,"valueName":"search_term_string"}}],"inLanguage":"en-US"}]}},"_links":{"self":[{"href":"https:\/\/camile.vn\/en\/wp-json\/wp\/v2\/product\/9969","targetHints":{"allow":["GET"]}}],"collection":[{"href":"https:\/\/camile.vn\/en\/wp-json\/wp\/v2\/product"}],"about":[{"href":"https:\/\/camile.vn\/en\/wp-json\/wp\/v2\/types\/product"}],"replies":[{"embeddable":true,"href":"https:\/\/camile.vn\/en\/wp-json\/wp\/v2\/comments?post=9969"}],"wp:featuredmedia":[{"embeddable":true,"href":"https:\/\/camile.vn\/en\/wp-json\/wp\/v2\/media\/9970"}],"wp:attachment":[{"href":"https:\/\/camile.vn\/en\/wp-json\/wp\/v2\/media?parent=9969"}],"wp:term":[{"taxonomy":"product_brand","embeddable":true,"href":"https:\/\/camile.vn\/en\/wp-json\/wp\/v2\/product_brand?post=9969"},{"taxonomy":"product_cat","embeddable":true,"href":"https:\/\/camile.vn\/en\/wp-json\/wp\/v2\/product_cat?post=9969"},{"taxonomy":"product_tag","embeddable":true,"href":"https:\/\/camile.vn\/en\/wp-json\/wp\/v2\/product_tag?post=9969"}],"curies":[{"name":"wp","href":"https:\/\/api.w.org\/{rel}","templated":true}]}}