{"id":9974,"date":"2023-09-26T08:01:40","date_gmt":"2023-09-26T08:01:40","guid":{"rendered":"https:\/\/camile.vn\/en\/?post_type=product&#038;p=9974"},"modified":"2025-11-26T10:44:33","modified_gmt":"2025-11-26T10:44:33","slug":"may-collection-2023-2024-look-3-su-hoa-quyen-giua-truyen-thong-va-hien-dai","status":"publish","type":"product","link":"https:\/\/camile.vn\/en\/product\/may-collection-2023-2024-look-3-su-hoa-quyen-giua-truyen-thong-va-hien-dai\/","title":{"rendered":"M\u00c2Y COLLECTION 2023-2024 | LOOK 3: S\u1ef1 H\u00f2a Quy\u1ec7n Gi\u1eefa Truy\u1ec1n Th\u1ed1ng v\u00e0 Hi\u1ec7n \u0110\u1ea1i"},"content":{"rendered":"<h2>Gi\u1edbi Thi\u1ec7u V\u1ec1 M\u00e2y Collection<\/h2>\n<p>Ch\u00e0o m\u1eebng b\u1ea1n \u0111\u1ebfn v\u1edbi b\u00e0i vi\u1ebft tuy\u1ec7t v\u1eddi n\u00e0y v\u1ec1 M\u00e2y Collection 2023-2024, \u0111\u1eb7c bi\u1ec7t l\u00e0 &#8220;Look 3&#8221; &#8211; m\u1ed9t trong nh\u1eefng thi\u1ebft k\u1ebf \u0111\u1ed9c \u0111\u00e1o v\u00e0 \u0111\u1ea7y s\u00e1ng t\u1ea1o t\u1eeb th\u01b0\u01a1ng hi\u1ec7u th\u1eddi trang Camile Bridal. Trong b\u00e0i vi\u1ebft n\u00e0y, ch\u00fang t\u00f4i s\u1ebd kh\u00e1m ph\u00e1 s\u00e2u h\u01a1n v\u1ec1 s\u1ef1 h\u00f2a quy\u1ec7n gi\u1eefa truy\u1ec1n th\u1ed1ng v\u00e0 hi\u1ec7n \u0111\u1ea1i trong chi\u1ebfc v\u00e1y c\u01b0\u1edbi n\u00e0y. M\u00e2y Collection \u0111\u1ea1i di\u1ec7n cho s\u1ef1 tinh t\u1ebf v\u00e0 \u0111\u1ed9c \u0111\u00e1o, th\u00edch h\u1ee3p cho c\u00e1c c\u00f4 d\u00e2u mu\u1ed1n t\u1ecfa s\u00e1ng trong m\u00f9a c\u01b0\u1edbi Thu \u0110\u00f4ng 2023-2024.<\/p>\n<p><img decoding=\"async\" class=\"aligncenter size-full wp-image-9975\" src=\"https:\/\/camile.vn\/en\/wp-content\/uploads\/2023\/09\/VAY-CUOI-THIET-KE-CAO-CAP-MAY-COLLECTION-2023-2024-LOOK-3-1.jpg\" alt=\"\" width=\"600\" height=\"900\" srcset=\"https:\/\/camile.vn\/en\/wp-content\/uploads\/2023\/09\/VAY-CUOI-THIET-KE-CAO-CAP-MAY-COLLECTION-2023-2024-LOOK-3-1.jpg 600w, https:\/\/camile.vn\/en\/wp-content\/uploads\/2023\/09\/VAY-CUOI-THIET-KE-CAO-CAP-MAY-COLLECTION-2023-2024-LOOK-3-1-510x765.jpg 510w, https:\/\/camile.vn\/en\/wp-content\/uploads\/2023\/09\/VAY-CUOI-THIET-KE-CAO-CAP-MAY-COLLECTION-2023-2024-LOOK-3-1-300x450.jpg 300w\" sizes=\"(max-width: 600px) 100vw, 600px\" \/> <img decoding=\"async\" class=\"aligncenter size-full wp-image-9976\" src=\"https:\/\/camile.vn\/en\/wp-content\/uploads\/2023\/09\/VAY-CUOI-THIET-KE-CAO-CAP-MAY-COLLECTION-2023-2024-LOOK-3-2.jpg\" alt=\"\" width=\"720\" height=\"892\" srcset=\"https:\/\/camile.vn\/en\/wp-content\/uploads\/2023\/09\/VAY-CUOI-THIET-KE-CAO-CAP-MAY-COLLECTION-2023-2024-LOOK-3-2.jpg 720w, https:\/\/camile.vn\/en\/wp-content\/uploads\/2023\/09\/VAY-CUOI-THIET-KE-CAO-CAP-MAY-COLLECTION-2023-2024-LOOK-3-2-510x632.jpg 510w, https:\/\/camile.vn\/en\/wp-content\/uploads\/2023\/09\/VAY-CUOI-THIET-KE-CAO-CAP-MAY-COLLECTION-2023-2024-LOOK-3-2-300x372.jpg 300w\" sizes=\"(max-width: 720px) 100vw, 720px\" \/> <img decoding=\"async\" class=\"aligncenter size-full wp-image-9977\" src=\"https:\/\/camile.vn\/en\/wp-content\/uploads\/2023\/09\/VAY-CUOI-THIET-KE-CAO-CAP-MAY-COLLECTION-2023-2024-LOOK-3-3.jpg\" alt=\"\" width=\"600\" height=\"900\" srcset=\"https:\/\/camile.vn\/en\/wp-content\/uploads\/2023\/09\/VAY-CUOI-THIET-KE-CAO-CAP-MAY-COLLECTION-2023-2024-LOOK-3-3.jpg 600w, https:\/\/camile.vn\/en\/wp-content\/uploads\/2023\/09\/VAY-CUOI-THIET-KE-CAO-CAP-MAY-COLLECTION-2023-2024-LOOK-3-3-510x765.jpg 510w, https:\/\/camile.vn\/en\/wp-content\/uploads\/2023\/09\/VAY-CUOI-THIET-KE-CAO-CAP-MAY-COLLECTION-2023-2024-LOOK-3-3-300x450.jpg 300w\" sizes=\"(max-width: 600px) 100vw, 600px\" \/> <img decoding=\"async\" class=\"aligncenter size-full wp-image-9978\" src=\"https:\/\/camile.vn\/en\/wp-content\/uploads\/2023\/09\/VAY-CUOI-THIET-KE-CAO-CAP-MAY-COLLECTION-2023-2024-LOOK-3-4.jpg\" alt=\"\" width=\"600\" height=\"900\" srcset=\"https:\/\/camile.vn\/en\/wp-content\/uploads\/2023\/09\/VAY-CUOI-THIET-KE-CAO-CAP-MAY-COLLECTION-2023-2024-LOOK-3-4.jpg 600w, https:\/\/camile.vn\/en\/wp-content\/uploads\/2023\/09\/VAY-CUOI-THIET-KE-CAO-CAP-MAY-COLLECTION-2023-2024-LOOK-3-4-510x765.jpg 510w, https:\/\/camile.vn\/en\/wp-content\/uploads\/2023\/09\/VAY-CUOI-THIET-KE-CAO-CAP-MAY-COLLECTION-2023-2024-LOOK-3-4-300x450.jpg 300w\" sizes=\"(max-width: 600px) 100vw, 600px\" \/><\/p>\n<h3>S\u1ef1 L\u1ed9t X\u00e1c V\u1edbi Ch\u1ea5t Li\u1ec7u Ren D\u1ec7t<\/h3>\n<p>Look 3 trong M\u00e2y Collection n\u1ed5i b\u1eadt v\u1edbi thi\u1ebft k\u1ebf d\u00e0i tay v\u00e0 phom d\u00e1ng c\u1ed5 \u0111i\u1ec3n, nh\u01b0ng \u0111\u01b0\u1ee3c l\u00e0m m\u1edbi ho\u00e0n to\u00e0n v\u1edbi ch\u1ea5t li\u1ec7u ren d\u1ec7t m\u1edbi m\u1ebb. \u0110i\u1ec1u n\u00e0y mang \u0111\u1ebfn cho chi\u1ebfc v\u00e1y m\u1ed9t v\u1ebb \u0111\u1eb9p tr\u1ebb trung v\u00e0 nh\u1eb9 nh\u00e0ng, l\u00e0m cho ng\u01b0\u1eddi m\u1eb7c t\u1ecfa s\u00e1ng gi\u1eefa \u0111\u00e1m \u0111\u00f4ng.<\/p>\n<h3>Ch\u1ea5t Li\u1ec7u \u0110\u1ed9c \u0110\u00e1o<\/h3>\n<h4>Ren Sequins<\/h4>\n<p>M\u1ed9t \u0111i\u1ec3m n\u1ed5i b\u1eadt c\u1ee7a Look 3 ch\u00ednh l\u00e0 s\u1ef1 k\u1ebft h\u1ee3p tinh t\u1ebf gi\u1eefa ren v\u00e0 sequins. Ch\u1ea5t li\u1ec7u ren sequins kh\u00f4ng ch\u1ec9 t\u1ea1o ra l\u1edbp hoa v\u0103n lung linh m\u00e0 c\u00f2n t\u1ea1o \u0111i\u1ec3m nh\u1ea5n cho chi\u1ebfc v\u00e1y c\u01b0\u1edbi. \u00c1nh s\u00e1ng chi\u1ebfu v\u00e0o sequins s\u1ebd t\u1ea1o ra hi\u1ec7u \u1ee9ng l\u1ea5p l\u00e1nh r\u1ea5t \u1ea5n t\u01b0\u1ee3ng.<\/p>\n<h4>Ren D\u1ec7t<\/h4>\n<p>Ch\u1ea5t li\u1ec7u ren d\u1ec7t c\u0169ng l\u00e0 m\u1ed9t y\u1ebfu t\u1ed1 quan tr\u1ecdng trong thi\u1ebft k\u1ebf n\u00e0y. Ren d\u1ec7t mang l\u1ea1i s\u1ef1 m\u1ec1m m\u1ea1i v\u00e0 tinh t\u1ebf, gi\u00fap t\u00f4n vinh v\u1ebb \u0111\u1eb9p t\u1ef1 nhi\u00ean c\u1ee7a ng\u01b0\u1eddi m\u1eb7c.<\/p>\n<h3>L\u1ef1a Ch\u1ecdn Ho\u00e0n H\u1ea3o Cho \u0110\u00e1m C\u01b0\u1edbi Thu \u0110\u00f4ng 2023-2024<\/h3>\n<p>N\u1ebfu b\u1ea1n l\u00e0 m\u1ed9t c\u00f4 d\u00e2u s\u1eafp t\u1ed5 ch\u1ee9c \u0111\u00e1m c\u01b0\u1edbi trong m\u00f9a Thu \u0110\u00f4ng 2023-2024, th\u00ec Look 3 trong M\u00e2y Collection l\u00e0 m\u1ed9t s\u1ef1 l\u1ef1a ch\u1ecdn tuy\u1ec7t v\u1eddi. Chi\u1ebfc v\u00e1y n\u00e0y kh\u00f4ng ch\u1ec9 \u1ea5n t\u01b0\u1ee3ng v\u1edbi thi\u1ebft k\u1ebf \u0111\u1ed9c \u0111\u00e1o m\u00e0 c\u00f2n ph\u00f9 h\u1ee3p v\u1edbi th\u1eddi ti\u1ebft se l\u1ea1nh c\u1ee7a m\u00f9a Thu \u0110\u00f4ng.<\/p>\n<h3>Th\u00f4ng Tin Li\u00ean H\u1ec7<\/h3>\n<p>N\u1ebfu b\u1ea1n quan t\u00e2m v\u00e0 mu\u1ed1n tr\u1ea3i nghi\u1ec7m M\u00e2y Collection, h\u00e3y \u0111\u1eb7t l\u1ecbch h\u1eb9n t\u1ea1i showroom c\u1ee7a Camile Bridal. \u0110\u1ed9i ng\u0169 chuy\u00ean nghi\u1ec7p t\u1ea1i \u0111\u00e2y s\u1ebd gi\u00fap b\u1ea1n ch\u1ecdn l\u1ef1a v\u00e0 ch\u0103m s\u00f3c t\u1ed1t nh\u1ea5t.<\/p>\n<p><strong>Camile Bridal &#8211; V\u00e1y C\u01b0\u1edbi Thi\u1ebft K\u1ebf Cao C\u1ea5p<\/strong> T\u1ef1 tin l\u00e0 ch\u00ednh n\u00e0ng Hotline: 0978 425 416 (Ms. Hoa)<\/p>\n","protected":false},"excerpt":{"rendered":"<p><em>M\u00e2y Collection 2023-2024, \u0111\u1eb7c bi\u1ec7t l\u00e0 Look 3, l\u00e0 m\u1ed9t minh ch\u1ee9ng cho s\u1ef1 k\u1ebft h\u1ee3p ho\u00e0n h\u1ea3o gi\u1eefa truy\u1ec1n th\u1ed1ng v\u00e0 hi\u1ec7n \u0111\u1ea1i trong th\u1ebf gi\u1edbi th\u1eddi trang c\u01b0\u1edbi. V\u1edbi ch\u1ea5t li\u1ec7u ren sequins v\u00e0 ren d\u1ec7t \u0111\u1ed9c \u0111\u00e1o, chi\u1ebfc v\u00e1y n\u00e0y h\u1ee9a h\u1eb9n l\u00e0m cho m\u1ecdi c\u00f4 d\u00e2u tr\u1edf n\u00ean quy\u1ebfn r\u0169 v\u00e0 \u0111\u1eb9p \u0111\u1ebd trong ng\u00e0y tr\u1ecdng \u0111\u1ea1i c\u1ee7a h\u1ecd.<\/em><\/p>\n","protected":false},"featured_media":9977,"comment_status":"closed","ping_status":"closed","template":"","meta":[],"product_brand":[],"product_cat":[463],"product_tag":[195],"class_list":{"0":"post-9974","1":"product","2":"type-product","3":"status-publish","4":"has-post-thumbnail","6":"product_cat-classics","7":"product_tag-vay-cuoi","9":"first","10":"instock","11":"sale","12":"shipping-taxable","13":"purchasable","14":"product-type-simple"},"yoast_head":"<!-- This site is optimized with the Yoast SEO Premium plugin v18.0 (Yoast SEO v25.2) - https:\/\/yoast.com\/wordpress\/plugins\/seo\/ -->\n<title>M\u00c2Y COLLECTION 2023-2024 | LOOK 3: S\u1ef1 H\u00f2a Quy\u1ec7n Gi\u1eefa Truy\u1ec1n Th\u1ed1ng v\u00e0 Hi\u1ec7n \u0110\u1ea1i - CAMILE BRIDAL<\/title>\n<meta name=\"robots\" content=\"index, follow, max-snippet:-1, max-image-preview:large, max-video-preview:-1\" \/>\n<link rel=\"canonical\" href=\"https:\/\/camile.vn\/en\/product\/may-collection-2023-2024-look-3-su-hoa-quyen-giua-truyen-thong-va-hien-dai\/\" \/>\n<meta property=\"og:locale\" content=\"en_US\" \/>\n<meta property=\"og:type\" content=\"article\" \/>\n<meta property=\"og:title\" content=\"M\u00c2Y COLLECTION 2023-2024 | LOOK 3: S\u1ef1 H\u00f2a Quy\u1ec7n Gi\u1eefa Truy\u1ec1n Th\u1ed1ng v\u00e0 Hi\u1ec7n \u0110\u1ea1i\" \/>\n<meta property=\"og:description\" content=\"M\u00e2y Collection 2023-2024, \u0111\u1eb7c bi\u1ec7t l\u00e0 Look 3, l\u00e0 m\u1ed9t minh ch\u1ee9ng cho s\u1ef1 k\u1ebft h\u1ee3p ho\u00e0n h\u1ea3o gi\u1eefa truy\u1ec1n th\u1ed1ng v\u00e0 hi\u1ec7n \u0111\u1ea1i trong th\u1ebf gi\u1edbi th\u1eddi trang c\u01b0\u1edbi. V\u1edbi ch\u1ea5t li\u1ec7u ren sequins v\u00e0 ren d\u1ec7t \u0111\u1ed9c \u0111\u00e1o, chi\u1ebfc v\u00e1y n\u00e0y h\u1ee9a h\u1eb9n l\u00e0m cho m\u1ecdi c\u00f4 d\u00e2u tr\u1edf n\u00ean quy\u1ebfn r\u0169 v\u00e0 \u0111\u1eb9p \u0111\u1ebd trong ng\u00e0y tr\u1ecdng \u0111\u1ea1i c\u1ee7a h\u1ecd.\" \/>\n<meta property=\"og:url\" content=\"https:\/\/camile.vn\/en\/product\/may-collection-2023-2024-look-3-su-hoa-quyen-giua-truyen-thong-va-hien-dai\/\" \/>\n<meta property=\"og:site_name\" content=\"CAMILE BRIDAL\" \/>\n<meta property=\"article:modified_time\" content=\"2025-11-26T10:44:33+00:00\" \/>\n<meta property=\"og:image\" content=\"https:\/\/camile.vn\/en\/wp-content\/uploads\/2023\/09\/VAY-CUOI-THIET-KE-CAO-CAP-MAY-COLLECTION-2023-2024-LOOK-3-3.jpg\" \/>\n\t<meta property=\"og:image:width\" content=\"600\" \/>\n\t<meta property=\"og:image:height\" content=\"900\" \/>\n\t<meta property=\"og:image:type\" content=\"image\/jpeg\" \/>\n<meta name=\"twitter:card\" content=\"summary_large_image\" \/>\n<meta name=\"twitter:label1\" content=\"Est. reading time\" \/>\n\t<meta name=\"twitter:data1\" content=\"3 minutes\" \/>\n<script type=\"application\/ld+json\" class=\"yoast-schema-graph\">{\"@context\":\"https:\/\/schema.org\",\"@graph\":[{\"@type\":\"WebPage\",\"@id\":\"https:\/\/camile.vn\/en\/product\/may-collection-2023-2024-look-3-su-hoa-quyen-giua-truyen-thong-va-hien-dai\/\",\"url\":\"https:\/\/camile.vn\/en\/product\/may-collection-2023-2024-look-3-su-hoa-quyen-giua-truyen-thong-va-hien-dai\/\",\"name\":\"M\u00c2Y COLLECTION 2023-2024 | LOOK 3: S\u1ef1 H\u00f2a Quy\u1ec7n Gi\u1eefa Truy\u1ec1n Th\u1ed1ng v\u00e0 Hi\u1ec7n \u0110\u1ea1i - CAMILE BRIDAL\",\"isPartOf\":{\"@id\":\"https:\/\/camile.vn\/en\/#website\"},\"primaryImageOfPage\":{\"@id\":\"https:\/\/camile.vn\/en\/product\/may-collection-2023-2024-look-3-su-hoa-quyen-giua-truyen-thong-va-hien-dai\/#primaryimage\"},\"image\":{\"@id\":\"https:\/\/camile.vn\/en\/product\/may-collection-2023-2024-look-3-su-hoa-quyen-giua-truyen-thong-va-hien-dai\/#primaryimage\"},\"thumbnailUrl\":\"https:\/\/camile.vn\/en\/wp-content\/uploads\/2023\/09\/VAY-CUOI-THIET-KE-CAO-CAP-MAY-COLLECTION-2023-2024-LOOK-3-3.jpg\",\"datePublished\":\"2023-09-26T08:01:40+00:00\",\"dateModified\":\"2025-11-26T10:44:33+00:00\",\"breadcrumb\":{\"@id\":\"https:\/\/camile.vn\/en\/product\/may-collection-2023-2024-look-3-su-hoa-quyen-giua-truyen-thong-va-hien-dai\/#breadcrumb\"},\"inLanguage\":\"en-US\",\"potentialAction\":[{\"@type\":\"ReadAction\",\"target\":[\"https:\/\/camile.vn\/en\/product\/may-collection-2023-2024-look-3-su-hoa-quyen-giua-truyen-thong-va-hien-dai\/\"]}]},{\"@type\":\"ImageObject\",\"inLanguage\":\"en-US\",\"@id\":\"https:\/\/camile.vn\/en\/product\/may-collection-2023-2024-look-3-su-hoa-quyen-giua-truyen-thong-va-hien-dai\/#primaryimage\",\"url\":\"https:\/\/camile.vn\/en\/wp-content\/uploads\/2023\/09\/VAY-CUOI-THIET-KE-CAO-CAP-MAY-COLLECTION-2023-2024-LOOK-3-3.jpg\",\"contentUrl\":\"https:\/\/camile.vn\/en\/wp-content\/uploads\/2023\/09\/VAY-CUOI-THIET-KE-CAO-CAP-MAY-COLLECTION-2023-2024-LOOK-3-3.jpg\",\"width\":600,\"height\":900},{\"@type\":\"BreadcrumbList\",\"@id\":\"https:\/\/camile.vn\/en\/product\/may-collection-2023-2024-look-3-su-hoa-quyen-giua-truyen-thong-va-hien-dai\/#breadcrumb\",\"itemListElement\":[{\"@type\":\"ListItem\",\"position\":1,\"name\":\"Home\",\"item\":\"https:\/\/camile.vn\/en\/\"},{\"@type\":\"ListItem\",\"position\":2,\"name\":\"C\u1eeda h\u00e0ng\",\"item\":\"https:\/\/camile.vn\/en\/cua-hang\/\"},{\"@type\":\"ListItem\",\"position\":3,\"name\":\"M\u00c2Y COLLECTION 2023-2024 | LOOK 3: S\u1ef1 H\u00f2a Quy\u1ec7n Gi\u1eefa Truy\u1ec1n Th\u1ed1ng v\u00e0 Hi\u1ec7n \u0110\u1ea1i\"}]},{\"@type\":\"WebSite\",\"@id\":\"https:\/\/camile.vn\/en\/#website\",\"url\":\"https:\/\/camile.vn\/en\/\",\"name\":\"CAMILE BRIDAL\",\"description\":\"WHERE WEDDING DRESSES ARE ELITE\",\"potentialAction\":[{\"@type\":\"SearchAction\",\"target\":{\"@type\":\"EntryPoint\",\"urlTemplate\":\"https:\/\/camile.vn\/en\/?s={search_term_string}\"},\"query-input\":{\"@type\":\"PropertyValueSpecification\",\"valueRequired\":true,\"valueName\":\"search_term_string\"}}],\"inLanguage\":\"en-US\"}]}<\/script>\n<!-- \/ Yoast SEO Premium plugin. -->","yoast_head_json":{"title":"M\u00c2Y COLLECTION 2023-2024 | LOOK 3: S\u1ef1 H\u00f2a Quy\u1ec7n Gi\u1eefa Truy\u1ec1n Th\u1ed1ng v\u00e0 Hi\u1ec7n \u0110\u1ea1i - CAMILE BRIDAL","robots":{"index":"index","follow":"follow","max-snippet":"max-snippet:-1","max-image-preview":"max-image-preview:large","max-video-preview":"max-video-preview:-1"},"canonical":"https:\/\/camile.vn\/en\/product\/may-collection-2023-2024-look-3-su-hoa-quyen-giua-truyen-thong-va-hien-dai\/","og_locale":"en_US","og_type":"article","og_title":"M\u00c2Y COLLECTION 2023-2024 | LOOK 3: S\u1ef1 H\u00f2a Quy\u1ec7n Gi\u1eefa Truy\u1ec1n Th\u1ed1ng v\u00e0 Hi\u1ec7n \u0110\u1ea1i","og_description":"M\u00e2y Collection 2023-2024, \u0111\u1eb7c bi\u1ec7t l\u00e0 Look 3, l\u00e0 m\u1ed9t minh ch\u1ee9ng cho s\u1ef1 k\u1ebft h\u1ee3p ho\u00e0n h\u1ea3o gi\u1eefa truy\u1ec1n th\u1ed1ng v\u00e0 hi\u1ec7n \u0111\u1ea1i trong th\u1ebf gi\u1edbi th\u1eddi trang c\u01b0\u1edbi. V\u1edbi ch\u1ea5t li\u1ec7u ren sequins v\u00e0 ren d\u1ec7t \u0111\u1ed9c \u0111\u00e1o, chi\u1ebfc v\u00e1y n\u00e0y h\u1ee9a h\u1eb9n l\u00e0m cho m\u1ecdi c\u00f4 d\u00e2u tr\u1edf n\u00ean quy\u1ebfn r\u0169 v\u00e0 \u0111\u1eb9p \u0111\u1ebd trong ng\u00e0y tr\u1ecdng \u0111\u1ea1i c\u1ee7a h\u1ecd.","og_url":"https:\/\/camile.vn\/en\/product\/may-collection-2023-2024-look-3-su-hoa-quyen-giua-truyen-thong-va-hien-dai\/","og_site_name":"CAMILE BRIDAL","article_modified_time":"2025-11-26T10:44:33+00:00","og_image":[{"width":600,"height":900,"url":"https:\/\/camile.vn\/en\/wp-content\/uploads\/2023\/09\/VAY-CUOI-THIET-KE-CAO-CAP-MAY-COLLECTION-2023-2024-LOOK-3-3.jpg","type":"image\/jpeg"}],"twitter_card":"summary_large_image","twitter_misc":{"Est. reading time":"3 minutes"},"schema":{"@context":"https:\/\/schema.org","@graph":[{"@type":"WebPage","@id":"https:\/\/camile.vn\/en\/product\/may-collection-2023-2024-look-3-su-hoa-quyen-giua-truyen-thong-va-hien-dai\/","url":"https:\/\/camile.vn\/en\/product\/may-collection-2023-2024-look-3-su-hoa-quyen-giua-truyen-thong-va-hien-dai\/","name":"M\u00c2Y COLLECTION 2023-2024 | LOOK 3: S\u1ef1 H\u00f2a Quy\u1ec7n Gi\u1eefa Truy\u1ec1n Th\u1ed1ng v\u00e0 Hi\u1ec7n \u0110\u1ea1i - CAMILE BRIDAL","isPartOf":{"@id":"https:\/\/camile.vn\/en\/#website"},"primaryImageOfPage":{"@id":"https:\/\/camile.vn\/en\/product\/may-collection-2023-2024-look-3-su-hoa-quyen-giua-truyen-thong-va-hien-dai\/#primaryimage"},"image":{"@id":"https:\/\/camile.vn\/en\/product\/may-collection-2023-2024-look-3-su-hoa-quyen-giua-truyen-thong-va-hien-dai\/#primaryimage"},"thumbnailUrl":"https:\/\/camile.vn\/en\/wp-content\/uploads\/2023\/09\/VAY-CUOI-THIET-KE-CAO-CAP-MAY-COLLECTION-2023-2024-LOOK-3-3.jpg","datePublished":"2023-09-26T08:01:40+00:00","dateModified":"2025-11-26T10:44:33+00:00","breadcrumb":{"@id":"https:\/\/camile.vn\/en\/product\/may-collection-2023-2024-look-3-su-hoa-quyen-giua-truyen-thong-va-hien-dai\/#breadcrumb"},"inLanguage":"en-US","potentialAction":[{"@type":"ReadAction","target":["https:\/\/camile.vn\/en\/product\/may-collection-2023-2024-look-3-su-hoa-quyen-giua-truyen-thong-va-hien-dai\/"]}]},{"@type":"ImageObject","inLanguage":"en-US","@id":"https:\/\/camile.vn\/en\/product\/may-collection-2023-2024-look-3-su-hoa-quyen-giua-truyen-thong-va-hien-dai\/#primaryimage","url":"https:\/\/camile.vn\/en\/wp-content\/uploads\/2023\/09\/VAY-CUOI-THIET-KE-CAO-CAP-MAY-COLLECTION-2023-2024-LOOK-3-3.jpg","contentUrl":"https:\/\/camile.vn\/en\/wp-content\/uploads\/2023\/09\/VAY-CUOI-THIET-KE-CAO-CAP-MAY-COLLECTION-2023-2024-LOOK-3-3.jpg","width":600,"height":900},{"@type":"BreadcrumbList","@id":"https:\/\/camile.vn\/en\/product\/may-collection-2023-2024-look-3-su-hoa-quyen-giua-truyen-thong-va-hien-dai\/#breadcrumb","itemListElement":[{"@type":"ListItem","position":1,"name":"Home","item":"https:\/\/camile.vn\/en\/"},{"@type":"ListItem","position":2,"name":"C\u1eeda h\u00e0ng","item":"https:\/\/camile.vn\/en\/cua-hang\/"},{"@type":"ListItem","position":3,"name":"M\u00c2Y COLLECTION 2023-2024 | LOOK 3: S\u1ef1 H\u00f2a Quy\u1ec7n Gi\u1eefa Truy\u1ec1n Th\u1ed1ng v\u00e0 Hi\u1ec7n \u0110\u1ea1i"}]},{"@type":"WebSite","@id":"https:\/\/camile.vn\/en\/#website","url":"https:\/\/camile.vn\/en\/","name":"CAMILE BRIDAL","description":"WHERE WEDDING DRESSES ARE ELITE","potentialAction":[{"@type":"SearchAction","target":{"@type":"EntryPoint","urlTemplate":"https:\/\/camile.vn\/en\/?s={search_term_string}"},"query-input":{"@type":"PropertyValueSpecification","valueRequired":true,"valueName":"search_term_string"}}],"inLanguage":"en-US"}]}},"_links":{"self":[{"href":"https:\/\/camile.vn\/en\/wp-json\/wp\/v2\/product\/9974","targetHints":{"allow":["GET"]}}],"collection":[{"href":"https:\/\/camile.vn\/en\/wp-json\/wp\/v2\/product"}],"about":[{"href":"https:\/\/camile.vn\/en\/wp-json\/wp\/v2\/types\/product"}],"replies":[{"embeddable":true,"href":"https:\/\/camile.vn\/en\/wp-json\/wp\/v2\/comments?post=9974"}],"wp:featuredmedia":[{"embeddable":true,"href":"https:\/\/camile.vn\/en\/wp-json\/wp\/v2\/media\/9977"}],"wp:attachment":[{"href":"https:\/\/camile.vn\/en\/wp-json\/wp\/v2\/media?parent=9974"}],"wp:term":[{"taxonomy":"product_brand","embeddable":true,"href":"https:\/\/camile.vn\/en\/wp-json\/wp\/v2\/product_brand?post=9974"},{"taxonomy":"product_cat","embeddable":true,"href":"https:\/\/camile.vn\/en\/wp-json\/wp\/v2\/product_cat?post=9974"},{"taxonomy":"product_tag","embeddable":true,"href":"https:\/\/camile.vn\/en\/wp-json\/wp\/v2\/product_tag?post=9974"}],"curies":[{"name":"wp","href":"https:\/\/api.w.org\/{rel}","templated":true}]}}