{"id":9979,"date":"2023-09-26T08:09:44","date_gmt":"2023-09-26T08:09:44","guid":{"rendered":"https:\/\/camile.vn\/en\/?post_type=product&#038;p=9979"},"modified":"2025-11-26T10:44:29","modified_gmt":"2025-11-26T10:44:29","slug":"may-collection-2023-2024-look-2-hoa-than-thanh-cong-chua-kieu-ky","status":"publish","type":"product","link":"https:\/\/camile.vn\/en\/product\/may-collection-2023-2024-look-2-hoa-than-thanh-cong-chua-kieu-ky\/","title":{"rendered":"M\u00c2Y COLLECTION 2023-2024 | LOOK 2: H\u00f3a Th\u00e2n Th\u00e0nh C\u00f4ng Ch\u00faa Ki\u00eau K\u1ef3"},"content":{"rendered":"<h2>Gi\u1edbi thi\u1ec7u M\u00e2y Collection 2023-2024 | Look 2<\/h2>\n<p>M\u00e2y Collection 2023-2024 \u0111\u00e3 \u0111\u00e1nh b\u1ea1i m\u1ecdi k\u1ef3 v\u1ecdng v\u1edbi s\u1ef1 k\u1ebft h\u1ee3p tinh t\u1ebf gi\u1eefa d\u00e1ng v\u00e1y ballgown v\u00e0 thi\u1ebft k\u1ebf corset \u0111\u1ea7y tinh t\u1ebf. \u0110\u00e2y ch\u1eafc ch\u1eafn l\u00e0 s\u1ef1 l\u1ef1a ch\u1ecdn ho\u00e0n h\u1ea3o cho nh\u1eefng c\u00f4 d\u00e2u Vi\u1ec7t \u0111ang t\u00ecm ki\u1ebfm s\u1ef1 ki\u00eau k\u1ef3 v\u00e0 n\u1ed5i b\u1eadt trong ng\u00e0y tr\u1ecdng \u0111\u1ea1i c\u1ee7a h\u1ecd.<\/p>\n<p><img decoding=\"async\" class=\"aligncenter size-full wp-image-9980\" src=\"https:\/\/camile.vn\/en\/wp-content\/uploads\/2023\/09\/VAY-CUOI-THIET-KE-CAO-CAP-MAY-COLLECTION-2023-2024-LOOK-2-1.jpg\" alt=\"\" width=\"600\" height=\"900\" srcset=\"https:\/\/camile.vn\/en\/wp-content\/uploads\/2023\/09\/VAY-CUOI-THIET-KE-CAO-CAP-MAY-COLLECTION-2023-2024-LOOK-2-1.jpg 600w, https:\/\/camile.vn\/en\/wp-content\/uploads\/2023\/09\/VAY-CUOI-THIET-KE-CAO-CAP-MAY-COLLECTION-2023-2024-LOOK-2-1-510x765.jpg 510w, https:\/\/camile.vn\/en\/wp-content\/uploads\/2023\/09\/VAY-CUOI-THIET-KE-CAO-CAP-MAY-COLLECTION-2023-2024-LOOK-2-1-300x450.jpg 300w\" sizes=\"(max-width: 600px) 100vw, 600px\" \/> <img decoding=\"async\" class=\"aligncenter size-full wp-image-9981\" src=\"https:\/\/camile.vn\/en\/wp-content\/uploads\/2023\/09\/VAY-CUOI-THIET-KE-CAO-CAP-MAY-COLLECTION-2023-2024-LOOK-2-2.jpg\" alt=\"\" width=\"600\" height=\"900\" srcset=\"https:\/\/camile.vn\/en\/wp-content\/uploads\/2023\/09\/VAY-CUOI-THIET-KE-CAO-CAP-MAY-COLLECTION-2023-2024-LOOK-2-2.jpg 600w, https:\/\/camile.vn\/en\/wp-content\/uploads\/2023\/09\/VAY-CUOI-THIET-KE-CAO-CAP-MAY-COLLECTION-2023-2024-LOOK-2-2-510x765.jpg 510w, https:\/\/camile.vn\/en\/wp-content\/uploads\/2023\/09\/VAY-CUOI-THIET-KE-CAO-CAP-MAY-COLLECTION-2023-2024-LOOK-2-2-300x450.jpg 300w\" sizes=\"(max-width: 600px) 100vw, 600px\" \/> <img decoding=\"async\" class=\"aligncenter size-full wp-image-9982\" src=\"https:\/\/camile.vn\/en\/wp-content\/uploads\/2023\/09\/VAY-CUOI-THIET-KE-CAO-CAP-MAY-COLLECTION-2023-2024-LOOK-2-3.jpg\" alt=\"\" width=\"600\" height=\"900\" srcset=\"https:\/\/camile.vn\/en\/wp-content\/uploads\/2023\/09\/VAY-CUOI-THIET-KE-CAO-CAP-MAY-COLLECTION-2023-2024-LOOK-2-3.jpg 600w, https:\/\/camile.vn\/en\/wp-content\/uploads\/2023\/09\/VAY-CUOI-THIET-KE-CAO-CAP-MAY-COLLECTION-2023-2024-LOOK-2-3-510x765.jpg 510w, https:\/\/camile.vn\/en\/wp-content\/uploads\/2023\/09\/VAY-CUOI-THIET-KE-CAO-CAP-MAY-COLLECTION-2023-2024-LOOK-2-3-300x450.jpg 300w\" sizes=\"(max-width: 600px) 100vw, 600px\" \/> <img decoding=\"async\" class=\"aligncenter size-full wp-image-9983\" src=\"https:\/\/camile.vn\/en\/wp-content\/uploads\/2023\/09\/VAY-CUOI-THIET-KE-CAO-CAP-MAY-COLLECTION-2023-2024-LOOK-2-4.jpg\" alt=\"\" width=\"600\" height=\"900\" srcset=\"https:\/\/camile.vn\/en\/wp-content\/uploads\/2023\/09\/VAY-CUOI-THIET-KE-CAO-CAP-MAY-COLLECTION-2023-2024-LOOK-2-4.jpg 600w, https:\/\/camile.vn\/en\/wp-content\/uploads\/2023\/09\/VAY-CUOI-THIET-KE-CAO-CAP-MAY-COLLECTION-2023-2024-LOOK-2-4-510x765.jpg 510w, https:\/\/camile.vn\/en\/wp-content\/uploads\/2023\/09\/VAY-CUOI-THIET-KE-CAO-CAP-MAY-COLLECTION-2023-2024-LOOK-2-4-300x450.jpg 300w\" sizes=\"(max-width: 600px) 100vw, 600px\" \/><\/p>\n<h3>D\u00e1ng V\u00e1y Ballgown Ph\u00f9 H\u1ee3p V\u1edbi C\u00f4 D\u00e2u Vi\u1ec7t<\/h3>\n<p>D\u00e1ng v\u00e1y ballgown lu\u00f4n \u0111\u01b0\u1ee3c \u01b0a chu\u1ed9ng b\u1edfi s\u1ef1 l\u1ed9ng l\u1eaby v\u00e0 quy\u1ec1n l\u1ef1c m\u00e0 n\u00f3 mang l\u1ea1i. Look 2 trong M\u00e2y Collection 2023-2024 kh\u00f4ng ngo\u1ea1i l\u1ec7. V\u1edbi s\u1ef1 k\u1ebft h\u1ee3p ho\u00e0n h\u1ea3o gi\u1eefa d\u00e1ng v\u00e1y ballgown v\u00e0 thi\u1ebft k\u1ebf corset, thi\u1ebft k\u1ebf n\u00e0y ph\u1ea3n \u00e1nh s\u1ef1 pha tr\u1ed9n ho\u00e0n h\u1ea3o gi\u1eefa v\u1ebb \u0111\u1eb9p truy\u1ec1n th\u1ed1ng v\u00e0 s\u1ef1 hi\u1ec7n \u0111\u1ea1i.<\/p>\n<h3>Thi\u1ebft K\u1ebf Corset T\u00f4n L\u00ean V\u00f2ng Eo Con Ki\u1ebfn<\/h3>\n<p>Thi\u1ebft k\u1ebf corset trong Look 2 t\u00f4n l\u00ean v\u00f2ng eo con ki\u1ebfn c\u1ee7a c\u00f4 d\u00e2u, t\u1ea1o n\u00ean s\u1ef1 \u0111\u01b0\u1eddng cong quy\u1ebfn r\u0169 v\u00e0 n\u1eef t\u00ednh. \u0110i\u1ec3m nh\u1ea5n hoa 3D tr\u00ean corset l\u00e0m n\u1ed5i b\u1eadt l\u00ean thi\u1ebft k\u1ebf c\u1ed5 vu\u00f4ng, t\u1ea1o n\u00ean s\u1ef1 quy\u1ebfn r\u0169 \u0111\u1ea7y ki\u00eau k\u1ef3.<\/p>\n<h3>C\u00e1nh Ti\u00ean Th\u00e1o R\u1eddi Cho S\u1ef1 T\u1ef1 Do<\/h3>\n<p>M\u1ed9t \u0111i\u1ec3m \u0111\u1eb7c bi\u1ec7t kh\u00e1c c\u1ee7a Look 2 l\u00e0 ph\u1ea7n c\u00e1nh ti\u00ean c\u00f3 th\u1ec3 th\u00e1o r\u1eddi. \u0110i\u1ec1u n\u00e0y cho ph\u00e9p c\u00f4 d\u00e2u t\u1ef1 do l\u1ef1a ch\u1ecdn c\u00e1ch xu\u1ea5t hi\u1ec7n trong ng\u00e0y c\u01b0\u1edbi. C\u00f3 th\u1ec3 bay b\u1ed5ng v\u1edbi c\u00e1nh ti\u00ean ho\u1eb7c th\u00e1o r\u1eddi \u0111\u1ec3 xu\u1ea5t hi\u1ec7n nh\u1eb9 nh\u00e0ng h\u01a1n.<\/p>\n<h3>Ch\u1ea5t Li\u1ec7u \u0110\u1ec9nh Cao<\/h3>\n<p>Ch\u1ea5t li\u1ec7u trong M\u00e2y Collection 2023-2024 l\u00e0 s\u1ef1 k\u1ebft h\u1ee3p ho\u00e0n h\u1ea3o gi\u1eefa ren sequins, tulle v\u00e0 ren d\u1ec7t. \u0110\u00e2y l\u00e0 s\u1ef1 k\u1ebft h\u1ee3p \u0111\u1ed9c \u0111\u00e1o mang l\u1ea1i s\u1ef1 l\u1ea5p l\u00e1nh v\u00e0 quy\u1ebfn r\u0169 cho c\u00f4 d\u00e2u, gi\u00fap c\u00f4 t\u1ecfa s\u00e1ng trong ng\u00e0y c\u01b0\u1edbi.<\/p>\n<h2>\u0110\u1eb7t L\u1ecbch Tr\u1ea3i Nghi\u1ec7m M\u00e2y Collection Ngay H\u00f4m Nay!<\/h2>\n<p>M\u00e2y Collection hi\u1ec7n c\u00f3 m\u1eb7t t\u1ea1i showroom. N\u1ebfu b\u1ea1n \u0111ang t\u00ecm ki\u1ebfm trang ph\u1ee5c c\u01b0\u1edbi \u1ea5n t\u01b0\u1ee3ng cho m\u00ecnh, \u0111\u1eebng ng\u1ea7n ng\u1ea1i \u0111\u1eb7t l\u1ecbch c\u00f9ng Camile Bridal \u0111\u1ec3 \u0111\u01b0\u1ee3c tr\u1ea3i nghi\u1ec7m v\u00e0 ch\u0103m s\u00f3c t\u1ed1t nh\u1ea5t.<\/p>\n<p><strong>Camile Bridal &#8211; V\u00e1y C\u01b0\u1edbi Thi\u1ebft K\u1ebf Cao C\u1ea5p<\/strong><\/p>\n<p>T\u1ef1 tin l\u00e0 ch\u00ednh b\u1ea1n trong ng\u00e0y c\u01b0\u1edbi.<\/p>\n<p>Hotline: 0978 425 416 (Ms Hoa)<\/p>\n","protected":false},"excerpt":{"rendered":"<p><em>M\u00e2y Collection 2023-2024 | Look 2 l\u00e0 s\u1ef1 k\u1ebft h\u1ee3p ho\u00e0n h\u1ea3o gi\u1eefa d\u00e1ng v\u00e1y ballgown, thi\u1ebft k\u1ebf corset, v\u00e0 ch\u1ea5t li\u1ec7u \u0111\u1ec9nh cao. \u0110\u00e2y ch\u1eafc ch\u1eafn s\u1ebd l\u00e0 s\u1ef1 l\u1ef1a ch\u1ecdn \u0111\u00e1ng ghi nh\u1edb cho nh\u1eefng c\u00f4 d\u00e2u ki\u00eau k\u1ef3 v\u00e0 th\u1eddi trang. H\u00e3y \u0111\u1eb7t l\u1ecbch tr\u1ea3i nghi\u1ec7m ngay h\u00f4m nay \u0111\u1ec3 kh\u00f4ng b\u1ecf l\u1ee1 c\u01a1 h\u1ed9i s\u1edf h\u1eefu trang ph\u1ee5c c\u01b0\u1edbi \u0111\u1eb3ng c\u1ea5p n\u00e0y!<\/em><\/p>\n","protected":false},"featured_media":9982,"comment_status":"closed","ping_status":"closed","template":"","meta":[],"product_brand":[],"product_cat":[463],"product_tag":[195],"class_list":{"0":"post-9979","1":"product","2":"type-product","3":"status-publish","4":"has-post-thumbnail","6":"product_cat-classics","7":"product_tag-vay-cuoi","9":"first","10":"instock","11":"sale","12":"shipping-taxable","13":"purchasable","14":"product-type-simple"},"yoast_head":"<!-- This site is optimized with the Yoast SEO Premium plugin v18.0 (Yoast SEO v25.2) - https:\/\/yoast.com\/wordpress\/plugins\/seo\/ -->\n<title>M\u00c2Y COLLECTION 2023-2024 | LOOK 2: H\u00f3a Th\u00e2n Th\u00e0nh C\u00f4ng Ch\u00faa Ki\u00eau K\u1ef3 - CAMILE BRIDAL<\/title>\n<meta name=\"robots\" content=\"index, follow, max-snippet:-1, max-image-preview:large, max-video-preview:-1\" \/>\n<link rel=\"canonical\" href=\"https:\/\/camile.vn\/en\/product\/may-collection-2023-2024-look-2-hoa-than-thanh-cong-chua-kieu-ky\/\" \/>\n<meta property=\"og:locale\" content=\"en_US\" \/>\n<meta property=\"og:type\" content=\"article\" \/>\n<meta property=\"og:title\" content=\"M\u00c2Y COLLECTION 2023-2024 | LOOK 2: H\u00f3a Th\u00e2n Th\u00e0nh C\u00f4ng Ch\u00faa Ki\u00eau K\u1ef3\" \/>\n<meta property=\"og:description\" content=\"M\u00e2y Collection 2023-2024 | Look 2 l\u00e0 s\u1ef1 k\u1ebft h\u1ee3p ho\u00e0n h\u1ea3o gi\u1eefa d\u00e1ng v\u00e1y ballgown, thi\u1ebft k\u1ebf corset, v\u00e0 ch\u1ea5t li\u1ec7u \u0111\u1ec9nh cao. \u0110\u00e2y ch\u1eafc ch\u1eafn s\u1ebd l\u00e0 s\u1ef1 l\u1ef1a ch\u1ecdn \u0111\u00e1ng ghi nh\u1edb cho nh\u1eefng c\u00f4 d\u00e2u ki\u00eau k\u1ef3 v\u00e0 th\u1eddi trang. H\u00e3y \u0111\u1eb7t l\u1ecbch tr\u1ea3i nghi\u1ec7m ngay h\u00f4m nay \u0111\u1ec3 kh\u00f4ng b\u1ecf l\u1ee1 c\u01a1 h\u1ed9i s\u1edf h\u1eefu trang ph\u1ee5c c\u01b0\u1edbi \u0111\u1eb3ng c\u1ea5p n\u00e0y!\" \/>\n<meta property=\"og:url\" content=\"https:\/\/camile.vn\/en\/product\/may-collection-2023-2024-look-2-hoa-than-thanh-cong-chua-kieu-ky\/\" \/>\n<meta property=\"og:site_name\" content=\"CAMILE BRIDAL\" \/>\n<meta property=\"article:modified_time\" content=\"2025-11-26T10:44:29+00:00\" \/>\n<meta property=\"og:image\" content=\"https:\/\/camile.vn\/en\/wp-content\/uploads\/2023\/09\/VAY-CUOI-THIET-KE-CAO-CAP-MAY-COLLECTION-2023-2024-LOOK-2-3.jpg\" \/>\n\t<meta property=\"og:image:width\" content=\"600\" \/>\n\t<meta property=\"og:image:height\" content=\"900\" \/>\n\t<meta property=\"og:image:type\" content=\"image\/jpeg\" \/>\n<meta name=\"twitter:card\" content=\"summary_large_image\" \/>\n<meta name=\"twitter:label1\" content=\"Est. reading time\" \/>\n\t<meta name=\"twitter:data1\" content=\"3 minutes\" \/>\n<script type=\"application\/ld+json\" class=\"yoast-schema-graph\">{\"@context\":\"https:\/\/schema.org\",\"@graph\":[{\"@type\":\"WebPage\",\"@id\":\"https:\/\/camile.vn\/en\/product\/may-collection-2023-2024-look-2-hoa-than-thanh-cong-chua-kieu-ky\/\",\"url\":\"https:\/\/camile.vn\/en\/product\/may-collection-2023-2024-look-2-hoa-than-thanh-cong-chua-kieu-ky\/\",\"name\":\"M\u00c2Y COLLECTION 2023-2024 | LOOK 2: H\u00f3a Th\u00e2n Th\u00e0nh C\u00f4ng Ch\u00faa Ki\u00eau K\u1ef3 - CAMILE BRIDAL\",\"isPartOf\":{\"@id\":\"https:\/\/camile.vn\/en\/#website\"},\"primaryImageOfPage\":{\"@id\":\"https:\/\/camile.vn\/en\/product\/may-collection-2023-2024-look-2-hoa-than-thanh-cong-chua-kieu-ky\/#primaryimage\"},\"image\":{\"@id\":\"https:\/\/camile.vn\/en\/product\/may-collection-2023-2024-look-2-hoa-than-thanh-cong-chua-kieu-ky\/#primaryimage\"},\"thumbnailUrl\":\"https:\/\/camile.vn\/en\/wp-content\/uploads\/2023\/09\/VAY-CUOI-THIET-KE-CAO-CAP-MAY-COLLECTION-2023-2024-LOOK-2-3.jpg\",\"datePublished\":\"2023-09-26T08:09:44+00:00\",\"dateModified\":\"2025-11-26T10:44:29+00:00\",\"breadcrumb\":{\"@id\":\"https:\/\/camile.vn\/en\/product\/may-collection-2023-2024-look-2-hoa-than-thanh-cong-chua-kieu-ky\/#breadcrumb\"},\"inLanguage\":\"en-US\",\"potentialAction\":[{\"@type\":\"ReadAction\",\"target\":[\"https:\/\/camile.vn\/en\/product\/may-collection-2023-2024-look-2-hoa-than-thanh-cong-chua-kieu-ky\/\"]}]},{\"@type\":\"ImageObject\",\"inLanguage\":\"en-US\",\"@id\":\"https:\/\/camile.vn\/en\/product\/may-collection-2023-2024-look-2-hoa-than-thanh-cong-chua-kieu-ky\/#primaryimage\",\"url\":\"https:\/\/camile.vn\/en\/wp-content\/uploads\/2023\/09\/VAY-CUOI-THIET-KE-CAO-CAP-MAY-COLLECTION-2023-2024-LOOK-2-3.jpg\",\"contentUrl\":\"https:\/\/camile.vn\/en\/wp-content\/uploads\/2023\/09\/VAY-CUOI-THIET-KE-CAO-CAP-MAY-COLLECTION-2023-2024-LOOK-2-3.jpg\",\"width\":600,\"height\":900},{\"@type\":\"BreadcrumbList\",\"@id\":\"https:\/\/camile.vn\/en\/product\/may-collection-2023-2024-look-2-hoa-than-thanh-cong-chua-kieu-ky\/#breadcrumb\",\"itemListElement\":[{\"@type\":\"ListItem\",\"position\":1,\"name\":\"Home\",\"item\":\"https:\/\/camile.vn\/en\/\"},{\"@type\":\"ListItem\",\"position\":2,\"name\":\"C\u1eeda h\u00e0ng\",\"item\":\"https:\/\/camile.vn\/en\/cua-hang\/\"},{\"@type\":\"ListItem\",\"position\":3,\"name\":\"M\u00c2Y COLLECTION 2023-2024 | LOOK 2: H\u00f3a Th\u00e2n Th\u00e0nh C\u00f4ng Ch\u00faa Ki\u00eau K\u1ef3\"}]},{\"@type\":\"WebSite\",\"@id\":\"https:\/\/camile.vn\/en\/#website\",\"url\":\"https:\/\/camile.vn\/en\/\",\"name\":\"CAMILE BRIDAL\",\"description\":\"WHERE WEDDING DRESSES ARE ELITE\",\"potentialAction\":[{\"@type\":\"SearchAction\",\"target\":{\"@type\":\"EntryPoint\",\"urlTemplate\":\"https:\/\/camile.vn\/en\/?s={search_term_string}\"},\"query-input\":{\"@type\":\"PropertyValueSpecification\",\"valueRequired\":true,\"valueName\":\"search_term_string\"}}],\"inLanguage\":\"en-US\"}]}<\/script>\n<!-- \/ Yoast SEO Premium plugin. -->","yoast_head_json":{"title":"M\u00c2Y COLLECTION 2023-2024 | LOOK 2: H\u00f3a Th\u00e2n Th\u00e0nh C\u00f4ng Ch\u00faa Ki\u00eau K\u1ef3 - CAMILE BRIDAL","robots":{"index":"index","follow":"follow","max-snippet":"max-snippet:-1","max-image-preview":"max-image-preview:large","max-video-preview":"max-video-preview:-1"},"canonical":"https:\/\/camile.vn\/en\/product\/may-collection-2023-2024-look-2-hoa-than-thanh-cong-chua-kieu-ky\/","og_locale":"en_US","og_type":"article","og_title":"M\u00c2Y COLLECTION 2023-2024 | LOOK 2: H\u00f3a Th\u00e2n Th\u00e0nh C\u00f4ng Ch\u00faa Ki\u00eau K\u1ef3","og_description":"M\u00e2y Collection 2023-2024 | Look 2 l\u00e0 s\u1ef1 k\u1ebft h\u1ee3p ho\u00e0n h\u1ea3o gi\u1eefa d\u00e1ng v\u00e1y ballgown, thi\u1ebft k\u1ebf corset, v\u00e0 ch\u1ea5t li\u1ec7u \u0111\u1ec9nh cao. \u0110\u00e2y ch\u1eafc ch\u1eafn s\u1ebd l\u00e0 s\u1ef1 l\u1ef1a ch\u1ecdn \u0111\u00e1ng ghi nh\u1edb cho nh\u1eefng c\u00f4 d\u00e2u ki\u00eau k\u1ef3 v\u00e0 th\u1eddi trang. H\u00e3y \u0111\u1eb7t l\u1ecbch tr\u1ea3i nghi\u1ec7m ngay h\u00f4m nay \u0111\u1ec3 kh\u00f4ng b\u1ecf l\u1ee1 c\u01a1 h\u1ed9i s\u1edf h\u1eefu trang ph\u1ee5c c\u01b0\u1edbi \u0111\u1eb3ng c\u1ea5p n\u00e0y!","og_url":"https:\/\/camile.vn\/en\/product\/may-collection-2023-2024-look-2-hoa-than-thanh-cong-chua-kieu-ky\/","og_site_name":"CAMILE BRIDAL","article_modified_time":"2025-11-26T10:44:29+00:00","og_image":[{"width":600,"height":900,"url":"https:\/\/camile.vn\/en\/wp-content\/uploads\/2023\/09\/VAY-CUOI-THIET-KE-CAO-CAP-MAY-COLLECTION-2023-2024-LOOK-2-3.jpg","type":"image\/jpeg"}],"twitter_card":"summary_large_image","twitter_misc":{"Est. reading time":"3 minutes"},"schema":{"@context":"https:\/\/schema.org","@graph":[{"@type":"WebPage","@id":"https:\/\/camile.vn\/en\/product\/may-collection-2023-2024-look-2-hoa-than-thanh-cong-chua-kieu-ky\/","url":"https:\/\/camile.vn\/en\/product\/may-collection-2023-2024-look-2-hoa-than-thanh-cong-chua-kieu-ky\/","name":"M\u00c2Y COLLECTION 2023-2024 | LOOK 2: H\u00f3a Th\u00e2n Th\u00e0nh C\u00f4ng Ch\u00faa Ki\u00eau K\u1ef3 - CAMILE BRIDAL","isPartOf":{"@id":"https:\/\/camile.vn\/en\/#website"},"primaryImageOfPage":{"@id":"https:\/\/camile.vn\/en\/product\/may-collection-2023-2024-look-2-hoa-than-thanh-cong-chua-kieu-ky\/#primaryimage"},"image":{"@id":"https:\/\/camile.vn\/en\/product\/may-collection-2023-2024-look-2-hoa-than-thanh-cong-chua-kieu-ky\/#primaryimage"},"thumbnailUrl":"https:\/\/camile.vn\/en\/wp-content\/uploads\/2023\/09\/VAY-CUOI-THIET-KE-CAO-CAP-MAY-COLLECTION-2023-2024-LOOK-2-3.jpg","datePublished":"2023-09-26T08:09:44+00:00","dateModified":"2025-11-26T10:44:29+00:00","breadcrumb":{"@id":"https:\/\/camile.vn\/en\/product\/may-collection-2023-2024-look-2-hoa-than-thanh-cong-chua-kieu-ky\/#breadcrumb"},"inLanguage":"en-US","potentialAction":[{"@type":"ReadAction","target":["https:\/\/camile.vn\/en\/product\/may-collection-2023-2024-look-2-hoa-than-thanh-cong-chua-kieu-ky\/"]}]},{"@type":"ImageObject","inLanguage":"en-US","@id":"https:\/\/camile.vn\/en\/product\/may-collection-2023-2024-look-2-hoa-than-thanh-cong-chua-kieu-ky\/#primaryimage","url":"https:\/\/camile.vn\/en\/wp-content\/uploads\/2023\/09\/VAY-CUOI-THIET-KE-CAO-CAP-MAY-COLLECTION-2023-2024-LOOK-2-3.jpg","contentUrl":"https:\/\/camile.vn\/en\/wp-content\/uploads\/2023\/09\/VAY-CUOI-THIET-KE-CAO-CAP-MAY-COLLECTION-2023-2024-LOOK-2-3.jpg","width":600,"height":900},{"@type":"BreadcrumbList","@id":"https:\/\/camile.vn\/en\/product\/may-collection-2023-2024-look-2-hoa-than-thanh-cong-chua-kieu-ky\/#breadcrumb","itemListElement":[{"@type":"ListItem","position":1,"name":"Home","item":"https:\/\/camile.vn\/en\/"},{"@type":"ListItem","position":2,"name":"C\u1eeda h\u00e0ng","item":"https:\/\/camile.vn\/en\/cua-hang\/"},{"@type":"ListItem","position":3,"name":"M\u00c2Y COLLECTION 2023-2024 | LOOK 2: H\u00f3a Th\u00e2n Th\u00e0nh C\u00f4ng Ch\u00faa Ki\u00eau K\u1ef3"}]},{"@type":"WebSite","@id":"https:\/\/camile.vn\/en\/#website","url":"https:\/\/camile.vn\/en\/","name":"CAMILE BRIDAL","description":"WHERE WEDDING DRESSES ARE ELITE","potentialAction":[{"@type":"SearchAction","target":{"@type":"EntryPoint","urlTemplate":"https:\/\/camile.vn\/en\/?s={search_term_string}"},"query-input":{"@type":"PropertyValueSpecification","valueRequired":true,"valueName":"search_term_string"}}],"inLanguage":"en-US"}]}},"_links":{"self":[{"href":"https:\/\/camile.vn\/en\/wp-json\/wp\/v2\/product\/9979","targetHints":{"allow":["GET"]}}],"collection":[{"href":"https:\/\/camile.vn\/en\/wp-json\/wp\/v2\/product"}],"about":[{"href":"https:\/\/camile.vn\/en\/wp-json\/wp\/v2\/types\/product"}],"replies":[{"embeddable":true,"href":"https:\/\/camile.vn\/en\/wp-json\/wp\/v2\/comments?post=9979"}],"wp:featuredmedia":[{"embeddable":true,"href":"https:\/\/camile.vn\/en\/wp-json\/wp\/v2\/media\/9982"}],"wp:attachment":[{"href":"https:\/\/camile.vn\/en\/wp-json\/wp\/v2\/media?parent=9979"}],"wp:term":[{"taxonomy":"product_brand","embeddable":true,"href":"https:\/\/camile.vn\/en\/wp-json\/wp\/v2\/product_brand?post=9979"},{"taxonomy":"product_cat","embeddable":true,"href":"https:\/\/camile.vn\/en\/wp-json\/wp\/v2\/product_cat?post=9979"},{"taxonomy":"product_tag","embeddable":true,"href":"https:\/\/camile.vn\/en\/wp-json\/wp\/v2\/product_tag?post=9979"}],"curies":[{"name":"wp","href":"https:\/\/api.w.org\/{rel}","templated":true}]}}