{"id":9985,"date":"2023-09-26T08:12:55","date_gmt":"2023-09-26T08:12:55","guid":{"rendered":"https:\/\/camile.vn\/en\/?post_type=product&#038;p=9985"},"modified":"2025-11-26T10:44:24","modified_gmt":"2025-11-26T10:44:24","slug":"may-collection-2023-2024-look-1-su-lua-chon-hoan-hao-cho-co-dau","status":"publish","type":"product","link":"https:\/\/camile.vn\/en\/product\/may-collection-2023-2024-look-1-su-lua-chon-hoan-hao-cho-co-dau\/","title":{"rendered":"M\u00c2Y COLLECTION 2023-2024| LOOK 1: S\u1ef1 L\u1ef1a Ch\u1ecdn Ho\u00e0n H\u1ea3o cho C\u00f4 D\u00e2u"},"content":{"rendered":"<h3>Gi\u1edbi Thi\u1ec7u V\u1ec1 M\u00e2y Collection<\/h3>\n<p>M\u00e2y Collection, m\u1ed9t t\u00ean kh\u00f4ng c\u00f2n xa l\u1ea1 v\u1edbi nh\u1eefng ng\u01b0\u1eddi y\u00eau th\u1eddi trang c\u01b0\u1edbi v\u00e0 \u0111ang t\u00ecm ki\u1ebfm s\u1ef1 ho\u00e0n h\u1ea3o cho ng\u00e0y tr\u1ecdng \u0111\u1ea1i c\u1ee7a m\u00ecnh. \u0110\u01b0\u1ee3c thi\u1ebft k\u1ebf b\u1edfi nh\u1eefng b\u00e0n tay t\u00e0i hoa, M\u00e2y Collection lu\u00f4n bi\u1ebfn h\u00f3a v\u00e0 mang \u0111\u1ebfn nh\u1eefng b\u1ed9 trang ph\u1ee5c c\u01b0\u1edbi \u0111\u1ed9c \u0111\u00e1o v\u00e0 sang tr\u1ecdng. B\u00e0i vi\u1ebft n\u00e0y s\u1ebd \u0111\u01b0a b\u1ea1n kh\u00e1m ph\u00e1 &#8220;Look 1&#8221; &#8211; thi\u1ebft k\u1ebf \u0111\u1ea7u ti\u00ean c\u1ee7a M\u00e2y Collection cho b\u1ed9 s\u01b0u t\u1eadp 2023-2024.<\/p>\n<p><img decoding=\"async\" class=\"aligncenter size-full wp-image-9986\" src=\"https:\/\/camile.vn\/en\/wp-content\/uploads\/2023\/09\/VAY-CUOI-THIET-KE-CAO-CAP-MAY-COLLECTION-2023-2024-LOOK-1-1.jpg\" alt=\"\" width=\"600\" height=\"900\" srcset=\"https:\/\/camile.vn\/en\/wp-content\/uploads\/2023\/09\/VAY-CUOI-THIET-KE-CAO-CAP-MAY-COLLECTION-2023-2024-LOOK-1-1.jpg 600w, https:\/\/camile.vn\/en\/wp-content\/uploads\/2023\/09\/VAY-CUOI-THIET-KE-CAO-CAP-MAY-COLLECTION-2023-2024-LOOK-1-1-510x765.jpg 510w, https:\/\/camile.vn\/en\/wp-content\/uploads\/2023\/09\/VAY-CUOI-THIET-KE-CAO-CAP-MAY-COLLECTION-2023-2024-LOOK-1-1-300x450.jpg 300w\" sizes=\"(max-width: 600px) 100vw, 600px\" \/> <img decoding=\"async\" class=\"aligncenter size-full wp-image-9987\" src=\"https:\/\/camile.vn\/en\/wp-content\/uploads\/2023\/09\/VAY-CUOI-THIET-KE-CAO-CAP-MAY-COLLECTION-2023-2024-LOOK-1-2.jpg\" alt=\"\" width=\"600\" height=\"900\" srcset=\"https:\/\/camile.vn\/en\/wp-content\/uploads\/2023\/09\/VAY-CUOI-THIET-KE-CAO-CAP-MAY-COLLECTION-2023-2024-LOOK-1-2.jpg 600w, https:\/\/camile.vn\/en\/wp-content\/uploads\/2023\/09\/VAY-CUOI-THIET-KE-CAO-CAP-MAY-COLLECTION-2023-2024-LOOK-1-2-510x765.jpg 510w, https:\/\/camile.vn\/en\/wp-content\/uploads\/2023\/09\/VAY-CUOI-THIET-KE-CAO-CAP-MAY-COLLECTION-2023-2024-LOOK-1-2-300x450.jpg 300w\" sizes=\"(max-width: 600px) 100vw, 600px\" \/> <img decoding=\"async\" class=\"aligncenter size-full wp-image-9988\" src=\"https:\/\/camile.vn\/en\/wp-content\/uploads\/2023\/09\/VAY-CUOI-THIET-KE-CAO-CAP-MAY-COLLECTION-2023-2024-LOOK-1-3.jpg\" alt=\"\" width=\"600\" height=\"900\" srcset=\"https:\/\/camile.vn\/en\/wp-content\/uploads\/2023\/09\/VAY-CUOI-THIET-KE-CAO-CAP-MAY-COLLECTION-2023-2024-LOOK-1-3.jpg 600w, https:\/\/camile.vn\/en\/wp-content\/uploads\/2023\/09\/VAY-CUOI-THIET-KE-CAO-CAP-MAY-COLLECTION-2023-2024-LOOK-1-3-510x765.jpg 510w, https:\/\/camile.vn\/en\/wp-content\/uploads\/2023\/09\/VAY-CUOI-THIET-KE-CAO-CAP-MAY-COLLECTION-2023-2024-LOOK-1-3-300x450.jpg 300w\" sizes=\"(max-width: 600px) 100vw, 600px\" \/> <img decoding=\"async\" class=\"aligncenter size-full wp-image-9989\" src=\"https:\/\/camile.vn\/en\/wp-content\/uploads\/2023\/09\/VAY-CUOI-THIET-KE-CAO-CAP-MAY-COLLECTION-2023-2024-LOOK-1-4.jpg\" alt=\"\" width=\"600\" height=\"900\" srcset=\"https:\/\/camile.vn\/en\/wp-content\/uploads\/2023\/09\/VAY-CUOI-THIET-KE-CAO-CAP-MAY-COLLECTION-2023-2024-LOOK-1-4.jpg 600w, https:\/\/camile.vn\/en\/wp-content\/uploads\/2023\/09\/VAY-CUOI-THIET-KE-CAO-CAP-MAY-COLLECTION-2023-2024-LOOK-1-4-510x765.jpg 510w, https:\/\/camile.vn\/en\/wp-content\/uploads\/2023\/09\/VAY-CUOI-THIET-KE-CAO-CAP-MAY-COLLECTION-2023-2024-LOOK-1-4-300x450.jpg 300w\" sizes=\"(max-width: 600px) 100vw, 600px\" \/><\/p>\n<h3>Look 1 &#8211; Thi\u1ebft K\u1ebf \u0110\u1ed9c \u0110\u00e1o<\/h3>\n<p>&#8220;Look 1&#8221; kh\u00f4ng ch\u1ec9 l\u00e0 m\u1ed9t b\u1ed9 v\u00e1y c\u01b0\u1edbi th\u00f4ng th\u01b0\u1eddng, m\u00e0 c\u00f2n l\u00e0 m\u1ed9t t\u00e1c ph\u1ea9m ngh\u1ec7 thu\u1eadt th\u1eddi trang. V\u1edbi thi\u1ebft k\u1ebf t\u00f9ng r\u1eddi, b\u1ed9 v\u00e1y n\u00e0y mang \u0111\u1ebfn v\u1ebb \u0111\u1eb9p nh\u1eb9 nh\u00e0ng v\u00e0 th\u01b0\u1edbt tha cho c\u00f4 d\u00e2u trong ng\u00e0y c\u01b0\u1edbi quan tr\u1ecdng c\u1ee7a m\u00ecnh.<\/p>\n<h4>Ch\u1ea5t Li\u1ec7u \u0110\u1ec9nh Cao<\/h4>\n<p>M\u00e2y Collection lu\u00f4n \u0111\u1eb7t s\u1ef1 tho\u1ea3i m\u00e1i v\u00e0 phong c\u00e1ch l\u00ean h\u00e0ng \u0111\u1ea7u. Ch\u1ea5t li\u1ec7u ren d\u1ec7t v\u00e0 tulle \u0111\u01b0\u1ee3c s\u1eed d\u1ee5ng trong &#8220;Look 1&#8221; kh\u00f4ng ch\u1ec9 mang l\u1ea1i s\u1ef1 m\u1ec1m m\u1ea1i m\u00e0 c\u00f2n t\u1ea1o n\u00ean l\u1edbp v\u1ea3i nh\u1eb9 nh\u00e0ng b\u1ed3ng b\u1ec1nh, t\u01b0\u01a1ng t\u1ef1 nh\u01b0 m\u00e2y tr\u1eafng duy\u00ean d\u00e1ng.<\/p>\n<h4>Chi Ti\u1ebft Hoa 3D Tinh T\u1ebf<\/h4>\n<p>Kh\u00f4ng ch\u1ec9 d\u1eebng l\u1ea1i \u1edf vi\u1ec7c ch\u1ecdn ch\u1ea5t li\u1ec7u, M\u00e2y Collection c\u00f2n ch\u0103m ch\u00fat \u0111\u1ebfn t\u1eebng chi ti\u1ebft nh\u1ecf tr\u00ean b\u1ed9 v\u00e1y. Hoa 3D \u0111\u01b0\u1ee3c \u0111\u00ednh k\u1ebft m\u1ed9t c\u00e1ch tinh t\u1ebf tr\u00ean v\u00e1y, t\u1ea1o n\u00ean \u0111i\u1ec3m nh\u1ea5n v\u00f4 c\u00f9ng quy\u1ebfn r\u0169 v\u00e0 l\u00f4i cu\u1ed1n.<\/p>\n<h4>S\u1ef1 T\u1ef1 Tin v\u00e0 Qu\u00fd Ph\u00e1i<\/h4>\n<p>&#8220;Look 1&#8221; c\u1ee7a M\u00e2y Collection kh\u00f4ng ch\u1ec9 l\u00e0 b\u1ed9 v\u00e1y c\u01b0\u1edbi, m\u00e0 c\u00f2n l\u00e0 m\u1ed9t bi\u1ec3u t\u01b0\u1ee3ng c\u1ee7a s\u1ef1 t\u1ef1 tin v\u00e0 qu\u00fd ph\u00e1i. C\u00f4 d\u00e2u khi kho\u00e1c l\u00ean m\u00ecnh b\u1ed9 v\u00e1y n\u00e0y s\u1ebd t\u1ecfa s\u00e1ng, r\u1ea1ng ng\u1eddi trong kho\u1ea3nh kh\u1eafc quan tr\u1ecdng nh\u1ea5t c\u1ee7a cu\u1ed9c \u0111\u1eddi m\u00ecnh.<\/p>\n<h3>Tr\u1ea3i Nghi\u1ec7m T\u1ea1i Showroom<\/h3>\n<p>N\u1ebfu b\u1ea1n \u0111ang t\u00ecm ki\u1ebfm m\u1ed9t b\u1ed9 v\u00e1y c\u01b0\u1edbi \u1ea5n t\u01b0\u1ee3ng v\u00e0 \u0111\u1ed9c \u0111\u00e1o nh\u01b0 &#8220;Look 1&#8221; c\u1ee7a M\u00e2y Collection, h\u00e3y \u0111\u1ebfn ngay t\u1ea1i showroom c\u1ee7a <strong>Camile Bridal<\/strong>. \u0110\u00e2y l\u00e0 c\u01a1 h\u1ed9i \u0111\u1ec3 b\u1ea1n \u0111\u01b0\u1ee3c tr\u1ea3i nghi\u1ec7m v\u00e0 t\u00ecm ki\u1ebfm trang ph\u1ee5c c\u01b0\u1edbi ho\u00e0n h\u1ea3o nh\u1ea5t cho m\u00ecnh.<\/p>\n<h3>\u0110\u1eb7t L\u1ecbch Ngay H\u00f4m Nay<\/h3>\n<p>\u0110\u1eebng b\u1ecf l\u1ee1 c\u01a1 h\u1ed9i \u0111\u1eb7t l\u1ecbch v\u00e0 t\u00ecm hi\u1ec3u th\u00eam v\u1ec1 b\u1ed9 s\u01b0u t\u1eadp M\u00e2y Collection 2023-2024 t\u1ea1i <strong>Camile Bridal<\/strong>. \u0110\u1ec3 \u0111\u01b0\u1ee3c t\u01b0 v\u1ea5n v\u00e0 ch\u0103m s\u00f3c t\u1ed1t nh\u1ea5t, h\u00e3y li\u00ean h\u1ec7 hotline: <strong>0978 425 416 (Ms Hoa)<\/strong>.<\/p>\n","protected":false},"excerpt":{"rendered":"<p><em>&#8220;M\u00e2y Collection 2023-2024| Look 1&#8221; l\u00e0 s\u1ef1 l\u1ef1a ch\u1ecdn ho\u00e0n h\u1ea3o cho c\u00f4 d\u00e2u mong mu\u1ed1n t\u1ecfa s\u00e1ng v\u00e0 qu\u00fd ph\u00e1i trong ng\u00e0y c\u01b0\u1edbi c\u1ee7a m\u00ecnh. V\u1edbi thi\u1ebft k\u1ebf \u0111\u1ed9c \u0111\u00e1o v\u00e0 ch\u1ea5t li\u1ec7u \u0111\u1ec9nh cao, b\u1ea1n kh\u00f4ng th\u1ec3 b\u1ecf l\u1ee1 c\u01a1 h\u1ed9i tr\u1edf th\u00e0nh ng\u01b0\u1eddi \u0111\u1eb9p l\u1ed9ng l\u1eaby trong kho\u1ea3nh kh\u1eafc \u0111\u1eb7c bi\u1ec7t n\u00e0y.<\/em><\/p>\n","protected":false},"featured_media":9986,"comment_status":"closed","ping_status":"closed","template":"","meta":[],"product_brand":[],"product_cat":[463],"product_tag":[195],"class_list":{"0":"post-9985","1":"product","2":"type-product","3":"status-publish","4":"has-post-thumbnail","6":"product_cat-classics","7":"product_tag-vay-cuoi","9":"first","10":"instock","11":"sale","12":"shipping-taxable","13":"purchasable","14":"product-type-simple"},"yoast_head":"<!-- This site is optimized with the Yoast SEO Premium plugin v18.0 (Yoast SEO v25.2) - https:\/\/yoast.com\/wordpress\/plugins\/seo\/ -->\n<title>M\u00c2Y COLLECTION 2023-2024| LOOK 1: S\u1ef1 L\u1ef1a Ch\u1ecdn Ho\u00e0n H\u1ea3o cho C\u00f4 D\u00e2u - CAMILE BRIDAL<\/title>\n<meta name=\"robots\" content=\"index, follow, max-snippet:-1, max-image-preview:large, max-video-preview:-1\" \/>\n<link rel=\"canonical\" href=\"https:\/\/camile.vn\/en\/product\/may-collection-2023-2024-look-1-su-lua-chon-hoan-hao-cho-co-dau\/\" \/>\n<meta property=\"og:locale\" content=\"en_US\" \/>\n<meta property=\"og:type\" content=\"article\" \/>\n<meta property=\"og:title\" content=\"M\u00c2Y COLLECTION 2023-2024| LOOK 1: S\u1ef1 L\u1ef1a Ch\u1ecdn Ho\u00e0n H\u1ea3o cho C\u00f4 D\u00e2u\" \/>\n<meta property=\"og:description\" content=\"&quot;M\u00e2y Collection 2023-2024| Look 1&quot; l\u00e0 s\u1ef1 l\u1ef1a ch\u1ecdn ho\u00e0n h\u1ea3o cho c\u00f4 d\u00e2u mong mu\u1ed1n t\u1ecfa s\u00e1ng v\u00e0 qu\u00fd ph\u00e1i trong ng\u00e0y c\u01b0\u1edbi c\u1ee7a m\u00ecnh. V\u1edbi thi\u1ebft k\u1ebf \u0111\u1ed9c \u0111\u00e1o v\u00e0 ch\u1ea5t li\u1ec7u \u0111\u1ec9nh cao, b\u1ea1n kh\u00f4ng th\u1ec3 b\u1ecf l\u1ee1 c\u01a1 h\u1ed9i tr\u1edf th\u00e0nh ng\u01b0\u1eddi \u0111\u1eb9p l\u1ed9ng l\u1eaby trong kho\u1ea3nh kh\u1eafc \u0111\u1eb7c bi\u1ec7t n\u00e0y.\" \/>\n<meta property=\"og:url\" content=\"https:\/\/camile.vn\/en\/product\/may-collection-2023-2024-look-1-su-lua-chon-hoan-hao-cho-co-dau\/\" \/>\n<meta property=\"og:site_name\" content=\"CAMILE BRIDAL\" \/>\n<meta property=\"article:modified_time\" content=\"2025-11-26T10:44:24+00:00\" \/>\n<meta property=\"og:image\" content=\"https:\/\/camile.vn\/en\/wp-content\/uploads\/2023\/09\/VAY-CUOI-THIET-KE-CAO-CAP-MAY-COLLECTION-2023-2024-LOOK-1-1.jpg\" \/>\n\t<meta property=\"og:image:width\" content=\"600\" \/>\n\t<meta property=\"og:image:height\" content=\"900\" \/>\n\t<meta property=\"og:image:type\" content=\"image\/jpeg\" \/>\n<meta name=\"twitter:card\" content=\"summary_large_image\" \/>\n<meta name=\"twitter:label1\" content=\"Est. reading time\" \/>\n\t<meta name=\"twitter:data1\" content=\"3 minutes\" \/>\n<script type=\"application\/ld+json\" class=\"yoast-schema-graph\">{\"@context\":\"https:\/\/schema.org\",\"@graph\":[{\"@type\":\"WebPage\",\"@id\":\"https:\/\/camile.vn\/en\/product\/may-collection-2023-2024-look-1-su-lua-chon-hoan-hao-cho-co-dau\/\",\"url\":\"https:\/\/camile.vn\/en\/product\/may-collection-2023-2024-look-1-su-lua-chon-hoan-hao-cho-co-dau\/\",\"name\":\"M\u00c2Y COLLECTION 2023-2024| LOOK 1: S\u1ef1 L\u1ef1a Ch\u1ecdn Ho\u00e0n H\u1ea3o cho C\u00f4 D\u00e2u - CAMILE BRIDAL\",\"isPartOf\":{\"@id\":\"https:\/\/camile.vn\/en\/#website\"},\"primaryImageOfPage\":{\"@id\":\"https:\/\/camile.vn\/en\/product\/may-collection-2023-2024-look-1-su-lua-chon-hoan-hao-cho-co-dau\/#primaryimage\"},\"image\":{\"@id\":\"https:\/\/camile.vn\/en\/product\/may-collection-2023-2024-look-1-su-lua-chon-hoan-hao-cho-co-dau\/#primaryimage\"},\"thumbnailUrl\":\"https:\/\/camile.vn\/en\/wp-content\/uploads\/2023\/09\/VAY-CUOI-THIET-KE-CAO-CAP-MAY-COLLECTION-2023-2024-LOOK-1-1.jpg\",\"datePublished\":\"2023-09-26T08:12:55+00:00\",\"dateModified\":\"2025-11-26T10:44:24+00:00\",\"breadcrumb\":{\"@id\":\"https:\/\/camile.vn\/en\/product\/may-collection-2023-2024-look-1-su-lua-chon-hoan-hao-cho-co-dau\/#breadcrumb\"},\"inLanguage\":\"en-US\",\"potentialAction\":[{\"@type\":\"ReadAction\",\"target\":[\"https:\/\/camile.vn\/en\/product\/may-collection-2023-2024-look-1-su-lua-chon-hoan-hao-cho-co-dau\/\"]}]},{\"@type\":\"ImageObject\",\"inLanguage\":\"en-US\",\"@id\":\"https:\/\/camile.vn\/en\/product\/may-collection-2023-2024-look-1-su-lua-chon-hoan-hao-cho-co-dau\/#primaryimage\",\"url\":\"https:\/\/camile.vn\/en\/wp-content\/uploads\/2023\/09\/VAY-CUOI-THIET-KE-CAO-CAP-MAY-COLLECTION-2023-2024-LOOK-1-1.jpg\",\"contentUrl\":\"https:\/\/camile.vn\/en\/wp-content\/uploads\/2023\/09\/VAY-CUOI-THIET-KE-CAO-CAP-MAY-COLLECTION-2023-2024-LOOK-1-1.jpg\",\"width\":600,\"height\":900},{\"@type\":\"BreadcrumbList\",\"@id\":\"https:\/\/camile.vn\/en\/product\/may-collection-2023-2024-look-1-su-lua-chon-hoan-hao-cho-co-dau\/#breadcrumb\",\"itemListElement\":[{\"@type\":\"ListItem\",\"position\":1,\"name\":\"Home\",\"item\":\"https:\/\/camile.vn\/en\/\"},{\"@type\":\"ListItem\",\"position\":2,\"name\":\"C\u1eeda h\u00e0ng\",\"item\":\"https:\/\/camile.vn\/en\/cua-hang\/\"},{\"@type\":\"ListItem\",\"position\":3,\"name\":\"M\u00c2Y COLLECTION 2023-2024| LOOK 1: S\u1ef1 L\u1ef1a Ch\u1ecdn Ho\u00e0n H\u1ea3o cho C\u00f4 D\u00e2u\"}]},{\"@type\":\"WebSite\",\"@id\":\"https:\/\/camile.vn\/en\/#website\",\"url\":\"https:\/\/camile.vn\/en\/\",\"name\":\"CAMILE BRIDAL\",\"description\":\"WHERE WEDDING DRESSES ARE ELITE\",\"potentialAction\":[{\"@type\":\"SearchAction\",\"target\":{\"@type\":\"EntryPoint\",\"urlTemplate\":\"https:\/\/camile.vn\/en\/?s={search_term_string}\"},\"query-input\":{\"@type\":\"PropertyValueSpecification\",\"valueRequired\":true,\"valueName\":\"search_term_string\"}}],\"inLanguage\":\"en-US\"}]}<\/script>\n<!-- \/ Yoast SEO Premium plugin. -->","yoast_head_json":{"title":"M\u00c2Y COLLECTION 2023-2024| LOOK 1: S\u1ef1 L\u1ef1a Ch\u1ecdn Ho\u00e0n H\u1ea3o cho C\u00f4 D\u00e2u - CAMILE BRIDAL","robots":{"index":"index","follow":"follow","max-snippet":"max-snippet:-1","max-image-preview":"max-image-preview:large","max-video-preview":"max-video-preview:-1"},"canonical":"https:\/\/camile.vn\/en\/product\/may-collection-2023-2024-look-1-su-lua-chon-hoan-hao-cho-co-dau\/","og_locale":"en_US","og_type":"article","og_title":"M\u00c2Y COLLECTION 2023-2024| LOOK 1: S\u1ef1 L\u1ef1a Ch\u1ecdn Ho\u00e0n H\u1ea3o cho C\u00f4 D\u00e2u","og_description":"\"M\u00e2y Collection 2023-2024| Look 1\" l\u00e0 s\u1ef1 l\u1ef1a ch\u1ecdn ho\u00e0n h\u1ea3o cho c\u00f4 d\u00e2u mong mu\u1ed1n t\u1ecfa s\u00e1ng v\u00e0 qu\u00fd ph\u00e1i trong ng\u00e0y c\u01b0\u1edbi c\u1ee7a m\u00ecnh. V\u1edbi thi\u1ebft k\u1ebf \u0111\u1ed9c \u0111\u00e1o v\u00e0 ch\u1ea5t li\u1ec7u \u0111\u1ec9nh cao, b\u1ea1n kh\u00f4ng th\u1ec3 b\u1ecf l\u1ee1 c\u01a1 h\u1ed9i tr\u1edf th\u00e0nh ng\u01b0\u1eddi \u0111\u1eb9p l\u1ed9ng l\u1eaby trong kho\u1ea3nh kh\u1eafc \u0111\u1eb7c bi\u1ec7t n\u00e0y.","og_url":"https:\/\/camile.vn\/en\/product\/may-collection-2023-2024-look-1-su-lua-chon-hoan-hao-cho-co-dau\/","og_site_name":"CAMILE BRIDAL","article_modified_time":"2025-11-26T10:44:24+00:00","og_image":[{"width":600,"height":900,"url":"https:\/\/camile.vn\/en\/wp-content\/uploads\/2023\/09\/VAY-CUOI-THIET-KE-CAO-CAP-MAY-COLLECTION-2023-2024-LOOK-1-1.jpg","type":"image\/jpeg"}],"twitter_card":"summary_large_image","twitter_misc":{"Est. reading time":"3 minutes"},"schema":{"@context":"https:\/\/schema.org","@graph":[{"@type":"WebPage","@id":"https:\/\/camile.vn\/en\/product\/may-collection-2023-2024-look-1-su-lua-chon-hoan-hao-cho-co-dau\/","url":"https:\/\/camile.vn\/en\/product\/may-collection-2023-2024-look-1-su-lua-chon-hoan-hao-cho-co-dau\/","name":"M\u00c2Y COLLECTION 2023-2024| LOOK 1: S\u1ef1 L\u1ef1a Ch\u1ecdn Ho\u00e0n H\u1ea3o cho C\u00f4 D\u00e2u - CAMILE BRIDAL","isPartOf":{"@id":"https:\/\/camile.vn\/en\/#website"},"primaryImageOfPage":{"@id":"https:\/\/camile.vn\/en\/product\/may-collection-2023-2024-look-1-su-lua-chon-hoan-hao-cho-co-dau\/#primaryimage"},"image":{"@id":"https:\/\/camile.vn\/en\/product\/may-collection-2023-2024-look-1-su-lua-chon-hoan-hao-cho-co-dau\/#primaryimage"},"thumbnailUrl":"https:\/\/camile.vn\/en\/wp-content\/uploads\/2023\/09\/VAY-CUOI-THIET-KE-CAO-CAP-MAY-COLLECTION-2023-2024-LOOK-1-1.jpg","datePublished":"2023-09-26T08:12:55+00:00","dateModified":"2025-11-26T10:44:24+00:00","breadcrumb":{"@id":"https:\/\/camile.vn\/en\/product\/may-collection-2023-2024-look-1-su-lua-chon-hoan-hao-cho-co-dau\/#breadcrumb"},"inLanguage":"en-US","potentialAction":[{"@type":"ReadAction","target":["https:\/\/camile.vn\/en\/product\/may-collection-2023-2024-look-1-su-lua-chon-hoan-hao-cho-co-dau\/"]}]},{"@type":"ImageObject","inLanguage":"en-US","@id":"https:\/\/camile.vn\/en\/product\/may-collection-2023-2024-look-1-su-lua-chon-hoan-hao-cho-co-dau\/#primaryimage","url":"https:\/\/camile.vn\/en\/wp-content\/uploads\/2023\/09\/VAY-CUOI-THIET-KE-CAO-CAP-MAY-COLLECTION-2023-2024-LOOK-1-1.jpg","contentUrl":"https:\/\/camile.vn\/en\/wp-content\/uploads\/2023\/09\/VAY-CUOI-THIET-KE-CAO-CAP-MAY-COLLECTION-2023-2024-LOOK-1-1.jpg","width":600,"height":900},{"@type":"BreadcrumbList","@id":"https:\/\/camile.vn\/en\/product\/may-collection-2023-2024-look-1-su-lua-chon-hoan-hao-cho-co-dau\/#breadcrumb","itemListElement":[{"@type":"ListItem","position":1,"name":"Home","item":"https:\/\/camile.vn\/en\/"},{"@type":"ListItem","position":2,"name":"C\u1eeda h\u00e0ng","item":"https:\/\/camile.vn\/en\/cua-hang\/"},{"@type":"ListItem","position":3,"name":"M\u00c2Y COLLECTION 2023-2024| LOOK 1: S\u1ef1 L\u1ef1a Ch\u1ecdn Ho\u00e0n H\u1ea3o cho C\u00f4 D\u00e2u"}]},{"@type":"WebSite","@id":"https:\/\/camile.vn\/en\/#website","url":"https:\/\/camile.vn\/en\/","name":"CAMILE BRIDAL","description":"WHERE WEDDING DRESSES ARE ELITE","potentialAction":[{"@type":"SearchAction","target":{"@type":"EntryPoint","urlTemplate":"https:\/\/camile.vn\/en\/?s={search_term_string}"},"query-input":{"@type":"PropertyValueSpecification","valueRequired":true,"valueName":"search_term_string"}}],"inLanguage":"en-US"}]}},"_links":{"self":[{"href":"https:\/\/camile.vn\/en\/wp-json\/wp\/v2\/product\/9985","targetHints":{"allow":["GET"]}}],"collection":[{"href":"https:\/\/camile.vn\/en\/wp-json\/wp\/v2\/product"}],"about":[{"href":"https:\/\/camile.vn\/en\/wp-json\/wp\/v2\/types\/product"}],"replies":[{"embeddable":true,"href":"https:\/\/camile.vn\/en\/wp-json\/wp\/v2\/comments?post=9985"}],"wp:featuredmedia":[{"embeddable":true,"href":"https:\/\/camile.vn\/en\/wp-json\/wp\/v2\/media\/9986"}],"wp:attachment":[{"href":"https:\/\/camile.vn\/en\/wp-json\/wp\/v2\/media?parent=9985"}],"wp:term":[{"taxonomy":"product_brand","embeddable":true,"href":"https:\/\/camile.vn\/en\/wp-json\/wp\/v2\/product_brand?post=9985"},{"taxonomy":"product_cat","embeddable":true,"href":"https:\/\/camile.vn\/en\/wp-json\/wp\/v2\/product_cat?post=9985"},{"taxonomy":"product_tag","embeddable":true,"href":"https:\/\/camile.vn\/en\/wp-json\/wp\/v2\/product_tag?post=9985"}],"curies":[{"name":"wp","href":"https:\/\/api.w.org\/{rel}","templated":true}]}}